{"id":90421,"date":"2025-06-27T13:38:05","date_gmt":"2025-06-27T10:38:05","guid":{"rendered":"https:\/\/www.reklamstore.com\/?page_id=90421"},"modified":"2025-07-04T17:32:00","modified_gmt":"2025-07-04T14:32:00","slug":"oyunlastirma-pazarlama","status":"publish","type":"page","link":"https:\/\/www.reklamstore.com\/tr\/oyunlastirma-pazarlama","title":{"rendered":"Oyunla\u015ft\u0131rma Pazarlama"},"content":{"rendered":"\t\t<div data-elementor-type=\"wp-page\" data-elementor-id=\"90421\" class=\"elementor elementor-90421\" data-elementor-post-type=\"page\">\n\t\t\t\t\t\t<section class=\"elementor-section elementor-top-section elementor-element elementor-element-bfbe54b elementor-section-full_width elementor-section-stretched elementor-section-height-default elementor-section-height-default\" data-id=\"bfbe54b\" data-element_type=\"section\" data-settings=\"{&quot;stretch_section&quot;:&quot;section-stretched&quot;}\">\n\t\t\t\t\t\t<div class=\"elementor-container elementor-column-gap-default\">\n\t\t\t\t\t<div class=\"elementor-column elementor-col-50 elementor-top-column elementor-element elementor-element-f3bd05f\" data-id=\"f3bd05f\" data-element_type=\"column\">\n\t\t\t<div class=\"elementor-widget-wrap elementor-element-populated\">\n\t\t\t\t\t\t<div class=\"elementor-element elementor-element-ce6c390 elementor-invisible elementor-widget elementor-widget-image\" data-id=\"ce6c390\" data-element_type=\"widget\" data-settings=\"{&quot;_animation&quot;:&quot;fadeIn&quot;,&quot;_animation_delay&quot;:0}\" data-widget_type=\"image.default\">\n\t\t\t\t<div class=\"elementor-widget-container\">\n\t\t\t\t\t\t\t\t\t\t\t\t\t<img fetchpriority=\"high\" decoding=\"async\" width=\"1897\" height=\"1782\" src=\"https:\/\/www.reklamstore.com\/wp-content\/uploads\/2025\/07\/managed-buying-intro-img.png\" class=\"attachment-full size-full wp-image-90512\" alt=\"\" srcset=\"https:\/\/www.reklamstore.com\/wp-content\/uploads\/2025\/07\/managed-buying-intro-img.png 1897w, https:\/\/www.reklamstore.com\/wp-content\/uploads\/2025\/07\/managed-buying-intro-img-300x282.png 300w, https:\/\/www.reklamstore.com\/wp-content\/uploads\/2025\/07\/managed-buying-intro-img-1024x962.png 1024w, https:\/\/www.reklamstore.com\/wp-content\/uploads\/2025\/07\/managed-buying-intro-img-768x721.png 768w, https:\/\/www.reklamstore.com\/wp-content\/uploads\/2025\/07\/managed-buying-intro-img-1536x1443.png 1536w\" sizes=\"(max-width: 1897px) 100vw, 1897px\" \/>\t\t\t\t\t\t\t\t\t\t\t\t\t<\/div>\n\t\t\t\t<\/div>\n\t\t\t\t\t<\/div>\n\t\t<\/div>\n\t\t\t\t<div class=\"elementor-column elementor-col-50 elementor-top-column elementor-element elementor-element-4811d6e\" data-id=\"4811d6e\" data-element_type=\"column\" data-settings=\"{&quot;background_background&quot;:&quot;classic&quot;}\">\n\t\t\t<div class=\"elementor-widget-wrap elementor-element-populated\">\n\t\t\t\t\t\t<div class=\"elementor-element elementor-element-d3a0f93 elementor-widget elementor-widget-image\" data-id=\"d3a0f93\" data-element_type=\"widget\" data-widget_type=\"image.default\">\n\t\t\t\t<div class=\"elementor-widget-container\">\n\t\t\t\t\t\t\t\t\t\t\t\t\t<img decoding=\"async\" src=\"https:\/\/www.reklamstore.com\/wp-content\/uploads\/elementor\/thumbs\/rs-yatay-logo-qi5nmedeg8bwoumqv0pu5lxagjbggvhebdnj2qohds.png\" title=\"rs-yatay-logo\" alt=\"rs-yatay-logo\" loading=\"lazy\" \/>\t\t\t\t\t\t\t\t\t\t\t\t\t<\/div>\n\t\t\t\t<\/div>\n\t\t\t\t<div class=\"elementor-element elementor-element-246eb5a elementor-widget elementor-widget-radiant-custom-heading\" data-id=\"246eb5a\" data-element_type=\"widget\" data-widget_type=\"radiant-custom-heading.default\">\n\t\t\t\t<div class=\"elementor-widget-container\">\n\t\t\t<h2 class=\"rt-textappear-line56 rt-textappear-line ml1 rt_gradient\">\n\t\tGamify your Marketing\n        <span class=\"rt-heading-div\">\n            <span class=\"text-wrapper\">\n                <span class=\"letters\">Marka Sat\u0131\u015flar\u0131n\u0131z\u0131 Oyunla\u015ft\u0131rmayla G\u00fc\u00e7lendirin<\/span>\n                <span class=\"line line2\"><\/span>\n            <\/span>\n        <\/span>\n        <span class=\"after-text\"><\/span>\n    \n    <\/h2>\t\t<\/div>\n\t\t\t\t<\/div>\n\t\t\t\t<section class=\"elementor-section elementor-inner-section elementor-element elementor-element-e4d6e0b elementor-section-boxed elementor-section-height-default elementor-section-height-default elementor-invisible\" data-id=\"e4d6e0b\" data-element_type=\"section\" data-settings=\"{&quot;animation&quot;:&quot;fadeInUp&quot;,&quot;animation_delay&quot;:300}\">\n\t\t\t\t\t\t<div class=\"elementor-container elementor-column-gap-default\">\n\t\t\t\t\t<div class=\"elementor-column elementor-col-100 elementor-inner-column elementor-element elementor-element-b88dcc8 m-0\" data-id=\"b88dcc8\" data-element_type=\"column\">\n\t\t\t<div class=\"elementor-widget-wrap elementor-element-populated\">\n\t\t\t\t\t\t<div class=\"elementor-element elementor-element-91ae059 m-0 elementor-widget__width-initial elementor-widget-tablet__width-inherit elementor-widget elementor-widget-radiant-custom-button\" data-id=\"91ae059\" data-element_type=\"widget\" data-widget_type=\"radiant-custom-button.default\">\n\t\t\t\t<div class=\"elementor-widget-container\">\n\t\t\t<div class=\"Wplgnite-custom-button element-three\"> <div class=\"rt-btn-effect\"> <div class=\"rt-btn-effect-info\"><a href=\"\/tr\/bize-ulasin\" class=\"link\"  target=\"_blank\" rel=\"nofollow\"> <div class=\"mask\"> <div class=\"link-container\"> <span class=\"link-title1 title\">Kullanmaya Ba\u015fla<\/span><span class=\"link-title2 title\">Kullanmaya Ba\u015fla<\/span><\/div><\/div><\/a> <\/div><\/div><\/div>\t\t<\/div>\n\t\t\t\t<\/div>\n\t\t\t\t\t<\/div>\n\t\t<\/div>\n\t\t\t\t\t<\/div>\n\t\t<\/section>\n\t\t\t\t\t<\/div>\n\t\t<\/div>\n\t\t\t\t\t<\/div>\n\t\t<\/section>\n\t\t\t\t<section class=\"elementor-section elementor-top-section elementor-element elementor-element-1bdbaed elementor-section-stretched elementor-section-boxed elementor-section-height-default elementor-section-height-default\" data-id=\"1bdbaed\" data-element_type=\"section\" data-settings=\"{&quot;stretch_section&quot;:&quot;section-stretched&quot;}\">\n\t\t\t\t\t\t<div class=\"elementor-container elementor-column-gap-default\">\n\t\t\t\t\t<div class=\"elementor-column elementor-col-100 elementor-top-column elementor-element elementor-element-b6dbce4\" data-id=\"b6dbce4\" data-element_type=\"column\">\n\t\t\t<div class=\"elementor-widget-wrap elementor-element-populated\">\n\t\t\t\t\t\t<div class=\"elementor-element elementor-element-7b97bfe elementor-invisible elementor-widget elementor-widget-radiant-custom-heading\" data-id=\"7b97bfe\" data-element_type=\"widget\" data-settings=\"{&quot;_animation&quot;:&quot;fadeInUp&quot;,&quot;_animation_delay&quot;:100}\" data-widget_type=\"radiant-custom-heading.default\">\n\t\t\t\t<div class=\"elementor-widget-container\">\n\t\t\t<div class=\"rt-hover-heading \"><h2 class=\"rt-title-heading\">Markan\u0131z\u0131 G\u00f6r\u00fcn\u00fcr Hale Getirin!<\/h2>\n                <\/div>\t\t<\/div>\n\t\t\t\t<\/div>\n\t\t\t\t<div class=\"elementor-element elementor-element-60dc05b m-0 elementor-widget__width-inherit elementor-widget-tablet__width-inherit elementor-widget elementor-widget-radiant-custom-button\" data-id=\"60dc05b\" data-element_type=\"widget\" data-widget_type=\"radiant-custom-button.default\">\n\t\t\t\t<div class=\"elementor-widget-container\">\n\t\t\t<div class=\"Wplgnite-custom-button element-three\"> <div class=\"rt-btn-effect\"> <div class=\"rt-btn-effect-info\"><a href=\"\/tr\/bize-ulasin\" class=\"link\"  target=\"_blank\" rel=\"nofollow\"> <div class=\"mask\"> <div class=\"link-container\"> <span class=\"link-title1 title\">Kullanmaya Ba\u015fla<\/span><span class=\"link-title2 title\">Kullanmaya Ba\u015fla<\/span><\/div><\/div><\/a> <\/div><\/div><\/div>\t\t<\/div>\n\t\t\t\t<\/div>\n\t\t\t\t<section class=\"elementor-section elementor-inner-section elementor-element elementor-element-d76d3b2 elementor-section-boxed elementor-section-height-default elementor-section-height-default\" data-id=\"d76d3b2\" data-element_type=\"section\">\n\t\t\t\t\t\t<div class=\"elementor-container elementor-column-gap-default\">\n\t\t\t\t\t<div class=\"elementor-column elementor-col-100 elementor-inner-column elementor-element elementor-element-f4d5b38\" data-id=\"f4d5b38\" data-element_type=\"column\">\n\t\t\t<div class=\"elementor-widget-wrap elementor-element-populated\">\n\t\t\t\t\t\t<div class=\"elementor-element elementor-element-648d3e7 elementor-arrows-position-inside elementor-pagination-position-outside elementor-widget elementor-widget-image-carousel\" data-id=\"648d3e7\" data-element_type=\"widget\" data-settings=\"{&quot;navigation&quot;:&quot;both&quot;,&quot;autoplay&quot;:&quot;yes&quot;,&quot;pause_on_hover&quot;:&quot;yes&quot;,&quot;pause_on_interaction&quot;:&quot;yes&quot;,&quot;autoplay_speed&quot;:5000,&quot;infinite&quot;:&quot;yes&quot;,&quot;speed&quot;:500}\" data-widget_type=\"image-carousel.default\">\n\t\t\t\t<div class=\"elementor-widget-container\">\n\t\t\t\t\t<div class=\"elementor-image-carousel-wrapper swiper\" dir=\"ltr\">\n\t\t\t<div class=\"elementor-image-carousel swiper-wrapper\" aria-live=\"off\">\n\t\t\t\t\t\t\t\t<div class=\"swiper-slide\" role=\"group\" aria-roledescription=\"slide\" aria-label=\"1 \/ 8\"><figure class=\"swiper-slide-inner\"><img decoding=\"async\" class=\"swiper-slide-image\" src=\"https:\/\/www.reklamstore.com\/wp-content\/uploads\/elementor\/thumbs\/ss1-1-r87mtcco77fdf0sciwhqvmno9yf7d10ok8vyp1h56e.png\" alt=\"ss1\" \/><\/figure><\/div><div class=\"swiper-slide\" role=\"group\" aria-roledescription=\"slide\" aria-label=\"2 \/ 8\"><figure class=\"swiper-slide-inner\"><img decoding=\"async\" class=\"swiper-slide-image\" src=\"https:\/\/www.reklamstore.com\/wp-content\/uploads\/elementor\/thumbs\/ss2-r87mtf66rpj8duo92fpml3y2241b04bvkmuf4vcynq.png\" alt=\"ss2\" \/><\/figure><\/div><div class=\"swiper-slide\" role=\"group\" aria-roledescription=\"slide\" aria-label=\"3 \/ 8\"><figure class=\"swiper-slide-inner\"><img decoding=\"async\" class=\"swiper-slide-image\" src=\"https:\/\/www.reklamstore.com\/wp-content\/uploads\/elementor\/thumbs\/ss3-r87mthzpc7n3cok5lyxial8fu9nen7n2l0svkp8s52.png\" alt=\"ss3\" \/><\/figure><\/div><div class=\"swiper-slide\" role=\"group\" aria-roledescription=\"slide\" aria-label=\"4 \/ 8\"><figure class=\"swiper-slide-inner\"><img decoding=\"async\" class=\"swiper-slide-image\" src=\"https:\/\/www.reklamstore.com\/wp-content\/uploads\/elementor\/thumbs\/ss4-r87mtkt7wpqybig25i5e02itmf9iaay9lerc0j4lme.png\" alt=\"ss4\" \/><\/figure><\/div><div class=\"swiper-slide\" role=\"group\" aria-roledescription=\"slide\" aria-label=\"5 \/ 8\"><figure class=\"swiper-slide-inner\"><img decoding=\"async\" class=\"swiper-slide-image\" src=\"https:\/\/www.reklamstore.com\/wp-content\/uploads\/elementor\/thumbs\/ss5-r87mtnmqh7utacbyp1d9pjt7ekvlxe9glspsgd0f3q.png\" alt=\"ss5\" \/><\/figure><\/div><div class=\"swiper-slide\" role=\"group\" aria-roledescription=\"slide\" aria-label=\"6 \/ 8\"><figure class=\"swiper-slide-inner\"><img decoding=\"async\" class=\"swiper-slide-image\" src=\"https:\/\/www.reklamstore.com\/wp-content\/uploads\/elementor\/thumbs\/ss6-r87mtqg91pyo967v8kl5f13l6qhpkhknm6o8w6w8l2.png\" alt=\"ss6\" \/><\/figure><\/div><div class=\"swiper-slide\" role=\"group\" aria-roledescription=\"slide\" aria-label=\"7 \/ 8\"><figure class=\"swiper-slide-inner\"><img decoding=\"async\" class=\"swiper-slide-image\" src=\"https:\/\/www.reklamstore.com\/wp-content\/uploads\/elementor\/thumbs\/ss7-r87mtt9rm82j803rs3t14idyyw3t7kvumkmpc0s22e.png\" alt=\"ss7\" \/><\/figure><\/div><div class=\"swiper-slide\" role=\"group\" aria-roledescription=\"slide\" aria-label=\"8 \/ 8\"><figure class=\"swiper-slide-inner\"><img decoding=\"async\" class=\"swiper-slide-image\" src=\"https:\/\/www.reklamstore.com\/wp-content\/uploads\/elementor\/thumbs\/ss8-r87mtw3a6q6e6tzobn0wtzocr1pwuo71myl5runvjq.png\" alt=\"ss8\" \/><\/figure><\/div>\t\t\t<\/div>\n\t\t\t\t\t\t\t\t\t\t\t\t<div class=\"elementor-swiper-button elementor-swiper-button-prev\" role=\"button\" tabindex=\"0\">\n\t\t\t\t\t\t<i aria-hidden=\"true\" class=\"eicon-chevron-left\"><\/i>\t\t\t\t\t<\/div>\n\t\t\t\t\t<div class=\"elementor-swiper-button elementor-swiper-button-next\" role=\"button\" tabindex=\"0\">\n\t\t\t\t\t\t<i aria-hidden=\"true\" class=\"eicon-chevron-right\"><\/i>\t\t\t\t\t<\/div>\n\t\t\t\t\n\t\t\t\t\t\t\t\t\t<div class=\"swiper-pagination\"><\/div>\n\t\t\t\t\t\t\t\t\t<\/div>\n\t\t\t\t<\/div>\n\t\t\t\t<\/div>\n\t\t\t\t\t<\/div>\n\t\t<\/div>\n\t\t\t\t\t<\/div>\n\t\t<\/section>\n\t\t\t\t\t<\/div>\n\t\t<\/div>\n\t\t\t\t\t<\/div>\n\t\t<\/section>\n\t\t\t\t<section class=\"elementor-section elementor-top-section elementor-element elementor-element-4739bb4 elementor-section-full_width elementor-section-stretched elementor-section-height-default elementor-section-height-default\" data-id=\"4739bb4\" data-element_type=\"section\" data-settings=\"{&quot;background_background&quot;:&quot;classic&quot;,&quot;stretch_section&quot;:&quot;section-stretched&quot;}\">\n\t\t\t\t\t\t<div class=\"elementor-container elementor-column-gap-default\">\n\t\t\t\t\t<div class=\"elementor-column elementor-col-100 elementor-top-column elementor-element elementor-element-5abecdd\" data-id=\"5abecdd\" data-element_type=\"column\">\n\t\t\t<div class=\"elementor-widget-wrap elementor-element-populated\">\n\t\t\t\t\t\t<div class=\"elementor-element elementor-element-662b2f1 elementor-widget elementor-widget-heading\" data-id=\"662b2f1\" data-element_type=\"widget\" data-widget_type=\"heading.default\">\n\t\t\t\t<div class=\"elementor-widget-container\">\n\t\t\t<h2 class=\"elementor-heading-title elementor-size-default\">\u0130lgi \u00c7ek, Heyacanland\u0131r, D\u00f6n\u00fc\u015ft\u00fcr!<\/h2>\t\t<\/div>\n\t\t\t\t<\/div>\n\t\t\t\t<section class=\"elementor-section elementor-inner-section elementor-element elementor-element-e33d541 elementor-section-boxed elementor-section-height-default elementor-section-height-default\" data-id=\"e33d541\" data-element_type=\"section\">\n\t\t\t\t\t\t<div class=\"elementor-container elementor-column-gap-default\">\n\t\t\t\t\t<div class=\"elementor-column elementor-col-33 elementor-inner-column elementor-element elementor-element-0663488\" data-id=\"0663488\" data-element_type=\"column\">\n\t\t\t<div class=\"elementor-widget-wrap elementor-element-populated\">\n\t\t\t\t\t\t<div class=\"elementor-element elementor-element-8f4722d elementor-widget elementor-widget-image\" data-id=\"8f4722d\" data-element_type=\"widget\" data-widget_type=\"image.default\">\n\t\t\t\t<div class=\"elementor-widget-container\">\n\t\t\t\t\t\t\t\t\t\t\t\t\t<img decoding=\"async\" width=\"157\" height=\"300\" src=\"https:\/\/www.reklamstore.com\/wp-content\/uploads\/2025\/07\/ss1-1-157x300.png\" class=\"attachment-medium size-medium wp-image-90491\" alt=\"\" srcset=\"https:\/\/www.reklamstore.com\/wp-content\/uploads\/2025\/07\/ss1-1-157x300.png 157w, https:\/\/www.reklamstore.com\/wp-content\/uploads\/2025\/07\/ss1-1.png 425w\" sizes=\"(max-width: 157px) 100vw, 157px\" \/>\t\t\t\t\t\t\t\t\t\t\t\t\t<\/div>\n\t\t\t\t<\/div>\n\t\t\t\t<div class=\"elementor-element elementor-element-bf06ab0 elementor-widget elementor-widget-heading\" data-id=\"bf06ab0\" data-element_type=\"widget\" data-widget_type=\"heading.default\">\n\t\t\t\t<div class=\"elementor-widget-container\">\n\t\t\t<h6 class=\"elementor-heading-title elementor-size-default\">Dikkatleri An\u0131nda Yakalay\u0131n \u2013 Kullan\u0131c\u0131lar\u0131n ilgisini \u00e7ekici oyunlarla \u00e7ekin.<\/h6>\t\t<\/div>\n\t\t\t\t<\/div>\n\t\t\t\t\t<\/div>\n\t\t<\/div>\n\t\t\t\t<div class=\"elementor-column elementor-col-33 elementor-inner-column elementor-element elementor-element-c1e8375\" data-id=\"c1e8375\" data-element_type=\"column\">\n\t\t\t<div class=\"elementor-widget-wrap elementor-element-populated\">\n\t\t\t\t\t\t<div class=\"elementor-element elementor-element-8091a20 elementor-widget elementor-widget-image\" data-id=\"8091a20\" data-element_type=\"widget\" data-widget_type=\"image.default\">\n\t\t\t\t<div class=\"elementor-widget-container\">\n\t\t\t\t\t\t\t\t\t\t\t\t\t<img decoding=\"async\" width=\"166\" height=\"300\" src=\"https:\/\/www.reklamstore.com\/wp-content\/uploads\/2025\/07\/ss2-166x300.png\" class=\"attachment-medium size-medium wp-image-90493\" alt=\"\" srcset=\"https:\/\/www.reklamstore.com\/wp-content\/uploads\/2025\/07\/ss2-166x300.png 166w, https:\/\/www.reklamstore.com\/wp-content\/uploads\/2025\/07\/ss2.png 453w\" sizes=\"(max-width: 166px) 100vw, 166px\" \/>\t\t\t\t\t\t\t\t\t\t\t\t\t<\/div>\n\t\t\t\t<\/div>\n\t\t\t\t<div class=\"elementor-element elementor-element-e946938 elementor-widget elementor-widget-heading\" data-id=\"e946938\" data-element_type=\"widget\" data-widget_type=\"heading.default\">\n\t\t\t\t<div class=\"elementor-widget-container\">\n\t\t\t<h6 class=\"elementor-heading-title elementor-size-default\">Kat\u0131l\u0131m\u0131 Potansiyel M\u00fc\u015fterilere D\u00f6n\u00fc\u015ft\u00fcr\u00fcn \u2013 Oyuncular \u00f6d\u00fcllerin kilidini a\u00e7mak i\u00e7in ayr\u0131nt\u0131lar\u0131 girerler.<\/h6>\t\t<\/div>\n\t\t\t\t<\/div>\n\t\t\t\t\t<\/div>\n\t\t<\/div>\n\t\t\t\t<div class=\"elementor-column elementor-col-33 elementor-inner-column elementor-element elementor-element-6ce5ec4\" data-id=\"6ce5ec4\" data-element_type=\"column\">\n\t\t\t<div class=\"elementor-widget-wrap elementor-element-populated\">\n\t\t\t\t\t\t<div class=\"elementor-element elementor-element-ef8368a elementor-widget elementor-widget-image\" data-id=\"ef8368a\" data-element_type=\"widget\" data-widget_type=\"image.default\">\n\t\t\t\t<div class=\"elementor-widget-container\">\n\t\t\t\t\t\t\t\t\t\t\t\t\t<img loading=\"lazy\" decoding=\"async\" width=\"166\" height=\"300\" src=\"https:\/\/www.reklamstore.com\/wp-content\/uploads\/2025\/07\/ss9-1-166x300.png\" class=\"attachment-medium size-medium wp-image-90507\" alt=\"\" srcset=\"https:\/\/www.reklamstore.com\/wp-content\/uploads\/2025\/07\/ss9-1-166x300.png 166w, https:\/\/www.reklamstore.com\/wp-content\/uploads\/2025\/07\/ss9-1.png 453w\" sizes=\"(max-width: 166px) 100vw, 166px\" \/>\t\t\t\t\t\t\t\t\t\t\t\t\t<\/div>\n\t\t\t\t<\/div>\n\t\t\t\t<div class=\"elementor-element elementor-element-ce69f5d elementor-widget elementor-widget-heading\" data-id=\"ce69f5d\" data-element_type=\"widget\" data-widget_type=\"heading.default\">\n\t\t\t\t<div class=\"elementor-widget-container\">\n\t\t\t<h6 class=\"elementor-heading-title elementor-size-default\">Sat\u0131\u015flar\u0131 Art\u0131r\u0131n \u2013 Kullan\u0131c\u0131lar\u0131n oyun oynayarak kazand\u0131klar\u0131 \u00f6d\u00fclleri kullanma olas\u0131l\u0131\u011f\u0131 daha y\u00fcksek<\/h6>\t\t<\/div>\n\t\t\t\t<\/div>\n\t\t\t\t\t<\/div>\n\t\t<\/div>\n\t\t\t\t\t<\/div>\n\t\t<\/section>\n\t\t\t\t<section class=\"elementor-section elementor-inner-section elementor-element elementor-element-65b80e9 elementor-section-boxed elementor-section-height-default elementor-section-height-default\" data-id=\"65b80e9\" data-element_type=\"section\">\n\t\t\t\t\t\t<div class=\"elementor-container elementor-column-gap-default\">\n\t\t\t\t\t<div class=\"elementor-column elementor-col-100 elementor-inner-column elementor-element elementor-element-75c8369\" data-id=\"75c8369\" data-element_type=\"column\">\n\t\t\t<div class=\"elementor-widget-wrap elementor-element-populated\">\n\t\t\t\t\t\t<div class=\"elementor-element elementor-element-cf17e09 m-0 elementor-widget__width-initial elementor-widget elementor-widget-radiant-custom-button\" data-id=\"cf17e09\" data-element_type=\"widget\" data-widget_type=\"radiant-custom-button.default\">\n\t\t\t\t<div class=\"elementor-widget-container\">\n\t\t\t<div class=\"Wplgnite-custom-button element-three\"> <div class=\"rt-btn-effect\"> <div class=\"rt-btn-effect-info\"><a href=\"https:\/\/pub.reklamstore.com\/auth\/register?utm_source=Rsite\" class=\"link\" target=\"_blank\" rel=\"nofollow noopener\"> <div class=\"mask\"> <div class=\"link-container\"> <span class=\"link-title1 title\">Kullanmaya Ba\u015fla<\/span><span class=\"link-title2 title\">Kullanmaya Ba\u015fla<\/span><\/div><\/div><\/a> <\/div><\/div><\/div>\t\t<\/div>\n\t\t\t\t<\/div>\n\t\t\t\t\t<\/div>\n\t\t<\/div>\n\t\t\t\t\t<\/div>\n\t\t<\/section>\n\t\t\t\t\t<\/div>\n\t\t<\/div>\n\t\t\t\t\t<\/div>\n\t\t<\/section>\n\t\t\t\t<section class=\"elementor-section elementor-top-section elementor-element elementor-element-2a01f1c elementor-section-boxed elementor-section-height-default elementor-section-height-default\" data-id=\"2a01f1c\" data-element_type=\"section\">\n\t\t\t\t\t\t<div class=\"elementor-container elementor-column-gap-default\">\n\t\t\t\t\t<div class=\"elementor-column elementor-col-100 elementor-top-column elementor-element elementor-element-e4ddba4\" data-id=\"e4ddba4\" data-element_type=\"column\">\n\t\t\t<div class=\"elementor-widget-wrap elementor-element-populated\">\n\t\t\t\t\t\t<div class=\"elementor-element elementor-element-a7f4322 elementor-widget elementor-widget-heading\" data-id=\"a7f4322\" data-element_type=\"widget\" data-widget_type=\"heading.default\">\n\t\t\t\t<div class=\"elementor-widget-container\">\n\t\t\t<h2 class=\"elementor-heading-title elementor-size-default\">Geleneksel ve Oyunla\u015ft\u0131r\u0131lm\u0131\u015f \u0130\u00e7erik<\/h2>\t\t<\/div>\n\t\t\t\t<\/div>\n\t\t\t\t\t<\/div>\n\t\t<\/div>\n\t\t\t\t\t<\/div>\n\t\t<\/section>\n\t\t\t\t<section class=\"elementor-section elementor-top-section elementor-element elementor-element-cb1c018 elementor-section-boxed elementor-section-height-default elementor-section-height-default\" data-id=\"cb1c018\" data-element_type=\"section\">\n\t\t\t\t\t\t<div class=\"elementor-container elementor-column-gap-default\">\n\t\t\t\t\t<div class=\"elementor-column elementor-col-50 elementor-top-column elementor-element elementor-element-d4608ce\" data-id=\"d4608ce\" data-element_type=\"column\" data-settings=\"{&quot;background_background&quot;:&quot;classic&quot;}\">\n\t\t\t<div class=\"elementor-widget-wrap elementor-element-populated\">\n\t\t\t\t\t\t<div class=\"elementor-element elementor-element-0234668 elementor-widget elementor-widget-heading\" data-id=\"0234668\" data-element_type=\"widget\" data-widget_type=\"heading.default\">\n\t\t\t\t<div class=\"elementor-widget-container\">\n\t\t\t<h4 class=\"elementor-heading-title elementor-size-default\">Geleneksel<\/h4>\t\t<\/div>\n\t\t\t\t<\/div>\n\t\t\t\t<div class=\"elementor-element elementor-element-c4d9df5 elementor-widget elementor-widget-text-editor\" data-id=\"c4d9df5\" data-element_type=\"widget\" data-widget_type=\"text-editor.default\">\n\t\t\t\t<div class=\"elementor-widget-container\">\n\t\t\t\t\t\t\t<ul><li>D\u00fc\u015f\u00fck etkile\u015fim oranlar\u0131<\/li><li>Statik, ilham vermeyen i\u00e7erik<\/li><li>Potansiyel m\u00fc\u015fterileri yakalamakta zorluk \u00e7ekiyoruz<\/li><li>Etkile\u015fimsiz tek y\u00f6nl\u00fc pazarlama<\/li><li>Y\u00fcksek s\u0131\u00e7rama oranlar\u0131 ve d\u00fc\u015f\u00fc\u015fler<\/li><\/ul>\t\t\t\t\t\t<\/div>\n\t\t\t\t<\/div>\n\t\t\t\t\t<\/div>\n\t\t<\/div>\n\t\t\t\t<div class=\"elementor-column elementor-col-50 elementor-top-column elementor-element elementor-element-116d061\" data-id=\"116d061\" data-element_type=\"column\" data-settings=\"{&quot;background_background&quot;:&quot;classic&quot;}\">\n\t\t\t<div class=\"elementor-widget-wrap elementor-element-populated\">\n\t\t\t\t\t\t<div class=\"elementor-element elementor-element-8f15b40 elementor-widget elementor-widget-heading\" data-id=\"8f15b40\" data-element_type=\"widget\" data-widget_type=\"heading.default\">\n\t\t\t\t<div class=\"elementor-widget-container\">\n\t\t\t<h4 class=\"elementor-heading-title elementor-size-default\">Oyunla\u015ft\u0131r\u0131lm\u0131\u015f<\/h4>\t\t<\/div>\n\t\t\t\t<\/div>\n\t\t\t\t<div class=\"elementor-element elementor-element-4e5fc2a elementor-widget elementor-widget-text-editor\" data-id=\"4e5fc2a\" data-element_type=\"widget\" data-widget_type=\"text-editor.default\">\n\t\t\t\t<div class=\"elementor-widget-container\">\n\t\t\t\t\t\t\t<ul><li>Son derece ilgi \u00e7ekici etkile\u015fimli deneyimler<\/li><li>Kullan\u0131c\u0131lar\u0131n sevdi\u011fi oyunla\u015ft\u0131r\u0131lm\u0131\u015f i\u00e7erik<\/li><li>Kusursuz potansiyel m\u00fc\u015fteri yakalama ve veri toplama<\/li><li>Marka sadakatini ve tekrarlanan etkile\u015fimi art\u0131r\u0131r<\/li><li>Daha y\u00fcksek d\u00f6n\u00fc\u015f\u00fcmler ve daha uzun oturum s\u00fcreleri<\/li><\/ul>\t\t\t\t\t\t<\/div>\n\t\t\t\t<\/div>\n\t\t\t\t\t<\/div>\n\t\t<\/div>\n\t\t\t\t\t<\/div>\n\t\t<\/section>\n\t\t\t\t<\/div>\n\t\t","protected":false},"excerpt":{"rendered":"<p>Gamify your Marketing Marka Sat\u0131\u015flar\u0131n\u0131z\u0131 Oyunla\u015ft\u0131rmayla G\u00fc\u00e7lendirin Kullanmaya Ba\u015flaKullanmaya Ba\u015fla Markan\u0131z\u0131 G\u00f6r\u00fcn\u00fcr Hale Getirin! Kullanmaya Ba\u015flaKullanmaya Ba\u015fla \u0130lgi \u00c7ek, Heyacanland\u0131r, D\u00f6n\u00fc\u015ft\u00fcr! Dikkatleri An\u0131nda Yakalay\u0131n \u2013 Kullan\u0131c\u0131lar\u0131n ilgisini \u00e7ekici oyunlarla \u00e7ekin. Kat\u0131l\u0131m\u0131 Potansiyel M\u00fc\u015fterilere D\u00f6n\u00fc\u015ft\u00fcr\u00fcn \u2013 Oyuncular \u00f6d\u00fcllerin kilidini a\u00e7mak i\u00e7in ayr\u0131nt\u0131lar\u0131 girerler. Sat\u0131\u015flar\u0131 Art\u0131r\u0131n \u2013 Kullan\u0131c\u0131lar\u0131n oyun oynayarak kazand\u0131klar\u0131 \u00f6d\u00fclleri kullanma olas\u0131l\u0131\u011f\u0131 daha y\u00fcksek Kullanmaya [&hellip;]<\/p>\n","protected":false},"author":2,"featured_media":0,"parent":0,"menu_order":0,"comment_status":"closed","ping_status":"closed","template":"","meta":{"footnotes":""},"class_list":["post-90421","page","type-page","status-publish","hentry"],"_links":{"self":[{"href":"https:\/\/www.reklamstore.com\/tr\/wp-json\/wp\/v2\/pages\/90421","targetHints":{"allow":["GET"]}}],"collection":[{"href":"https:\/\/www.reklamstore.com\/tr\/wp-json\/wp\/v2\/pages"}],"about":[{"href":"https:\/\/www.reklamstore.com\/tr\/wp-json\/wp\/v2\/types\/page"}],"author":[{"embeddable":true,"href":"https:\/\/www.reklamstore.com\/tr\/wp-json\/wp\/v2\/users\/2"}],"replies":[{"embeddable":true,"href":"https:\/\/www.reklamstore.com\/tr\/wp-json\/wp\/v2\/comments?post=90421"}],"version-history":[{"count":47,"href":"https:\/\/www.reklamstore.com\/tr\/wp-json\/wp\/v2\/pages\/90421\/revisions"}],"predecessor-version":[{"id":90527,"href":"https:\/\/www.reklamstore.com\/tr\/wp-json\/wp\/v2\/pages\/90421\/revisions\/90527"}],"wp:attachment":[{"href":"https:\/\/www.reklamstore.com\/tr\/wp-json\/wp\/v2\/media?parent=90421"}],"curies":[{"name":"wp","href":"https:\/\/api.w.org\/{rel}","templated":true}]}}