{"id":89701,"date":"2025-02-20T13:03:02","date_gmt":"2025-02-20T10:03:02","guid":{"rendered":"https:\/\/reklamstore.com\/?page_id=89701"},"modified":"2025-06-24T15:10:43","modified_gmt":"2025-06-24T12:10:43","slug":"influty-ebook","status":"publish","type":"page","link":"https:\/\/www.reklamstore.com\/tr\/influty-ebook","title":{"rendered":"Influty-ebook"},"content":{"rendered":"\t\t<div data-elementor-type=\"wp-page\" data-elementor-id=\"89701\" class=\"elementor elementor-89701\" data-elementor-post-type=\"page\">\n\t\t\t\t\t\t<section class=\"elementor-section elementor-top-section elementor-element elementor-element-4892d69c elementor-section-stretched elementor-section-boxed elementor-section-height-default elementor-section-height-default\" data-id=\"4892d69c\" data-element_type=\"section\" data-settings=\"{&quot;stretch_section&quot;:&quot;section-stretched&quot;,&quot;background_background&quot;:&quot;gradient&quot;}\">\n\t\t\t\t\t\t\t<div class=\"elementor-background-overlay\"><\/div>\n\t\t\t\t\t\t\t<div class=\"elementor-container elementor-column-gap-default\">\n\t\t\t\t\t<div class=\"elementor-column elementor-col-50 elementor-top-column elementor-element elementor-element-937f860\" data-id=\"937f860\" data-element_type=\"column\" data-settings=\"{&quot;background_background&quot;:&quot;classic&quot;}\">\n\t\t\t<div class=\"elementor-widget-wrap elementor-element-populated\">\n\t\t\t\t\t\t<section class=\"elementor-section elementor-inner-section elementor-element elementor-element-51228d8 elementor-section-boxed elementor-section-height-default elementor-section-height-default elementor-invisible\" data-id=\"51228d8\" data-element_type=\"section\" data-settings=\"{&quot;animation&quot;:&quot;fadeInUp&quot;,&quot;animation_delay&quot;:300}\">\n\t\t\t\t\t\t<div class=\"elementor-container elementor-column-gap-default\">\n\t\t\t\t\t<div class=\"elementor-column elementor-col-100 elementor-inner-column elementor-element elementor-element-3d75d8c m-0\" data-id=\"3d75d8c\" data-element_type=\"column\">\n\t\t\t<div class=\"elementor-widget-wrap elementor-element-populated\">\n\t\t\t\t\t\t<div class=\"elementor-element elementor-element-eb27081 elementor-widget elementor-widget-heading\" data-id=\"eb27081\" data-element_type=\"widget\" data-widget_type=\"heading.default\">\n\t\t\t\t<div class=\"elementor-widget-container\">\n\t\t\t<h5 class=\"elementor-heading-title elementor-size-default\">En yayg\u0131n 7 influencer pazarlama stratejisine derinlemesine bak\u0131\u015f<\/h5>\t\t<\/div>\n\t\t\t\t<\/div>\n\t\t\t\t<div class=\"elementor-element elementor-element-3b5eb4a elementor-widget elementor-widget-spacer\" data-id=\"3b5eb4a\" data-element_type=\"widget\" data-widget_type=\"spacer.default\">\n\t\t\t\t<div class=\"elementor-widget-container\">\n\t\t\t\t\t<div class=\"elementor-spacer\">\n\t\t\t<div class=\"elementor-spacer-inner\"><\/div>\n\t\t<\/div>\n\t\t\t\t<\/div>\n\t\t\t\t<\/div>\n\t\t\t\t<div class=\"elementor-element elementor-element-c6fba22 elementor-widget elementor-widget-shortcode\" data-id=\"c6fba22\" data-element_type=\"widget\" data-widget_type=\"shortcode.default\">\n\t\t\t\t<div class=\"elementor-widget-container\">\n\t\t\t\t\t<div class=\"elementor-shortcode\">\n<div class=\"wpcf7 no-js\" id=\"wpcf7-f90335-o1\" lang=\"tr-TR\" dir=\"ltr\" data-wpcf7-id=\"90335\">\n<div class=\"screen-reader-response\"><p role=\"status\" aria-live=\"polite\" aria-atomic=\"true\"><\/p> <ul><\/ul><\/div>\n<form action=\"\/tr\/wp-json\/wp\/v2\/pages\/89701#wpcf7-f90335-o1\" method=\"post\" class=\"wpcf7-form init\" aria-label=\"\u0130leti\u015fim Formu\" novalidate=\"novalidate\" data-status=\"init\">\n<fieldset class=\"hidden-fields-container\"><input type=\"hidden\" name=\"_wpcf7\" value=\"90335\" \/><input type=\"hidden\" name=\"_wpcf7_version\" value=\"6.1.5\" \/><input type=\"hidden\" name=\"_wpcf7_locale\" value=\"tr_TR\" \/><input type=\"hidden\" name=\"_wpcf7_unit_tag\" value=\"wpcf7-f90335-o1\" \/><input type=\"hidden\" name=\"_wpcf7_container_post\" value=\"0\" \/><input type=\"hidden\" name=\"_wpcf7_posted_data_hash\" value=\"\" \/><input type=\"hidden\" name=\"_wpcf7cf_hidden_group_fields\" value=\"[]\" \/><input type=\"hidden\" name=\"_wpcf7cf_hidden_groups\" value=\"[]\" \/><input type=\"hidden\" name=\"_wpcf7cf_visible_groups\" value=\"[]\" \/><input type=\"hidden\" name=\"_wpcf7cf_repeaters\" value=\"[]\" \/><input type=\"hidden\" name=\"_wpcf7cf_steps\" value=\"{}\" \/><input type=\"hidden\" name=\"_wpcf7cf_options\" value=\"{&quot;form_id&quot;:90335,&quot;conditions&quot;:[],&quot;settings&quot;:{&quot;animation&quot;:&quot;no&quot;,&quot;animation_intime&quot;:&quot;200&quot;,&quot;animation_outtime&quot;:&quot;200&quot;,&quot;conditions_ui&quot;:&quot;normal&quot;,&quot;notice_dismissed&quot;:&quot;&quot;,&quot;repeater_remove_button&quot;:&quot;bottom&quot;,&quot;notice_dismissed_rollback-cf7-5.8.5&quot;:true,&quot;notice_dismissed_rollback-cf7-5.8.6&quot;:true,&quot;notice_dismissed_rollback-cf7-5.8.7&quot;:true,&quot;notice_dismissed_rollback-cf7-5.9.5&quot;:true}}\" \/><input type=\"hidden\" name=\"_wpcf7_recaptcha_response\" value=\"\" \/>\n<\/fieldset>\n<div class=\"container\">\n\t<div class=\"row\">\n\t\t<div class=\"col-md-6 mb-3\">\n\t\t\t<p><span class=\"wpcf7-form-control-wrap\" data-name=\"FNAME\"><input size=\"40\" maxlength=\"400\" class=\"wpcf7-form-control wpcf7-text wpcf7-validates-as-required form-control\" id=\"mce-FNAME\" aria-required=\"true\" aria-invalid=\"false\" placeholder=\"Ad\" value=\"\" type=\"text\" name=\"FNAME\" \/><\/span>\n\t\t\t<\/p>\n\t\t<\/div>\n\t\t<div class=\"col-md-6 mb-3\">\n\t\t\t<p><span class=\"wpcf7-form-control-wrap\" data-name=\"LNAME\"><input size=\"40\" maxlength=\"400\" class=\"wpcf7-form-control wpcf7-text wpcf7-validates-as-required form-control\" id=\"mce-LNAME\" aria-required=\"true\" aria-invalid=\"false\" placeholder=\"Soyad\" value=\"\" type=\"text\" name=\"LNAME\" \/><\/span>\n\t\t\t<\/p>\n\t\t<\/div>\n\t<\/div>\n\t<div class=\"row mb-3\">\n\t\t<div class=\"col-md-6 mb-3\">\n\t\t\t<p><span class=\"wpcf7-form-control-wrap\" data-name=\"EMAIL\"><input size=\"40\" maxlength=\"400\" class=\"wpcf7-form-control wpcf7-email wpcf7-validates-as-required wpcf7-text wpcf7-validates-as-email form-control\" id=\"mce-EMAIL\" aria-required=\"true\" aria-invalid=\"false\" placeholder=\"Kurumsal E-mail\" value=\"\" type=\"email\" name=\"EMAIL\" \/><\/span>\n\t\t\t<\/p>\n\t\t<\/div>\n\t\t<div class=\"col-md-6 mb-3\">\n\t\t\t<p><span class=\"wpcf7-form-control-wrap\" data-name=\"MMERGE3\"><input size=\"40\" maxlength=\"400\" class=\"wpcf7-form-control wpcf7-url wpcf7-validates-as-required wpcf7-text wpcf7-validates-as-url form-control\" id=\"mce-MMERGE3\" aria-required=\"true\" aria-invalid=\"false\" placeholder=\"Websitesi\/Sosyal Medya\" value=\"\" type=\"url\" name=\"MMERGE3\" \/><\/span>\n\t\t\t<\/p>\n\t\t<\/div>\n\t\t<div class=\"col-md-6 mb-3\">\n\t\t\t<p><span class=\"wpcf7-form-control-wrap\" data-name=\"MMERGE6\"><span class=\"wpcf7-form-control wpcf7-radio\"><span class=\"wpcf7-list-item first\"><label><input type=\"radio\" name=\"MMERGE6\" value=\"Marka \/ Ajans\" \/><span class=\"wpcf7-list-item-label\">Marka \/ Ajans<\/span><\/label><\/span><span class=\"wpcf7-list-item last\"><label><input type=\"radio\" name=\"MMERGE6\" value=\"Influencer\" \/><span class=\"wpcf7-list-item-label\">Influencer<\/span><\/label><\/span><\/span><\/span>\n\t\t\t<\/p>\n\t\t<\/div>\n\t\t<div class=\"col-md-6 mb-3\">\n\t\t\t<p><span class=\"wpcf7-form-control-wrap\" data-name=\"checkbox-198\"><span class=\"wpcf7-form-control wpcf7-checkbox wpcf7-validates-as-required\"><span class=\"wpcf7-list-item first last\"><label><input type=\"checkbox\" name=\"checkbox-198[]\" value=\"E-B\u00fclten Kay\u0131t\" checked=\"checked\" \/><span class=\"wpcf7-list-item-label\">E-B\u00fclten Kay\u0131t<\/span><\/label><\/span><\/span><\/span>\n\t\t\t<\/p>\n\t\t<\/div>\n\t<input class=\"wpcf7-form-control wpcf7-hidden\" value=\"true\" type=\"hidden\" name=\"newsletter\" \/>\n\t<input class=\"wpcf7-form-control wpcf7-hidden\" value=\"3627949\" type=\"hidden\" name=\"tags\" \/>\n\t<\/div>\n\t<div class=\"d-grid gap-2\">\n\t\t<p><input class=\"wpcf7-form-control wpcf7-submit has-spinner btn btn-dark w-100\" type=\"submit\" value=\"\u0130ndir\" \/>\n\t\t<\/p>\n\t<\/div>\n<\/div><div class=\"wpcf7-response-output\" aria-hidden=\"true\"><\/div>\n<\/form>\n<\/div>\n<\/div>\n\t\t\t\t<\/div>\n\t\t\t\t<\/div>\n\t\t\t\t\t<\/div>\n\t\t<\/div>\n\t\t\t\t\t<\/div>\n\t\t<\/section>\n\t\t\t\t\t<\/div>\n\t\t<\/div>\n\t\t\t\t<div class=\"elementor-column elementor-col-50 elementor-top-column elementor-element elementor-element-37cedc8\" data-id=\"37cedc8\" data-element_type=\"column\">\n\t\t\t<div class=\"elementor-widget-wrap elementor-element-populated\">\n\t\t\t\t\t\t<div class=\"elementor-element elementor-element-6dad4d0 elementor-invisible elementor-widget elementor-widget-image\" data-id=\"6dad4d0\" data-element_type=\"widget\" data-settings=\"{&quot;_animation&quot;:&quot;fadeIn&quot;,&quot;_animation_delay&quot;:100}\" data-widget_type=\"image.default\">\n\t\t\t\t<div class=\"elementor-widget-container\">\n\t\t\t\t\t\t\t\t\t\t\t\t\t<img fetchpriority=\"high\" decoding=\"async\" width=\"687\" height=\"932\" src=\"https:\/\/www.reklamstore.com\/wp-content\/uploads\/2025\/04\/ucretsiz-e-book-4.png\" class=\"elementor-animation-grow attachment-full size-full wp-image-89944\" alt=\"\" srcset=\"https:\/\/www.reklamstore.com\/wp-content\/uploads\/2025\/04\/ucretsiz-e-book-4.png 687w, https:\/\/www.reklamstore.com\/wp-content\/uploads\/2025\/04\/ucretsiz-e-book-4-221x300.png 221w\" sizes=\"(max-width: 687px) 100vw, 687px\" \/>\t\t\t\t\t\t\t\t\t\t\t\t\t<\/div>\n\t\t\t\t<\/div>\n\t\t\t\t<div class=\"elementor-element elementor-element-bf18bc5 elementor-absolute elementor-widget elementor-widget-image\" data-id=\"bf18bc5\" data-element_type=\"widget\" data-settings=\"{&quot;_position&quot;:&quot;absolute&quot;}\" data-widget_type=\"image.default\">\n\t\t\t\t<div class=\"elementor-widget-container\">\n\t\t\t\t\t\t\t\t\t\t\t\t\t<img decoding=\"async\" width=\"2048\" height=\"1790\" src=\"https:\/\/www.reklamstore.com\/wp-content\/uploads\/2025\/04\/lifecoach-all-client-img-1-scaled-1-2048x1790-1.png\" class=\"attachment-full size-full wp-image-89935\" alt=\"\" srcset=\"https:\/\/www.reklamstore.com\/wp-content\/uploads\/2025\/04\/lifecoach-all-client-img-1-scaled-1-2048x1790-1.png 2048w, https:\/\/www.reklamstore.com\/wp-content\/uploads\/2025\/04\/lifecoach-all-client-img-1-scaled-1-2048x1790-1-300x262.png 300w, https:\/\/www.reklamstore.com\/wp-content\/uploads\/2025\/04\/lifecoach-all-client-img-1-scaled-1-2048x1790-1-1024x895.png 1024w, https:\/\/www.reklamstore.com\/wp-content\/uploads\/2025\/04\/lifecoach-all-client-img-1-scaled-1-2048x1790-1-768x671.png 768w, https:\/\/www.reklamstore.com\/wp-content\/uploads\/2025\/04\/lifecoach-all-client-img-1-scaled-1-2048x1790-1-1536x1343.png 1536w\" sizes=\"(max-width: 2048px) 100vw, 2048px\" \/>\t\t\t\t\t\t\t\t\t\t\t\t\t<\/div>\n\t\t\t\t<\/div>\n\t\t\t\t\t<\/div>\n\t\t<\/div>\n\t\t\t\t\t<\/div>\n\t\t<\/section>\n\t\t\t\t<section class=\"elementor-section elementor-top-section elementor-element elementor-element-eda3780 elementor-section-boxed elementor-section-height-default elementor-section-height-default\" data-id=\"eda3780\" data-element_type=\"section\">\n\t\t\t\t\t\t<div class=\"elementor-container elementor-column-gap-default\">\n\t\t\t\t\t<div class=\"elementor-column elementor-col-100 elementor-top-column elementor-element elementor-element-da28849\" data-id=\"da28849\" data-element_type=\"column\">\n\t\t\t<div class=\"elementor-widget-wrap elementor-element-populated\">\n\t\t\t\t\t\t<div class=\"elementor-element elementor-element-507c22c elementor-invisible elementor-widget elementor-widget-heading\" data-id=\"507c22c\" data-element_type=\"widget\" data-settings=\"{&quot;_animation&quot;:&quot;fadeInUp&quot;}\" data-widget_type=\"heading.default\">\n\t\t\t\t<div class=\"elementor-widget-container\">\n\t\t\t<span class=\"elementor-heading-title elementor-size-default\">\u0130\u00c7\u0130NDEK\u0130LER<\/span>\t\t<\/div>\n\t\t\t\t<\/div>\n\t\t\t\t<div class=\"elementor-element elementor-element-6e0823c elementor-invisible elementor-widget elementor-widget-radiant-custom-heading\" data-id=\"6e0823c\" data-element_type=\"widget\" data-settings=\"{&quot;_animation&quot;:&quot;fadeInUp&quot;,&quot;_animation_delay&quot;:100}\" data-widget_type=\"radiant-custom-heading.default\">\n\t\t\t\t<div class=\"elementor-widget-container\">\n\t\t\t<p class=\"rt-textappear-line73 rt-textappear-line ml1 \">\n\t\tInfluencer pazarlamas\u0131n\u0131n g\u00fcc\u00fcnden maksimum fayday\u0131 sa\u011flamak ve markan\u0131z\u0131n g\u00f6r\u00fcn\u00fcrl\u00fc\u011f\u00fcn\u00fc art\u0131rmak ister misiniz? Etkili influencer i\u015f birlikleri sayesinde hedef kitlenize do\u011frudan ula\u015farak b\u00fcy\u00fcmenizi h\u0131zland\u0131rabilirsiniz. Bu e-kitapta, influencer marketing kavram\u0131n\u0131n temellerini, influencer t\u00fcrlerini ve en s\u0131k tercih edilen 7 etkili stratejiyi ayr\u0131nt\u0131l\u0131 olarak bulacaks\u0131n\u0131z. Ayr\u0131ca kampanyalar\u0131n\u0131z\u0131 do\u011fru planlama ve uygulama teknikleriyle nas\u0131l ba\u015far\u0131l\u0131 bir \u015fekilde y\u00f6netece\u011finizi ke\u015ffedeceksiniz.<br><br>\n\nMarka temsilcileri ve influencerlar i\u00e7in \u00f6zel olarak haz\u0131rlanan bu rehber sayesinde, sekt\u00f6rde \u00f6ne \u00e7\u0131kacak stratejik i\u015f birlikleri kurabilirsiniz. Hemen formu doldurun, \u00fccretsiz e-kitab\u0131n\u0131z\u0131 indirerek influencer pazarlaman\u0131n p\u00fcf noktalar\u0131n\u0131 \u00f6\u011frenin ve markan\u0131z\u0131n ba\u015far\u0131 hikayesini ba\u015flat\u0131n!\n        <span class=\"rt-heading-div\">\n            <span class=\"text-wrapper\">\n                <span class=\"letters\"><\/span>\n                <span class=\"line line2\"><\/span>\n            <\/span>\n        <\/span>\n        <span class=\"after-text\"><\/span>\n    \n    <\/p>\t\t<\/div>\n\t\t\t\t<\/div>\n\t\t\t\t<section class=\"elementor-section elementor-inner-section elementor-element elementor-element-4ee596e elementor-section-boxed elementor-section-height-default elementor-section-height-default\" data-id=\"4ee596e\" data-element_type=\"section\">\n\t\t\t\t\t\t<div class=\"elementor-container elementor-column-gap-default\">\n\t\t\t\t\t<div class=\"elementor-column elementor-col-25 elementor-inner-column elementor-element elementor-element-40364cc elementor-invisible\" data-id=\"40364cc\" data-element_type=\"column\" data-settings=\"{&quot;background_background&quot;:&quot;classic&quot;,&quot;animation&quot;:&quot;fadeIn&quot;,&quot;animation_delay&quot;:300}\">\n\t\t\t<div class=\"elementor-widget-wrap elementor-element-populated\">\n\t\t\t\t\t\t<div class=\"elementor-element elementor-element-e5d3a3d elementor-view-default elementor-widget elementor-widget-icon\" data-id=\"e5d3a3d\" data-element_type=\"widget\" data-widget_type=\"icon.default\">\n\t\t\t\t<div class=\"elementor-widget-container\">\n\t\t\t\t\t<div class=\"elementor-icon-wrapper\">\n\t\t\t<div class=\"elementor-icon\">\n\t\t\t<i aria-hidden=\"true\" class=\"far fa-address-card\"><\/i>\t\t\t<\/div>\n\t\t<\/div>\n\t\t\t\t<\/div>\n\t\t\t\t<\/div>\n\t\t\t\t<div class=\"elementor-element elementor-element-7436e9a elementor-widget-divider--view-line elementor-widget elementor-widget-divider\" data-id=\"7436e9a\" data-element_type=\"widget\" data-widget_type=\"divider.default\">\n\t\t\t\t<div class=\"elementor-widget-container\">\n\t\t\t\t\t<div class=\"elementor-divider\">\n\t\t\t<span class=\"elementor-divider-separator\">\n\t\t\t\t\t\t<\/span>\n\t\t<\/div>\n\t\t\t\t<\/div>\n\t\t\t\t<\/div>\n\t\t\t\t<div class=\"elementor-element elementor-element-7bf813d elementor-widget elementor-widget-heading\" data-id=\"7bf813d\" data-element_type=\"widget\" data-widget_type=\"heading.default\">\n\t\t\t\t<div class=\"elementor-widget-container\">\n\t\t\t<h5 class=\"elementor-heading-title elementor-size-default\">Influencer Marketing Nedir?<\/h5>\t\t<\/div>\n\t\t\t\t<\/div>\n\t\t\t\t\t<\/div>\n\t\t<\/div>\n\t\t\t\t<div class=\"elementor-column elementor-col-25 elementor-inner-column elementor-element elementor-element-58dc651 elementor-invisible\" data-id=\"58dc651\" data-element_type=\"column\" data-settings=\"{&quot;background_background&quot;:&quot;classic&quot;,&quot;animation&quot;:&quot;fadeIn&quot;,&quot;animation_delay&quot;:400}\">\n\t\t\t<div class=\"elementor-widget-wrap elementor-element-populated\">\n\t\t\t\t\t\t<div class=\"elementor-element elementor-element-3c48b99 elementor-view-default elementor-widget elementor-widget-icon\" data-id=\"3c48b99\" data-element_type=\"widget\" data-widget_type=\"icon.default\">\n\t\t\t\t<div class=\"elementor-widget-container\">\n\t\t\t\t\t<div class=\"elementor-icon-wrapper\">\n\t\t\t<div class=\"elementor-icon\">\n\t\t\t<i aria-hidden=\"true\" class=\"fas fa-address-book\"><\/i>\t\t\t<\/div>\n\t\t<\/div>\n\t\t\t\t<\/div>\n\t\t\t\t<\/div>\n\t\t\t\t<div class=\"elementor-element elementor-element-2fd7f09 elementor-widget-divider--view-line elementor-widget elementor-widget-divider\" data-id=\"2fd7f09\" data-element_type=\"widget\" data-widget_type=\"divider.default\">\n\t\t\t\t<div class=\"elementor-widget-container\">\n\t\t\t\t\t<div class=\"elementor-divider\">\n\t\t\t<span class=\"elementor-divider-separator\">\n\t\t\t\t\t\t<\/span>\n\t\t<\/div>\n\t\t\t\t<\/div>\n\t\t\t\t<\/div>\n\t\t\t\t<div class=\"elementor-element elementor-element-f274afc elementor-widget elementor-widget-heading\" data-id=\"f274afc\" data-element_type=\"widget\" data-widget_type=\"heading.default\">\n\t\t\t\t<div class=\"elementor-widget-container\">\n\t\t\t<h5 class=\"elementor-heading-title elementor-size-default\">Influencer T\u00fcrleri ve Do\u011fru Se\u00e7im<\/h5>\t\t<\/div>\n\t\t\t\t<\/div>\n\t\t\t\t\t<\/div>\n\t\t<\/div>\n\t\t\t\t<div class=\"elementor-column elementor-col-25 elementor-inner-column elementor-element elementor-element-5b89fde elementor-invisible\" data-id=\"5b89fde\" data-element_type=\"column\" data-settings=\"{&quot;background_background&quot;:&quot;classic&quot;,&quot;animation&quot;:&quot;fadeIn&quot;,&quot;animation_delay&quot;:600}\">\n\t\t\t<div class=\"elementor-widget-wrap elementor-element-populated\">\n\t\t\t\t\t\t<div class=\"elementor-element elementor-element-a548774 elementor-view-default elementor-widget elementor-widget-icon\" data-id=\"a548774\" data-element_type=\"widget\" data-widget_type=\"icon.default\">\n\t\t\t\t<div class=\"elementor-widget-container\">\n\t\t\t\t\t<div class=\"elementor-icon-wrapper\">\n\t\t\t<div class=\"elementor-icon\">\n\t\t\t<i aria-hidden=\"true\" class=\"fas fa-theater-masks\"><\/i>\t\t\t<\/div>\n\t\t<\/div>\n\t\t\t\t<\/div>\n\t\t\t\t<\/div>\n\t\t\t\t<div class=\"elementor-element elementor-element-b86b8e8 elementor-widget-divider--view-line elementor-widget elementor-widget-divider\" data-id=\"b86b8e8\" data-element_type=\"widget\" data-widget_type=\"divider.default\">\n\t\t\t\t<div class=\"elementor-widget-container\">\n\t\t\t\t\t<div class=\"elementor-divider\">\n\t\t\t<span class=\"elementor-divider-separator\">\n\t\t\t\t\t\t<\/span>\n\t\t<\/div>\n\t\t\t\t<\/div>\n\t\t\t\t<\/div>\n\t\t\t\t<div class=\"elementor-element elementor-element-2873549 elementor-widget elementor-widget-heading\" data-id=\"2873549\" data-element_type=\"widget\" data-widget_type=\"heading.default\">\n\t\t\t\t<div class=\"elementor-widget-container\">\n\t\t\t<h5 class=\"elementor-heading-title elementor-size-default\">Markan\u0131z \u0130\u00e7in En Etkili <br>7 Influencer Pazarlama Stratejisi<\/h5>\t\t<\/div>\n\t\t\t\t<\/div>\n\t\t\t\t\t<\/div>\n\t\t<\/div>\n\t\t\t\t<div class=\"elementor-column elementor-col-25 elementor-inner-column elementor-element elementor-element-a5a31a2 elementor-invisible\" data-id=\"a5a31a2\" data-element_type=\"column\" data-settings=\"{&quot;background_background&quot;:&quot;classic&quot;,&quot;animation&quot;:&quot;fadeIn&quot;,&quot;animation_delay&quot;:600}\">\n\t\t\t<div class=\"elementor-widget-wrap elementor-element-populated\">\n\t\t\t\t\t\t<div class=\"elementor-element elementor-element-4eb1e1e elementor-view-default elementor-widget elementor-widget-icon\" data-id=\"4eb1e1e\" data-element_type=\"widget\" data-widget_type=\"icon.default\">\n\t\t\t\t<div class=\"elementor-widget-container\">\n\t\t\t\t\t<div class=\"elementor-icon-wrapper\">\n\t\t\t<div class=\"elementor-icon\">\n\t\t\t<i aria-hidden=\"true\" class=\"fas fa-thumbs-up\"><\/i>\t\t\t<\/div>\n\t\t<\/div>\n\t\t\t\t<\/div>\n\t\t\t\t<\/div>\n\t\t\t\t<div class=\"elementor-element elementor-element-5eba376 elementor-widget-divider--view-line elementor-widget elementor-widget-divider\" data-id=\"5eba376\" data-element_type=\"widget\" data-widget_type=\"divider.default\">\n\t\t\t\t<div class=\"elementor-widget-container\">\n\t\t\t\t\t<div class=\"elementor-divider\">\n\t\t\t<span class=\"elementor-divider-separator\">\n\t\t\t\t\t\t<\/span>\n\t\t<\/div>\n\t\t\t\t<\/div>\n\t\t\t\t<\/div>\n\t\t\t\t<div class=\"elementor-element elementor-element-00b9542 elementor-widget elementor-widget-heading\" data-id=\"00b9542\" data-element_type=\"widget\" data-widget_type=\"heading.default\">\n\t\t\t\t<div class=\"elementor-widget-container\">\n\t\t\t<h5 class=\"elementor-heading-title elementor-size-default\">Ba\u015far\u0131l\u0131 Influencer \u0130\u015f Birlikleri: Planlama ve Uygulama Y\u00f6ntemleri<\/h5>\t\t<\/div>\n\t\t\t\t<\/div>\n\t\t\t\t\t<\/div>\n\t\t<\/div>\n\t\t\t\t\t<\/div>\n\t\t<\/section>\n\t\t\t\t\t<\/div>\n\t\t<\/div>\n\t\t\t\t\t<\/div>\n\t\t<\/section>\n\t\t\t\t<\/div>\n\t\t","protected":false},"excerpt":{"rendered":"<p>En yayg\u0131n 7 influencer pazarlama stratejisine derinlemesine bak\u0131\u015f \u0130\u00c7\u0130NDEK\u0130LER Influencer pazarlamas\u0131n\u0131n g\u00fcc\u00fcnden maksimum fayday\u0131 sa\u011flamak ve markan\u0131z\u0131n g\u00f6r\u00fcn\u00fcrl\u00fc\u011f\u00fcn\u00fc art\u0131rmak ister misiniz? Etkili influencer i\u015f birlikleri sayesinde hedef kitlenize do\u011frudan ula\u015farak b\u00fcy\u00fcmenizi h\u0131zland\u0131rabilirsiniz. Bu e-kitapta, influencer marketing kavram\u0131n\u0131n temellerini, influencer t\u00fcrlerini ve en s\u0131k tercih edilen 7 etkili stratejiyi ayr\u0131nt\u0131l\u0131 olarak bulacaks\u0131n\u0131z. Ayr\u0131ca kampanyalar\u0131n\u0131z\u0131 do\u011fru planlama [&hellip;]<\/p>\n","protected":false},"author":2,"featured_media":0,"parent":0,"menu_order":0,"comment_status":"closed","ping_status":"closed","template":"elementor_header_footer","meta":{"footnotes":""},"class_list":["post-89701","page","type-page","status-publish","hentry"],"_links":{"self":[{"href":"https:\/\/www.reklamstore.com\/tr\/wp-json\/wp\/v2\/pages\/89701","targetHints":{"allow":["GET"]}}],"collection":[{"href":"https:\/\/www.reklamstore.com\/tr\/wp-json\/wp\/v2\/pages"}],"about":[{"href":"https:\/\/www.reklamstore.com\/tr\/wp-json\/wp\/v2\/types\/page"}],"author":[{"embeddable":true,"href":"https:\/\/www.reklamstore.com\/tr\/wp-json\/wp\/v2\/users\/2"}],"replies":[{"embeddable":true,"href":"https:\/\/www.reklamstore.com\/tr\/wp-json\/wp\/v2\/comments?post=89701"}],"version-history":[{"count":0,"href":"https:\/\/www.reklamstore.com\/tr\/wp-json\/wp\/v2\/pages\/89701\/revisions"}],"wp:attachment":[{"href":"https:\/\/www.reklamstore.com\/tr\/wp-json\/wp\/v2\/media?parent=89701"}],"curies":[{"name":"wp","href":"https:\/\/api.w.org\/{rel}","templated":true}]}}