{"id":89343,"date":"2024-05-14T15:58:03","date_gmt":"2024-05-14T12:58:03","guid":{"rendered":"https:\/\/reklamstore.com\/?page_id=89343"},"modified":"2024-07-25T13:17:11","modified_gmt":"2024-07-25T10:17:11","slug":"performer-newsletter","status":"publish","type":"page","link":"https:\/\/www.reklamstore.com\/tr\/performer-newsletter","title":{"rendered":"Performer Newsletter"},"content":{"rendered":"\t\t<div data-elementor-type=\"wp-page\" data-elementor-id=\"89343\" class=\"elementor elementor-89343\" data-elementor-post-type=\"page\">\n\t\t\t\t\t\t<section class=\"elementor-section elementor-top-section elementor-element elementor-element-4cf934a elementor-section-boxed elementor-section-height-default elementor-section-height-default\" data-id=\"4cf934a\" data-element_type=\"section\" data-settings=\"{&quot;background_background&quot;:&quot;gradient&quot;}\">\n\t\t\t\t\t\t\t<div class=\"elementor-background-overlay\"><\/div>\n\t\t\t\t\t\t\t<div class=\"elementor-container elementor-column-gap-default\">\n\t\t\t\t\t<div class=\"elementor-column elementor-col-100 elementor-top-column elementor-element elementor-element-1d9f455\" data-id=\"1d9f455\" data-element_type=\"column\">\n\t\t\t<div class=\"elementor-widget-wrap elementor-element-populated\">\n\t\t\t\t\t\t<div class=\"elementor-element elementor-element-592c61b elementor-invisible elementor-widget elementor-widget-heading\" data-id=\"592c61b\" data-element_type=\"widget\" data-settings=\"{&quot;_animation&quot;:&quot;fadeInUp&quot;,&quot;_animation_delay&quot;:100}\" data-widget_type=\"heading.default\">\n\t\t\t\t<div class=\"elementor-widget-container\">\n\t\t\t<h1 class=\"elementor-heading-title elementor-size-default\">Dijital reklamc\u0131l\u0131\u011f\u0131n g\u00fcndemini <br>\ne-b\u00fcltenimizle takip edin<\/h1>\t\t<\/div>\n\t\t\t\t<\/div>\n\t\t\t\t<div class=\"elementor-element elementor-element-de794e3 elementor-invisible elementor-widget elementor-widget-text-editor\" data-id=\"de794e3\" data-element_type=\"widget\" data-settings=\"{&quot;_animation&quot;:&quot;fadeInUp&quot;,&quot;_animation_delay&quot;:200}\" data-widget_type=\"text-editor.default\">\n\t\t\t\t<div class=\"elementor-widget-container\">\n\t\t\t\t\t\t\t<p>Abone olun ve dijital pazarlama d\u00fcnyas\u0131nda \u00f6ne \u00e7\u0131k\u0131n<\/p>\t\t\t\t\t\t<\/div>\n\t\t\t\t<\/div>\n\t\t\t\t\t<\/div>\n\t\t<\/div>\n\t\t\t\t\t<\/div>\n\t\t<\/section>\n\t\t\t\t<section class=\"elementor-section elementor-top-section elementor-element elementor-element-1260194 elementor-section-boxed elementor-section-height-default elementor-section-height-default\" data-id=\"1260194\" data-element_type=\"section\">\n\t\t\t\t\t\t\t<div class=\"elementor-background-overlay\"><\/div>\n\t\t\t\t\t\t\t<div class=\"elementor-container elementor-column-gap-default\">\n\t\t\t\t\t<div class=\"elementor-column elementor-col-100 elementor-top-column elementor-element elementor-element-56ead55\" data-id=\"56ead55\" data-element_type=\"column\">\n\t\t\t<div class=\"elementor-widget-wrap elementor-element-populated\">\n\t\t\t\t\t\t<div class=\"elementor-element elementor-element-f8cf5a8 elementor-widget elementor-widget-html\" data-id=\"f8cf5a8\" data-element_type=\"widget\" data-widget_type=\"html.default\">\n\t\t\t\t<div class=\"elementor-widget-container\">\n\t\t\t<div class=\"container\">\r\n    <div class=\"row\">\r\n        <div class=\"col-md-3\"><\/div>\r\n        <div class=\"col-md-6\">\r\n            <div class=\"cover-img\">\r\n                <img decoding=\"async\" src=\"https:\/\/reklamstore.com\/wp-content\/uploads\/2024\/07\/ebulten-cover.png\">\r\n            <\/div>\r\n            <p style=\"text-align:center; padding-top:10px;\">Dijital pazarlama d\u00fcnyas\u0131nda bir ad\u0131m \u00f6nde olun! ReklamStore Performer b\u00fcltenimize abone olarak en yeni trendleri, veri odakl\u0131 stratejileri ve d\u00f6n\u00fc\u015f\u00fcm art\u0131rma tekniklerini ke\u015ffedin. Profesyonel ba\u015far\u0131ya ula\u015fmak i\u00e7in bize kat\u0131l\u0131n! <\/p>\r\n            <div id=\"mc_embed_shell\">\r\n      <link href=\"\/\/cdn-images.mailchimp.com\/embedcode\/classic-061523.css\" rel=\"stylesheet\" type=\"text\/css\">\r\n  <style type=\"text\/css\">\r\n        #mc_embed_signup{background:#fff; border: solid 1px #ddd; border-radius: 15px; false;clear:left; font:14px Helvetica,Arial,sans-serif;}\r\n        \r\n        #mc_embed_signup .mc-field-group {\r\n            clear: left;\r\n            position: relative;\r\n            width: 100%;\r\n            padding-bottom: 3%;\r\n            min-height: 50px;\r\n            display: grid;\r\n}\r\n\r\n#mc_embed_signup .mc-field-group label {\r\n    display: block;\r\n    margin-bottom: 3px;\r\n    margin-left:1px;\r\n}\r\n\r\n#mc_embed_signup .indicates-required {\r\n    text-align: right;\r\n    font-size: 11px;\r\n    margin-right: 0%;\r\n    top: 20px;\r\n    position: relative;\r\n}\r\n       \r\n<\/style>\r\n<div id=\"mc_embed_signup\">\r\n    <form action=\"https:\/\/reklamstore.us3.list-manage.com\/subscribe\/post?u=95b1eb72bcc81e5aefd7c04ca&amp;id=ac82b35148&amp;f_id=004ecce1f0\" method=\"post\" id=\"mc-embedded-subscribe-form\" name=\"mc-embedded-subscribe-form\" class=\"validate\" target=\"_blank\">\r\n        <div id=\"mc_embed_signup_scroll\">\r\n            <div class=\"indicates-required\"><span class=\"asterisk\">*<\/span> zorunlu<\/div>\r\n            <div class=\"mc-field-group\"><label for=\"mce-EMAIL\">Email <span class=\"asterisk\">*<\/span><\/label><input type=\"email\" name=\"EMAIL\" class=\"required email\" id=\"mce-EMAIL\" required=\"\" value=\"\"><\/div>\r\n        <div id=\"mce-responses\" class=\"clear\">\r\n            <div class=\"response\" id=\"mce-error-response\" style=\"display: none;\"><\/div>\r\n            <div class=\"response\" id=\"mce-success-response\" style=\"display: none;\"><\/div>\r\n        <\/div><div aria-hidden=\"true\" style=\"position: absolute; left: -5000px;\"><input type=\"text\" name=\"b_95b1eb72bcc81e5aefd7c04ca_ac82b35148\" tabindex=\"-1\" value=\"\"><\/div><div class=\"clear\"><input type=\"submit\" name=\"subscribe\" id=\"mc-embedded-subscribe\" class=\"button\" value=\"Kaydol\"><\/div>\r\n    <\/div>\r\n<\/form>\r\n<\/div>\r\n<script type=\"text\/javascript\" src=\"\/\/s3.amazonaws.com\/downloads.mailchimp.com\/js\/mc-validate.js\"><\/script><script type=\"text\/javascript\">(function($) {window.fnames = new Array(); window.ftypes = new Array();fnames[0]='EMAIL';ftypes[0]='email';fnames[1]='FNAME';ftypes[1]='text';fnames[2]='LNAME';ftypes[2]='text';fnames[3]='ADDRESS';ftypes[3]='address';fnames[4]='PHONE';ftypes[4]='phone';}(jQuery));var $mcj = jQuery.noConflict(true);<\/script><\/div>\r\n        <\/div>\r\n        <div class=\"col-md-3\"><\/div>\r\n    <\/div>\r\n<\/div>\r\n\r\n\t\t<\/div>\n\t\t\t\t<\/div>\n\t\t\t\t\t<\/div>\n\t\t<\/div>\n\t\t\t\t\t<\/div>\n\t\t<\/section>\n\t\t\t\t<\/div>\n\t\t","protected":false},"excerpt":{"rendered":"<p>Dijital reklamc\u0131l\u0131\u011f\u0131n g\u00fcndemini e-b\u00fcltenimizle takip edin Abone olun ve dijital pazarlama d\u00fcnyas\u0131nda \u00f6ne \u00e7\u0131k\u0131n Dijital pazarlama d\u00fcnyas\u0131nda bir ad\u0131m \u00f6nde olun! ReklamStore Performer b\u00fcltenimize abone olarak en yeni trendleri, veri odakl\u0131 stratejileri ve d\u00f6n\u00fc\u015f\u00fcm art\u0131rma tekniklerini ke\u015ffedin. Profesyonel ba\u015far\u0131ya ula\u015fmak i\u00e7in bize kat\u0131l\u0131n! * zorunlu Email *<\/p>\n","protected":false},"author":4,"featured_media":0,"parent":0,"menu_order":0,"comment_status":"closed","ping_status":"closed","template":"elementor_header_footer","meta":{"footnotes":""},"class_list":["post-89343","page","type-page","status-publish","hentry"],"_links":{"self":[{"href":"https:\/\/www.reklamstore.com\/tr\/wp-json\/wp\/v2\/pages\/89343","targetHints":{"allow":["GET"]}}],"collection":[{"href":"https:\/\/www.reklamstore.com\/tr\/wp-json\/wp\/v2\/pages"}],"about":[{"href":"https:\/\/www.reklamstore.com\/tr\/wp-json\/wp\/v2\/types\/page"}],"author":[{"embeddable":true,"href":"https:\/\/www.reklamstore.com\/tr\/wp-json\/wp\/v2\/users\/4"}],"replies":[{"embeddable":true,"href":"https:\/\/www.reklamstore.com\/tr\/wp-json\/wp\/v2\/comments?post=89343"}],"version-history":[{"count":0,"href":"https:\/\/www.reklamstore.com\/tr\/wp-json\/wp\/v2\/pages\/89343\/revisions"}],"wp:attachment":[{"href":"https:\/\/www.reklamstore.com\/tr\/wp-json\/wp\/v2\/media?parent=89343"}],"curies":[{"name":"wp","href":"https:\/\/api.w.org\/{rel}","templated":true}]}}