{"id":88796,"date":"2024-01-04T11:35:08","date_gmt":"2024-01-04T08:35:08","guid":{"rendered":"https:\/\/reklamstore.com\/?page_id=88796"},"modified":"2024-01-04T11:48:03","modified_gmt":"2024-01-04T08:48:03","slug":"reklamstore-yayinci-rehberi","status":"publish","type":"page","link":"https:\/\/www.reklamstore.com\/tr\/reklamstore-yayinci-rehberi","title":{"rendered":"ReklamStore Yay\u0131nc\u0131 Rehberi"},"content":{"rendered":"\t\t<div data-elementor-type=\"wp-page\" data-elementor-id=\"88796\" class=\"elementor elementor-88796\" data-elementor-post-type=\"page\">\n\t\t\t\t\t\t<section class=\"elementor-section elementor-top-section elementor-element elementor-element-4cf934a elementor-section-boxed elementor-section-height-default elementor-section-height-default\" data-id=\"4cf934a\" data-element_type=\"section\" data-settings=\"{&quot;background_background&quot;:&quot;gradient&quot;}\">\n\t\t\t\t\t\t\t<div class=\"elementor-background-overlay\"><\/div>\n\t\t\t\t\t\t\t<div class=\"elementor-container elementor-column-gap-default\">\n\t\t\t\t\t<div class=\"elementor-column elementor-col-100 elementor-top-column elementor-element elementor-element-1d9f455\" data-id=\"1d9f455\" data-element_type=\"column\">\n\t\t\t<div class=\"elementor-widget-wrap elementor-element-populated\">\n\t\t\t\t\t\t<div class=\"elementor-element elementor-element-9ae88b9 elementor-invisible elementor-widget elementor-widget-heading\" data-id=\"9ae88b9\" data-element_type=\"widget\" data-settings=\"{&quot;_animation&quot;:&quot;fadeInUp&quot;}\" data-widget_type=\"heading.default\">\n\t\t\t\t<div class=\"elementor-widget-container\">\n\t\t\t<h6 class=\"elementor-heading-title elementor-size-default\">Ana Sayfa &gt; Yay\u0131nc\u0131 Rehberi\n<\/h6>\t\t<\/div>\n\t\t\t\t<\/div>\n\t\t\t\t<div class=\"elementor-element elementor-element-592c61b elementor-invisible elementor-widget elementor-widget-heading\" data-id=\"592c61b\" data-element_type=\"widget\" data-settings=\"{&quot;_animation&quot;:&quot;fadeInUp&quot;,&quot;_animation_delay&quot;:100}\" data-widget_type=\"heading.default\">\n\t\t\t\t<div class=\"elementor-widget-container\">\n\t\t\t<h1 class=\"elementor-heading-title elementor-size-default\">ReklamStore Yay\u0131nc\u0131 Rehberi<\/h1>\t\t<\/div>\n\t\t\t\t<\/div>\n\t\t\t\t\t<\/div>\n\t\t<\/div>\n\t\t\t\t\t<\/div>\n\t\t<\/section>\n\t\t\t\t<section class=\"elementor-section elementor-top-section elementor-element elementor-element-17bd22a elementor-section-boxed elementor-section-height-default elementor-section-height-default\" data-id=\"17bd22a\" data-element_type=\"section\">\n\t\t\t\t\t\t<div class=\"elementor-container elementor-column-gap-default\">\n\t\t\t\t\t<div class=\"elementor-column elementor-col-33 elementor-top-column elementor-element elementor-element-c718016\" data-id=\"c718016\" data-element_type=\"column\">\n\t\t\t<div class=\"elementor-widget-wrap elementor-element-populated\">\n\t\t\t\t\t\t<div class=\"elementor-element elementor-element-1c5dfbd elementor-position-top elementor-widget elementor-widget-image-box\" data-id=\"1c5dfbd\" data-element_type=\"widget\" data-widget_type=\"image-box.default\">\n\t\t\t\t<div class=\"elementor-widget-container\">\n\t\t\t<div class=\"elementor-image-box-wrapper\"><figure class=\"elementor-image-box-img\"><a href=\"https:\/\/reklamstore.com\/tr\/yayinci-reklam-modelleri\" tabindex=\"-1\" target=\"_blank\" rel=\"noopener\"><img fetchpriority=\"high\" decoding=\"async\" width=\"300\" height=\"178\" src=\"https:\/\/www.reklamstore.com\/wp-content\/uploads\/2024\/01\/Reklam-Modelleri.png\" class=\"attachment-full size-full wp-image-88798\" alt=\"Reklam Modelleri\" \/><\/a><\/figure><div class=\"elementor-image-box-content\"><div class=\"elementor-image-box-title\"><a href=\"https:\/\/reklamstore.com\/tr\/yayinci-reklam-modelleri\" target=\"_blank\" rel=\"noopener\"><b>Reklam Modelleri<\/b><\/a><\/div><p class=\"elementor-image-box-description\">ReklamStore platformu, display alanlarda sizlere 7 standart banner \u00f6l\u00e7\u00fcs\u00fcn\u00fc sunmaktad\u0131r. Platform i\u00e7erisinde preroll, midroll, postroll, overlay formatlar\u0131 ile Video reklamc\u0131l\u0131\u011f\u0131n\u0131 yay\u0131nc\u0131lar\u0131na sunmaktad\u0131r. Affiliate a\u011f\u0131m\u0131zda bulunan performansa dayal\u0131...<\/p><\/div><\/div>\t\t<\/div>\n\t\t\t\t<\/div>\n\t\t\t\t\t<\/div>\n\t\t<\/div>\n\t\t\t\t<div class=\"elementor-column elementor-col-33 elementor-top-column elementor-element elementor-element-ba1df69\" data-id=\"ba1df69\" data-element_type=\"column\">\n\t\t\t<div class=\"elementor-widget-wrap elementor-element-populated\">\n\t\t\t\t\t\t<div class=\"elementor-element elementor-element-2d3ddd5 elementor-position-top elementor-widget elementor-widget-image-box\" data-id=\"2d3ddd5\" data-element_type=\"widget\" data-widget_type=\"image-box.default\">\n\t\t\t\t<div class=\"elementor-widget-container\">\n\t\t\t<div class=\"elementor-image-box-wrapper\"><figure class=\"elementor-image-box-img\"><a href=\"https:\/\/reklamstore.com\/tr\/yayinci-cografik-hedefleme\" tabindex=\"-1\" target=\"_blank\" rel=\"noopener\"><img decoding=\"async\" width=\"300\" height=\"178\" src=\"https:\/\/www.reklamstore.com\/wp-content\/uploads\/2024\/01\/Cografik-Hedefleme.png\" class=\"attachment-full size-full wp-image-88803\" alt=\"\" \/><\/a><\/figure><div class=\"elementor-image-box-content\"><div class=\"elementor-image-box-title\"><a href=\"https:\/\/reklamstore.com\/tr\/yayinci-cografik-hedefleme\" target=\"_blank\" rel=\"noopener\"><b>Co\u011frafik Hedefleme<\/b><\/a><\/div><p class=\"elementor-image-box-description\">Yay\u0131nc\u0131lar\u0131m\u0131z\u0131n %90 trafi\u011fi T\u00fcrkiye merkezli olsa da uluslararas\u0131 ajanslar ile yapt\u0131\u011f\u0131m\u0131z anla\u015fmalar ile co\u011frafi hedefleme \u00f6zelli\u011fini devreye soktuk. Bundan b\u00f6yle sitenize hangi \u00fclkeden ba\u011flan\u0131l\u0131yorsa o \u00fclke ile ilgili reklamlar g\u00f6sterilecek. Yani Japona T\u00fcrk\u00e7e...<\/p><\/div><\/div>\t\t<\/div>\n\t\t\t\t<\/div>\n\t\t\t\t\t<\/div>\n\t\t<\/div>\n\t\t\t\t<div class=\"elementor-column elementor-col-33 elementor-top-column elementor-element elementor-element-708a58d\" data-id=\"708a58d\" data-element_type=\"column\">\n\t\t\t<div class=\"elementor-widget-wrap elementor-element-populated\">\n\t\t\t\t\t\t<div class=\"elementor-element elementor-element-66d3c44 elementor-position-top elementor-widget elementor-widget-image-box\" data-id=\"66d3c44\" data-element_type=\"widget\" data-widget_type=\"image-box.default\">\n\t\t\t\t<div class=\"elementor-widget-container\">\n\t\t\t<div class=\"elementor-image-box-wrapper\"><figure class=\"elementor-image-box-img\"><a href=\"https:\/\/reklamstore.com\/tr\/yayinci-reklam-filtreleme\" tabindex=\"-1\" target=\"_blank\" rel=\"noopener\"><img decoding=\"async\" width=\"300\" height=\"178\" src=\"https:\/\/www.reklamstore.com\/wp-content\/uploads\/2024\/01\/Reklam-Filtreleme.png\" class=\"attachment-full size-full wp-image-88811\" alt=\"\" \/><\/a><\/figure><div class=\"elementor-image-box-content\"><div class=\"elementor-image-box-title\"><a href=\"https:\/\/reklamstore.com\/tr\/yayinci-reklam-filtreleme\" target=\"_blank\" rel=\"noopener\"><b>Reklam Filtreleme<\/b><\/a><\/div><p class=\"elementor-image-box-description\">ReklamStore platformu, display alanlarda sizlere 7 standart banner \u00f6l\u00e7\u00fcs\u00fcn\u00fc sunmaktad\u0131r. Platform i\u00e7erisinde preroll, midroll, postroll, overlay formatlar\u0131 ile Video reklamc\u0131l\u0131\u011f\u0131n\u0131 yay\u0131nc\u0131lar\u0131na sunmaktad\u0131r. Affiliate a\u011f\u0131m\u0131zda bulunan performansa dayal\u0131...<\/p><\/div><\/div>\t\t<\/div>\n\t\t\t\t<\/div>\n\t\t\t\t\t<\/div>\n\t\t<\/div>\n\t\t\t\t\t<\/div>\n\t\t<\/section>\n\t\t\t\t<section class=\"elementor-section elementor-top-section elementor-element elementor-element-f0b37bb elementor-section-boxed elementor-section-height-default elementor-section-height-default\" data-id=\"f0b37bb\" data-element_type=\"section\">\n\t\t\t\t\t\t<div class=\"elementor-container elementor-column-gap-default\">\n\t\t\t\t\t<div class=\"elementor-column elementor-col-33 elementor-top-column elementor-element elementor-element-dd86206\" data-id=\"dd86206\" data-element_type=\"column\">\n\t\t\t<div class=\"elementor-widget-wrap elementor-element-populated\">\n\t\t\t\t\t\t<div class=\"elementor-element elementor-element-60905e9 elementor-position-top elementor-widget elementor-widget-image-box\" data-id=\"60905e9\" data-element_type=\"widget\" data-widget_type=\"image-box.default\">\n\t\t\t\t<div class=\"elementor-widget-container\">\n\t\t\t<div class=\"elementor-image-box-wrapper\"><figure class=\"elementor-image-box-img\"><a href=\"https:\/\/reklamstore.com\/tr\/yayinci-gunluk-raporlama\" tabindex=\"-1\" target=\"_blank\" rel=\"noopener\"><img loading=\"lazy\" decoding=\"async\" width=\"300\" height=\"178\" src=\"https:\/\/www.reklamstore.com\/wp-content\/uploads\/2024\/01\/Gunluk-Raporlama.png\" class=\"attachment-full size-full wp-image-88816\" alt=\"\" \/><\/a><\/figure><div class=\"elementor-image-box-content\"><div class=\"elementor-image-box-title\"><a href=\"https:\/\/reklamstore.com\/tr\/yayinci-gunluk-raporlama\" target=\"_blank\" rel=\"noopener\"><b>G\u00fcnl\u00fck Raporlama<\/b><\/a><\/div><p class=\"elementor-image-box-description\">ReklamStore yay\u0131nc\u0131lar\u0131, yay\u0131n halindeyken yapm\u0131\u015f oldu\u011fu performans\u0131n istatistiklerini g\u00fcn i\u00e7erisinde 2-3 saat aral\u0131klarla g\u00f6r\u00fcnt\u00fcleyebilir. Raporlar k\u0131sm\u0131nda click say\u0131s\u0131, g\u00f6sterim say\u0131s\u0131, t\u0131klama oran\u0131 ve efektif cpm oranlar\u0131n\u0131da...<\/p><\/div><\/div>\t\t<\/div>\n\t\t\t\t<\/div>\n\t\t\t\t\t<\/div>\n\t\t<\/div>\n\t\t\t\t<div class=\"elementor-column elementor-col-33 elementor-top-column elementor-element elementor-element-d786c0d\" data-id=\"d786c0d\" data-element_type=\"column\">\n\t\t\t<div class=\"elementor-widget-wrap elementor-element-populated\">\n\t\t\t\t\t\t<div class=\"elementor-element elementor-element-f5a1928 elementor-position-top elementor-widget elementor-widget-image-box\" data-id=\"f5a1928\" data-element_type=\"widget\" data-widget_type=\"image-box.default\">\n\t\t\t\t<div class=\"elementor-widget-container\">\n\t\t\t<div class=\"elementor-image-box-wrapper\"><figure class=\"elementor-image-box-img\"><a href=\"https:\/\/reklamstore.com\/tr\/dinamik-optimizasyon\" tabindex=\"-1\" target=\"_blank\" rel=\"noopener\"><img loading=\"lazy\" decoding=\"async\" width=\"300\" height=\"178\" src=\"https:\/\/www.reklamstore.com\/wp-content\/uploads\/2024\/01\/Dinamik-Optimizasyon.png\" class=\"attachment-full size-full wp-image-88821\" alt=\"\" \/><\/a><\/figure><div class=\"elementor-image-box-content\"><div class=\"elementor-image-box-title\"><a href=\"https:\/\/reklamstore.com\/tr\/dinamik-optimizasyon\" target=\"_blank\" rel=\"noopener\"><b>Dinamik Optimizasyon<\/b><\/a><\/div><p class=\"elementor-image-box-description\">ReklamStore s\u00fcrekli d\u00fc\u015f\u00fcn\u00fcyor, hesap yap\u0131yor ve size kazand\u0131r\u0131yor. ReklamStore\u2019un en b\u00fcy\u00fck farklar\u0131ndan biri de sahip oldu\u011fu teknolojik altyap\u0131s\u0131. Matematiksel form\u00fcller ve \u00f6\u011frenme teknolojisi sayesinde ReklamStore, nokta at\u0131\u015f\u0131 yaparak size en y\u00fcksek geliri sa\u011flayacak...<\/p><\/div><\/div>\t\t<\/div>\n\t\t\t\t<\/div>\n\t\t\t\t\t<\/div>\n\t\t<\/div>\n\t\t\t\t<div class=\"elementor-column elementor-col-33 elementor-top-column elementor-element elementor-element-80e8194\" data-id=\"80e8194\" data-element_type=\"column\">\n\t\t\t<div class=\"elementor-widget-wrap elementor-element-populated\">\n\t\t\t\t\t\t<div class=\"elementor-element elementor-element-6601ee2 elementor-position-top elementor-widget elementor-widget-image-box\" data-id=\"6601ee2\" data-element_type=\"widget\" data-widget_type=\"image-box.default\">\n\t\t\t\t<div class=\"elementor-widget-container\">\n\t\t\t<div class=\"elementor-image-box-wrapper\"><figure class=\"elementor-image-box-img\"><a href=\"https:\/\/reklamstore.com\/tr\/yayinci-kazanc-modeli\" tabindex=\"-1\" target=\"_blank\" rel=\"noopener\"><img loading=\"lazy\" decoding=\"async\" width=\"300\" height=\"178\" src=\"https:\/\/www.reklamstore.com\/wp-content\/uploads\/2024\/01\/Kazanc-Modeli.png\" class=\"attachment-full size-full wp-image-88826\" alt=\"Kazan\u00e7 Modeli\" \/><\/a><\/figure><div class=\"elementor-image-box-content\"><div class=\"elementor-image-box-title\"><a href=\"https:\/\/reklamstore.com\/tr\/yayinci-kazanc-modeli\" target=\"_blank\" rel=\"noopener\"><b>Kazan\u00e7 Modeli<\/b><\/a><\/div><p class=\"elementor-image-box-description\">ReklamStore\u2019da t\u00fcm reklam verenler sizin sitenizde yer alabilmek i\u00e7in bir nevi k\u00fc\u00e7\u00fck bir a\u00e7\u0131k artt\u0131rmaya girerler. Bu sayede, o an ve o dakikada size en y\u00fcksek paray\u0131 \u00f6demeyi kabul eden reklam verenin reklam\u0131 sayfan\u0131zda g\u00f6r\u00fcn\u00fcr. Bu a\u00e7\u0131k artt\u0131rma her bir g\u00f6sterim i\u00e7in...<\/p><\/div><\/div>\t\t<\/div>\n\t\t\t\t<\/div>\n\t\t\t\t\t<\/div>\n\t\t<\/div>\n\t\t\t\t\t<\/div>\n\t\t<\/section>\n\t\t\t\t<section class=\"elementor-section elementor-top-section elementor-element elementor-element-1d0b05f elementor-section-boxed elementor-section-height-default elementor-section-height-default\" data-id=\"1d0b05f\" data-element_type=\"section\">\n\t\t\t\t\t\t<div class=\"elementor-container elementor-column-gap-default\">\n\t\t\t\t\t<div class=\"elementor-column elementor-col-33 elementor-top-column elementor-element elementor-element-d230071\" data-id=\"d230071\" data-element_type=\"column\">\n\t\t\t<div class=\"elementor-widget-wrap elementor-element-populated\">\n\t\t\t\t\t\t<div class=\"elementor-element elementor-element-f37c6c7 elementor-position-top elementor-widget elementor-widget-image-box\" data-id=\"f37c6c7\" data-element_type=\"widget\" data-widget_type=\"image-box.default\">\n\t\t\t\t<div class=\"elementor-widget-container\">\n\t\t\t<div class=\"elementor-image-box-wrapper\"><figure class=\"elementor-image-box-img\"><a href=\"https:\/\/reklamstore.com\/tr\/reklamveren-havuzu\" tabindex=\"-1\" target=\"_blank\" rel=\"noopener\"><img loading=\"lazy\" decoding=\"async\" width=\"300\" height=\"178\" src=\"https:\/\/www.reklamstore.com\/wp-content\/uploads\/2024\/01\/Reklamveren-Havuzu.png\" class=\"attachment-full size-full wp-image-88831\" alt=\"Reklamveren Havuzu\" \/><\/a><\/figure><div class=\"elementor-image-box-content\"><div class=\"elementor-image-box-title\"><a href=\"https:\/\/reklamstore.com\/tr\/reklamveren-havuzu\" target=\"_blank\" rel=\"noopener\"><b>Reklamveren Havuzu<\/b><\/a><\/div><p class=\"elementor-image-box-description\">Reklamlar\u0131 yay\u0131nlanmadan hemen \u00f6nce bid ederek zararl\u0131 siteleri tespit edebilen Premium Firewall teknolojimiz sayesinde reklamlar yaln\u0131zca g\u00fcvenli ve legal sitelerde yay\u0131nlan\u0131r. Porno, kumar, illegal, sahtek\u00e2rl\u0131k, ayr\u0131mc\u0131l\u0131k veya \u015fiddet i\u00e7erikli sitelerde yay\u0131nlanmaz....<\/p><\/div><\/div>\t\t<\/div>\n\t\t\t\t<\/div>\n\t\t\t\t\t<\/div>\n\t\t<\/div>\n\t\t\t\t<div class=\"elementor-column elementor-col-33 elementor-top-column elementor-element elementor-element-7eb20cb\" data-id=\"7eb20cb\" data-element_type=\"column\">\n\t\t\t<div class=\"elementor-widget-wrap elementor-element-populated\">\n\t\t\t\t\t\t<div class=\"elementor-element elementor-element-9da0962 elementor-position-top elementor-widget elementor-widget-image-box\" data-id=\"9da0962\" data-element_type=\"widget\" data-widget_type=\"image-box.default\">\n\t\t\t\t<div class=\"elementor-widget-container\">\n\t\t\t<div class=\"elementor-image-box-wrapper\"><figure class=\"elementor-image-box-img\"><a href=\"https:\/\/reklamstore.com\/tr\/yayinci-odeme-periyodu\" tabindex=\"-1\" target=\"_blank\" rel=\"noopener\"><img loading=\"lazy\" decoding=\"async\" width=\"300\" height=\"178\" src=\"https:\/\/www.reklamstore.com\/wp-content\/uploads\/2024\/01\/Odeme-Periyodu.png\" class=\"attachment-full size-full wp-image-88833\" alt=\"\u00d6deme Periyodu\" \/><\/a><\/figure><div class=\"elementor-image-box-content\"><div class=\"elementor-image-box-title\"><a href=\"https:\/\/reklamstore.com\/tr\/yayinci-odeme-periyodu\" target=\"_blank\" rel=\"noopener\"><b>\u00d6deme Periyodu<\/b><\/a><\/div><p class=\"elementor-image-box-description\">Yay\u0131nc\u0131 \u00f6demeleri 30 g\u00fcn vade ile yap\u0131lmakta olup, takip eden ay\u0131n son g\u00fcn\u00fc ya da takip eden i\u015f g\u00fcn\u00fcnde ger\u00e7ekle\u015fecektir. \u00d6rne\u011fin, Ocak ay\u0131nda kazand\u0131\u011f\u0131n\u0131z t\u00fcm kazan\u00e7lar \u015eubat ay\u0131n\u0131n son g\u00fcn\u00fc ya da takip eden i\u015f g\u00fcn\u00fcnde \u00f6denecektir. Yay\u0131nc\u0131lar\u0131m\u0131z\u0131n \u00f6deme almalar\u0131...<\/p><\/div><\/div>\t\t<\/div>\n\t\t\t\t<\/div>\n\t\t\t\t\t<\/div>\n\t\t<\/div>\n\t\t\t\t<div class=\"elementor-column elementor-col-33 elementor-top-column elementor-element elementor-element-956032e\" data-id=\"956032e\" data-element_type=\"column\">\n\t\t\t<div class=\"elementor-widget-wrap elementor-element-populated\">\n\t\t\t\t\t\t<div class=\"elementor-element elementor-element-a5e12d5 elementor-position-top elementor-widget elementor-widget-image-box\" data-id=\"a5e12d5\" data-element_type=\"widget\" data-widget_type=\"image-box.default\">\n\t\t\t\t<div class=\"elementor-widget-container\">\n\t\t\t<div class=\"elementor-image-box-wrapper\"><figure class=\"elementor-image-box-img\"><a href=\"https:\/\/reklamstore.com\/tr\/yayinci-kurallar-ve-sartlar\" tabindex=\"-1\" target=\"_blank\" rel=\"noopener\"><img loading=\"lazy\" decoding=\"async\" width=\"300\" height=\"178\" src=\"https:\/\/www.reklamstore.com\/wp-content\/uploads\/2024\/01\/Kurallar-ve-Sartlar.png\" class=\"attachment-full size-full wp-image-88838\" alt=\"\" \/><\/a><\/figure><div class=\"elementor-image-box-content\"><div class=\"elementor-image-box-title\"><a href=\"https:\/\/reklamstore.com\/tr\/yayinci-kurallar-ve-sartlar\" target=\"_blank\" rel=\"noopener\"><b>Kurallar ve \u015eartlar<\/b><\/a><\/div><p class=\"elementor-image-box-description\">Yay\u0131nc\u0131 Onay\u0131 Yasad\u0131\u015f\u0131 program, warez, crack, serial, cd key ve benzeri payla\u015f\u0131mlar\u0131n yap\u0131ld\u0131\u011f\u0131 siteler sisteme kabul edilmez. Yeti\u015fkin i\u00e7erikli siteler sisteme kabul edilmez. Yukar\u0131da belirtilen i\u00e7eri\u011fe sahip sitelere ba\u011flant\u0131s\u0131(linki) olan siteler sisteme kabul...<\/p><\/div><\/div>\t\t<\/div>\n\t\t\t\t<\/div>\n\t\t\t\t\t<\/div>\n\t\t<\/div>\n\t\t\t\t\t<\/div>\n\t\t<\/section>\n\t\t\t\t<\/div>\n\t\t","protected":false},"excerpt":{"rendered":"<p>Ana Sayfa &gt; Yay\u0131nc\u0131 Rehberi ReklamStore Yay\u0131nc\u0131 Rehberi Reklam Modelleri ReklamStore platformu, display alanlarda sizlere 7 standart banner \u00f6l\u00e7\u00fcs\u00fcn\u00fc sunmaktad\u0131r. Platform i\u00e7erisinde preroll, midroll, postroll, overlay formatlar\u0131 ile Video reklamc\u0131l\u0131\u011f\u0131n\u0131 yay\u0131nc\u0131lar\u0131na sunmaktad\u0131r. Affiliate a\u011f\u0131m\u0131zda bulunan performansa dayal\u0131&#8230; Co\u011frafik Hedefleme Yay\u0131nc\u0131lar\u0131m\u0131z\u0131n %90 trafi\u011fi T\u00fcrkiye merkezli olsa da uluslararas\u0131 ajanslar ile yapt\u0131\u011f\u0131m\u0131z anla\u015fmalar ile co\u011frafi hedefleme \u00f6zelli\u011fini [&hellip;]<\/p>\n","protected":false},"author":1,"featured_media":0,"parent":0,"menu_order":0,"comment_status":"closed","ping_status":"closed","template":"elementor_header_footer","meta":{"footnotes":""},"class_list":["post-88796","page","type-page","status-publish","hentry"],"_links":{"self":[{"href":"https:\/\/www.reklamstore.com\/tr\/wp-json\/wp\/v2\/pages\/88796","targetHints":{"allow":["GET"]}}],"collection":[{"href":"https:\/\/www.reklamstore.com\/tr\/wp-json\/wp\/v2\/pages"}],"about":[{"href":"https:\/\/www.reklamstore.com\/tr\/wp-json\/wp\/v2\/types\/page"}],"author":[{"embeddable":true,"href":"https:\/\/www.reklamstore.com\/tr\/wp-json\/wp\/v2\/users\/1"}],"replies":[{"embeddable":true,"href":"https:\/\/www.reklamstore.com\/tr\/wp-json\/wp\/v2\/comments?post=88796"}],"version-history":[{"count":0,"href":"https:\/\/www.reklamstore.com\/tr\/wp-json\/wp\/v2\/pages\/88796\/revisions"}],"wp:attachment":[{"href":"https:\/\/www.reklamstore.com\/tr\/wp-json\/wp\/v2\/media?parent=88796"}],"curies":[{"name":"wp","href":"https:\/\/api.w.org\/{rel}","templated":true}]}}