{"id":88785,"date":"2024-01-04T00:27:53","date_gmt":"2024-01-03T21:27:53","guid":{"rendered":"https:\/\/reklamstore.com\/?page_id=88785"},"modified":"2024-01-04T00:29:28","modified_gmt":"2024-01-03T21:29:28","slug":"yayinci-odeme-periyodu","status":"publish","type":"page","link":"https:\/\/www.reklamstore.com\/tr\/yayinci-odeme-periyodu","title":{"rendered":"Yay\u0131nc\u0131 \u00d6deme Periyodu"},"content":{"rendered":"\t\t<div data-elementor-type=\"wp-page\" data-elementor-id=\"88785\" class=\"elementor elementor-88785\" data-elementor-post-type=\"page\">\n\t\t\t\t\t\t<section class=\"elementor-section elementor-top-section elementor-element elementor-element-4cf934a elementor-section-boxed elementor-section-height-default elementor-section-height-default\" data-id=\"4cf934a\" data-element_type=\"section\" data-settings=\"{&quot;background_background&quot;:&quot;gradient&quot;}\">\n\t\t\t\t\t\t\t<div class=\"elementor-background-overlay\"><\/div>\n\t\t\t\t\t\t\t<div class=\"elementor-container elementor-column-gap-default\">\n\t\t\t\t\t<div class=\"elementor-column elementor-col-100 elementor-top-column elementor-element elementor-element-1d9f455\" data-id=\"1d9f455\" data-element_type=\"column\">\n\t\t\t<div class=\"elementor-widget-wrap elementor-element-populated\">\n\t\t\t\t\t\t<div class=\"elementor-element elementor-element-9ae88b9 elementor-invisible elementor-widget elementor-widget-heading\" data-id=\"9ae88b9\" data-element_type=\"widget\" data-settings=\"{&quot;_animation&quot;:&quot;fadeInUp&quot;}\" data-widget_type=\"heading.default\">\n\t\t\t\t<div class=\"elementor-widget-container\">\n\t\t\t<h6 class=\"elementor-heading-title elementor-size-default\">Ana Sayfa &gt; \u00d6deme Periyodu<\/h6>\t\t<\/div>\n\t\t\t\t<\/div>\n\t\t\t\t<div class=\"elementor-element elementor-element-592c61b elementor-invisible elementor-widget elementor-widget-heading\" data-id=\"592c61b\" data-element_type=\"widget\" data-settings=\"{&quot;_animation&quot;:&quot;fadeInUp&quot;,&quot;_animation_delay&quot;:100}\" data-widget_type=\"heading.default\">\n\t\t\t\t<div class=\"elementor-widget-container\">\n\t\t\t<h1 class=\"elementor-heading-title elementor-size-default\">Yay\u0131nc\u0131 \u00d6deme Periyodu<\/h1>\t\t<\/div>\n\t\t\t\t<\/div>\n\t\t\t\t\t<\/div>\n\t\t<\/div>\n\t\t\t\t\t<\/div>\n\t\t<\/section>\n\t\t\t\t<section class=\"elementor-section elementor-top-section elementor-element elementor-element-29fc28f elementor-section-boxed elementor-section-height-default elementor-section-height-default\" data-id=\"29fc28f\" data-element_type=\"section\">\n\t\t\t\t\t\t<div class=\"elementor-container elementor-column-gap-default\">\n\t\t\t\t\t<div class=\"elementor-column elementor-col-100 elementor-top-column elementor-element elementor-element-0f11d22\" data-id=\"0f11d22\" data-element_type=\"column\">\n\t\t\t<div class=\"elementor-widget-wrap elementor-element-populated\">\n\t\t\t\t\t\t<div class=\"elementor-element elementor-element-0440cc8 elementor-widget elementor-widget-text-editor\" data-id=\"0440cc8\" data-element_type=\"widget\" data-widget_type=\"text-editor.default\">\n\t\t\t\t<div class=\"elementor-widget-container\">\n\t\t\t\t\t\t\t<h5 class=\"et_pb_toggle_title\">\u00d6deme Periyodu<\/h5><div class=\"et_pb_toggle_content clearfix\"><p>Yay\u0131nc\u0131 \u00f6demeleri 30 g\u00fcn vade ile yap\u0131lmakta olup, takip eden ay\u0131n son g\u00fcn\u00fc ya da takip eden i\u015f g\u00fcn\u00fcnde ger\u00e7ekle\u015fecektir. \u00d6rne\u011fin, Ocak ay\u0131nda kazand\u0131\u011f\u0131n\u0131z t\u00fcm kazan\u00e7lar \u015eubat ay\u0131n\u0131n son g\u00fcn\u00fc ya da takip eden i\u015f g\u00fcn\u00fcnde \u00f6denecektir. Yay\u0131nc\u0131lar\u0131m\u0131z\u0131n \u00f6deme almalar\u0131 i\u00e7in en az 30 TL\u2019lik \u00f6deme alt limitini ge\u00e7mi\u015f olmas\u0131 gerekmektedir.<\/p><\/div>\t\t\t\t\t\t<\/div>\n\t\t\t\t<\/div>\n\t\t\t\t\t<\/div>\n\t\t<\/div>\n\t\t\t\t\t<\/div>\n\t\t<\/section>\n\t\t\t\t<\/div>\n\t\t","protected":false},"excerpt":{"rendered":"<p>Ana Sayfa &gt; \u00d6deme Periyodu Yay\u0131nc\u0131 \u00d6deme Periyodu \u00d6deme Periyodu Yay\u0131nc\u0131 \u00f6demeleri 30 g\u00fcn vade ile yap\u0131lmakta olup, takip eden ay\u0131n son g\u00fcn\u00fc ya da takip eden i\u015f g\u00fcn\u00fcnde ger\u00e7ekle\u015fecektir. \u00d6rne\u011fin, Ocak ay\u0131nda kazand\u0131\u011f\u0131n\u0131z t\u00fcm kazan\u00e7lar \u015eubat ay\u0131n\u0131n son g\u00fcn\u00fc ya da takip eden i\u015f g\u00fcn\u00fcnde \u00f6denecektir. Yay\u0131nc\u0131lar\u0131m\u0131z\u0131n \u00f6deme almalar\u0131 i\u00e7in en az 30 TL\u2019lik [&hellip;]<\/p>\n","protected":false},"author":1,"featured_media":0,"parent":0,"menu_order":0,"comment_status":"closed","ping_status":"closed","template":"elementor_header_footer","meta":{"footnotes":""},"class_list":["post-88785","page","type-page","status-publish","hentry"],"_links":{"self":[{"href":"https:\/\/www.reklamstore.com\/tr\/wp-json\/wp\/v2\/pages\/88785","targetHints":{"allow":["GET"]}}],"collection":[{"href":"https:\/\/www.reklamstore.com\/tr\/wp-json\/wp\/v2\/pages"}],"about":[{"href":"https:\/\/www.reklamstore.com\/tr\/wp-json\/wp\/v2\/types\/page"}],"author":[{"embeddable":true,"href":"https:\/\/www.reklamstore.com\/tr\/wp-json\/wp\/v2\/users\/1"}],"replies":[{"embeddable":true,"href":"https:\/\/www.reklamstore.com\/tr\/wp-json\/wp\/v2\/comments?post=88785"}],"version-history":[{"count":0,"href":"https:\/\/www.reklamstore.com\/tr\/wp-json\/wp\/v2\/pages\/88785\/revisions"}],"wp:attachment":[{"href":"https:\/\/www.reklamstore.com\/tr\/wp-json\/wp\/v2\/media?parent=88785"}],"curies":[{"name":"wp","href":"https:\/\/api.w.org\/{rel}","templated":true}]}}