{"id":88780,"date":"2024-01-04T00:23:11","date_gmt":"2024-01-03T21:23:11","guid":{"rendered":"https:\/\/reklamstore.com\/?page_id=88780"},"modified":"2024-01-04T00:25:10","modified_gmt":"2024-01-03T21:25:10","slug":"yayinci-cografik-hedefleme","status":"publish","type":"page","link":"https:\/\/www.reklamstore.com\/tr\/yayinci-cografik-hedefleme","title":{"rendered":"Yay\u0131nc\u0131 Co\u011frafik Hedefleme"},"content":{"rendered":"\t\t<div data-elementor-type=\"wp-page\" data-elementor-id=\"88780\" class=\"elementor elementor-88780\" data-elementor-post-type=\"page\">\n\t\t\t\t\t\t<section class=\"elementor-section elementor-top-section elementor-element elementor-element-4cf934a elementor-section-boxed elementor-section-height-default elementor-section-height-default\" data-id=\"4cf934a\" data-element_type=\"section\" data-settings=\"{&quot;background_background&quot;:&quot;gradient&quot;}\">\n\t\t\t\t\t\t\t<div class=\"elementor-background-overlay\"><\/div>\n\t\t\t\t\t\t\t<div class=\"elementor-container elementor-column-gap-default\">\n\t\t\t\t\t<div class=\"elementor-column elementor-col-100 elementor-top-column elementor-element elementor-element-1d9f455\" data-id=\"1d9f455\" data-element_type=\"column\">\n\t\t\t<div class=\"elementor-widget-wrap elementor-element-populated\">\n\t\t\t\t\t\t<div class=\"elementor-element elementor-element-9ae88b9 elementor-invisible elementor-widget elementor-widget-heading\" data-id=\"9ae88b9\" data-element_type=\"widget\" data-settings=\"{&quot;_animation&quot;:&quot;fadeInUp&quot;}\" data-widget_type=\"heading.default\">\n\t\t\t\t<div class=\"elementor-widget-container\">\n\t\t\t<h6 class=\"elementor-heading-title elementor-size-default\">Ana Sayfa &gt; Co\u011frafik Hedefleme<\/h6>\t\t<\/div>\n\t\t\t\t<\/div>\n\t\t\t\t<div class=\"elementor-element elementor-element-592c61b elementor-invisible elementor-widget elementor-widget-heading\" data-id=\"592c61b\" data-element_type=\"widget\" data-settings=\"{&quot;_animation&quot;:&quot;fadeInUp&quot;,&quot;_animation_delay&quot;:100}\" data-widget_type=\"heading.default\">\n\t\t\t\t<div class=\"elementor-widget-container\">\n\t\t\t<h1 class=\"elementor-heading-title elementor-size-default\">Yay\u0131nc\u0131 Co\u011frafik Hedefleme<\/h1>\t\t<\/div>\n\t\t\t\t<\/div>\n\t\t\t\t\t<\/div>\n\t\t<\/div>\n\t\t\t\t\t<\/div>\n\t\t<\/section>\n\t\t\t\t<section class=\"elementor-section elementor-top-section elementor-element elementor-element-29fc28f elementor-section-boxed elementor-section-height-default elementor-section-height-default\" data-id=\"29fc28f\" data-element_type=\"section\">\n\t\t\t\t\t\t<div class=\"elementor-container elementor-column-gap-default\">\n\t\t\t\t\t<div class=\"elementor-column elementor-col-100 elementor-top-column elementor-element elementor-element-0f11d22\" data-id=\"0f11d22\" data-element_type=\"column\">\n\t\t\t<div class=\"elementor-widget-wrap elementor-element-populated\">\n\t\t\t\t\t\t<div class=\"elementor-element elementor-element-0440cc8 elementor-widget elementor-widget-text-editor\" data-id=\"0440cc8\" data-element_type=\"widget\" data-widget_type=\"text-editor.default\">\n\t\t\t\t<div class=\"elementor-widget-container\">\n\t\t\t\t\t\t\t<p>Yay\u0131nc\u0131lar\u0131m\u0131z\u0131n %90 trafi\u011fi T\u00fcrkiye merkezli olsa da uluslararas\u0131 ajanslar ile yapt\u0131\u011f\u0131m\u0131z anla\u015fmalar ile co\u011frafi hedefleme \u00f6zelli\u011fini devreye soktuk. Bundan b\u00f6yle sitenize hangi \u00fclkeden ba\u011flan\u0131l\u0131yorsa o \u00fclke ile ilgili reklamlar g\u00f6sterilecek. Yani Japona T\u00fcrk\u00e7e reklam de\u011fil, Japonca reklam g\u00f6sterilecek. Bu sayede kazan\u00e7lar\u0131n\u0131z daha da artacak.<\/p>\t\t\t\t\t\t<\/div>\n\t\t\t\t<\/div>\n\t\t\t\t\t<\/div>\n\t\t<\/div>\n\t\t\t\t\t<\/div>\n\t\t<\/section>\n\t\t\t\t<\/div>\n\t\t","protected":false},"excerpt":{"rendered":"<p>Ana Sayfa &gt; Co\u011frafik Hedefleme Yay\u0131nc\u0131 Co\u011frafik Hedefleme Yay\u0131nc\u0131lar\u0131m\u0131z\u0131n %90 trafi\u011fi T\u00fcrkiye merkezli olsa da uluslararas\u0131 ajanslar ile yapt\u0131\u011f\u0131m\u0131z anla\u015fmalar ile co\u011frafi hedefleme \u00f6zelli\u011fini devreye soktuk. Bundan b\u00f6yle sitenize hangi \u00fclkeden ba\u011flan\u0131l\u0131yorsa o \u00fclke ile ilgili reklamlar g\u00f6sterilecek. Yani Japona T\u00fcrk\u00e7e reklam de\u011fil, Japonca reklam g\u00f6sterilecek. Bu sayede kazan\u00e7lar\u0131n\u0131z daha da artacak.<\/p>\n","protected":false},"author":1,"featured_media":0,"parent":0,"menu_order":0,"comment_status":"closed","ping_status":"closed","template":"elementor_header_footer","meta":{"footnotes":""},"class_list":["post-88780","page","type-page","status-publish","hentry"],"_links":{"self":[{"href":"https:\/\/www.reklamstore.com\/tr\/wp-json\/wp\/v2\/pages\/88780","targetHints":{"allow":["GET"]}}],"collection":[{"href":"https:\/\/www.reklamstore.com\/tr\/wp-json\/wp\/v2\/pages"}],"about":[{"href":"https:\/\/www.reklamstore.com\/tr\/wp-json\/wp\/v2\/types\/page"}],"author":[{"embeddable":true,"href":"https:\/\/www.reklamstore.com\/tr\/wp-json\/wp\/v2\/users\/1"}],"replies":[{"embeddable":true,"href":"https:\/\/www.reklamstore.com\/tr\/wp-json\/wp\/v2\/comments?post=88780"}],"version-history":[{"count":0,"href":"https:\/\/www.reklamstore.com\/tr\/wp-json\/wp\/v2\/pages\/88780\/revisions"}],"wp:attachment":[{"href":"https:\/\/www.reklamstore.com\/tr\/wp-json\/wp\/v2\/media?parent=88780"}],"curies":[{"name":"wp","href":"https:\/\/api.w.org\/{rel}","templated":true}]}}