{"id":88775,"date":"2024-01-04T00:16:03","date_gmt":"2024-01-03T21:16:03","guid":{"rendered":"https:\/\/reklamstore.com\/?page_id=88775"},"modified":"2024-01-04T00:16:45","modified_gmt":"2024-01-03T21:16:45","slug":"yayinci-reklam-filtreleme","status":"publish","type":"page","link":"https:\/\/www.reklamstore.com\/tr\/yayinci-reklam-filtreleme","title":{"rendered":"Yay\u0131nc\u0131 Reklam Filtreleme"},"content":{"rendered":"\t\t<div data-elementor-type=\"wp-page\" data-elementor-id=\"88775\" class=\"elementor elementor-88775\" data-elementor-post-type=\"page\">\n\t\t\t\t\t\t<section class=\"elementor-section elementor-top-section elementor-element elementor-element-4cf934a elementor-section-boxed elementor-section-height-default elementor-section-height-default\" data-id=\"4cf934a\" data-element_type=\"section\" data-settings=\"{&quot;background_background&quot;:&quot;gradient&quot;}\">\n\t\t\t\t\t\t\t<div class=\"elementor-background-overlay\"><\/div>\n\t\t\t\t\t\t\t<div class=\"elementor-container elementor-column-gap-default\">\n\t\t\t\t\t<div class=\"elementor-column elementor-col-100 elementor-top-column elementor-element elementor-element-1d9f455\" data-id=\"1d9f455\" data-element_type=\"column\">\n\t\t\t<div class=\"elementor-widget-wrap elementor-element-populated\">\n\t\t\t\t\t\t<div class=\"elementor-element elementor-element-9ae88b9 elementor-invisible elementor-widget elementor-widget-heading\" data-id=\"9ae88b9\" data-element_type=\"widget\" data-settings=\"{&quot;_animation&quot;:&quot;fadeInUp&quot;}\" data-widget_type=\"heading.default\">\n\t\t\t\t<div class=\"elementor-widget-container\">\n\t\t\t<h6 class=\"elementor-heading-title elementor-size-default\">Ana Sayfa &gt; Reklam Filtreleme<\/h6>\t\t<\/div>\n\t\t\t\t<\/div>\n\t\t\t\t<div class=\"elementor-element elementor-element-592c61b elementor-invisible elementor-widget elementor-widget-heading\" data-id=\"592c61b\" data-element_type=\"widget\" data-settings=\"{&quot;_animation&quot;:&quot;fadeInUp&quot;,&quot;_animation_delay&quot;:100}\" data-widget_type=\"heading.default\">\n\t\t\t\t<div class=\"elementor-widget-container\">\n\t\t\t<h1 class=\"elementor-heading-title elementor-size-default\">Yay\u0131nc\u0131 Reklam Filtreleme<\/h1>\t\t<\/div>\n\t\t\t\t<\/div>\n\t\t\t\t\t<\/div>\n\t\t<\/div>\n\t\t\t\t\t<\/div>\n\t\t<\/section>\n\t\t\t\t<section class=\"elementor-section elementor-top-section elementor-element elementor-element-29fc28f elementor-section-boxed elementor-section-height-default elementor-section-height-default\" data-id=\"29fc28f\" data-element_type=\"section\">\n\t\t\t\t\t\t<div class=\"elementor-container elementor-column-gap-default\">\n\t\t\t\t\t<div class=\"elementor-column elementor-col-100 elementor-top-column elementor-element elementor-element-0f11d22\" data-id=\"0f11d22\" data-element_type=\"column\">\n\t\t\t<div class=\"elementor-widget-wrap elementor-element-populated\">\n\t\t\t\t\t\t<div class=\"elementor-element elementor-element-0440cc8 elementor-widget elementor-widget-text-editor\" data-id=\"0440cc8\" data-element_type=\"widget\" data-widget_type=\"text-editor.default\">\n\t\t\t\t<div class=\"elementor-widget-container\">\n\t\t\t\t\t\t\t<h5 class=\"et_pb_toggle_title\">Reklam Filtreleme<\/h5><div class=\"et_pb_toggle_content clearfix\"><p>ReklamStore\u2019un sundu\u011fu hizmetler aras\u0131nda sitenizde yay\u0131nlanmas\u0131n\u0131 istedi\u011finiz reklamlar\u0131 filtreleme \u00f6zelli\u011fi de bulunmaktad\u0131r.<\/p><p>Yay\u0131nc\u0131lar\u0131m\u0131z\u0131n istemedi\u011fi sekt\u00f6r, konu, i\u00e7erik veya \u015firket reklamlar\u0131n\u0131 sitelerinde g\u00f6sterme hakk\u0131n\u0131 kullanabilir. Bunun i\u00e7in yay\u0131nc\u0131 edit\u00f6r\u00fcm\u00fczle ba\u011flant\u0131ya ge\u00e7ebilirsiniz.<\/p><\/div>\t\t\t\t\t\t<\/div>\n\t\t\t\t<\/div>\n\t\t\t\t\t<\/div>\n\t\t<\/div>\n\t\t\t\t\t<\/div>\n\t\t<\/section>\n\t\t\t\t<\/div>\n\t\t","protected":false},"excerpt":{"rendered":"<p>Ana Sayfa &gt; Reklam Filtreleme Yay\u0131nc\u0131 Reklam Filtreleme Reklam Filtreleme ReklamStore\u2019un sundu\u011fu hizmetler aras\u0131nda sitenizde yay\u0131nlanmas\u0131n\u0131 istedi\u011finiz reklamlar\u0131 filtreleme \u00f6zelli\u011fi de bulunmaktad\u0131r. Yay\u0131nc\u0131lar\u0131m\u0131z\u0131n istemedi\u011fi sekt\u00f6r, konu, i\u00e7erik veya \u015firket reklamlar\u0131n\u0131 sitelerinde g\u00f6sterme hakk\u0131n\u0131 kullanabilir. Bunun i\u00e7in yay\u0131nc\u0131 edit\u00f6r\u00fcm\u00fczle ba\u011flant\u0131ya ge\u00e7ebilirsiniz.<\/p>\n","protected":false},"author":1,"featured_media":0,"parent":0,"menu_order":0,"comment_status":"closed","ping_status":"closed","template":"elementor_header_footer","meta":{"footnotes":""},"class_list":["post-88775","page","type-page","status-publish","hentry"],"_links":{"self":[{"href":"https:\/\/www.reklamstore.com\/tr\/wp-json\/wp\/v2\/pages\/88775","targetHints":{"allow":["GET"]}}],"collection":[{"href":"https:\/\/www.reklamstore.com\/tr\/wp-json\/wp\/v2\/pages"}],"about":[{"href":"https:\/\/www.reklamstore.com\/tr\/wp-json\/wp\/v2\/types\/page"}],"author":[{"embeddable":true,"href":"https:\/\/www.reklamstore.com\/tr\/wp-json\/wp\/v2\/users\/1"}],"replies":[{"embeddable":true,"href":"https:\/\/www.reklamstore.com\/tr\/wp-json\/wp\/v2\/comments?post=88775"}],"version-history":[{"count":0,"href":"https:\/\/www.reklamstore.com\/tr\/wp-json\/wp\/v2\/pages\/88775\/revisions"}],"wp:attachment":[{"href":"https:\/\/www.reklamstore.com\/tr\/wp-json\/wp\/v2\/media?parent=88775"}],"curies":[{"name":"wp","href":"https:\/\/api.w.org\/{rel}","templated":true}]}}