{"id":88759,"date":"2024-01-04T00:02:32","date_gmt":"2024-01-03T21:02:32","guid":{"rendered":"https:\/\/reklamstore.com\/?page_id=88759"},"modified":"2024-01-04T00:04:00","modified_gmt":"2024-01-03T21:04:00","slug":"dinamik-optimizasyon","status":"publish","type":"page","link":"https:\/\/www.reklamstore.com\/tr\/dinamik-optimizasyon","title":{"rendered":"Dinamik Optimizasyon"},"content":{"rendered":"\t\t<div data-elementor-type=\"wp-page\" data-elementor-id=\"88759\" class=\"elementor elementor-88759\" data-elementor-post-type=\"page\">\n\t\t\t\t\t\t<section class=\"elementor-section elementor-top-section elementor-element elementor-element-4cf934a elementor-section-boxed elementor-section-height-default elementor-section-height-default\" data-id=\"4cf934a\" data-element_type=\"section\" data-settings=\"{&quot;background_background&quot;:&quot;gradient&quot;}\">\n\t\t\t\t\t\t\t<div class=\"elementor-background-overlay\"><\/div>\n\t\t\t\t\t\t\t<div class=\"elementor-container elementor-column-gap-default\">\n\t\t\t\t\t<div class=\"elementor-column elementor-col-100 elementor-top-column elementor-element elementor-element-1d9f455\" data-id=\"1d9f455\" data-element_type=\"column\">\n\t\t\t<div class=\"elementor-widget-wrap elementor-element-populated\">\n\t\t\t\t\t\t<div class=\"elementor-element elementor-element-9ae88b9 elementor-invisible elementor-widget elementor-widget-heading\" data-id=\"9ae88b9\" data-element_type=\"widget\" data-settings=\"{&quot;_animation&quot;:&quot;fadeInUp&quot;}\" data-widget_type=\"heading.default\">\n\t\t\t\t<div class=\"elementor-widget-container\">\n\t\t\t<h6 class=\"elementor-heading-title elementor-size-default\">Ana Sayfa &gt; Dinamik Optimizasyon<\/h6>\t\t<\/div>\n\t\t\t\t<\/div>\n\t\t\t\t<div class=\"elementor-element elementor-element-592c61b elementor-invisible elementor-widget elementor-widget-heading\" data-id=\"592c61b\" data-element_type=\"widget\" data-settings=\"{&quot;_animation&quot;:&quot;fadeInUp&quot;,&quot;_animation_delay&quot;:100}\" data-widget_type=\"heading.default\">\n\t\t\t\t<div class=\"elementor-widget-container\">\n\t\t\t<h1 class=\"elementor-heading-title elementor-size-default\">Dinamik Optimizasyon<\/h1>\t\t<\/div>\n\t\t\t\t<\/div>\n\t\t\t\t\t<\/div>\n\t\t<\/div>\n\t\t\t\t\t<\/div>\n\t\t<\/section>\n\t\t\t\t<section class=\"elementor-section elementor-top-section elementor-element elementor-element-29fc28f elementor-section-boxed elementor-section-height-default elementor-section-height-default\" data-id=\"29fc28f\" data-element_type=\"section\">\n\t\t\t\t\t\t<div class=\"elementor-container elementor-column-gap-default\">\n\t\t\t\t\t<div class=\"elementor-column elementor-col-100 elementor-top-column elementor-element elementor-element-0f11d22\" data-id=\"0f11d22\" data-element_type=\"column\">\n\t\t\t<div class=\"elementor-widget-wrap elementor-element-populated\">\n\t\t\t\t\t\t<div class=\"elementor-element elementor-element-0440cc8 elementor-widget elementor-widget-text-editor\" data-id=\"0440cc8\" data-element_type=\"widget\" data-widget_type=\"text-editor.default\">\n\t\t\t\t<div class=\"elementor-widget-container\">\n\t\t\t\t\t\t\t<p>ReklamStore s\u00fcrekli d\u00fc\u015f\u00fcn\u00fcyor, hesap yap\u0131yor ve size kazand\u0131r\u0131yor. ReklamStore\u2019un en b\u00fcy\u00fck farklar\u0131ndan biri de sahip oldu\u011fu teknolojik altyap\u0131s\u0131. Matematiksel form\u00fcller ve \u00f6\u011frenme teknolojisi sayesinde ReklamStore, nokta at\u0131\u015f\u0131 yaparak size en y\u00fcksek geliri sa\u011flayacak reklamlar\u0131 sunar.<\/p><div><p>\u00d6te yandan uzman edit\u00f6rlerimiz de kazan\u00e7lar\u0131n\u0131z\u0131 g\u00fcn g\u00fcn kontrol ederek size gelirlerinizi artt\u0131racak alternatif modeller sunmak i\u00e7in \u00e7al\u0131\u015f\u0131rlar.<\/p><\/div>\t\t\t\t\t\t<\/div>\n\t\t\t\t<\/div>\n\t\t\t\t\t<\/div>\n\t\t<\/div>\n\t\t\t\t\t<\/div>\n\t\t<\/section>\n\t\t\t\t<\/div>\n\t\t","protected":false},"excerpt":{"rendered":"<p>Ana Sayfa &gt; Dinamik Optimizasyon Dinamik Optimizasyon ReklamStore s\u00fcrekli d\u00fc\u015f\u00fcn\u00fcyor, hesap yap\u0131yor ve size kazand\u0131r\u0131yor. ReklamStore\u2019un en b\u00fcy\u00fck farklar\u0131ndan biri de sahip oldu\u011fu teknolojik altyap\u0131s\u0131. Matematiksel form\u00fcller ve \u00f6\u011frenme teknolojisi sayesinde ReklamStore, nokta at\u0131\u015f\u0131 yaparak size en y\u00fcksek geliri sa\u011flayacak reklamlar\u0131 sunar. \u00d6te yandan uzman edit\u00f6rlerimiz de kazan\u00e7lar\u0131n\u0131z\u0131 g\u00fcn g\u00fcn kontrol ederek size gelirlerinizi artt\u0131racak [&hellip;]<\/p>\n","protected":false},"author":1,"featured_media":0,"parent":0,"menu_order":0,"comment_status":"closed","ping_status":"closed","template":"elementor_header_footer","meta":{"footnotes":""},"class_list":["post-88759","page","type-page","status-publish","hentry"],"_links":{"self":[{"href":"https:\/\/www.reklamstore.com\/tr\/wp-json\/wp\/v2\/pages\/88759","targetHints":{"allow":["GET"]}}],"collection":[{"href":"https:\/\/www.reklamstore.com\/tr\/wp-json\/wp\/v2\/pages"}],"about":[{"href":"https:\/\/www.reklamstore.com\/tr\/wp-json\/wp\/v2\/types\/page"}],"author":[{"embeddable":true,"href":"https:\/\/www.reklamstore.com\/tr\/wp-json\/wp\/v2\/users\/1"}],"replies":[{"embeddable":true,"href":"https:\/\/www.reklamstore.com\/tr\/wp-json\/wp\/v2\/comments?post=88759"}],"version-history":[{"count":0,"href":"https:\/\/www.reklamstore.com\/tr\/wp-json\/wp\/v2\/pages\/88759\/revisions"}],"wp:attachment":[{"href":"https:\/\/www.reklamstore.com\/tr\/wp-json\/wp\/v2\/media?parent=88759"}],"curies":[{"name":"wp","href":"https:\/\/api.w.org\/{rel}","templated":true}]}}