{"id":88750,"date":"2024-01-03T23:58:01","date_gmt":"2024-01-03T20:58:01","guid":{"rendered":"https:\/\/reklamstore.com\/?page_id=88750"},"modified":"2024-01-04T00:00:36","modified_gmt":"2024-01-03T21:00:36","slug":"yayinci-kazanc-modeli","status":"publish","type":"page","link":"https:\/\/www.reklamstore.com\/tr\/yayinci-kazanc-modeli","title":{"rendered":"Yay\u0131nc\u0131 Kazan\u00e7 Modeli"},"content":{"rendered":"\t\t<div data-elementor-type=\"wp-page\" data-elementor-id=\"88750\" class=\"elementor elementor-88750\" data-elementor-post-type=\"page\">\n\t\t\t\t\t\t<section class=\"elementor-section elementor-top-section elementor-element elementor-element-4cf934a elementor-section-boxed elementor-section-height-default elementor-section-height-default\" data-id=\"4cf934a\" data-element_type=\"section\" data-settings=\"{&quot;background_background&quot;:&quot;gradient&quot;}\">\n\t\t\t\t\t\t\t<div class=\"elementor-background-overlay\"><\/div>\n\t\t\t\t\t\t\t<div class=\"elementor-container elementor-column-gap-default\">\n\t\t\t\t\t<div class=\"elementor-column elementor-col-100 elementor-top-column elementor-element elementor-element-1d9f455\" data-id=\"1d9f455\" data-element_type=\"column\">\n\t\t\t<div class=\"elementor-widget-wrap elementor-element-populated\">\n\t\t\t\t\t\t<div class=\"elementor-element elementor-element-9ae88b9 elementor-invisible elementor-widget elementor-widget-heading\" data-id=\"9ae88b9\" data-element_type=\"widget\" data-settings=\"{&quot;_animation&quot;:&quot;fadeInUp&quot;}\" data-widget_type=\"heading.default\">\n\t\t\t\t<div class=\"elementor-widget-container\">\n\t\t\t<h6 class=\"elementor-heading-title elementor-size-default\">Ana Sayfa &gt; Kazan\u00e7 Modeli<\/h6>\t\t<\/div>\n\t\t\t\t<\/div>\n\t\t\t\t<div class=\"elementor-element elementor-element-592c61b elementor-invisible elementor-widget elementor-widget-heading\" data-id=\"592c61b\" data-element_type=\"widget\" data-settings=\"{&quot;_animation&quot;:&quot;fadeInUp&quot;,&quot;_animation_delay&quot;:100}\" data-widget_type=\"heading.default\">\n\t\t\t\t<div class=\"elementor-widget-container\">\n\t\t\t<h1 class=\"elementor-heading-title elementor-size-default\">Yay\u0131nc\u0131 Kazan\u00e7 Modeli<\/h1>\t\t<\/div>\n\t\t\t\t<\/div>\n\t\t\t\t\t<\/div>\n\t\t<\/div>\n\t\t\t\t\t<\/div>\n\t\t<\/section>\n\t\t\t\t<section class=\"elementor-section elementor-top-section elementor-element elementor-element-29fc28f elementor-section-boxed elementor-section-height-default elementor-section-height-default\" data-id=\"29fc28f\" data-element_type=\"section\">\n\t\t\t\t\t\t<div class=\"elementor-container elementor-column-gap-default\">\n\t\t\t\t\t<div class=\"elementor-column elementor-col-100 elementor-top-column elementor-element elementor-element-0f11d22\" data-id=\"0f11d22\" data-element_type=\"column\">\n\t\t\t<div class=\"elementor-widget-wrap elementor-element-populated\">\n\t\t\t\t\t\t<div class=\"elementor-element elementor-element-0440cc8 elementor-widget elementor-widget-text-editor\" data-id=\"0440cc8\" data-element_type=\"widget\" data-widget_type=\"text-editor.default\">\n\t\t\t\t<div class=\"elementor-widget-container\">\n\t\t\t\t\t\t\t<h5 class=\"et_pb_toggle_title\">Kazan\u00e7 Modeli<\/h5><div class=\"et_pb_toggle_content clearfix\"><p>ReklamStore\u2019da t\u00fcm reklam verenler sizin sitenizde yer alabilmek i\u00e7in bir nevi k\u00fc\u00e7\u00fck bir a\u00e7\u0131k artt\u0131rmaya girerler. Bu sayede, o an ve o dakikada size en y\u00fcksek paray\u0131 \u00f6demeyi kabul eden reklam verenin reklam\u0131 sayfan\u0131zda g\u00f6r\u00fcn\u00fcr. Bu a\u00e7\u0131k artt\u0131rma her bir g\u00f6sterim i\u00e7in tekrarlan\u0131r. \u00c7\u00fcnk\u00fc biz her g\u00f6steriminizin en y\u00fcksek kazanc\u0131 elde etmesini isteriz.<\/p><p>Ne t\u0131k ne de aksiyon \u00f6nemli olan eCPM. Piyasadaki rakiplerinin aksine ReklamStore yay\u0131nc\u0131lar\u0131na bir\u00e7ok farkl\u0131 model \u00fczerinden gelir kazand\u0131rmaktad\u0131r. Bu sebeple ortaya \u00e7\u0131kan eCPM kavram\u0131 ile yay\u0131nc\u0131lar\u0131m\u0131z daha kolay ve kar\u015f\u0131la\u015ft\u0131r\u0131labilir \u015fekilde kazan\u00e7lar\u0131n\u0131 g\u00f6rebilecek ve analiz edebileceklerdir.<\/p><\/div>\t\t\t\t\t\t<\/div>\n\t\t\t\t<\/div>\n\t\t\t\t\t<\/div>\n\t\t<\/div>\n\t\t\t\t\t<\/div>\n\t\t<\/section>\n\t\t\t\t<\/div>\n\t\t","protected":false},"excerpt":{"rendered":"<p>Ana Sayfa &gt; Kazan\u00e7 Modeli Yay\u0131nc\u0131 Kazan\u00e7 Modeli Kazan\u00e7 Modeli ReklamStore\u2019da t\u00fcm reklam verenler sizin sitenizde yer alabilmek i\u00e7in bir nevi k\u00fc\u00e7\u00fck bir a\u00e7\u0131k artt\u0131rmaya girerler. Bu sayede, o an ve o dakikada size en y\u00fcksek paray\u0131 \u00f6demeyi kabul eden reklam verenin reklam\u0131 sayfan\u0131zda g\u00f6r\u00fcn\u00fcr. Bu a\u00e7\u0131k artt\u0131rma her bir g\u00f6sterim i\u00e7in tekrarlan\u0131r. \u00c7\u00fcnk\u00fc biz [&hellip;]<\/p>\n","protected":false},"author":1,"featured_media":0,"parent":0,"menu_order":0,"comment_status":"closed","ping_status":"closed","template":"elementor_header_footer","meta":{"footnotes":""},"class_list":["post-88750","page","type-page","status-publish","hentry"],"_links":{"self":[{"href":"https:\/\/www.reklamstore.com\/tr\/wp-json\/wp\/v2\/pages\/88750","targetHints":{"allow":["GET"]}}],"collection":[{"href":"https:\/\/www.reklamstore.com\/tr\/wp-json\/wp\/v2\/pages"}],"about":[{"href":"https:\/\/www.reklamstore.com\/tr\/wp-json\/wp\/v2\/types\/page"}],"author":[{"embeddable":true,"href":"https:\/\/www.reklamstore.com\/tr\/wp-json\/wp\/v2\/users\/1"}],"replies":[{"embeddable":true,"href":"https:\/\/www.reklamstore.com\/tr\/wp-json\/wp\/v2\/comments?post=88750"}],"version-history":[{"count":0,"href":"https:\/\/www.reklamstore.com\/tr\/wp-json\/wp\/v2\/pages\/88750\/revisions"}],"wp:attachment":[{"href":"https:\/\/www.reklamstore.com\/tr\/wp-json\/wp\/v2\/media?parent=88750"}],"curies":[{"name":"wp","href":"https:\/\/api.w.org\/{rel}","templated":true}]}}