{"id":88740,"date":"2024-01-03T23:49:48","date_gmt":"2024-01-03T20:49:48","guid":{"rendered":"https:\/\/reklamstore.com\/?page_id=88740"},"modified":"2024-01-03T23:51:12","modified_gmt":"2024-01-03T20:51:12","slug":"yayinci-kurallar-ve-sartlar","status":"publish","type":"page","link":"https:\/\/www.reklamstore.com\/tr\/yayinci-kurallar-ve-sartlar","title":{"rendered":"Yay\u0131nc\u0131 Kurallar ve \u015eartlar"},"content":{"rendered":"\t\t<div data-elementor-type=\"wp-page\" data-elementor-id=\"88740\" class=\"elementor elementor-88740\" data-elementor-post-type=\"page\">\n\t\t\t\t\t\t<section class=\"elementor-section elementor-top-section elementor-element elementor-element-4cf934a elementor-section-boxed elementor-section-height-default elementor-section-height-default\" data-id=\"4cf934a\" data-element_type=\"section\" data-settings=\"{&quot;background_background&quot;:&quot;gradient&quot;}\">\n\t\t\t\t\t\t\t<div class=\"elementor-background-overlay\"><\/div>\n\t\t\t\t\t\t\t<div class=\"elementor-container elementor-column-gap-default\">\n\t\t\t\t\t<div class=\"elementor-column elementor-col-100 elementor-top-column elementor-element elementor-element-1d9f455\" data-id=\"1d9f455\" data-element_type=\"column\">\n\t\t\t<div class=\"elementor-widget-wrap elementor-element-populated\">\n\t\t\t\t\t\t<div class=\"elementor-element elementor-element-9ae88b9 elementor-invisible elementor-widget elementor-widget-heading\" data-id=\"9ae88b9\" data-element_type=\"widget\" data-settings=\"{&quot;_animation&quot;:&quot;fadeInUp&quot;}\" data-widget_type=\"heading.default\">\n\t\t\t\t<div class=\"elementor-widget-container\">\n\t\t\t<h6 class=\"elementor-heading-title elementor-size-default\">Ana Sayfa &gt; Kurallar ve \u015eartlar<\/h6>\t\t<\/div>\n\t\t\t\t<\/div>\n\t\t\t\t<div class=\"elementor-element elementor-element-592c61b elementor-invisible elementor-widget elementor-widget-heading\" data-id=\"592c61b\" data-element_type=\"widget\" data-settings=\"{&quot;_animation&quot;:&quot;fadeInUp&quot;,&quot;_animation_delay&quot;:100}\" data-widget_type=\"heading.default\">\n\t\t\t\t<div class=\"elementor-widget-container\">\n\t\t\t<h1 class=\"elementor-heading-title elementor-size-default\">Kurallar ve \u015eartlar<\/h1>\t\t<\/div>\n\t\t\t\t<\/div>\n\t\t\t\t\t<\/div>\n\t\t<\/div>\n\t\t\t\t\t<\/div>\n\t\t<\/section>\n\t\t\t\t<section class=\"elementor-section elementor-top-section elementor-element elementor-element-29fc28f elementor-section-boxed elementor-section-height-default elementor-section-height-default\" data-id=\"29fc28f\" data-element_type=\"section\">\n\t\t\t\t\t\t<div class=\"elementor-container elementor-column-gap-default\">\n\t\t\t\t\t<div class=\"elementor-column elementor-col-100 elementor-top-column elementor-element elementor-element-0f11d22\" data-id=\"0f11d22\" data-element_type=\"column\">\n\t\t\t<div class=\"elementor-widget-wrap elementor-element-populated\">\n\t\t\t\t\t\t<div class=\"elementor-element elementor-element-0440cc8 elementor-widget elementor-widget-text-editor\" data-id=\"0440cc8\" data-element_type=\"widget\" data-widget_type=\"text-editor.default\">\n\t\t\t\t<div class=\"elementor-widget-container\">\n\t\t\t\t\t\t\t<h5 class=\"et_pb_toggle_title\">Kurallar ve \u015eartlar<\/h5><div class=\"et_pb_toggle_content clearfix\"><p><strong>Yay\u0131nc\u0131 Onay\u0131<\/strong><\/p><ul><li>Yasad\u0131\u015f\u0131 program, warez, crack, serial, cd key ve benzeri payla\u015f\u0131mlar\u0131n yap\u0131ld\u0131\u011f\u0131 siteler sisteme kabul edilmez.<\/li><li>Yeti\u015fkin i\u00e7erikli siteler sisteme kabul edilmez.<\/li><li>Yukar\u0131da belirtilen i\u00e7eri\u011fe sahip sitelere ba\u011flant\u0131s\u0131(linki) olan siteler sisteme kabul edilmez.<\/li><li>Onayl\u0131 olup yukar\u0131da belirtilen i\u00e7erikleri sonradan ekleyen siteler sistemden \u00e7\u0131kart\u0131l\u0131r.<\/li><li>Y\u00f6nlendirme alan ad\u0131 kullan\u0131lan sitelerin y\u00f6nlendirme yap\u0131lan adres ile kay\u0131t olmalar gerekmektedir.<\/li><li>Sadece reklama y\u00f6nelik olan veya i\u00e7eri\u011finde \u00e7ok fazla reklam bulunan siteler sisteme kabul edilmez.<\/li><li>Ba\u015fvuru yapan sitelerin kategorilere uygunluklar\u0131 ReklamStore taraf\u0131ndan denetlenir. ReklamStore her zaman sitelerin kategorilerini de\u011fi\u015ftirme hakk\u0131na sahiptir.<\/li><li>ReklamStore uygun g\u00f6rmedi\u011fi siteleri sisteme kabul etmeme hakk\u0131na sahiptir.<\/li><li>\u00dccretsiz domain servislerinin sa\u011flad\u0131\u011f\u0131 adresler kabul edilemez.<\/li><\/ul><p><strong>Reklam Alan\u0131 Kullan\u0131m\u0131<\/strong><\/p><ul><li>Yay\u0131nc\u0131lar bir sayfaya en fazla 4 reklam alan\u0131 yerle\u015ftirebilirler. Reklam alanlar\u0131 birbirlerine \u00e7ok yak\u0131n \u015fekilde, yerle\u015ftirilemez.<\/li><li>Ziyaret\u00e7ileri t\u0131klamaya te\u015fvik eden her t\u00fcrl\u00fc mesaj, resim ve benzeri uygulamalarda bulunulamaz. Reklam alanlar\u0131 \u00fczerine \u201cReklama t\u0131klay\u0131n, destek verin\u201d, gibi ibareler konulamaz.<\/li><li>Yay\u0131nc\u0131lar reklam yerle\u015ftirecekleri her site i\u00e7in ayr\u0131 ayr\u0131 ba\u015fvuru yapmal\u0131d\u0131rlar. Kay\u0131tl\u0131 olmayan bir sitede reklam yay\u0131nlamak kurallara ayk\u0131r\u0131d\u0131r. Iframe, javascript veya benzeri teknikler kullanarak onayl\u0131 olmayan bir sitede reklam yay\u0131nlanamaz.<\/li><li>Yay\u0131nc\u0131lar kendi reklamlar\u0131na t\u0131klayamazlar.<\/li><li>\u0130\u00e7erik bulunmayan veya \u00e7ok az i\u00e7erik bulunan sayfalarda reklam alan\u0131 kullan\u0131lamaz.<\/li><li>ReklamStore, herhangi bir nedenden \u00f6t\u00fcr\u00fc t\u0131klama oran\u0131 standartlar\u0131n \u00fcst\u00fcnde olan reklam alanlar\u0131n\u0131n yay\u0131n\u0131n\u0131 durdurma hakk\u0131na sahiptir.<\/li><\/ul><p><strong>Genel<\/strong><\/p><ul><li>Kullan\u0131c\u0131lar reklam yay\u0131n\u0131 ile ilgili emin olmad\u0131klar\u0131 konular\u0131 ReklamStore\u2019a sormal\u0131d\u0131rlar.<\/li><li>ReklamStore kurallara uymayan kullan\u0131c\u0131lara, uyar\u0131 mesaj\u0131 atabilir veya sistemden direkt \u00e7\u0131kartabilir. Kurallara ayk\u0131r\u0131l\u0131ktan sistemden \u00e7\u0131kart\u0131lan kullan\u0131c\u0131lara kazan\u00e7lar\u0131 \u00f6denmez, reklam verenlerine o site i\u00e7in harcad\u0131klar\u0131 paralar iade edilir.<\/li><li>ReklamStore kurallar\u0131 de\u011fi\u015ftirme, g\u00fcncelleme hakk\u0131na sahiptir. ReklamStore, kural de\u011fi\u015fikli\u011fi ile olu\u015fan ayk\u0131r\u0131l\u0131klara m\u00fcdahale etmeden 7 g\u00fcn \u00f6nce kullan\u0131c\u0131lara uyar\u0131 yapar.<\/li><\/ul><\/div>\t\t\t\t\t\t<\/div>\n\t\t\t\t<\/div>\n\t\t\t\t\t<\/div>\n\t\t<\/div>\n\t\t\t\t\t<\/div>\n\t\t<\/section>\n\t\t\t\t<\/div>\n\t\t","protected":false},"excerpt":{"rendered":"<p>Ana Sayfa &gt; Kurallar ve \u015eartlar Kurallar ve \u015eartlar Kurallar ve \u015eartlar Yay\u0131nc\u0131 Onay\u0131 Yasad\u0131\u015f\u0131 program, warez, crack, serial, cd key ve benzeri payla\u015f\u0131mlar\u0131n yap\u0131ld\u0131\u011f\u0131 siteler sisteme kabul edilmez. Yeti\u015fkin i\u00e7erikli siteler sisteme kabul edilmez. Yukar\u0131da belirtilen i\u00e7eri\u011fe sahip sitelere ba\u011flant\u0131s\u0131(linki) olan siteler sisteme kabul edilmez. Onayl\u0131 olup yukar\u0131da belirtilen i\u00e7erikleri sonradan ekleyen siteler sistemden [&hellip;]<\/p>\n","protected":false},"author":1,"featured_media":0,"parent":0,"menu_order":0,"comment_status":"closed","ping_status":"closed","template":"elementor_header_footer","meta":{"footnotes":""},"class_list":["post-88740","page","type-page","status-publish","hentry"],"_links":{"self":[{"href":"https:\/\/www.reklamstore.com\/tr\/wp-json\/wp\/v2\/pages\/88740","targetHints":{"allow":["GET"]}}],"collection":[{"href":"https:\/\/www.reklamstore.com\/tr\/wp-json\/wp\/v2\/pages"}],"about":[{"href":"https:\/\/www.reklamstore.com\/tr\/wp-json\/wp\/v2\/types\/page"}],"author":[{"embeddable":true,"href":"https:\/\/www.reklamstore.com\/tr\/wp-json\/wp\/v2\/users\/1"}],"replies":[{"embeddable":true,"href":"https:\/\/www.reklamstore.com\/tr\/wp-json\/wp\/v2\/comments?post=88740"}],"version-history":[{"count":0,"href":"https:\/\/www.reklamstore.com\/tr\/wp-json\/wp\/v2\/pages\/88740\/revisions"}],"wp:attachment":[{"href":"https:\/\/www.reklamstore.com\/tr\/wp-json\/wp\/v2\/media?parent=88740"}],"curies":[{"name":"wp","href":"https:\/\/api.w.org\/{rel}","templated":true}]}}