{"id":88729,"date":"2024-01-03T23:19:31","date_gmt":"2024-01-03T20:19:31","guid":{"rendered":"https:\/\/reklamstore.com\/?page_id=88729"},"modified":"2024-01-03T23:22:33","modified_gmt":"2024-01-03T20:22:33","slug":"video-reklamlar","status":"publish","type":"page","link":"https:\/\/www.reklamstore.com\/tr\/video-reklamlar","title":{"rendered":"Video Reklamlar"},"content":{"rendered":"\t\t<div data-elementor-type=\"wp-page\" data-elementor-id=\"88729\" class=\"elementor elementor-88729\" data-elementor-post-type=\"page\">\n\t\t\t\t\t\t<section class=\"elementor-section elementor-top-section elementor-element elementor-element-4cf934a elementor-section-boxed elementor-section-height-default elementor-section-height-default\" data-id=\"4cf934a\" data-element_type=\"section\" data-settings=\"{&quot;background_background&quot;:&quot;gradient&quot;}\">\n\t\t\t\t\t\t\t<div class=\"elementor-background-overlay\"><\/div>\n\t\t\t\t\t\t\t<div class=\"elementor-container elementor-column-gap-default\">\n\t\t\t\t\t<div class=\"elementor-column elementor-col-100 elementor-top-column elementor-element elementor-element-1d9f455\" data-id=\"1d9f455\" data-element_type=\"column\">\n\t\t\t<div class=\"elementor-widget-wrap elementor-element-populated\">\n\t\t\t\t\t\t<div class=\"elementor-element elementor-element-9ae88b9 elementor-invisible elementor-widget elementor-widget-heading\" data-id=\"9ae88b9\" data-element_type=\"widget\" data-settings=\"{&quot;_animation&quot;:&quot;fadeInUp&quot;}\" data-widget_type=\"heading.default\">\n\t\t\t\t<div class=\"elementor-widget-container\">\n\t\t\t<h6 class=\"elementor-heading-title elementor-size-default\">Ana Sayfa &gt; Video<\/h6>\t\t<\/div>\n\t\t\t\t<\/div>\n\t\t\t\t<div class=\"elementor-element elementor-element-592c61b elementor-invisible elementor-widget elementor-widget-heading\" data-id=\"592c61b\" data-element_type=\"widget\" data-settings=\"{&quot;_animation&quot;:&quot;fadeInUp&quot;,&quot;_animation_delay&quot;:100}\" data-widget_type=\"heading.default\">\n\t\t\t\t<div class=\"elementor-widget-container\">\n\t\t\t<h1 class=\"elementor-heading-title elementor-size-default\">Video Reklamlar<\/h1>\t\t<\/div>\n\t\t\t\t<\/div>\n\t\t\t\t\t<\/div>\n\t\t<\/div>\n\t\t\t\t\t<\/div>\n\t\t<\/section>\n\t\t\t\t<section class=\"elementor-section elementor-top-section elementor-element elementor-element-29fc28f elementor-section-boxed elementor-section-height-default elementor-section-height-default\" data-id=\"29fc28f\" data-element_type=\"section\">\n\t\t\t\t\t\t<div class=\"elementor-container elementor-column-gap-default\">\n\t\t\t\t\t<div class=\"elementor-column elementor-col-100 elementor-top-column elementor-element elementor-element-0f11d22\" data-id=\"0f11d22\" data-element_type=\"column\">\n\t\t\t<div class=\"elementor-widget-wrap elementor-element-populated\">\n\t\t\t\t\t\t<div class=\"elementor-element elementor-element-0440cc8 elementor-widget elementor-widget-text-editor\" data-id=\"0440cc8\" data-element_type=\"widget\" data-widget_type=\"text-editor.default\">\n\t\t\t\t<div class=\"elementor-widget-container\">\n\t\t\t\t\t\t\t<h5 class=\"et_pb_toggle_title\">Yay\u0131n S\u00fcreci<\/h5><div class=\"et_pb_toggle_content clearfix\">ReklamStore Video, video reklamlar\u0131n\u0131z\u0131 RTB\u2019nin sundu\u011fu imkanlarla 18 ana kategori ve onlarca alt kategoriye ait global web sitesinde hedef kitlenizle bulu\u015fturuyor. B\u00f6ylece minimum maliyet ile maksimum tekil kullan\u0131c\u0131ya hitap ederek marka ve \u00fcr\u00fcn bilinirli\u011finize katk\u0131 sa\u011fl\u0131yor.<h5><strong>Optimizasyon (CTR &amp; Completion Rate)<\/strong><\/h5>Video reklam yay\u0131lar\u0131n\u0131z\u0131n y\u00fcksek t\u0131klanma ve tamamlanma oran\u0131 ile ger\u00e7ekle\u015fmesi i\u00e7in sistem her saniye otomatik optimizasyon ger\u00e7ekle\u015ftirir. T\u0131klanma oran\u0131 ve video tamamlanma oran\u0131n\u0131 art\u0131racak iyile\u015ftirmeler otomatik olarak ger\u00e7ekle\u015firken; ekip, optimizasyonu manuel olarak destekler.<h5><strong>Raporlama<\/strong><\/h5>Yap\u0131lan her yay\u0131n\u0131 7\/24 kontrol alt\u0131nda tutan ReklamStore Video ekibi, g\u00fcncel raporlar\u0131 reklam verene s\u0131k s\u0131k raporlar. Raporlama sonras\u0131 reklam verenin talebi do\u011frultusunda optimizasyonlarda de\u011fi\u015fik uygulanabilir.<\/div>\t\t\t\t\t\t<\/div>\n\t\t\t\t<\/div>\n\t\t\t\t<div class=\"elementor-element elementor-element-ed8d4f7 elementor-widget elementor-widget-text-editor\" data-id=\"ed8d4f7\" data-element_type=\"widget\" data-widget_type=\"text-editor.default\">\n\t\t\t\t<div class=\"elementor-widget-container\">\n\t\t\t\t\t\t\t<h5 class=\"et_pb_toggle_title\">Reklam Modelleri<\/h5><div class=\"et_pb_toggle_content clearfix\">Video kampanyalar\u0131n\u0131z i\u00e7in en uygun reklam modelini se\u00e7ebilmeniz i\u00e7in ReklamStore Video sizlere d\u00f6rt farkl\u0131 reklam modeli sunuyor.<h4><strong>Preroll<\/strong><\/h4>Online video reklam pazar\u0131n\u0131n %80 gibi b\u00fcy\u00fck bir b\u00f6l\u00fcm\u00fcn\u00fc i\u00e7ine alan preroll reklamlar, kullan\u0131c\u0131n\u0131n izleyece\u011fi videonun \u00f6ncesinde sunulan reklam t\u00fcr\u00fcd\u00fcr. Bu reklam modelinde video tamamlanma oran\u0131 video s\u00fcresi ile do\u011frudan ili\u015fkilidir.<h4><strong>Midroll<\/strong><\/h4>Kullan\u0131c\u0131n\u0131n izledi\u011fi video ba\u015flad\u0131ktan sonra yay\u0131nlanan video reklam modelidir.<h4><strong>Postroll<\/strong><\/h4>Video izlendikten sonra devreye giren video reklam modelidir.<h4><strong>Overlay<\/strong><\/h4>Video i\u00e7eri\u011fi devam ederken video oynat\u0131c\u0131n\u0131n herhangi bir b\u00f6l\u00fcm\u00fcnde g\u00f6sterilen banner modelidir.<\/div>\t\t\t\t\t\t<\/div>\n\t\t\t\t<\/div>\n\t\t\t\t<div class=\"elementor-element elementor-element-07d394f elementor-widget elementor-widget-text-editor\" data-id=\"07d394f\" data-element_type=\"widget\" data-widget_type=\"text-editor.default\">\n\t\t\t\t<div class=\"elementor-widget-container\">\n\t\t\t\t\t\t\t<h5 class=\"et_pb_toggle_title\">Hedefleme &#8211; Cihaz<\/h5><div class=\"et_pb_toggle_content clearfix\">ReklamStore Video ile g\u00fcn\u00fcm\u00fcz teknolojisinde internete eri\u015fimi olan her cihaza diledi\u011finiz platformda hedef kitlenize uygun video reklam\u0131n\u0131z\u0131 izletebilirsiniz.<h4><strong>Web<\/strong><\/h4>Reklamlar\u0131n\u0131z\u0131 milyonlarca bilgisayar kullan\u0131c\u0131s\u0131na izletebilirsiniz. \u00d6rne\u011fin, Almanya\u2019da da sat\u0131\u015f\u0131 olan bir T\u00fcrk Firma Almanya\u2019da ya\u015fayan T\u00fcrkleri tray\u0131c\u0131 dilini T\u00fcrk\u00e7e se\u00e7erek hedefleyebilir ve video reklamlar\u0131n\u0131 sadece bu kullan\u0131c\u0131lara g\u00f6sterebilir.<h4><strong>Cep Telefonu<\/strong><\/h4>\u0130\u015fletim sistemi g\u00f6zetmeksizin, cep telefonu ile internete ba\u011flanm\u0131\u015f kullan\u0131c\u0131lar\u0131 hedefleyebilirsiniz.<h4><strong>Tablet<\/strong><\/h4>T\u0131pk\u0131 cep telefonu hedeflemesinde oldu\u011fu gibi, tableti ile internete ba\u011flanm\u0131\u015f kullan\u0131c\u0131ya diledi\u011finiz i\u015fletim sistemi \u00fczerinden ula\u015fabilirsiniz.<h4><strong>Ak\u0131ll\u0131 Televizyon<\/strong><\/h4>Ak\u0131ll\u0131 televizyonundaki uygulamay\u0131 kullanan birine art\u0131k daha ak\u0131ll\u0131 bir televizyon almas\u0131 gerekti\u011fi mesaj\u0131n\u0131 sizin yerinize ula\u015ft\u0131rmam\u0131z\u0131 ister misiniz?<h4><strong>Oyun Konsollar\u0131<\/strong><\/h4>Oyun konsolu \u00fczerinden anl\u0131k internet eri\u015fimine sahip t\u00fcm oyun severlerle ileti\u015fim kurabilirsiniz.<\/div>\t\t\t\t\t\t<\/div>\n\t\t\t\t<\/div>\n\t\t\t\t<div class=\"elementor-element elementor-element-ddd0adf elementor-widget elementor-widget-text-editor\" data-id=\"ddd0adf\" data-element_type=\"widget\" data-widget_type=\"text-editor.default\">\n\t\t\t\t<div class=\"elementor-widget-container\">\n\t\t\t\t\t\t\t<h5 class=\"et_pb_toggle_title\">Hedefleme &#8211; Browser<\/h5><div class=\"et_pb_toggle_content clearfix\"><h6><strong>Browser Hedefleme<\/strong><\/h6><p>Reklamlar\u0131n\u0131z\u0131 diledi\u011finiz browser kullan\u0131c\u0131s\u0131na izletebilirsiniz. \u0130\u015fte video reklam\u0131n\u0131zda hedefleyebilece\u011fimiz browserlar: Internet Explorer, Mozilla Firefox, Google Chrome, Safari. Browser hedeflerken s\u00fcr\u00fcmleri de baz alabilirsiniz. \u00d6rne\u011fin, Internet Explorer 10 \u00f6ncesinde \u00e7\u0131km\u0131\u015f s\u00fcr\u00fcmlerden birini tercih eden kullan\u0131c\u0131ya \u00e7\u0131km\u0131\u015f son s\u00fcr\u00fcm\u00fcn reklam\u0131n\u0131 yapmak gibi.<\/p><h6><strong>Browser Dili Hedefleme<\/strong><\/h6><p>ReklamVidi\u2019nin geli\u015fmi\u015f hedefleme teknolojisi sayesinde video reklamlar\u0131n\u0131z\u0131 birbirinden farkl\u0131 tam 29 browser dilinde hedefleyebilirsiniz. \u00dcstelik bunu d\u00fcnyan\u0131n diledi\u011finiz yerinde ger\u00e7ekle\u015ftirebiliyorsunuz. Bir havayolu \u015firketinin Almanya \u2013 T\u00fcrkiye u\u00e7u\u015f kampanyas\u0131 oldu\u011funu d\u00fc\u015f\u00fcn\u00fcn. Almanya IP hedefleyerek yapaca\u011f\u0131n\u0131z kampanyada T\u00fcrk\u00e7e browser kullanan kullan\u0131c\u0131lara reklam filminizi izletmek istemez miydiniz?<\/p><h6><strong>G\u00fcn &amp; Saat Hedefleme<\/strong><\/h6><p>ReklamVidi, haftan\u0131n 7 g\u00fcn\u00fc i\u00e7in diledi\u011finiz g\u00fcn ve saatte yay\u0131n ger\u00e7ekle\u015ftirebilir. Dilerseniz 7\/24 yay\u0131n yapmak yerine, sizin i\u00e7in en efektif g\u00fcn ve saatlerde yay\u0131n ger\u00e7ekle\u015ftirilebilir.<\/p><h6><strong>\u0130\u015fletim Sistemi Hedefleme<\/strong><\/h6><p>Yay\u0131nlar\u0131n\u0131z\u0131 diledi\u011finiz i\u015fletim sisteminde ger\u00e7ekle\u015ftirebilirsiniz. Bir IOS uygulamas\u0131n\u0131n download reklam\u0131n\u0131 Windows bilgisayarda yay\u0131nlayarak kim daha fazla \u00fccret \u00f6demek ister ki? ReklamVidi\u2019nin reklam verenlere sundu\u011fu hedeflenebilir i\u015fletim sistemleri: Masa\u00fcst\u00fc &amp; Notebook: Windows, Mac OS X, Linux Cep Telefonu &amp; Tablet: Windows, Android, IOS<\/p><h6><strong>Retargeting &amp; Data Hedefleme<\/strong><\/h6><p>ReklamVidi sitenizi daha \u00f6nce ziyaret etmi\u015f kullan\u0131c\u0131lara video izletebilme imkan\u0131 sunuyor. Yay\u0131ndan bir s\u00fcre \u00f6nce sitenize ekleyece\u011finiz bir sat\u0131r kod ile ziyaret\u00e7ilerinizi etiketleyip bu kullan\u0131c\u0131lara videonuzu izletebilirsiniz.<\/p><\/div>\t\t\t\t\t\t<\/div>\n\t\t\t\t<\/div>\n\t\t\t\t\t<\/div>\n\t\t<\/div>\n\t\t\t\t\t<\/div>\n\t\t<\/section>\n\t\t\t\t<\/div>\n\t\t","protected":false},"excerpt":{"rendered":"<p>Ana Sayfa &gt; Video Video Reklamlar Yay\u0131n S\u00fcreci ReklamStore Video, video reklamlar\u0131n\u0131z\u0131 RTB\u2019nin sundu\u011fu imkanlarla 18 ana kategori ve onlarca alt kategoriye ait global web sitesinde hedef kitlenizle bulu\u015fturuyor. B\u00f6ylece minimum maliyet ile maksimum tekil kullan\u0131c\u0131ya hitap ederek marka ve \u00fcr\u00fcn bilinirli\u011finize katk\u0131 sa\u011fl\u0131yor. Optimizasyon (CTR &amp; Completion Rate) Video reklam yay\u0131lar\u0131n\u0131z\u0131n y\u00fcksek t\u0131klanma ve [&hellip;]<\/p>\n","protected":false},"author":1,"featured_media":0,"parent":0,"menu_order":0,"comment_status":"closed","ping_status":"closed","template":"elementor_header_footer","meta":{"footnotes":""},"class_list":["post-88729","page","type-page","status-publish","hentry"],"_links":{"self":[{"href":"https:\/\/www.reklamstore.com\/tr\/wp-json\/wp\/v2\/pages\/88729","targetHints":{"allow":["GET"]}}],"collection":[{"href":"https:\/\/www.reklamstore.com\/tr\/wp-json\/wp\/v2\/pages"}],"about":[{"href":"https:\/\/www.reklamstore.com\/tr\/wp-json\/wp\/v2\/types\/page"}],"author":[{"embeddable":true,"href":"https:\/\/www.reklamstore.com\/tr\/wp-json\/wp\/v2\/users\/1"}],"replies":[{"embeddable":true,"href":"https:\/\/www.reklamstore.com\/tr\/wp-json\/wp\/v2\/comments?post=88729"}],"version-history":[{"count":0,"href":"https:\/\/www.reklamstore.com\/tr\/wp-json\/wp\/v2\/pages\/88729\/revisions"}],"wp:attachment":[{"href":"https:\/\/www.reklamstore.com\/tr\/wp-json\/wp\/v2\/media?parent=88729"}],"curies":[{"name":"wp","href":"https:\/\/api.w.org\/{rel}","templated":true}]}}