{"id":88702,"date":"2024-01-03T22:38:31","date_gmt":"2024-01-03T19:38:31","guid":{"rendered":"https:\/\/reklamstore.com\/?page_id=88702"},"modified":"2024-01-03T22:40:16","modified_gmt":"2024-01-03T19:40:16","slug":"performans-pazarlama-nedir","status":"publish","type":"page","link":"https:\/\/www.reklamstore.com\/tr\/performans-pazarlama-nedir","title":{"rendered":"Performans Pazarlama Nedir?"},"content":{"rendered":"\t\t<div data-elementor-type=\"wp-page\" data-elementor-id=\"88702\" class=\"elementor elementor-88702\" data-elementor-post-type=\"page\">\n\t\t\t\t\t\t<section class=\"elementor-section elementor-top-section elementor-element elementor-element-4cf934a elementor-section-boxed elementor-section-height-default elementor-section-height-default\" data-id=\"4cf934a\" data-element_type=\"section\" data-settings=\"{&quot;background_background&quot;:&quot;gradient&quot;}\">\n\t\t\t\t\t\t\t<div class=\"elementor-background-overlay\"><\/div>\n\t\t\t\t\t\t\t<div class=\"elementor-container elementor-column-gap-default\">\n\t\t\t\t\t<div class=\"elementor-column elementor-col-100 elementor-top-column elementor-element elementor-element-1d9f455\" data-id=\"1d9f455\" data-element_type=\"column\">\n\t\t\t<div class=\"elementor-widget-wrap elementor-element-populated\">\n\t\t\t\t\t\t<div class=\"elementor-element elementor-element-9ae88b9 elementor-invisible elementor-widget elementor-widget-heading\" data-id=\"9ae88b9\" data-element_type=\"widget\" data-settings=\"{&quot;_animation&quot;:&quot;fadeInUp&quot;}\" data-widget_type=\"heading.default\">\n\t\t\t\t<div class=\"elementor-widget-container\">\n\t\t\t<h6 class=\"elementor-heading-title elementor-size-default\">Ana Sayfa &gt; Performans Pazarlama<\/h6>\t\t<\/div>\n\t\t\t\t<\/div>\n\t\t\t\t<div class=\"elementor-element elementor-element-592c61b elementor-invisible elementor-widget elementor-widget-heading\" data-id=\"592c61b\" data-element_type=\"widget\" data-settings=\"{&quot;_animation&quot;:&quot;fadeInUp&quot;,&quot;_animation_delay&quot;:100}\" data-widget_type=\"heading.default\">\n\t\t\t\t<div class=\"elementor-widget-container\">\n\t\t\t<h1 class=\"elementor-heading-title elementor-size-default\">Performans Pazarlama Nedir?<\/h1>\t\t<\/div>\n\t\t\t\t<\/div>\n\t\t\t\t\t<\/div>\n\t\t<\/div>\n\t\t\t\t\t<\/div>\n\t\t<\/section>\n\t\t\t\t<section class=\"elementor-section elementor-top-section elementor-element elementor-element-29fc28f elementor-section-boxed elementor-section-height-default elementor-section-height-default\" data-id=\"29fc28f\" data-element_type=\"section\">\n\t\t\t\t\t\t<div class=\"elementor-container elementor-column-gap-default\">\n\t\t\t\t\t<div class=\"elementor-column elementor-col-100 elementor-top-column elementor-element elementor-element-0f11d22\" data-id=\"0f11d22\" data-element_type=\"column\">\n\t\t\t<div class=\"elementor-widget-wrap elementor-element-populated\">\n\t\t\t\t\t\t<div class=\"elementor-element elementor-element-0440cc8 elementor-widget elementor-widget-text-editor\" data-id=\"0440cc8\" data-element_type=\"widget\" data-widget_type=\"text-editor.default\">\n\t\t\t\t<div class=\"elementor-widget-container\">\n\t\t\t\t\t\t\t<p>Performans Pazarlama bir internet i\u015fletmesinin, arac\u0131 bir reklam network\u00fc kullanarak, kendisine yeni m\u00fc\u015fteriler kazand\u0131ran alt yay\u0131nc\u0131lar\u0131n\u0131 \u00f6d\u00fcllendirdi\u011fi sistemdir. Reklamveren taraf\u0131ndan istenilen \u00fcyelik, sat\u0131\u015f, install, izleme gibi aksiyonlar ger\u00e7ekle\u015ftik\u00e7e herkesin kazand\u0131\u011f\u0131 bu model, sonu\u00e7 odakl\u0131 olmas\u0131 ve riskin minimum olmas\u0131 nedeniyle her ge\u00e7en g\u00fcn daha fazla tercih edilmektedir.<\/p><p><b>\u00dcyelik Kampanyalar\u0131<\/b><\/p><p>Her yeni \u00fcye i\u00e7in \u00f6deme yap\u0131lan kampanyalard\u0131r. Kampanyan\u0131n \u015fartlar\u0131na g\u00f6re Single Optin (tek onayl\u0131) veya Double Optin (\u00e7ift onayl\u0131) onay mekanizmas\u0131 ile kurulabilir. Reklam modeli olarak CPL (Cost Per Lead) olarak adland\u0131r\u0131l\u0131r.<\/p><p><b>Sat\u0131\u015f Kampanyalar\u0131<\/b><\/p><p>Ger\u00e7ekle\u015fen sat\u0131\u015f \u00fczerinden komisyon \u00f6demesi yap\u0131lan kampanyalard\u0131r. CPS (Cost Per Sales) olarak adland\u0131r\u0131l\u0131r.<\/p><p><b>Install Kampanyalar\u0131<\/b><\/p><p>Yaz\u0131l\u0131m ve uygulamalar\u0131n indirilip kurulmas\u0131 ba\u015f\u0131na \u00f6deme yap\u0131lan kampanyalard\u0131r. CPI (Cost Per Install) olarak adland\u0131r\u0131l\u0131r.<\/p><p><b>\u0130zleme Kampanyalar\u0131<\/b><\/p><p>Belirli bir video i\u00e7eri\u011fin izlenmesi ba\u015f\u0131na \u00f6deme yap\u0131lan kampanyalard\u0131r. CPV (Cost Per View) olarak adland\u0131r\u0131l\u0131r.<\/p>\t\t\t\t\t\t<\/div>\n\t\t\t\t<\/div>\n\t\t\t\t<div class=\"elementor-element elementor-element-ed8d4f7 elementor-widget elementor-widget-text-editor\" data-id=\"ed8d4f7\" data-element_type=\"widget\" data-widget_type=\"text-editor.default\">\n\t\t\t\t<div class=\"elementor-widget-container\">\n\t\t\t\t\t\t\t<h5 class=\"et_pb_toggle_title\">Avantajlar\u0131<\/h5><div class=\"et_pb_toggle_content clearfix\"><p><b>Sonu\u00e7 Odakl\u0131<\/b><\/p><p>Sadece belirlenen aksiyon \u00fczerinden \u00f6deme hak edi\u015fi sa\u011fland\u0131\u011f\u0131ndan yay\u0131nc\u0131lar sonu\u00e7 elde etmek i\u00e7in t\u00fcm tecr\u00fcbe ve yarat\u0131c\u0131l\u0131klar\u0131n\u0131 kullan\u0131rlar.<\/p><p><b>Y\u00fcksek Performans<\/b><\/p><p>\u00dcr\u00fcn ve hizmetlere en uygun hedef kitle belirlenir, sonu\u00e7lar optimize edilir ve performans artt\u0131r\u0131l\u0131r.<\/p><p><b>Minumum Risk<\/b><\/p><p>Ba\u015far\u0131 yoksa \u00f6deme de olmad\u0131\u011f\u0131 i\u00e7in performans bazl\u0131 reklamc\u0131l\u0131kta kaybeden taraf yoktur.<\/p><p><b>Y\u00fcksek Kazan\u00e7<\/b><\/p><p>\u00dcr\u00fcn\u00fc do\u011fru kitleye do\u011fru i\u00e7erikle anlatabilen yay\u0131nc\u0131lar geleneksel reklam modellerine (CPC,CPM) k\u0131yasla \u00e7ok daha y\u00fcksek kazan\u00e7lar elde ederler.<\/p><\/div>\t\t\t\t\t\t<\/div>\n\t\t\t\t<\/div>\n\t\t\t\t<div class=\"elementor-element elementor-element-07d394f elementor-widget elementor-widget-text-editor\" data-id=\"07d394f\" data-element_type=\"widget\" data-widget_type=\"text-editor.default\">\n\t\t\t\t<div class=\"elementor-widget-container\">\n\t\t\t\t\t\t\t<h5 class=\"et_pb_toggle_title\">Nas\u0131l Yap\u0131l\u0131r?<\/h5><div class=\"et_pb_toggle_content clearfix\"><p>Yay\u0131nc\u0131lar kampanyalardan sonu\u00e7 elde edebilmek i\u00e7in Reklamverenlerin izinleri dahilinde a\u015fa\u011f\u0131daki metodlar\u0131 kullan\u0131rlar.<\/p><ul><li>\u00dcr\u00fcne \u00f6zel yeni tan\u0131t\u0131m i\u00e7eri\u011fi yarat\u0131lan siteler<\/li><li>\u00dcr\u00fcn\u00fcn sosyal medya \u00fczerinden tan\u0131t\u0131m\u0131<\/li><li>Adwords, Facebook ve banner reklamlar\u0131<\/li><li>\u0130zinli e-posta pazarlamas\u0131<\/li><li>Te\u015fvik uygulamalar\u0131<\/li><\/ul><\/div>\t\t\t\t\t\t<\/div>\n\t\t\t\t<\/div>\n\t\t\t\t\t<\/div>\n\t\t<\/div>\n\t\t\t\t\t<\/div>\n\t\t<\/section>\n\t\t\t\t<\/div>\n\t\t","protected":false},"excerpt":{"rendered":"<p>Ana Sayfa &gt; Performans Pazarlama Performans Pazarlama Nedir? Performans Pazarlama bir internet i\u015fletmesinin, arac\u0131 bir reklam network\u00fc kullanarak, kendisine yeni m\u00fc\u015fteriler kazand\u0131ran alt yay\u0131nc\u0131lar\u0131n\u0131 \u00f6d\u00fcllendirdi\u011fi sistemdir. Reklamveren taraf\u0131ndan istenilen \u00fcyelik, sat\u0131\u015f, install, izleme gibi aksiyonlar ger\u00e7ekle\u015ftik\u00e7e herkesin kazand\u0131\u011f\u0131 bu model, sonu\u00e7 odakl\u0131 olmas\u0131 ve riskin minimum olmas\u0131 nedeniyle her ge\u00e7en g\u00fcn daha fazla tercih edilmektedir. [&hellip;]<\/p>\n","protected":false},"author":1,"featured_media":0,"parent":0,"menu_order":0,"comment_status":"closed","ping_status":"closed","template":"elementor_header_footer","meta":{"footnotes":""},"class_list":["post-88702","page","type-page","status-publish","hentry"],"_links":{"self":[{"href":"https:\/\/www.reklamstore.com\/tr\/wp-json\/wp\/v2\/pages\/88702","targetHints":{"allow":["GET"]}}],"collection":[{"href":"https:\/\/www.reklamstore.com\/tr\/wp-json\/wp\/v2\/pages"}],"about":[{"href":"https:\/\/www.reklamstore.com\/tr\/wp-json\/wp\/v2\/types\/page"}],"author":[{"embeddable":true,"href":"https:\/\/www.reklamstore.com\/tr\/wp-json\/wp\/v2\/users\/1"}],"replies":[{"embeddable":true,"href":"https:\/\/www.reklamstore.com\/tr\/wp-json\/wp\/v2\/comments?post=88702"}],"version-history":[{"count":0,"href":"https:\/\/www.reklamstore.com\/tr\/wp-json\/wp\/v2\/pages\/88702\/revisions"}],"wp:attachment":[{"href":"https:\/\/www.reklamstore.com\/tr\/wp-json\/wp\/v2\/media?parent=88702"}],"curies":[{"name":"wp","href":"https:\/\/api.w.org\/{rel}","templated":true}]}}