{"id":84416,"date":"2022-12-21T07:06:06","date_gmt":"2022-12-21T04:06:06","guid":{"rendered":"https:\/\/demo3.reklamstore.com\/bize-ulasin"},"modified":"2024-03-20T15:19:04","modified_gmt":"2024-03-20T12:19:04","slug":"bize-ulasin","status":"publish","type":"page","link":"https:\/\/www.reklamstore.com\/tr\/bize-ulasin","title":{"rendered":"Bize Ula\u015f\u0131n"},"content":{"rendered":"\t\t<div data-elementor-type=\"wp-page\" data-elementor-id=\"84416\" class=\"elementor elementor-84416 elementor-1265\" data-elementor-post-type=\"page\">\n\t\t\t\t\t\t<section class=\"elementor-section elementor-top-section elementor-element elementor-element-c7ca9fc elementor-section-boxed elementor-section-height-default elementor-section-height-default\" data-id=\"c7ca9fc\" data-element_type=\"section\" data-settings=\"{&quot;background_background&quot;:&quot;gradient&quot;}\">\n\t\t\t\t\t\t\t<div class=\"elementor-background-overlay\"><\/div>\n\t\t\t\t\t\t\t<div class=\"elementor-container elementor-column-gap-default\">\n\t\t\t\t\t<div class=\"elementor-column elementor-col-100 elementor-top-column elementor-element elementor-element-e79ba7a\" data-id=\"e79ba7a\" data-element_type=\"column\">\n\t\t\t<div class=\"elementor-widget-wrap elementor-element-populated\">\n\t\t\t\t\t\t<div class=\"elementor-element elementor-element-485c9ed elementor-invisible elementor-widget elementor-widget-heading\" data-id=\"485c9ed\" data-element_type=\"widget\" data-settings=\"{&quot;_animation&quot;:&quot;fadeInUp&quot;}\" data-widget_type=\"heading.default\">\n\t\t\t\t<div class=\"elementor-widget-container\">\n\t\t\t<h6 class=\"elementor-heading-title elementor-size-default\">Anasayfa &gt; \u0130leti\u015fim<\/h6>\t\t<\/div>\n\t\t\t\t<\/div>\n\t\t\t\t<div class=\"elementor-element elementor-element-7dda61a elementor-invisible elementor-widget elementor-widget-heading\" data-id=\"7dda61a\" data-element_type=\"widget\" data-settings=\"{&quot;_animation&quot;:&quot;fadeInUp&quot;,&quot;_animation_delay&quot;:100}\" data-widget_type=\"heading.default\">\n\t\t\t\t<div class=\"elementor-widget-container\">\n\t\t\t<h1 class=\"elementor-heading-title elementor-size-default\">Bize Ula\u015f\u0131n<\/h1>\t\t<\/div>\n\t\t\t\t<\/div>\n\t\t\t\t\t<\/div>\n\t\t<\/div>\n\t\t\t\t\t<\/div>\n\t\t<\/section>\n\t\t\t\t<section class=\"elementor-section elementor-top-section elementor-element elementor-element-f44fbfd elementor-section-boxed elementor-section-height-default elementor-section-height-default\" data-id=\"f44fbfd\" data-element_type=\"section\">\n\t\t\t\t\t\t<div class=\"elementor-container elementor-column-gap-default\">\n\t\t\t\t\t<div class=\"elementor-column elementor-col-100 elementor-top-column elementor-element elementor-element-92728d9\" data-id=\"92728d9\" data-element_type=\"column\">\n\t\t\t<div class=\"elementor-widget-wrap elementor-element-populated\">\n\t\t\t\t\t\t<div class=\"elementor-element elementor-element-2986fc1 elementor-widget__width-initial elementor-widget-mobile__width-inherit elementor-widget elementor-widget-shortcode\" data-id=\"2986fc1\" data-element_type=\"widget\" data-widget_type=\"shortcode.default\">\n\t\t\t\t<div class=\"elementor-widget-container\">\n\t\t\t\t\t<div class=\"elementor-shortcode\">\n<div class=\"wpcf7 no-js\" id=\"wpcf7-f86757-o1\" lang=\"en-US\" dir=\"ltr\" data-wpcf7-id=\"86757\">\n<div class=\"screen-reader-response\"><p role=\"status\" aria-live=\"polite\" aria-atomic=\"true\"><\/p> <ul><\/ul><\/div>\n<form action=\"\/tr\/wp-json\/wp\/v2\/pages\/84416#wpcf7-f86757-o1\" method=\"post\" class=\"wpcf7-form init\" aria-label=\"Contact form\" novalidate=\"novalidate\" data-status=\"init\">\n<div style=\"display: none;\">\n<input type=\"hidden\" name=\"_wpcf7\" value=\"86757\" \/>\n<input type=\"hidden\" name=\"_wpcf7_version\" value=\"6.0.6\" \/>\n<input type=\"hidden\" name=\"_wpcf7_locale\" value=\"en_US\" \/>\n<input type=\"hidden\" name=\"_wpcf7_unit_tag\" value=\"wpcf7-f86757-o1\" \/>\n<input type=\"hidden\" name=\"_wpcf7_container_post\" value=\"0\" \/>\n<input type=\"hidden\" name=\"_wpcf7_posted_data_hash\" value=\"\" \/>\n<input type=\"hidden\" name=\"_wpcf7cf_hidden_group_fields\" value=\"[]\" \/>\n<input type=\"hidden\" name=\"_wpcf7cf_hidden_groups\" value=\"[]\" \/>\n<input type=\"hidden\" name=\"_wpcf7cf_visible_groups\" value=\"[]\" \/>\n<input type=\"hidden\" name=\"_wpcf7cf_repeaters\" value=\"[]\" \/>\n<input type=\"hidden\" name=\"_wpcf7cf_steps\" value=\"{}\" \/>\n<input type=\"hidden\" name=\"_wpcf7cf_options\" value=\"{&quot;form_id&quot;:86757,&quot;conditions&quot;:[{&quot;then_field&quot;:&quot;ReklamverenimGrp&quot;,&quot;and_rules&quot;:[{&quot;if_field&quot;:&quot;question1&quot;,&quot;operator&quot;:&quot;equals&quot;,&quot;if_value&quot;:&quot;Reklamverenim \\\/ Marka y\\u00f6neticisiyim&quot;}]},{&quot;then_field&quot;:&quot;AjansimGrp&quot;,&quot;and_rules&quot;:[{&quot;if_field&quot;:&quot;question1&quot;,&quot;operator&quot;:&quot;equals&quot;,&quot;if_value&quot;:&quot;Ajans\\u0131m&quot;}]},{&quot;then_field&quot;:&quot;YayinciyimGrp&quot;,&quot;and_rules&quot;:[{&quot;if_field&quot;:&quot;question1&quot;,&quot;operator&quot;:&quot;equals&quot;,&quot;if_value&quot;:&quot;Yay\\u0131nc\\u0131y\\u0131m&quot;}]},{&quot;then_field&quot;:&quot;InfluencerimGrp&quot;,&quot;and_rules&quot;:[{&quot;if_field&quot;:&quot;question1&quot;,&quot;operator&quot;:&quot;equals&quot;,&quot;if_value&quot;:&quot;Influencer\\u0131m \\\/ \\u0130\\u00e7erik \\u00dcreticisiyim&quot;}]},{&quot;then_field&quot;:&quot;Reklam-NetworkuyumGrp&quot;,&quot;and_rules&quot;:[{&quot;if_field&quot;:&quot;question1&quot;,&quot;operator&quot;:&quot;equals&quot;,&quot;if_value&quot;:&quot;Reklam Network\\u00fcy\\u00fcm&quot;}]},{&quot;then_field&quot;:&quot;AdtechGrp&quot;,&quot;and_rules&quot;:[{&quot;if_field&quot;:&quot;question1&quot;,&quot;operator&quot;:&quot;equals&quot;,&quot;if_value&quot;:&quot;Adtech \\\/ Servis Sa\\u011flay\\u0131c\\u0131y\\u0131m&quot;}]},{&quot;then_field&quot;:&quot;DigerGrp&quot;,&quot;and_rules&quot;:[{&quot;if_field&quot;:&quot;question1&quot;,&quot;operator&quot;:&quot;equals&quot;,&quot;if_value&quot;:&quot;Di\\u011fer&quot;}]}],&quot;settings&quot;:{&quot;animation&quot;:&quot;no&quot;,&quot;animation_intime&quot;:&quot;200&quot;,&quot;animation_outtime&quot;:&quot;200&quot;,&quot;conditions_ui&quot;:&quot;normal&quot;,&quot;notice_dismissed&quot;:&quot;&quot;,&quot;notice_dismissed_rollback-cf7-5.8.5&quot;:true,&quot;notice_dismissed_rollback-cf7-5.8.6&quot;:true,&quot;notice_dismissed_rollback-cf7-5.8.7&quot;:true,&quot;notice_dismissed_rollback-cf7-5.9.5&quot;:true}}\" \/>\n<input type=\"hidden\" name=\"_wpcf7_recaptcha_response\" value=\"\" \/>\n<\/div>\n<div class=\"container\">\n\t<div class=\"row\">\n\t\t<div class=\"col-md-12\">\n\t\t\t<div class=\"row\">\n\t\t\t\t<div class=\"col-md-12\">\n\t\t\t\t\t<div class=\"form-group\">\n\t\t\t\t\t\t<p><span class=\"wpcf7-form-control-wrap\" data-name=\"fullname\"><input size=\"40\" maxlength=\"400\" class=\"wpcf7-form-control wpcf7-text wpcf7-validates-as-required form-control\" aria-required=\"true\" aria-invalid=\"false\" placeholder=\"Ad Soyad *\" value=\"\" type=\"text\" name=\"fullname\" \/><\/span>\n\t\t\t\t\t\t<\/p>\n\t\t\t\t\t<\/div>\n\t\t\t\t<\/div>\n\t\t\t\t<div class=\"col-md-12\">\n\t\t\t\t\t<div class=\"form-group\">\n\t\t\t\t\t\t<p><span class=\"wpcf7-form-control-wrap\" data-name=\"email\"><input size=\"40\" maxlength=\"400\" class=\"wpcf7-form-control wpcf7-email wpcf7-validates-as-required wpcf7-text wpcf7-validates-as-email form-control\" aria-required=\"true\" aria-invalid=\"false\" placeholder=\"Email*\" value=\"\" type=\"email\" name=\"email\" \/><\/span>\n\t\t\t\t\t\t<\/p>\n\t\t\t\t\t<\/div>\n\t\t\t\t<\/div>\n\t\t\t\t<div class=\"col-md-12\">\n\t\t\t\t\t<div class=\"form-group\">\n\t\t\t\t\t\t<p><span class=\"wpcf7-form-control-wrap\" data-name=\"phone\"><input size=\"40\" maxlength=\"400\" class=\"wpcf7-form-control wpcf7-text form-control\" aria-invalid=\"false\" placeholder=\"Telefon\" value=\"\" type=\"text\" name=\"phone\" \/><\/span>\n\t\t\t\t\t\t<\/p>\n\t\t\t\t\t<\/div>\n\t\t\t\t<\/div>\n\t\t\t\t<div class=\"col-md-12\">\n\t\t\t\t\t<div class=\"form-group\">\n\t\t\t\t\t\t<p><span class=\"wpcf7-form-control-wrap\" data-name=\"company\"><input size=\"40\" maxlength=\"400\" class=\"wpcf7-form-control wpcf7-text wpcf7-validates-as-required form-control\" aria-required=\"true\" aria-invalid=\"false\" placeholder=\"Website*\" value=\"\" type=\"text\" name=\"company\" \/><\/span>\n\t\t\t\t\t\t<\/p>\n\t\t\t\t\t<\/div>\n\t\t\t\t<\/div>\n\t\t\t<\/div>\n\t\t\t<div class=\"row\">\n\t\t\t\t<div class=\"col-md-12\">\n\t\t\t\t\t<div class=\"form-group\">\n\t\t\t\t\t\t<p><span class=\"wpcf7-form-control-wrap\" data-name=\"question1\"><select class=\"wpcf7-form-control wpcf7-select wpcf7-validates-as-required form-control\" aria-required=\"true\" aria-invalid=\"false\" name=\"question1\"><option value=\"\">&#8212;Please choose an option&#8212;<\/option><option value=\"Reklamverenim \/ Marka y\u00f6neticisiyim\">Reklamverenim \/ Marka y\u00f6neticisiyim<\/option><option value=\"Ajans\u0131m\">Ajans\u0131m<\/option><option value=\"Yay\u0131nc\u0131y\u0131m\">Yay\u0131nc\u0131y\u0131m<\/option><option value=\"Influencer\u0131m \/ \u0130\u00e7erik \u00dcreticisiyim\">Influencer\u0131m \/ \u0130\u00e7erik \u00dcreticisiyim<\/option><option value=\"Reklam Network\u00fcy\u00fcm\">Reklam Network\u00fcy\u00fcm<\/option><option value=\"Adtech \/ Servis Sa\u011flay\u0131c\u0131y\u0131m\">Adtech \/ Servis Sa\u011flay\u0131c\u0131y\u0131m<\/option><option value=\"Di\u011fer\">Di\u011fer<\/option><\/select><\/span>\n\t\t\t\t\t\t<\/p>\n\t\t\t\t\t\t<div data-id=\"ReklamverenimGrp\" data-orig_data_id=\"ReklamverenimGrp\"  data-class=\"wpcf7cf_group\">\n\t\t\t\t\t\t\t<p><span class=\"wpcf7-form-control-wrap\" data-name=\"Reklamverenim\"><select class=\"wpcf7-form-control wpcf7-select wpcf7-validates-as-required form-control\" aria-required=\"true\" aria-invalid=\"false\" name=\"Reklamverenim\"><option value=\"\">&#8212;Please choose an option&#8212;<\/option><option value=\"Programatik Reklam Yay\u0131n\u0131\">Programatik Reklam Yay\u0131n\u0131<\/option><option value=\"Mobil Uygulama \u0130ndirme \/ D\u00f6n\u00fc\u015f\u00fcm Kampanyas\u0131\">Mobil Uygulama \u0130ndirme \/ D\u00f6n\u00fc\u015f\u00fcm Kampanyas\u0131<\/option><option value=\"Sat\u0131\u015f Ortakl\u0131\u011f\u0131 \/ Lead Toplama Kampanyas\u0131\">Sat\u0131\u015f Ortakl\u0131\u011f\u0131 \/ Lead Toplama Kampanyas\u0131<\/option><option value=\"Influencer \u0130\u015fbirlikleri\">Influencer \u0130\u015fbirlikleri<\/option><option value=\"UGC Stili Sosyal Medyaya Uygun Reklam Videolar\u0131\">UGC Stili Sosyal Medyaya Uygun Reklam Videolar\u0131<\/option><option value=\"Self-Servis Reklam Paneli ile Sat\u0131n Alma\">Self-Servis Reklam Paneli ile Sat\u0131n Alma<\/option><option value=\"Google \/ Facebook Reklamc\u0131l\u0131\u011f\u0131\">Google \/ Facebook Reklamc\u0131l\u0131\u011f\u0131<\/option><option value=\"Markam\u0131za \u00d6zel Payla\u015f &amp; Kazan \/ Referans A\u011f\">Markam\u0131za \u00d6zel Payla\u015f &amp; Kazan \/ Referans A\u011f<\/option><option value=\"Genel Bilgi\">Genel Bilgi<\/option><\/select><\/span>\n\t\t\t\t\t\t\t<\/p>\n\t\t\t\t\t\t<\/div>\n\t\t\t\t\t\t<div data-id=\"AjansimGrp\" data-orig_data_id=\"AjansimGrp\"  data-class=\"wpcf7cf_group\">\n\t\t\t\t\t\t\t<p><span class=\"wpcf7-form-control-wrap\" data-name=\"Ajansim\"><select class=\"wpcf7-form-control wpcf7-select wpcf7-validates-as-required form-control\" aria-required=\"true\" aria-invalid=\"false\" name=\"Ajansim\"><option value=\"\">&#8212;Please choose an option&#8212;<\/option><option value=\"Programatik Reklam Yay\u0131n\u0131\">Programatik Reklam Yay\u0131n\u0131<\/option><option value=\"Mobil Uygulama \u0130ndirme \/ D\u00f6n\u00fc\u015f\u00fcm Kampanyas\u0131\">Mobil Uygulama \u0130ndirme \/ D\u00f6n\u00fc\u015f\u00fcm Kampanyas\u0131<\/option><option value=\"Sat\u0131\u015f Ortakl\u0131\u011f\u0131 \/ Lead Toplama Kampanyas\u0131\">Sat\u0131\u015f Ortakl\u0131\u011f\u0131 \/ Lead Toplama Kampanyas\u0131<\/option><option value=\"Influencer \u0130\u015fbirlikleri\">Influencer \u0130\u015fbirlikleri<\/option><option value=\"UGC Stili Sosyal Medyaya Uygun Reklam Videolar\u0131\">UGC Stili Sosyal Medyaya Uygun Reklam Videolar\u0131<\/option><option value=\"Self-Servis Reklam Paneli ile Sat\u0131n Alma\">Self-Servis Reklam Paneli ile Sat\u0131n Alma<\/option><option value=\"Google \/ Facebook Reklamc\u0131l\u0131\u011f\u0131\">Google \/ Facebook Reklamc\u0131l\u0131\u011f\u0131<\/option><option value=\"Markam\u0131za \u00d6zel Payla\u015f &amp; Kazan \/ Referans A\u011f\u0131\">Markam\u0131za \u00d6zel Payla\u015f &amp; Kazan \/ Referans A\u011f\u0131<\/option><option value=\"Genel Bilgi\">Genel Bilgi<\/option><\/select><\/span>\n\t\t\t\t\t\t\t<\/p>\n\t\t\t\t\t\t<\/div>\n\t\t\t\t\t\t<div data-id=\"YayinciyimGrp\" data-orig_data_id=\"YayinciyimGrp\"  data-class=\"wpcf7cf_group\">\n\t\t\t\t\t\t\t<p><span class=\"wpcf7-form-control-wrap\" data-name=\"Yayinciyim\"><select class=\"wpcf7-form-control wpcf7-select wpcf7-validates-as-required form-control\" aria-required=\"true\" aria-invalid=\"false\" name=\"Yayinciyim\"><option value=\"\">&#8212;Please choose an option&#8212;<\/option><option value=\"Sitemdeki G\u00f6r\u00fcnt\u00fcl\u00fc Reklam Alanlar\u0131ndan Gelir\">Sitemdeki G\u00f6r\u00fcnt\u00fcl\u00fc Reklam Alanlar\u0131ndan Gelir<\/option><option value=\"Sitemden \u0130\u00e7erik Payla\u015f\u0131mlar\u0131 ile D\u00f6n\u00fc\u015f\u00fcm Ba\u015f\u0131 Gelir\">Sitemden \u0130\u00e7erik Payla\u015f\u0131mlar\u0131 ile D\u00f6n\u00fc\u015f\u00fcm Ba\u015f\u0131 Gelir<\/option><option value=\"Sosyal Medya ve Email Eri\u015fimlerim ile D\u00f6n\u00fc\u015f\u00fcm Ba\u015f\u0131 Gelir\">Sosyal Medya ve Email Eri\u015fimlerim ile D\u00f6n\u00fc\u015f\u00fcm Ba\u015f\u0131 Gelir<\/option><option value=\"Sosyal Medya Hesaplar\u0131mdan \u0130\u015f Birli\u011fi Kampanyalar\u0131\">Sosyal Medya Hesaplar\u0131mdan \u0130\u015f Birli\u011fi Kampanyalar\u0131<\/option><\/select><\/span>\n\t\t\t\t\t\t\t<\/p>\n\t\t\t\t\t\t<\/div>\n\t\t\t\t\t\t<div data-id=\"InfluencerimGrp\" data-orig_data_id=\"InfluencerimGrp\"  data-class=\"wpcf7cf_group\">\n\t\t\t\t\t\t\t<p><span class=\"wpcf7-form-control-wrap\" data-name=\"Influencerim\"><select class=\"wpcf7-form-control wpcf7-select wpcf7-validates-as-required form-control\" aria-required=\"true\" aria-invalid=\"false\" name=\"Influencerim\"><option value=\"\">&#8212;Please choose an option&#8212;<\/option><option value=\"Sosyal Medya Hesaplar\u0131mdan \u0130\u015f Birli\u011fi Kampanyalar\u0131\">Sosyal Medya Hesaplar\u0131mdan \u0130\u015f Birli\u011fi Kampanyalar\u0131<\/option><option value=\"Markalara \u00d6zel \u0130\u00e7erik \u00dcreterek Gelir\">Markalara \u00d6zel \u0130\u00e7erik \u00dcreterek Gelir<\/option><option value=\"Sosyal Medya Hesaplar\u0131mdan D\u00f6n\u00fc\u015f\u00fcm Ba\u015f\u0131 Gelir\">Sosyal Medya Hesaplar\u0131mdan D\u00f6n\u00fc\u015f\u00fcm Ba\u015f\u0131 Gelir<\/option><\/select><\/span>\n\t\t\t\t\t\t\t<\/p>\n\t\t\t\t\t\t<\/div>\n\t\t\t\t\t\t<div data-id=\"Reklam-NetworkuyumGrp\" data-orig_data_id=\"Reklam-NetworkuyumGrp\"  data-class=\"wpcf7cf_group\">\n\t\t\t\t\t\t\t<p><span class=\"wpcf7-form-control-wrap\" data-name=\"Reklam-Networkuyum\"><select class=\"wpcf7-form-control wpcf7-select wpcf7-validates-as-required form-control\" aria-required=\"true\" aria-invalid=\"false\" name=\"Reklam-Networkuyum\"><option value=\"\">&#8212;Please choose an option&#8212;<\/option><option value=\"RTB ba\u011flant\u0131s\u0131\">RTB ba\u011flant\u0131s\u0131<\/option><option value=\"XML Ba\u011flant\u0131s\u0131\">XML Ba\u011flant\u0131s\u0131<\/option><option value=\"Tag Bazl\u0131 Ba\u011flant\u0131\">Tag Bazl\u0131 Ba\u011flant\u0131<\/option><\/select><\/span>\n\t\t\t\t\t\t\t<\/p>\n\t\t\t\t\t\t<\/div>\n\t\t\t\t\t\t<div data-id=\"AdtechGrp\" data-orig_data_id=\"AdtechGrp\"  data-class=\"wpcf7cf_group\">\n\t\t\t\t\t\t\t<p><span class=\"wpcf7-form-control-wrap\" data-name=\"Adtech\"><select class=\"wpcf7-form-control wpcf7-select wpcf7-validates-as-required form-control\" aria-required=\"true\" aria-invalid=\"false\" name=\"Adtech\"><option value=\"\">&#8212;Please choose an option&#8212;<\/option><option value=\"Programatik Al\u0131m \/ Sat\u0131m\">Programatik Al\u0131m \/ Sat\u0131m<\/option><option value=\"Affiliate Reklam Modelleri\">Affiliate Reklam Modelleri<\/option><option value=\"Infleuncer Reklamc\u0131l\u0131\u011f\u0131\">Infleuncer Reklamc\u0131l\u0131\u011f\u0131<\/option><option value=\"Data\">Data<\/option><option value=\"Di\u011fer\">Di\u011fer<\/option><\/select><\/span>\n\t\t\t\t\t\t\t<\/p>\n\t\t\t\t\t\t<\/div>\n\t\t\t\t\t\t<div data-id=\"DigerGrp\" data-orig_data_id=\"DigerGrp\"  data-class=\"wpcf7cf_group\">\n\t\t\t\t\t\t\t<p><span class=\"wpcf7-form-control-wrap\" data-name=\"Diger\"><select class=\"wpcf7-form-control wpcf7-select wpcf7-validates-as-required form-control\" aria-required=\"true\" aria-invalid=\"false\" name=\"Diger\"><option value=\"\">&#8212;Please choose an option&#8212;<\/option><option value=\"\u0130leti\u015fim\">\u0130leti\u015fim<\/option><\/select><\/span>\n\t\t\t\t\t\t\t<\/p>\n\t\t\t\t\t\t<\/div>\n\t\t\t\t\t<\/div>\n\t\t\t\t<\/div>\n\t\t\t<\/div>\n\t\t\t<div class=\"row\">\n\t\t\t\t<div class=\"col-md-12\">\n\t\t\t\t\t<div class=\"form-group\">\n\t\t\t\t\t\t<p><span class=\"wpcf7-form-control-wrap\" data-name=\"Message\"><textarea cols=\"10\" rows=\"4\" maxlength=\"2000\" class=\"wpcf7-form-control wpcf7-textarea wpcf7-validates-as-required form-control\" aria-required=\"true\" aria-invalid=\"false\" placeholder=\"Mesaj*\" name=\"Message\"><\/textarea><\/span>\n\t\t\t\t\t\t<\/p>\n\t\t\t\t\t<\/div>\n\t\t\t\t<\/div>\n\t\t\t<\/div>\n\t\t\t<p><input class=\"wpcf7-form-control wpcf7-submit has-spinner btn btn-success btn-lg btn-block btn-sm\" type=\"submit\" value=\"G\u00f6nder\" \/>\n\t\t\t<\/p>\n\t\t<\/div>\n\t<\/div>\n<\/div><div class=\"wpcf7-response-output\" aria-hidden=\"true\"><\/div>\n<\/form>\n<\/div>\n<\/div>\n\t\t\t\t<\/div>\n\t\t\t\t<\/div>\n\t\t\t\t\t<\/div>\n\t\t<\/div>\n\t\t\t\t\t<\/div>\n\t\t<\/section>\n\t\t\t\t<section class=\"elementor-section elementor-top-section elementor-element elementor-element-4eab71d elementor-section-boxed elementor-section-height-default elementor-section-height-default\" data-id=\"4eab71d\" data-element_type=\"section\">\n\t\t\t\t\t\t<div class=\"elementor-container elementor-column-gap-default\">\n\t\t\t\t\t<div class=\"elementor-column elementor-col-100 elementor-top-column elementor-element elementor-element-c4e9ef6\" data-id=\"c4e9ef6\" data-element_type=\"column\">\n\t\t\t<div class=\"elementor-widget-wrap elementor-element-populated\">\n\t\t\t\t\t\t<section class=\"elementor-section elementor-inner-section elementor-element elementor-element-7dc41681 elementor-section-full_width elementor-section-height-default elementor-section-height-default\" data-id=\"7dc41681\" data-element_type=\"section\" data-settings=\"{&quot;background_background&quot;:&quot;classic&quot;}\">\n\t\t\t\t\t\t<div class=\"elementor-container elementor-column-gap-no\">\n\t\t\t\t\t<div class=\"elementor-column elementor-col-50 elementor-inner-column elementor-element elementor-element-364fff76\" data-id=\"364fff76\" data-element_type=\"column\">\n\t\t\t<div class=\"elementor-widget-wrap elementor-element-populated\">\n\t\t\t\t\t\t<div class=\"elementor-element elementor-element-48dd8917 elementor-widget elementor-widget-heading\" data-id=\"48dd8917\" data-element_type=\"widget\" data-widget_type=\"heading.default\">\n\t\t\t\t<div class=\"elementor-widget-container\">\n\t\t\t<h2 class=\"elementor-heading-title elementor-size-default\">Bize Ula\u015f\u0131n<\/h2>\t\t<\/div>\n\t\t\t\t<\/div>\n\t\t\t\t<div class=\"elementor-element elementor-element-5cce67e5 elementor-position-left cntct-us-imgbox elementor-vertical-align-top elementor-widget elementor-widget-image-box\" data-id=\"5cce67e5\" data-element_type=\"widget\" data-widget_type=\"image-box.default\">\n\t\t\t\t<div class=\"elementor-widget-container\">\n\t\t\t<div class=\"elementor-image-box-wrapper\"><figure class=\"elementor-image-box-img\"><img decoding=\"async\" src=\"https:\/\/www.reklamstore.com\/wp-content\/uploads\/2022\/12\/conAtc-icon.svg\" title=\"conAtc-icon.svg\" alt=\"conAtc-icon.svg\" loading=\"lazy\" \/><\/figure><div class=\"elementor-image-box-content\"><div class=\"elementor-image-box-title\">HQ (Istanbul)<\/div><p class=\"elementor-image-box-description\"><b>Adres:<\/b> Ye\u015filce Mah. Diken Sokak No: 4 Beyazhan\nKat:4 4.Levent \/ \u0130STANBUL<\/p><\/div><\/div>\t\t<\/div>\n\t\t\t\t<\/div>\n\t\t\t\t<div class=\"elementor-element elementor-element-3475866 elementor-position-left cntct-us-imgbox elementor-vertical-align-top elementor-widget elementor-widget-image-box\" data-id=\"3475866\" data-element_type=\"widget\" data-widget_type=\"image-box.default\">\n\t\t\t\t<div class=\"elementor-widget-container\">\n\t\t\t<div class=\"elementor-image-box-wrapper\"><figure class=\"elementor-image-box-img\"><img decoding=\"async\" src=\"https:\/\/www.reklamstore.com\/wp-content\/uploads\/2022\/12\/conAtc-icon.svg\" title=\"conAtc-icon.svg\" alt=\"conAtc-icon.svg\" loading=\"lazy\" \/><\/figure><div class=\"elementor-image-box-content\"><div class=\"elementor-image-box-title\">Dubai Ofisi<\/div><p class=\"elementor-image-box-description\"><b>Adres: Unit No:<\/b> RET-R5-072 Detached Retail R5 Plot No: JLT-PH2-RET-R5 Jumeirah Lakes Towers Dubai United Arab Emirates<\/p><\/div><\/div>\t\t<\/div>\n\t\t\t\t<\/div>\n\t\t\t\t<div class=\"elementor-element elementor-element-f95aa25 elementor-position-left cntct-us-imgbox elementor-vertical-align-top elementor-widget elementor-widget-image-box\" data-id=\"f95aa25\" data-element_type=\"widget\" data-widget_type=\"image-box.default\">\n\t\t\t\t<div class=\"elementor-widget-container\">\n\t\t\t<div class=\"elementor-image-box-wrapper\"><figure class=\"elementor-image-box-img\"><img decoding=\"async\" src=\"https:\/\/www.reklamstore.com\/wp-content\/uploads\/2022\/12\/conAtc-icon.svg\" title=\"conAtc-icon.svg\" alt=\"conAtc-icon.svg\" loading=\"lazy\" \/><\/figure><div class=\"elementor-image-box-content\"><div class=\"elementor-image-box-title\">Estonya Ofisi<\/div><p class=\"elementor-image-box-description\"><b>ReklamStore Europe O\u00dc<\/b><br>\n<b>Adres:<\/b> Registration #: 16350937 Harju maakond, Tallinn, Lasnam\u00e4e linnaosa, L\u00f5\u00f5tsa tn 2a, 11415 Estonia<\/p><\/div><\/div>\t\t<\/div>\n\t\t\t\t<\/div>\n\t\t\t\t<div class=\"elementor-element elementor-element-d1ebbe6 elementor-position-left cntct-us-imgbox elementor-vertical-align-top elementor-widget elementor-widget-image-box\" data-id=\"d1ebbe6\" data-element_type=\"widget\" data-widget_type=\"image-box.default\">\n\t\t\t\t<div class=\"elementor-widget-container\">\n\t\t\t<div class=\"elementor-image-box-wrapper\"><figure class=\"elementor-image-box-img\"><img decoding=\"async\" src=\"https:\/\/www.reklamstore.com\/wp-content\/uploads\/2022\/12\/contc-icon-1.svg\" title=\"contc-icon-1.svg\" alt=\"contc-icon-1.svg\" loading=\"lazy\" \/><\/figure><div class=\"elementor-image-box-content\"><div class=\"elementor-image-box-title\">Email: <\/div><p class=\"elementor-image-box-description\">sales@reklamstore.com<\/p><\/div><\/div>\t\t<\/div>\n\t\t\t\t<\/div>\n\t\t\t\t<div class=\"elementor-element elementor-element-2deb0646 elementor-position-left cntct-us-imgbox elementor-vertical-align-top elementor-widget elementor-widget-image-box\" data-id=\"2deb0646\" data-element_type=\"widget\" data-widget_type=\"image-box.default\">\n\t\t\t\t<div class=\"elementor-widget-container\">\n\t\t\t<div class=\"elementor-image-box-wrapper\"><figure class=\"elementor-image-box-img\"><img decoding=\"async\" width=\"88\" height=\"88\" src=\"https:\/\/www.reklamstore.com\/wp-content\/uploads\/2022\/12\/contc-icon-2.svg\" class=\"attachment-full size-full wp-image-1270\" alt=\"\" \/><\/figure><div class=\"elementor-image-box-content\"><div class=\"elementor-image-box-title\">Telefon No: <\/div><p class=\"elementor-image-box-description\">+90 (212) 284 44 49<\/p><\/div><\/div>\t\t<\/div>\n\t\t\t\t<\/div>\n\t\t\t\t<div class=\"elementor-element elementor-element-93e17b2 elementor-position-left cntct-us-imgbox elementor-vertical-align-top elementor-widget elementor-widget-image-box\" data-id=\"93e17b2\" data-element_type=\"widget\" data-widget_type=\"image-box.default\">\n\t\t\t\t<div class=\"elementor-widget-container\">\n\t\t\t<div class=\"elementor-image-box-wrapper\"><figure class=\"elementor-image-box-img\"><img decoding=\"async\" width=\"88\" height=\"88\" src=\"https:\/\/www.reklamstore.com\/wp-content\/uploads\/2022\/12\/contc-icon-2.svg\" class=\"attachment-full size-full wp-image-1270\" alt=\"\" \/><\/figure><div class=\"elementor-image-box-content\"><div class=\"elementor-image-box-title\">Fax: <\/div><p class=\"elementor-image-box-description\">+90 (212) 279 86 79<\/p><\/div><\/div>\t\t<\/div>\n\t\t\t\t<\/div>\n\t\t\t\t\t<\/div>\n\t\t<\/div>\n\t\t\t\t<div class=\"elementor-column elementor-col-50 elementor-inner-column elementor-element elementor-element-2475883\" data-id=\"2475883\" data-element_type=\"column\">\n\t\t\t<div class=\"elementor-widget-wrap elementor-element-populated\">\n\t\t\t\t\t\t<div class=\"elementor-element elementor-element-2f6010d elementor-widget elementor-widget-html\" data-id=\"2f6010d\" data-element_type=\"widget\" data-widget_type=\"html.default\">\n\t\t\t\t<div class=\"elementor-widget-container\">\n\t\t\t<iframe src=\"https:\/\/www.google.com\/maps\/embed?pb=!1m14!1m8!1m3!1d6013.760043128874!2d29.00406!3d41.093468!3m2!1i1024!2i768!4f13.1!3m3!1m2!1s0x14cab67c1913a4cf%3A0x58fc371614abfa92!2sReklamStore!5e0!3m2!1str!2sus!4v1696940142259!5m2!1str!2sus\" width=\"600\" height=\"650\" style=\"border:0;\" allowfullscreen=\"\" loading=\"lazy\" referrerpolicy=\"no-referrer-when-downgrade\">\n    \n<\/iframe>\t\t<\/div>\n\t\t\t\t<\/div>\n\t\t\t\t\t<\/div>\n\t\t<\/div>\n\t\t\t\t\t<\/div>\n\t\t<\/section>\n\t\t\t\t\t<\/div>\n\t\t<\/div>\n\t\t\t\t\t<\/div>\n\t\t<\/section>\n\t\t\t\t<\/div>\n\t\t","protected":false},"excerpt":{"rendered":"<p>Anasayfa &gt; \u0130leti\u015fim Bize Ula\u015f\u0131n Bize Ula\u015f\u0131n HQ (Istanbul) Adres: Ye\u015filce Mah. Diken Sokak No: 4 Beyazhan Kat:4 4.Levent \/ \u0130STANBUL Dubai Ofisi Adres: Unit No: RET-R5-072 Detached Retail R5 Plot No: JLT-PH2-RET-R5 Jumeirah Lakes Towers Dubai United Arab Emirates Estonya Ofisi ReklamStore Europe O\u00dc Adres: Registration #: 16350937 Harju maakond, Tallinn, Lasnam\u00e4e linnaosa, L\u00f5\u00f5tsa [&hellip;]<\/p>\n","protected":false},"author":1,"featured_media":0,"parent":0,"menu_order":0,"comment_status":"closed","ping_status":"closed","template":"elementor_header_footer","meta":{"footnotes":""},"class_list":["post-84416","page","type-page","status-publish","hentry"],"_links":{"self":[{"href":"https:\/\/www.reklamstore.com\/tr\/wp-json\/wp\/v2\/pages\/84416","targetHints":{"allow":["GET"]}}],"collection":[{"href":"https:\/\/www.reklamstore.com\/tr\/wp-json\/wp\/v2\/pages"}],"about":[{"href":"https:\/\/www.reklamstore.com\/tr\/wp-json\/wp\/v2\/types\/page"}],"author":[{"embeddable":true,"href":"https:\/\/www.reklamstore.com\/tr\/wp-json\/wp\/v2\/users\/1"}],"replies":[{"embeddable":true,"href":"https:\/\/www.reklamstore.com\/tr\/wp-json\/wp\/v2\/comments?post=84416"}],"version-history":[{"count":0,"href":"https:\/\/www.reklamstore.com\/tr\/wp-json\/wp\/v2\/pages\/84416\/revisions"}],"wp:attachment":[{"href":"https:\/\/www.reklamstore.com\/tr\/wp-json\/wp\/v2\/media?parent=84416"}],"curies":[{"name":"wp","href":"https:\/\/api.w.org\/{rel}","templated":true}]}}