{"id":82864,"date":"2023-10-25T14:36:40","date_gmt":"2023-10-25T11:36:40","guid":{"rendered":"https:\/\/demo3.reklamstore.com\/yayinci"},"modified":"2023-11-15T18:52:56","modified_gmt":"2023-11-15T15:52:56","slug":"yayinci","status":"publish","type":"page","link":"https:\/\/www.reklamstore.com\/tr\/yayinci","title":{"rendered":"Yay\u0131nc\u0131"},"content":{"rendered":"\t\t<div data-elementor-type=\"wp-page\" data-elementor-id=\"82864\" class=\"elementor elementor-82864 elementor-79265\" data-elementor-post-type=\"page\">\n\t\t\t\t\t\t<section class=\"elementor-section elementor-top-section elementor-element elementor-element-4cf934a elementor-section-boxed elementor-section-height-default elementor-section-height-default\" data-id=\"4cf934a\" data-element_type=\"section\" data-settings=\"{&quot;background_background&quot;:&quot;gradient&quot;}\">\n\t\t\t\t\t\t\t<div class=\"elementor-background-overlay\"><\/div>\n\t\t\t\t\t\t\t<div class=\"elementor-container elementor-column-gap-default\">\n\t\t\t\t\t<div class=\"elementor-column elementor-col-100 elementor-top-column elementor-element elementor-element-1d9f455\" data-id=\"1d9f455\" data-element_type=\"column\">\n\t\t\t<div class=\"elementor-widget-wrap elementor-element-populated\">\n\t\t\t\t\t\t<div class=\"elementor-element elementor-element-9ae88b9 elementor-invisible elementor-widget elementor-widget-heading\" data-id=\"9ae88b9\" data-element_type=\"widget\" data-settings=\"{&quot;_animation&quot;:&quot;fadeInUp&quot;}\" data-widget_type=\"heading.default\">\n\t\t\t\t<div class=\"elementor-widget-container\">\n\t\t\t<h6 class=\"elementor-heading-title elementor-size-default\">Ana Sayfa &gt; Yay\u0131nc\u0131<\/h6>\t\t<\/div>\n\t\t\t\t<\/div>\n\t\t\t\t<div class=\"elementor-element elementor-element-592c61b elementor-invisible elementor-widget elementor-widget-heading\" data-id=\"592c61b\" data-element_type=\"widget\" data-settings=\"{&quot;_animation&quot;:&quot;fadeInUp&quot;,&quot;_animation_delay&quot;:100}\" data-widget_type=\"heading.default\">\n\t\t\t\t<div class=\"elementor-widget-container\">\n\t\t\t<h1 class=\"elementor-heading-title elementor-size-default\">Yay\u0131nc\u0131m\u0131z Olun!<\/h1>\t\t<\/div>\n\t\t\t\t<\/div>\n\t\t\t\t<div class=\"elementor-element elementor-element-de794e3 elementor-invisible elementor-widget elementor-widget-text-editor\" data-id=\"de794e3\" data-element_type=\"widget\" data-settings=\"{&quot;_animation&quot;:&quot;fadeInUp&quot;,&quot;_animation_delay&quot;:200}\" data-widget_type=\"text-editor.default\">\n\t\t\t\t<div class=\"elementor-widget-container\">\n\t\t\t\t\t\t\t<div class=\"et_pb_fullwidth_header_container left\"><div class=\"header-content-container center\"><div class=\"header-content\"><div class=\"et_pb_fullwidth_header_container left\"><div class=\"header-content-container center\"><div class=\"header-content\"><span class=\"et_pb_fullwidth_header_subhead\">A\u015fa\u011f\u0131da yer alan <strong>ReklamStore<\/strong> \u00e7\u00f6z\u00fcmlerinden kendi mecran\u0131za uygun modeli se\u00e7erek yay\u0131nc\u0131 ba\u015fvurunuzu yapabilirsiniz.<\/span><\/div><\/div><\/div><\/div><\/div><\/div>\t\t\t\t\t\t<\/div>\n\t\t\t\t<\/div>\n\t\t\t\t\t<\/div>\n\t\t<\/div>\n\t\t\t\t\t<\/div>\n\t\t<\/section>\n\t\t\t\t<section class=\"elementor-section elementor-top-section elementor-element elementor-element-29fc28f elementor-section-boxed elementor-section-height-default elementor-section-height-default\" data-id=\"29fc28f\" data-element_type=\"section\" data-settings=\"{&quot;background_background&quot;:&quot;classic&quot;}\">\n\t\t\t\t\t\t<div class=\"elementor-container elementor-column-gap-default\">\n\t\t\t\t\t<div class=\"elementor-column elementor-col-100 elementor-top-column elementor-element elementor-element-b6a917a\" data-id=\"b6a917a\" data-element_type=\"column\" data-settings=\"{&quot;background_background&quot;:&quot;classic&quot;}\">\n\t\t\t<div class=\"elementor-widget-wrap elementor-element-populated\">\n\t\t\t\t\t\t<div class=\"elementor-element elementor-element-41d4103 elementor-widget elementor-widget-text-editor\" data-id=\"41d4103\" data-element_type=\"widget\" data-widget_type=\"text-editor.default\">\n\t\t\t\t<div class=\"elementor-widget-container\">\n\t\t\t\t\t\t\t<h2 class=\"et-fb-editable-element et-fb-editable-element__editing\" data-shortcode-id=\"1.0.0.0-1495723021862\"><a href=\"https:\/\/reklamstore.com\/tr\/display\/\" target=\"_blank\" rel=\"noopener noreferrer\">ReklamStore Display<\/a><\/h2><ul><li><ul><li>Header bidding teknolojisi<\/li><li>Masa\u00fcst\u00fc ve mobil standart IAB banner formatlar\u0131<\/li><li>Interstitial ve prestitial reklam modeli<\/li><li>Appnexus, Adform ve DoubleClick gibi k\u00fcresel DSP&#8217;lerle entegre<\/li><\/ul><\/li><\/ul>\t\t\t\t\t\t<\/div>\n\t\t\t\t<\/div>\n\t\t\t\t<section class=\"elementor-section elementor-inner-section elementor-element elementor-element-39a0bac elementor-section-boxed elementor-section-height-default elementor-section-height-default\" data-id=\"39a0bac\" data-element_type=\"section\">\n\t\t\t\t\t\t<div class=\"elementor-container elementor-column-gap-default\">\n\t\t\t\t\t<div class=\"elementor-column elementor-col-50 elementor-inner-column elementor-element elementor-element-8f72268\" data-id=\"8f72268\" data-element_type=\"column\">\n\t\t\t<div class=\"elementor-widget-wrap elementor-element-populated\">\n\t\t\t\t\t\t<div class=\"elementor-element elementor-element-9d46058 elementor-button-success elementor-align-left elementor-widget elementor-widget-button\" data-id=\"9d46058\" data-element_type=\"widget\" data-widget_type=\"button.default\">\n\t\t\t\t<div class=\"elementor-widget-container\">\n\t\t\t\t\t\t\t<div class=\"elementor-button-wrapper\">\n\t\t\t\t\t<a class=\"elementor-button elementor-button-link elementor-size-sm\" href=\"https:\/\/pub.reklamstore.com\/auth\/register\" target=\"_blank\" rel=\"noopener\">\n\t\t\t\t\t\t<span class=\"elementor-button-content-wrapper\">\n\t\t\t\t\t\t\t\t\t<span class=\"elementor-button-text\">Kaydolun<\/span>\n\t\t\t\t\t<\/span>\n\t\t\t\t\t<\/a>\n\t\t\t\t<\/div>\n\t\t\t\t\t\t<\/div>\n\t\t\t\t<\/div>\n\t\t\t\t\t<\/div>\n\t\t<\/div>\n\t\t\t\t<div class=\"elementor-column elementor-col-50 elementor-inner-column elementor-element elementor-element-69bb1bf\" data-id=\"69bb1bf\" data-element_type=\"column\">\n\t\t\t<div class=\"elementor-widget-wrap elementor-element-populated\">\n\t\t\t\t\t\t<div class=\"elementor-element elementor-element-068053b elementor-widget elementor-widget-text-editor\" data-id=\"068053b\" data-element_type=\"widget\" data-widget_type=\"text-editor.default\">\n\t\t\t\t<div class=\"elementor-widget-container\">\n\t\t\t\t\t\t\t<p><a href=\"https:\/\/pub.reklamstore.com\/auth\/login\" target=\"_blank\" rel=\"noopener noreferrer\">Giri\u015f<\/a> Yap | <a href=\"https:\/\/demo3.reklamstore.com\/tr\/reklamstore-ssp\" target=\"_blank\" rel=\"noopener\">Daha Fazla<\/a> Bilgi Al<\/p>\n\t\t\t\t\t\t<\/div>\n\t\t\t\t<\/div>\n\t\t\t\t\t<\/div>\n\t\t<\/div>\n\t\t\t\t\t<\/div>\n\t\t<\/section>\n\t\t\t\t\t<\/div>\n\t\t<\/div>\n\t\t\t\t\t<\/div>\n\t\t<\/section>\n\t\t\t\t<section class=\"elementor-section elementor-top-section elementor-element elementor-element-712434b elementor-section-boxed elementor-section-height-default elementor-section-height-default\" data-id=\"712434b\" data-element_type=\"section\" data-settings=\"{&quot;background_background&quot;:&quot;classic&quot;}\">\n\t\t\t\t\t\t<div class=\"elementor-container elementor-column-gap-default\">\n\t\t\t\t\t<div class=\"elementor-column elementor-col-100 elementor-top-column elementor-element elementor-element-5bcd250\" data-id=\"5bcd250\" data-element_type=\"column\" data-settings=\"{&quot;background_background&quot;:&quot;classic&quot;}\">\n\t\t\t<div class=\"elementor-widget-wrap elementor-element-populated\">\n\t\t\t\t\t\t<div class=\"elementor-element elementor-element-ea45f58 elementor-widget elementor-widget-text-editor\" data-id=\"ea45f58\" data-element_type=\"widget\" data-widget_type=\"text-editor.default\">\n\t\t\t\t<div class=\"elementor-widget-container\">\n\t\t\t\t\t\t\t<h2 class=\"et-fb-editable-element et-fb-editable-element__editing\" data-shortcode-id=\"1.0.0.0-1495723021862\"><a href=\"https:\/\/demo3.reklamstore.com\/tr\/reklamaction\" target=\"_blank\" rel=\"noopener\"><span style=\"color: #339966;\">ReklamStore \u0130\u015ftirak<\/span><\/a><\/h2>\n<ul>\n<li>\n<ul>\n<li>Uygulama indirme (CPI) kampanyalar\u0131<\/li>\n<li>Potansiyel m\u00fc\u015fteri yaratma (CPL) kampanyalar\u0131<\/li>\n<li>D\u00fczinelerce e-ticaret sayfas\u0131 i\u00e7eren sat\u0131\u015f ba\u015f\u0131na maliyet (CPS) kampanyalar\u0131<\/li>\n<li>7\/24 hesap y\u00f6netimi ve teknik destek<\/li>\n<\/ul>\n<\/li>\n<\/ul>\n\t\t\t\t\t\t<\/div>\n\t\t\t\t<\/div>\n\t\t\t\t<section class=\"elementor-section elementor-inner-section elementor-element elementor-element-1af3a75 elementor-section-boxed elementor-section-height-default elementor-section-height-default\" data-id=\"1af3a75\" data-element_type=\"section\">\n\t\t\t\t\t\t<div class=\"elementor-container elementor-column-gap-default\">\n\t\t\t\t\t<div class=\"elementor-column elementor-col-50 elementor-inner-column elementor-element elementor-element-bd49e29\" data-id=\"bd49e29\" data-element_type=\"column\">\n\t\t\t<div class=\"elementor-widget-wrap elementor-element-populated\">\n\t\t\t\t\t\t<div class=\"elementor-element elementor-element-e41ac28 elementor-button-success elementor-align-left elementor-widget elementor-widget-button\" data-id=\"e41ac28\" data-element_type=\"widget\" data-widget_type=\"button.default\">\n\t\t\t\t<div class=\"elementor-widget-container\">\n\t\t\t\t\t\t\t<div class=\"elementor-button-wrapper\">\n\t\t\t\t\t<a class=\"elementor-button elementor-button-link elementor-size-sm\" href=\"https:\/\/pub.reklamstore.com\/auth\/register\" target=\"_blank\" rel=\"noopener\">\n\t\t\t\t\t\t<span class=\"elementor-button-content-wrapper\">\n\t\t\t\t\t\t\t\t\t<span class=\"elementor-button-text\">Kaydolun<\/span>\n\t\t\t\t\t<\/span>\n\t\t\t\t\t<\/a>\n\t\t\t\t<\/div>\n\t\t\t\t\t\t<\/div>\n\t\t\t\t<\/div>\n\t\t\t\t\t<\/div>\n\t\t<\/div>\n\t\t\t\t<div class=\"elementor-column elementor-col-50 elementor-inner-column elementor-element elementor-element-e415eb7\" data-id=\"e415eb7\" data-element_type=\"column\">\n\t\t\t<div class=\"elementor-widget-wrap elementor-element-populated\">\n\t\t\t\t\t\t<div class=\"elementor-element elementor-element-9ae7973 elementor-widget elementor-widget-text-editor\" data-id=\"9ae7973\" data-element_type=\"widget\" data-widget_type=\"text-editor.default\">\n\t\t\t\t<div class=\"elementor-widget-container\">\n\t\t\t\t\t\t\t<p><a href=\"https:\/\/my.reklamaction.com\/login\" target=\"_blank\" rel=\"noopener noreferrer\">Giri\u015f<\/a> Yap | <a href=\"https:\/\/demo3.reklamstore.com\/tr\/satis-ortakligi-yayincilari\" target=\"_blank\" rel=\"noopener\">Daha Fazla<\/a> Bilgi Al<\/p>\n\t\t\t\t\t\t<\/div>\n\t\t\t\t<\/div>\n\t\t\t\t\t<\/div>\n\t\t<\/div>\n\t\t\t\t\t<\/div>\n\t\t<\/section>\n\t\t\t\t\t<\/div>\n\t\t<\/div>\n\t\t\t\t\t<\/div>\n\t\t<\/section>\n\t\t\t\t<section class=\"elementor-section elementor-top-section elementor-element elementor-element-5dece11 elementor-section-boxed elementor-section-height-default elementor-section-height-default\" data-id=\"5dece11\" data-element_type=\"section\" data-settings=\"{&quot;background_background&quot;:&quot;classic&quot;}\">\n\t\t\t\t\t\t<div class=\"elementor-container elementor-column-gap-default\">\n\t\t\t\t\t<div class=\"elementor-column elementor-col-100 elementor-top-column elementor-element elementor-element-d13d071\" data-id=\"d13d071\" data-element_type=\"column\">\n\t\t\t<div class=\"elementor-widget-wrap elementor-element-populated\">\n\t\t\t\t\t\t<div class=\"elementor-element elementor-element-ce55f1e elementor-widget elementor-widget-text-editor\" data-id=\"ce55f1e\" data-element_type=\"widget\" data-widget_type=\"text-editor.default\">\n\t\t\t\t<div class=\"elementor-widget-container\">\n\t\t\t\t\t\t\t<h4 class=\"et_pb_module_header\" style=\"text-align: center;\"><span style=\"color: #ffffff;\">A\u011f, SSP ve Teklif Veren Entegrasyonu<\/span><\/h4>\n<div class=\"et_pb_header_content_wrapper\">\n<p style=\"text-align: center;\"><span style=\"color: #ffffff;\">A\u011f\u0131n\u0131z ve SSP&#8217;niz i\u00e7in Open RTB entegrasyonu veya farkl\u0131 entegrasyon \u00e7\u00f6z\u00fcmlerimiz i\u00e7in bizimle ileti\u015fime ge\u00e7ebilirsiniz.<\/span><\/p>\n<\/div>\n\t\t\t\t\t\t<\/div>\n\t\t\t\t<\/div>\n\t\t\t\t<div class=\"elementor-element elementor-element-416dff7 elementor-button-success elementor-align-center elementor-widget elementor-widget-button\" data-id=\"416dff7\" data-element_type=\"widget\" data-widget_type=\"button.default\">\n\t\t\t\t<div class=\"elementor-widget-container\">\n\t\t\t\t\t\t\t<div class=\"elementor-button-wrapper\">\n\t\t\t\t\t<a class=\"elementor-button elementor-button-link elementor-size-sm\" href=\"https:\/\/demo3.reklamstore.com\/contact-us\" target=\"_blank\" rel=\"noopener\">\n\t\t\t\t\t\t<span class=\"elementor-button-content-wrapper\">\n\t\t\t\t\t\t\t\t\t<span class=\"elementor-button-text\">Bize Ula\u015f\u0131n<\/span>\n\t\t\t\t\t<\/span>\n\t\t\t\t\t<\/a>\n\t\t\t\t<\/div>\n\t\t\t\t\t\t<\/div>\n\t\t\t\t<\/div>\n\t\t\t\t\t<\/div>\n\t\t<\/div>\n\t\t\t\t\t<\/div>\n\t\t<\/section>\n\t\t\t\t<\/div>\n\t\t","protected":false},"excerpt":{"rendered":"<p>Ana Sayfa &gt; Yay\u0131nc\u0131 Yay\u0131nc\u0131m\u0131z Olun! A\u015fa\u011f\u0131da yer alan ReklamStore \u00e7\u00f6z\u00fcmlerinden kendi mecran\u0131za uygun modeli se\u00e7erek yay\u0131nc\u0131 ba\u015fvurunuzu yapabilirsiniz. ReklamStore Display Header bidding teknolojisi Masa\u00fcst\u00fc ve mobil standart IAB banner formatlar\u0131 Interstitial ve prestitial reklam modeli Appnexus, Adform ve DoubleClick gibi k\u00fcresel DSP&#8217;lerle entegre Kaydolun Giri\u015f Yap | Daha Fazla Bilgi Al ReklamStore \u0130\u015ftirak Uygulama [&hellip;]<\/p>\n","protected":false},"author":1,"featured_media":0,"parent":0,"menu_order":0,"comment_status":"closed","ping_status":"closed","template":"elementor_header_footer","meta":{"footnotes":""},"class_list":["post-82864","page","type-page","status-publish","hentry"],"_links":{"self":[{"href":"https:\/\/www.reklamstore.com\/tr\/wp-json\/wp\/v2\/pages\/82864","targetHints":{"allow":["GET"]}}],"collection":[{"href":"https:\/\/www.reklamstore.com\/tr\/wp-json\/wp\/v2\/pages"}],"about":[{"href":"https:\/\/www.reklamstore.com\/tr\/wp-json\/wp\/v2\/types\/page"}],"author":[{"embeddable":true,"href":"https:\/\/www.reklamstore.com\/tr\/wp-json\/wp\/v2\/users\/1"}],"replies":[{"embeddable":true,"href":"https:\/\/www.reklamstore.com\/tr\/wp-json\/wp\/v2\/comments?post=82864"}],"version-history":[{"count":0,"href":"https:\/\/www.reklamstore.com\/tr\/wp-json\/wp\/v2\/pages\/82864\/revisions"}],"wp:attachment":[{"href":"https:\/\/www.reklamstore.com\/tr\/wp-json\/wp\/v2\/media?parent=82864"}],"curies":[{"name":"wp","href":"https:\/\/api.w.org\/{rel}","templated":true}]}}