{"id":82843,"date":"2023-10-20T19:16:55","date_gmt":"2023-10-20T16:16:55","guid":{"rendered":"https:\/\/demo3.reklamstore.com\/satis-ortakligi-yayincilari"},"modified":"2024-01-02T16:20:49","modified_gmt":"2024-01-02T13:20:49","slug":"affilate-yayinci","status":"publish","type":"page","link":"https:\/\/www.reklamstore.com\/tr\/affilate-yayinci","title":{"rendered":"Affilate Yay\u0131nc\u0131"},"content":{"rendered":"\t\t<div data-elementor-type=\"wp-page\" data-elementor-id=\"82843\" class=\"elementor elementor-82843 elementor-78447\" data-elementor-post-type=\"page\">\n\t\t\t\t\t\t<section class=\"elementor-section elementor-top-section elementor-element elementor-element-4cf934a elementor-section-boxed elementor-section-height-default elementor-section-height-default\" data-id=\"4cf934a\" data-element_type=\"section\" data-settings=\"{&quot;background_background&quot;:&quot;gradient&quot;}\">\n\t\t\t\t\t\t\t<div class=\"elementor-background-overlay\"><\/div>\n\t\t\t\t\t\t\t<div class=\"elementor-container elementor-column-gap-default\">\n\t\t\t\t\t<div class=\"elementor-column elementor-col-100 elementor-top-column elementor-element elementor-element-1d9f455\" data-id=\"1d9f455\" data-element_type=\"column\">\n\t\t\t<div class=\"elementor-widget-wrap elementor-element-populated\">\n\t\t\t\t\t\t<div class=\"elementor-element elementor-element-9ae88b9 elementor-invisible elementor-widget elementor-widget-heading\" data-id=\"9ae88b9\" data-element_type=\"widget\" data-settings=\"{&quot;_animation&quot;:&quot;fadeInUp&quot;}\" data-widget_type=\"heading.default\">\n\t\t\t\t<div class=\"elementor-widget-container\">\n\t\t\t<h6 class=\"elementor-heading-title elementor-size-default\">Ana Sayfa &gt; Affilate Yay\u0131nc\u0131<\/h6>\t\t<\/div>\n\t\t\t\t<\/div>\n\t\t\t\t<div class=\"elementor-element elementor-element-592c61b elementor-invisible elementor-widget elementor-widget-heading\" data-id=\"592c61b\" data-element_type=\"widget\" data-settings=\"{&quot;_animation&quot;:&quot;fadeInUp&quot;,&quot;_animation_delay&quot;:100}\" data-widget_type=\"heading.default\">\n\t\t\t\t<div class=\"elementor-widget-container\">\n\t\t\t<h1 class=\"elementor-heading-title elementor-size-default\">Yay\u0131nc\u0131m\u0131z olun!<\/h1>\t\t<\/div>\n\t\t\t\t<\/div>\n\t\t\t\t<div class=\"elementor-element elementor-element-de794e3 elementor-invisible elementor-widget elementor-widget-text-editor\" data-id=\"de794e3\" data-element_type=\"widget\" data-settings=\"{&quot;_animation&quot;:&quot;fadeInUp&quot;,&quot;_animation_delay&quot;:200}\" data-widget_type=\"text-editor.default\">\n\t\t\t\t<div class=\"elementor-widget-container\">\n\t\t\t\t\t\t\t<div class=\" et_pb_row et_pb_row_0\"><div class=\"et_pb_column et_pb_column_4_4 et_pb_column_0\"><div class=\"et_pb_text et_pb_module et_pb_bg_layout_light et_pb_text_align_center et_pb_text_1\"><div class=\" et_pb_row et_pb_row_0\"><div class=\"et_pb_column et_pb_column_4_4 et_pb_column_0\"><div class=\"et_pb_text et_pb_module et_pb_bg_layout_light et_pb_text_align_center et_pb_text_1\"><div class=\"et_pb_section et_pb_section_2 et_pb_section_parallax et_pb_with_background et_section_regular\"><div class=\"et_pb_row et_pb_row_0\"><div class=\"et_pb_column et_pb_column_4_4 et_pb_column_0  et_pb_css_mix_blend_mode_passthrough et-last-child\"><div class=\"et_pb_module et_pb_text et_pb_text_1  et_pb_text_align_center et_pb_bg_layout_light\"><div class=\"et_pb_text_inner\"><div class=\" et_pb_row et_pb_row_0\"><div class=\"et_pb_column et_pb_column_4_4 et_pb_column_0\"><div class=\"et_pb_text et_pb_module et_pb_bg_layout_light et_pb_text_align_center et_pb_text_1\"><p>En \u00e7ok kazand\u0131ran kampanyalar, 30 g\u00fcn i\u00e7inde \u00f6deme, %100 yay\u0131nc\u0131ya \u00f6zel y\u00f6netici deste\u011fi, detayl\u0131 analiz ve raporlama imkanlar\u0131ndan faydalanarak kazanc\u0131n\u0131z\u0131 art\u0131rmak i\u00e7in siz de ge\u00e7 kalmadan ReklamStore yay\u0131nc\u0131s\u0131 olun!<\/p><\/div><\/div><\/div><\/div><\/div><\/div><\/div><\/div><\/div><\/div><\/div><\/div><\/div><\/div>\t\t\t\t\t\t<\/div>\n\t\t\t\t<\/div>\n\t\t\t\t\t<\/div>\n\t\t<\/div>\n\t\t\t\t\t<\/div>\n\t\t<\/section>\n\t\t\t\t<section class=\"elementor-section elementor-top-section elementor-element elementor-element-29fc28f elementor-section-boxed elementor-section-height-default elementor-section-height-default\" data-id=\"29fc28f\" data-element_type=\"section\">\n\t\t\t\t\t\t<div class=\"elementor-container elementor-column-gap-default\">\n\t\t\t\t\t<div class=\"elementor-column elementor-col-50 elementor-top-column elementor-element elementor-element-b6a917a\" data-id=\"b6a917a\" data-element_type=\"column\">\n\t\t\t<div class=\"elementor-widget-wrap elementor-element-populated\">\n\t\t\t\t\t\t<div class=\"elementor-element elementor-element-b09cecc elementor-widget elementor-widget-image\" data-id=\"b09cecc\" data-element_type=\"widget\" data-widget_type=\"image.default\">\n\t\t\t\t<div class=\"elementor-widget-container\">\n\t\t\t\t\t\t\t\t\t\t\t\t\t<img fetchpriority=\"high\" decoding=\"async\" width=\"1024\" height=\"661\" src=\"https:\/\/www.reklamstore.com\/wp-content\/uploads\/2023\/10\/affiliate-publishers-1024x661.jpg\" class=\"attachment-large size-large wp-image-82077\" alt=\"\" srcset=\"https:\/\/www.reklamstore.com\/wp-content\/uploads\/2023\/10\/affiliate-publishers-1024x661.jpg 1024w, https:\/\/www.reklamstore.com\/wp-content\/uploads\/2023\/10\/affiliate-publishers-300x194.jpg 300w, https:\/\/www.reklamstore.com\/wp-content\/uploads\/2023\/10\/affiliate-publishers-768x496.jpg 768w, https:\/\/www.reklamstore.com\/wp-content\/uploads\/2023\/10\/affiliate-publishers-1536x991.jpg 1536w, https:\/\/www.reklamstore.com\/wp-content\/uploads\/2023\/10\/affiliate-publishers.jpg 2000w\" sizes=\"(max-width: 1024px) 100vw, 1024px\" \/>\t\t\t\t\t\t\t\t\t\t\t\t\t<\/div>\n\t\t\t\t<\/div>\n\t\t\t\t\t<\/div>\n\t\t<\/div>\n\t\t\t\t<div class=\"elementor-column elementor-col-50 elementor-top-column elementor-element elementor-element-0e88beb\" data-id=\"0e88beb\" data-element_type=\"column\">\n\t\t\t<div class=\"elementor-widget-wrap elementor-element-populated\">\n\t\t\t\t\t\t<div class=\"elementor-element elementor-element-ca14870 elementor-widget elementor-widget-text-editor\" data-id=\"ca14870\" data-element_type=\"widget\" data-widget_type=\"text-editor.default\">\n\t\t\t\t<div class=\"elementor-widget-container\">\n\t\t\t\t\t\t\t<h2 class=\"et_pb_module_header\">Neden ReklamStore?<\/h2><div><p class=\"\">Reklamveren portf\u00f6y\u00fcm\u00fczde bulunan premium markalar\u0131n say\u0131s\u0131z cazip \u00fcr\u00fcn teklifi sizi bekliyor. Sizi \u00f6nemseyen ve ihtiya\u00e7 duydu\u011funuz her an sizinle ileti\u015fimde olan hesap y\u00f6neticileriniz sizin performans\u0131n\u0131z\u0131 ve kazanc\u0131n\u0131z\u0131 art\u0131rmak i\u00e7in \u00e7al\u0131\u015f\u0131yor.<\/p><p class=\"\">\u0130\u015fte ReklamStore yay\u0131nc\u0131lar\u0131n\u0131n vazge\u00e7emedikleri \u00f6zellikler:<\/p><p>\u00a0<\/p><ul><li>Performansa dayal\u0131 gelir modeli<\/li><li>\u00d6ne \u00e7\u0131kan kampanyalardan h\u0131zl\u0131 haberdar olma<\/li><li>Y\u00fcksek t\u0131klama oranl\u0131 banner\u2019lar\u0131n \u00f6ne \u00e7\u0131kart\u0131lmas\u0131<\/li><li>Teklife \u00f6zel pazarlama ipu\u00e7lar\u0131<\/li><li>E-posta ile reklam yapma imkan\u0131<\/li><li>%100 yay\u0131nc\u0131ya \u00f6zel y\u00f6netici deste\u011fi<\/li><li>Detayl\u0131 analiz ve raporlama<\/li><li>30 g\u00fcn i\u00e7inde \u00f6deme<\/li><\/ul><\/div>\t\t\t\t\t\t<\/div>\n\t\t\t\t<\/div>\n\t\t\t\t\t<\/div>\n\t\t<\/div>\n\t\t\t\t\t<\/div>\n\t\t<\/section>\n\t\t\t\t<section class=\"elementor-section elementor-top-section elementor-element elementor-element-a8ce73f elementor-section-boxed elementor-section-height-default elementor-section-height-default\" data-id=\"a8ce73f\" data-element_type=\"section\" data-settings=\"{&quot;background_background&quot;:&quot;classic&quot;}\">\n\t\t\t\t\t\t<div class=\"elementor-container elementor-column-gap-default\">\n\t\t\t\t\t<div class=\"elementor-column elementor-col-100 elementor-top-column elementor-element elementor-element-94c3b6f\" data-id=\"94c3b6f\" data-element_type=\"column\">\n\t\t\t<div class=\"elementor-widget-wrap elementor-element-populated\">\n\t\t\t\t\t\t<div class=\"elementor-element elementor-element-2829842 elementor-widget elementor-widget-text-editor\" data-id=\"2829842\" data-element_type=\"widget\" data-widget_type=\"text-editor.default\">\n\t\t\t\t<div class=\"elementor-widget-container\">\n\t\t\t\t\t\t\t<h3 style=\"text-align: center;\"><span style=\"color: #ffffff;\">Bug\u00fcn kaydolun!<\/span><\/h3>\n<p style=\"text-align: center;\"><span style=\"color: #ffffff;\">Bug\u00fcn kat\u0131l\u0131n ve ReklamStore Affiliate Network&#8217;\u00fcn yan\u0131 s\u0131ra di\u011fer say\u0131s\u0131z teklif ve kampanyalar\u0131m\u0131za eri\u015fin.<\/span><\/p>\n<p style=\"text-align: center;\"><span style=\"color: #ffffff;\"><a style=\"color: #ffffff;\" href=\"https:\/\/affiliate.reklamstore.com\/en\/signup.php\" target=\"_blank\" rel=\"noopener\"><strong>Kaydolun<\/strong><\/a><\/span><\/p>\n\t\t\t\t\t\t<\/div>\n\t\t\t\t<\/div>\n\t\t\t\t\t<\/div>\n\t\t<\/div>\n\t\t\t\t\t<\/div>\n\t\t<\/section>\n\t\t\t\t<\/div>\n\t\t","protected":false},"excerpt":{"rendered":"<p>Ana Sayfa &gt; Affilate Yay\u0131nc\u0131 Yay\u0131nc\u0131m\u0131z olun! En \u00e7ok kazand\u0131ran kampanyalar, 30 g\u00fcn i\u00e7inde \u00f6deme, %100 yay\u0131nc\u0131ya \u00f6zel y\u00f6netici deste\u011fi, detayl\u0131 analiz ve raporlama imkanlar\u0131ndan faydalanarak kazanc\u0131n\u0131z\u0131 art\u0131rmak i\u00e7in siz de ge\u00e7 kalmadan ReklamStore yay\u0131nc\u0131s\u0131 olun! Neden ReklamStore? Reklamveren portf\u00f6y\u00fcm\u00fczde bulunan premium markalar\u0131n say\u0131s\u0131z cazip \u00fcr\u00fcn teklifi sizi bekliyor. Sizi \u00f6nemseyen ve ihtiya\u00e7 duydu\u011funuz her [&hellip;]<\/p>\n","protected":false},"author":1,"featured_media":0,"parent":0,"menu_order":0,"comment_status":"closed","ping_status":"closed","template":"elementor_header_footer","meta":{"footnotes":""},"class_list":["post-82843","page","type-page","status-publish","hentry"],"_links":{"self":[{"href":"https:\/\/www.reklamstore.com\/tr\/wp-json\/wp\/v2\/pages\/82843","targetHints":{"allow":["GET"]}}],"collection":[{"href":"https:\/\/www.reklamstore.com\/tr\/wp-json\/wp\/v2\/pages"}],"about":[{"href":"https:\/\/www.reklamstore.com\/tr\/wp-json\/wp\/v2\/types\/page"}],"author":[{"embeddable":true,"href":"https:\/\/www.reklamstore.com\/tr\/wp-json\/wp\/v2\/users\/1"}],"replies":[{"embeddable":true,"href":"https:\/\/www.reklamstore.com\/tr\/wp-json\/wp\/v2\/comments?post=82843"}],"version-history":[{"count":0,"href":"https:\/\/www.reklamstore.com\/tr\/wp-json\/wp\/v2\/pages\/82843\/revisions"}],"wp:attachment":[{"href":"https:\/\/www.reklamstore.com\/tr\/wp-json\/wp\/v2\/media?parent=82843"}],"curies":[{"name":"wp","href":"https:\/\/api.w.org\/{rel}","templated":true}]}}