{"id":82841,"date":"2023-10-20T19:26:22","date_gmt":"2023-10-20T16:26:22","guid":{"rendered":"https:\/\/demo3.reklamstore.com\/ajans"},"modified":"2024-01-02T16:22:22","modified_gmt":"2024-01-02T13:22:22","slug":"affiliate-ajans","status":"publish","type":"page","link":"https:\/\/www.reklamstore.com\/tr\/affiliate-ajans","title":{"rendered":"Affiliate Ajans"},"content":{"rendered":"\t\t<div data-elementor-type=\"wp-page\" data-elementor-id=\"82841\" class=\"elementor elementor-82841 elementor-78454\" data-elementor-post-type=\"page\">\n\t\t\t\t\t\t<section class=\"elementor-section elementor-top-section elementor-element elementor-element-4cf934a elementor-section-boxed elementor-section-height-default elementor-section-height-default\" data-id=\"4cf934a\" data-element_type=\"section\" data-settings=\"{&quot;background_background&quot;:&quot;gradient&quot;}\">\n\t\t\t\t\t\t\t<div class=\"elementor-background-overlay\"><\/div>\n\t\t\t\t\t\t\t<div class=\"elementor-container elementor-column-gap-default\">\n\t\t\t\t\t<div class=\"elementor-column elementor-col-100 elementor-top-column elementor-element elementor-element-1d9f455\" data-id=\"1d9f455\" data-element_type=\"column\">\n\t\t\t<div class=\"elementor-widget-wrap elementor-element-populated\">\n\t\t\t\t\t\t<div class=\"elementor-element elementor-element-9ae88b9 elementor-invisible elementor-widget elementor-widget-heading\" data-id=\"9ae88b9\" data-element_type=\"widget\" data-settings=\"{&quot;_animation&quot;:&quot;fadeInUp&quot;}\" data-widget_type=\"heading.default\">\n\t\t\t\t<div class=\"elementor-widget-container\">\n\t\t\t<h6 class=\"elementor-heading-title elementor-size-default\">Ana Sayfa &gt; Ajans<\/h6>\t\t<\/div>\n\t\t\t\t<\/div>\n\t\t\t\t<div class=\"elementor-element elementor-element-592c61b elementor-invisible elementor-widget elementor-widget-heading\" data-id=\"592c61b\" data-element_type=\"widget\" data-settings=\"{&quot;_animation&quot;:&quot;fadeInUp&quot;,&quot;_animation_delay&quot;:100}\" data-widget_type=\"heading.default\">\n\t\t\t\t<div class=\"elementor-widget-container\">\n\t\t\t<h1 class=\"elementor-heading-title elementor-size-default\">Ajanslar i\u00e7in affiliate<\/h1>\t\t<\/div>\n\t\t\t\t<\/div>\n\t\t\t\t<div class=\"elementor-element elementor-element-de794e3 elementor-invisible elementor-widget elementor-widget-text-editor\" data-id=\"de794e3\" data-element_type=\"widget\" data-settings=\"{&quot;_animation&quot;:&quot;fadeInUp&quot;,&quot;_animation_delay&quot;:200}\" data-widget_type=\"text-editor.default\">\n\t\t\t\t<div class=\"elementor-widget-container\">\n\t\t\t\t\t\t\t<p class=\"hero_subtext\">ReklamStore\u2019un kazand\u0131ran Affiliate a\u011f\u0131 sayesinde ajanslar performans pazarlamas\u0131nda kesin sonuca ula\u015f\u0131r.<\/p><p class=\"hero_subtext\">Y\u00f6netmesi, takibi ve raporlamas\u0131 son derece kolay teknolojik altyap\u0131s\u0131 sayesinde ReklamStore ajanslar i\u00e7in kusursuz bir \u00e7\u00f6z\u00fcm orta\u011f\u0131d\u0131r.<\/p>\t\t\t\t\t\t<\/div>\n\t\t\t\t<\/div>\n\t\t\t\t\t<\/div>\n\t\t<\/div>\n\t\t\t\t\t<\/div>\n\t\t<\/section>\n\t\t\t\t<section class=\"elementor-section elementor-top-section elementor-element elementor-element-29fc28f elementor-section-boxed elementor-section-height-default elementor-section-height-default\" data-id=\"29fc28f\" data-element_type=\"section\">\n\t\t\t\t\t\t<div class=\"elementor-container elementor-column-gap-default\">\n\t\t\t\t\t<div class=\"elementor-column elementor-col-50 elementor-top-column elementor-element elementor-element-b6a917a\" data-id=\"b6a917a\" data-element_type=\"column\">\n\t\t\t<div class=\"elementor-widget-wrap elementor-element-populated\">\n\t\t\t\t\t\t<div class=\"elementor-element elementor-element-49a193d elementor-widget elementor-widget-image\" data-id=\"49a193d\" data-element_type=\"widget\" data-widget_type=\"image.default\">\n\t\t\t\t<div class=\"elementor-widget-container\">\n\t\t\t\t\t\t\t\t\t\t\t\t\t<img fetchpriority=\"high\" decoding=\"async\" width=\"1024\" height=\"683\" src=\"https:\/\/www.reklamstore.com\/wp-content\/uploads\/2023\/10\/agency1-1024x683.jpg\" class=\"attachment-large size-large wp-image-82078\" alt=\"\" srcset=\"https:\/\/www.reklamstore.com\/wp-content\/uploads\/2023\/10\/agency1-1024x683.jpg 1024w, https:\/\/www.reklamstore.com\/wp-content\/uploads\/2023\/10\/agency1-300x200.jpg 300w, https:\/\/www.reklamstore.com\/wp-content\/uploads\/2023\/10\/agency1-768x512.jpg 768w, https:\/\/www.reklamstore.com\/wp-content\/uploads\/2023\/10\/agency1-1536x1024.jpg 1536w, https:\/\/www.reklamstore.com\/wp-content\/uploads\/2023\/10\/agency1-2048x1365.jpg 2048w\" sizes=\"(max-width: 1024px) 100vw, 1024px\" \/>\t\t\t\t\t\t\t\t\t\t\t\t\t<\/div>\n\t\t\t\t<\/div>\n\t\t\t\t\t<\/div>\n\t\t<\/div>\n\t\t\t\t<div class=\"elementor-column elementor-col-50 elementor-top-column elementor-element elementor-element-f9ae3e7\" data-id=\"f9ae3e7\" data-element_type=\"column\">\n\t\t\t<div class=\"elementor-widget-wrap elementor-element-populated\">\n\t\t\t\t\t\t<div class=\"elementor-element elementor-element-3b7f314 elementor-widget elementor-widget-text-editor\" data-id=\"3b7f314\" data-element_type=\"widget\" data-widget_type=\"text-editor.default\">\n\t\t\t\t<div class=\"elementor-widget-container\">\n\t\t\t\t\t\t\t<h4 class=\"et_pb_module_header\">Neden performans pazarlama?<\/h4><div>Sizin i\u015finiz markalar\u0131 en etkin \u015fekilde tan\u0131tmak. Bizim i\u015fimiz de b\u00fct\u00e7elerini en etkin \u015fekilde kullanarak hedeflerine ula\u015fmalar\u0131n\u0131 sa\u011flamak. Hedeflenen sonunca ula\u015fmada garantili tek reklam modeli olan affiliate ile performans pazarlama d\u00fcnyas\u0131na g\u00fc\u00e7l\u00fc partneriniz ReklamStore Affiliate ile ad\u0131m at\u0131n. Biz size performans sa\u011flayal\u0131m, markalar size g\u00fcven duysun.\u00a0<\/div>\t\t\t\t\t\t<\/div>\n\t\t\t\t<\/div>\n\t\t\t\t<div class=\"elementor-element elementor-element-26c6753 elementor-button-success elementor-widget elementor-widget-button\" data-id=\"26c6753\" data-element_type=\"widget\" data-widget_type=\"button.default\">\n\t\t\t\t<div class=\"elementor-widget-container\">\n\t\t\t\t\t\t\t<div class=\"elementor-button-wrapper\">\n\t\t\t\t\t<a class=\"elementor-button elementor-button-link elementor-size-sm\" href=\"https:\/\/demo3.reklamstore.com\/contact-us\" target=\"_blank\" rel=\"noopener\">\n\t\t\t\t\t\t<span class=\"elementor-button-content-wrapper\">\n\t\t\t\t\t\t\t\t\t<span class=\"elementor-button-text\">Daha Fazla Bilgi<\/span>\n\t\t\t\t\t<\/span>\n\t\t\t\t\t<\/a>\n\t\t\t\t<\/div>\n\t\t\t\t\t\t<\/div>\n\t\t\t\t<\/div>\n\t\t\t\t\t<\/div>\n\t\t<\/div>\n\t\t\t\t\t<\/div>\n\t\t<\/section>\n\t\t\t\t<section class=\"elementor-section elementor-top-section elementor-element elementor-element-0ed5822 elementor-section-boxed elementor-section-height-default elementor-section-height-default\" data-id=\"0ed5822\" data-element_type=\"section\">\n\t\t\t\t\t\t<div class=\"elementor-container elementor-column-gap-default\">\n\t\t\t\t\t<div class=\"elementor-column elementor-col-100 elementor-top-column elementor-element elementor-element-44038f2\" data-id=\"44038f2\" data-element_type=\"column\">\n\t\t\t<div class=\"elementor-widget-wrap elementor-element-populated\">\n\t\t\t\t\t\t<div class=\"elementor-element elementor-element-aec5c27 elementor-widget-divider--view-line elementor-widget elementor-widget-divider\" data-id=\"aec5c27\" data-element_type=\"widget\" data-widget_type=\"divider.default\">\n\t\t\t\t<div class=\"elementor-widget-container\">\n\t\t\t\t\t<div class=\"elementor-divider\">\n\t\t\t<span class=\"elementor-divider-separator\">\n\t\t\t\t\t\t<\/span>\n\t\t<\/div>\n\t\t\t\t<\/div>\n\t\t\t\t<\/div>\n\t\t\t\t\t<\/div>\n\t\t<\/div>\n\t\t\t\t\t<\/div>\n\t\t<\/section>\n\t\t\t\t<section class=\"elementor-section elementor-top-section elementor-element elementor-element-2d90b61 elementor-section-boxed elementor-section-height-default elementor-section-height-default\" data-id=\"2d90b61\" data-element_type=\"section\">\n\t\t\t\t\t\t<div class=\"elementor-container elementor-column-gap-default\">\n\t\t\t\t\t<div class=\"elementor-column elementor-col-50 elementor-top-column elementor-element elementor-element-6b648dd\" data-id=\"6b648dd\" data-element_type=\"column\">\n\t\t\t<div class=\"elementor-widget-wrap elementor-element-populated\">\n\t\t\t\t\t\t<div class=\"elementor-element elementor-element-dd551a1 elementor-widget elementor-widget-text-editor\" data-id=\"dd551a1\" data-element_type=\"widget\" data-widget_type=\"text-editor.default\">\n\t\t\t\t<div class=\"elementor-widget-container\">\n\t\t\t\t\t\t\t<h4 class=\"et_pb_module_header\">Performans pazarlama\u2019n\u0131n faydalar\u0131<\/h4><div>En pop\u00fcler bloglardan sosyal medya yay\u0131nc\u0131lar\u0131na, kampanyalara \u00f6zel i\u00e7erik sitelerinden mobil pazarlamac\u0131lara kadar dijital pazarlama d\u00fcnyas\u0131n\u0131n t\u00fcm ara\u00e7lar\u0131 markan\u0131z\u0131n ba\u015far\u0131s\u0131 i\u00e7in tek bir yerde!<\/div><div>\u00a0<\/div><div>ReklamStore&#8217;un \u00fcst\u00fcn teknolojisi ve uzman ekibi ile doland\u0131r\u0131c\u0131l\u0131k giri\u015fimlerinin \u00f6n\u00fcne ge\u00e7in, m\u00fc\u015fterinizin g\u00fcvenini kazan\u0131n. Ayr\u0131nt\u0131l\u0131 raporlarla ilerlemeyi takip edin ve gerekli g\u00f6rd\u00fc\u011f\u00fcn\u00fczde m\u00fcdahale edin.<\/div>\t\t\t\t\t\t<\/div>\n\t\t\t\t<\/div>\n\t\t\t\t<div class=\"elementor-element elementor-element-320e866 elementor-button-success elementor-align-right elementor-widget elementor-widget-button\" data-id=\"320e866\" data-element_type=\"widget\" data-widget_type=\"button.default\">\n\t\t\t\t<div class=\"elementor-widget-container\">\n\t\t\t\t\t\t\t<div class=\"elementor-button-wrapper\">\n\t\t\t\t\t<a class=\"elementor-button elementor-button-link elementor-size-sm\" href=\"https:\/\/demo3.reklamstore.com\/contact-us\" target=\"_blank\" rel=\"noopener\">\n\t\t\t\t\t\t<span class=\"elementor-button-content-wrapper\">\n\t\t\t\t\t\t\t\t\t<span class=\"elementor-button-text\">Daha Fazla Bilgi<\/span>\n\t\t\t\t\t<\/span>\n\t\t\t\t\t<\/a>\n\t\t\t\t<\/div>\n\t\t\t\t\t\t<\/div>\n\t\t\t\t<\/div>\n\t\t\t\t\t<\/div>\n\t\t<\/div>\n\t\t\t\t<div class=\"elementor-column elementor-col-50 elementor-top-column elementor-element elementor-element-27c1b8b\" data-id=\"27c1b8b\" data-element_type=\"column\">\n\t\t\t<div class=\"elementor-widget-wrap elementor-element-populated\">\n\t\t\t\t\t\t<div class=\"elementor-element elementor-element-103679c elementor-widget elementor-widget-image\" data-id=\"103679c\" data-element_type=\"widget\" data-widget_type=\"image.default\">\n\t\t\t\t<div class=\"elementor-widget-container\">\n\t\t\t\t\t\t\t\t\t\t\t\t\t<img decoding=\"async\" width=\"570\" height=\"250\" src=\"https:\/\/www.reklamstore.com\/wp-content\/uploads\/2023\/10\/what-is-affiliate-marketing.png\" class=\"attachment-large size-large wp-image-82079\" alt=\"\" srcset=\"https:\/\/www.reklamstore.com\/wp-content\/uploads\/2023\/10\/what-is-affiliate-marketing.png 570w, https:\/\/www.reklamstore.com\/wp-content\/uploads\/2023\/10\/what-is-affiliate-marketing-300x132.png 300w\" sizes=\"(max-width: 570px) 100vw, 570px\" \/>\t\t\t\t\t\t\t\t\t\t\t\t\t<\/div>\n\t\t\t\t<\/div>\n\t\t\t\t\t<\/div>\n\t\t<\/div>\n\t\t\t\t\t<\/div>\n\t\t<\/section>\n\t\t\t\t<section class=\"elementor-section elementor-top-section elementor-element elementor-element-ffb7d95 elementor-section-boxed elementor-section-height-default elementor-section-height-default\" data-id=\"ffb7d95\" data-element_type=\"section\" data-settings=\"{&quot;background_background&quot;:&quot;classic&quot;}\">\n\t\t\t\t\t\t\t<div class=\"elementor-background-overlay\"><\/div>\n\t\t\t\t\t\t\t<div class=\"elementor-container elementor-column-gap-default\">\n\t\t\t\t\t<div class=\"elementor-column elementor-col-100 elementor-top-column elementor-element elementor-element-19a0804\" data-id=\"19a0804\" data-element_type=\"column\">\n\t\t\t<div class=\"elementor-widget-wrap elementor-element-populated\">\n\t\t\t\t\t\t<div class=\"elementor-element elementor-element-c57e4ef elementor-widget elementor-widget-text-editor\" data-id=\"c57e4ef\" data-element_type=\"widget\" data-widget_type=\"text-editor.default\">\n\t\t\t\t<div class=\"elementor-widget-container\">\n\t\t\t\t\t\t\t<h3 style=\"text-align: center;\"><span style=\"color: #ffffff;\">Ajans Ba\u015fvurusu<\/span><\/h3><p style=\"text-align: center;\"><span style=\"color: #ffffff;\">Performans pazarlama d\u00fcnyas\u0131n\u0131 ke\u015ffetmek ve m\u00fc\u015fterilerinize katma de\u011ferli hizmet sunmak i\u00e7in ReklamStore ile ileti\u015fime ge\u00e7meniz yeterli.<\/span><\/p>\t\t\t\t\t\t<\/div>\n\t\t\t\t<\/div>\n\t\t\t\t<div class=\"elementor-element elementor-element-0900ef7 elementor-button-success elementor-align-center elementor-widget elementor-widget-button\" data-id=\"0900ef7\" data-element_type=\"widget\" data-widget_type=\"button.default\">\n\t\t\t\t<div class=\"elementor-widget-container\">\n\t\t\t\t\t\t\t<div class=\"elementor-button-wrapper\">\n\t\t\t\t\t<a class=\"elementor-button elementor-button-link elementor-size-sm\" href=\"\/tr\/reklamaction\">\n\t\t\t\t\t\t<span class=\"elementor-button-content-wrapper\">\n\t\t\t\t\t\t\t\t\t<span class=\"elementor-button-text\">Ba\u015fvur<\/span>\n\t\t\t\t\t<\/span>\n\t\t\t\t\t<\/a>\n\t\t\t\t<\/div>\n\t\t\t\t\t\t<\/div>\n\t\t\t\t<\/div>\n\t\t\t\t\t<\/div>\n\t\t<\/div>\n\t\t\t\t\t<\/div>\n\t\t<\/section>\n\t\t\t\t<\/div>\n\t\t","protected":false},"excerpt":{"rendered":"<p>Ana Sayfa &gt; Ajans Ajanslar i\u00e7in affiliate ReklamStore\u2019un kazand\u0131ran Affiliate a\u011f\u0131 sayesinde ajanslar performans pazarlamas\u0131nda kesin sonuca ula\u015f\u0131r. Y\u00f6netmesi, takibi ve raporlamas\u0131 son derece kolay teknolojik altyap\u0131s\u0131 sayesinde ReklamStore ajanslar i\u00e7in kusursuz bir \u00e7\u00f6z\u00fcm orta\u011f\u0131d\u0131r. Neden performans pazarlama? Sizin i\u015finiz markalar\u0131 en etkin \u015fekilde tan\u0131tmak. Bizim i\u015fimiz de b\u00fct\u00e7elerini en etkin \u015fekilde kullanarak hedeflerine ula\u015fmalar\u0131n\u0131 [&hellip;]<\/p>\n","protected":false},"author":1,"featured_media":0,"parent":0,"menu_order":0,"comment_status":"closed","ping_status":"closed","template":"elementor_header_footer","meta":{"footnotes":""},"class_list":["post-82841","page","type-page","status-publish","hentry"],"_links":{"self":[{"href":"https:\/\/www.reklamstore.com\/tr\/wp-json\/wp\/v2\/pages\/82841","targetHints":{"allow":["GET"]}}],"collection":[{"href":"https:\/\/www.reklamstore.com\/tr\/wp-json\/wp\/v2\/pages"}],"about":[{"href":"https:\/\/www.reklamstore.com\/tr\/wp-json\/wp\/v2\/types\/page"}],"author":[{"embeddable":true,"href":"https:\/\/www.reklamstore.com\/tr\/wp-json\/wp\/v2\/users\/1"}],"replies":[{"embeddable":true,"href":"https:\/\/www.reklamstore.com\/tr\/wp-json\/wp\/v2\/comments?post=82841"}],"version-history":[{"count":0,"href":"https:\/\/www.reklamstore.com\/tr\/wp-json\/wp\/v2\/pages\/82841\/revisions"}],"wp:attachment":[{"href":"https:\/\/www.reklamstore.com\/tr\/wp-json\/wp\/v2\/media?parent=82841"}],"curies":[{"name":"wp","href":"https:\/\/api.w.org\/{rel}","templated":true}]}}