{"id":82833,"date":"2023-10-31T15:18:03","date_gmt":"2023-10-31T12:18:03","guid":{"rendered":"https:\/\/demo3.reklamstore.com\/medya-alicilari-ozeti"},"modified":"2024-01-02T16:26:47","modified_gmt":"2024-01-02T13:26:47","slug":"medya-alicilari-ozeti","status":"publish","type":"page","link":"https:\/\/www.reklamstore.com\/tr\/medya-alicilari-ozeti","title":{"rendered":"Medya Al\u0131c\u0131lar\u0131 \u00d6zeti"},"content":{"rendered":"\t\t<div data-elementor-type=\"wp-page\" data-elementor-id=\"82833\" class=\"elementor elementor-82833 elementor-79701\" data-elementor-post-type=\"page\">\n\t\t\t\t\t\t<section class=\"elementor-section elementor-top-section elementor-element elementor-element-9c9f7ea elementor-section-full_width elementor-section-stretched elementor-section-height-default elementor-section-height-default\" data-id=\"9c9f7ea\" data-element_type=\"section\" data-settings=\"{&quot;stretch_section&quot;:&quot;section-stretched&quot;}\">\n\t\t\t\t\t\t<div class=\"elementor-container elementor-column-gap-default\">\n\t\t\t\t\t<div class=\"elementor-column elementor-col-50 elementor-top-column elementor-element elementor-element-f105e15\" data-id=\"f105e15\" data-element_type=\"column\">\n\t\t\t<div class=\"elementor-widget-wrap elementor-element-populated\">\n\t\t\t\t\t\t<div class=\"elementor-element elementor-element-9e4561e elementor-invisible elementor-widget elementor-widget-image\" data-id=\"9e4561e\" data-element_type=\"widget\" data-settings=\"{&quot;_animation&quot;:&quot;fadeIn&quot;,&quot;_animation_delay&quot;:0}\" data-widget_type=\"image.default\">\n\t\t\t\t<div class=\"elementor-widget-container\">\n\t\t\t\t\t\t\t\t\t\t\t\t\t<img fetchpriority=\"high\" decoding=\"async\" width=\"1897\" height=\"1782\" src=\"https:\/\/www.reklamstore.com\/wp-content\/uploads\/2023\/10\/mediabuyersdigest.png\" class=\"attachment-full size-full wp-image-82253\" alt=\"\" srcset=\"https:\/\/www.reklamstore.com\/wp-content\/uploads\/2023\/10\/mediabuyersdigest.png 1897w, https:\/\/www.reklamstore.com\/wp-content\/uploads\/2023\/10\/mediabuyersdigest-300x282.png 300w, https:\/\/www.reklamstore.com\/wp-content\/uploads\/2023\/10\/mediabuyersdigest-1024x962.png 1024w, https:\/\/www.reklamstore.com\/wp-content\/uploads\/2023\/10\/mediabuyersdigest-768x721.png 768w, https:\/\/www.reklamstore.com\/wp-content\/uploads\/2023\/10\/mediabuyersdigest-1536x1443.png 1536w\" sizes=\"(max-width: 1897px) 100vw, 1897px\" \/>\t\t\t\t\t\t\t\t\t\t\t\t\t<\/div>\n\t\t\t\t<\/div>\n\t\t\t\t\t<\/div>\n\t\t<\/div>\n\t\t\t\t<div class=\"elementor-column elementor-col-50 elementor-top-column elementor-element elementor-element-c5da5b5\" data-id=\"c5da5b5\" data-element_type=\"column\" data-settings=\"{&quot;background_background&quot;:&quot;classic&quot;}\">\n\t\t\t<div class=\"elementor-widget-wrap elementor-element-populated\">\n\t\t\t\t\t\t<div class=\"elementor-element elementor-element-8367ebb elementor-widget elementor-widget-image\" data-id=\"8367ebb\" data-element_type=\"widget\" data-widget_type=\"image.default\">\n\t\t\t\t<div class=\"elementor-widget-container\">\n\t\t\t\t\t\t\t\t\t\t\t\t\t<img decoding=\"async\" src=\"https:\/\/www.reklamstore.com\/wp-content\/uploads\/elementor\/thumbs\/rs-dsp-yatay-logo-qhrv0c2lkelzfv91mqhqbsbptnv4hy08kizgedbdvk.png\" title=\"rs-dsp-yatay-logo\" alt=\"rs-dsp-yatay-logo\" loading=\"lazy\" \/>\t\t\t\t\t\t\t\t\t\t\t\t\t<\/div>\n\t\t\t\t<\/div>\n\t\t\t\t<div class=\"elementor-element elementor-element-219a98c elementor-widget elementor-widget-radiant-custom-heading\" data-id=\"219a98c\" data-element_type=\"widget\" data-widget_type=\"radiant-custom-heading.default\">\n\t\t\t\t<div class=\"elementor-widget-container\">\n\t\t\t<h1 class=\"rt-textappear-line22 rt-textappear-line ml1 rt_gradient\">\n\t\tSubscribe to<br>\n\nMedia Buyers\u2019 Digest\n        <span class=\"rt-heading-div\">\n            <span class=\"text-wrapper\">\n                <span class=\"letters\"><\/span>\n                <span class=\"line line2\"><\/span>\n            <\/span>\n        <\/span>\n        <span class=\"after-text\"><\/span>\n    \n    <\/h1>\t\t<\/div>\n\t\t\t\t<\/div>\n\t\t\t\t<section class=\"elementor-section elementor-inner-section elementor-element elementor-element-e891d9a elementor-section-boxed elementor-section-height-default elementor-section-height-default elementor-invisible\" data-id=\"e891d9a\" data-element_type=\"section\" data-settings=\"{&quot;animation&quot;:&quot;fadeInUp&quot;,&quot;animation_delay&quot;:300}\">\n\t\t\t\t\t\t<div class=\"elementor-container elementor-column-gap-no\">\n\t\t\t\t\t<div class=\"elementor-column elementor-col-100 elementor-inner-column elementor-element elementor-element-edd69d7 m-0\" data-id=\"edd69d7\" data-element_type=\"column\">\n\t\t\t<div class=\"elementor-widget-wrap elementor-element-populated\">\n\t\t\t\t\t\t<div class=\"elementor-element elementor-element-554c9ca elementor-widget elementor-widget-form\" data-id=\"554c9ca\" data-element_type=\"widget\" id=\"subscribe-form\" data-settings=\"{&quot;step_next_label&quot;:&quot;Next&quot;,&quot;step_previous_label&quot;:&quot;Previous&quot;,&quot;button_width&quot;:&quot;100&quot;,&quot;step_type&quot;:&quot;number_text&quot;,&quot;step_icon_shape&quot;:&quot;circle&quot;}\" data-widget_type=\"form.default\">\n\t\t\t\t<div class=\"elementor-widget-container\">\n\t\t\t\t\t<form class=\"elementor-form\" method=\"post\" name=\"New Form\">\n\t\t\t<input type=\"hidden\" name=\"post_id\" value=\"82833\"\/>\n\t\t\t<input type=\"hidden\" name=\"form_id\" value=\"554c9ca\"\/>\n\t\t\t<input type=\"hidden\" name=\"referer_title\" value=\"\" \/>\n\n\t\t\t\n\t\t\t<div class=\"elementor-form-fields-wrapper elementor-labels-above\">\n\t\t\t\t\t\t\t\t<div class=\"elementor-field-type-email elementor-field-group elementor-column elementor-field-group-email elementor-col-100 elementor-field-required elementor-mark-required\">\n\t\t\t\t\t\t\t\t\t\t\t\t\t<input size=\"1\" type=\"email\" name=\"form_fields[email]\" id=\"form-field-email\" class=\"elementor-field elementor-size-sm  elementor-field-textual\" placeholder=\"Email\" required=\"required\" aria-required=\"true\">\n\t\t\t\t\t\t\t\t\t\t\t<\/div>\n\t\t\t\t\t\t\t\t<div class=\"elementor-field-group elementor-column elementor-field-type-submit elementor-col-100 e-form__buttons\">\n\t\t\t\t\t<button class=\"elementor-button elementor-size-sm\" type=\"submit\">\n\t\t\t\t\t\t<span class=\"elementor-button-content-wrapper\">\n\t\t\t\t\t\t\t\t\t\t\t\t\t\t\t\t\t\t\t\t\t\t<span class=\"elementor-button-text\">Subscribe<\/span>\n\t\t\t\t\t\t\t\t\t\t\t\t\t<\/span>\n\t\t\t\t\t<\/button>\n\t\t\t\t<\/div>\n\t\t\t<\/div>\n\t\t<\/form>\n\t\t\t\t<\/div>\n\t\t\t\t<\/div>\n\t\t\t\t\t<\/div>\n\t\t<\/div>\n\t\t\t\t\t<\/div>\n\t\t<\/section>\n\t\t\t\t<section class=\"elementor-section elementor-inner-section elementor-element elementor-element-359dda9 elementor-section-boxed elementor-section-height-default elementor-section-height-default\" data-id=\"359dda9\" data-element_type=\"section\">\n\t\t\t\t\t\t<div class=\"elementor-container elementor-column-gap-default\">\n\t\t\t\t\t<div class=\"elementor-column elementor-col-100 elementor-inner-column elementor-element elementor-element-e93a744\" data-id=\"e93a744\" data-element_type=\"column\">\n\t\t\t<div class=\"elementor-widget-wrap elementor-element-populated\">\n\t\t\t\t\t\t<div class=\"elementor-element elementor-element-458107a elementor-widget elementor-widget-text-editor\" data-id=\"458107a\" data-element_type=\"widget\" data-widget_type=\"text-editor.default\">\n\t\t\t\t<div class=\"elementor-widget-container\">\n\t\t\t\t\t\t\t<h6>Sekt\u00f6rden son dakika haberlerini \u00f6zetliyor ve gelen kutunuza g\u00f6nderiyoruz!<\/h6>\n\u00c7evrimi\u00e7i reklamc\u0131l\u0131k sekt\u00f6r\u00fcn\u00fc takip etmek i\u00e7in haftal\u0131k ve \u00f6zel g\u00fcncellemeler almak i\u00e7in abone olun.\t\t\t\t\t\t<\/div>\n\t\t\t\t<\/div>\n\t\t\t\t\t<\/div>\n\t\t<\/div>\n\t\t\t\t\t<\/div>\n\t\t<\/section>\n\t\t\t\t\t<\/div>\n\t\t<\/div>\n\t\t\t\t\t<\/div>\n\t\t<\/section>\n\t\t\t\t<section class=\"elementor-section elementor-top-section elementor-element elementor-element-6e97c3a elementor-section-boxed elementor-section-height-default elementor-section-height-default\" data-id=\"6e97c3a\" data-element_type=\"section\">\n\t\t\t\t\t\t<div class=\"elementor-container elementor-column-gap-default\">\n\t\t\t\t\t<div class=\"elementor-column elementor-col-50 elementor-top-column elementor-element elementor-element-a007c7d\" data-id=\"a007c7d\" data-element_type=\"column\">\n\t\t\t<div class=\"elementor-widget-wrap elementor-element-populated\">\n\t\t\t\t\t\t<section class=\"elementor-section elementor-inner-section elementor-element elementor-element-c978298 elementor-section-boxed elementor-section-height-default elementor-section-height-default\" data-id=\"c978298\" data-element_type=\"section\">\n\t\t\t\t\t\t<div class=\"elementor-container elementor-column-gap-default\">\n\t\t\t\t\t<div class=\"elementor-column elementor-col-100 elementor-inner-column elementor-element elementor-element-d0ac2a6\" data-id=\"d0ac2a6\" data-element_type=\"column\">\n\t\t\t<div class=\"elementor-widget-wrap elementor-element-populated\">\n\t\t\t\t\t\t<div class=\"elementor-element elementor-element-c940b8f elementor-widget elementor-widget-image\" data-id=\"c940b8f\" data-element_type=\"widget\" data-widget_type=\"image.default\">\n\t\t\t\t<div class=\"elementor-widget-container\">\n\t\t\t\t\t\t\t\t\t\t\t\t\t<img decoding=\"async\" width=\"554\" height=\"376\" src=\"https:\/\/www.reklamstore.com\/wp-content\/uploads\/2023\/10\/reklamstore-dsp-campaign-add-and-reporting.jpg\" class=\"attachment-large size-large wp-image-82254\" alt=\"\" srcset=\"https:\/\/www.reklamstore.com\/wp-content\/uploads\/2023\/10\/reklamstore-dsp-campaign-add-and-reporting.jpg 554w, https:\/\/www.reklamstore.com\/wp-content\/uploads\/2023\/10\/reklamstore-dsp-campaign-add-and-reporting-300x204.jpg 300w\" sizes=\"(max-width: 554px) 100vw, 554px\" \/>\t\t\t\t\t\t\t\t\t\t\t\t\t<\/div>\n\t\t\t\t<\/div>\n\t\t\t\t\t<\/div>\n\t\t<\/div>\n\t\t\t\t\t<\/div>\n\t\t<\/section>\n\t\t\t\t<div class=\"elementor-element elementor-element-d679bfe m-0 elementor-widget__width-initial elementor-widget elementor-widget-radiant-custom-button\" data-id=\"d679bfe\" data-element_type=\"widget\" data-widget_type=\"radiant-custom-button.default\">\n\t\t\t\t<div class=\"elementor-widget-container\">\n\t\t\t<div class=\"Wplgnite-custom-button element-three\"> <div class=\"rt-btn-effect\"> <div class=\"rt-btn-effect-info\"><a href=\"https:\/\/dsp.reklamstore.com\/newsignup\/?utm_source=mbd-subscribe\" class=\"link\" target=\"_blank\" rel=\"nofollow noopener\"> <div class=\"mask\"> <div class=\"link-container\"> <span class=\"link-title1 title\">Signup Now<\/span><span class=\"link-title2 title\">Signup Now<\/span><\/div><\/div><\/a> <\/div><\/div><\/div>\t\t<\/div>\n\t\t\t\t<\/div>\n\t\t\t\t\t<\/div>\n\t\t<\/div>\n\t\t\t\t<div class=\"elementor-column elementor-col-50 elementor-top-column elementor-element elementor-element-cc23b9f\" data-id=\"cc23b9f\" data-element_type=\"column\">\n\t\t\t<div class=\"elementor-widget-wrap elementor-element-populated\">\n\t\t\t\t\t\t<div class=\"elementor-element elementor-element-c93f467 elementor-invisible elementor-widget elementor-widget-radiant-custom-heading\" data-id=\"c93f467\" data-element_type=\"widget\" data-settings=\"{&quot;_animation&quot;:&quot;fadeInUp&quot;,&quot;_animation_delay&quot;:100}\" data-widget_type=\"radiant-custom-heading.default\">\n\t\t\t\t<div class=\"elementor-widget-container\">\n\t\t\t<div class=\"rt-hover-heading \"><h2 class=\"rt-title-heading\">Demand side platform for advertisers, media buyers, and affiliates!<\/h2>\n                <\/div>\t\t<\/div>\n\t\t\t\t<\/div>\n\t\t\t\t<div class=\"elementor-element elementor-element-b259d88 elementor-invisible elementor-widget elementor-widget-text-editor\" data-id=\"b259d88\" data-element_type=\"widget\" data-settings=\"{&quot;_animation&quot;:&quot;fadeInUp&quot;,&quot;_animation_delay&quot;:200}\" data-widget_type=\"text-editor.default\">\n\t\t\t\t<div class=\"elementor-widget-container\">\n\t\t\t\t\t\t\t<p>Self servis ve kullan\u0131m\u0131 kolay programatik reklam sat\u0131n alma platformu ReklamStore DSP!<\/p>\n\t\t\t\t\t\t<\/div>\n\t\t\t\t<\/div>\n\t\t\t\t<div class=\"elementor-element elementor-element-c16e237 elementor-position-left elementor-vertical-align-top elementor-invisible elementor-widget elementor-widget-image-box\" data-id=\"c16e237\" data-element_type=\"widget\" data-settings=\"{&quot;_animation&quot;:&quot;fadeInUp&quot;,&quot;_animation_delay&quot;:300}\" data-widget_type=\"image-box.default\">\n\t\t\t\t<div class=\"elementor-widget-container\">\n\t\t\t<div class=\"elementor-image-box-wrapper\"><figure class=\"elementor-image-box-img\"><img decoding=\"async\" width=\"31\" height=\"31\" src=\"https:\/\/www.reklamstore.com\/wp-content\/uploads\/2023\/10\/check-icon.png\" class=\"attachment-full size-full wp-image-76656\" alt=\"check-icon\" \/><\/figure><div class=\"elementor-image-box-content\"><h5 class=\"elementor-image-box-title\">Premium Trafik<\/h5><p class=\"elementor-image-box-description\">Ba\u015fl\u0131ca reklam borsalar\u0131 ve SSP'lerle i\u015f orta\u011f\u0131y\u0131z\nGoogle, Xandr, Unity, Mopub dahil.<\/p><\/div><\/div>\t\t<\/div>\n\t\t\t\t<\/div>\n\t\t\t\t<div class=\"elementor-element elementor-element-53fb784 elementor-position-left elementor-vertical-align-top elementor-invisible elementor-widget elementor-widget-image-box\" data-id=\"53fb784\" data-element_type=\"widget\" data-settings=\"{&quot;_animation&quot;:&quot;fadeInUp&quot;,&quot;_animation_delay&quot;:400}\" data-widget_type=\"image-box.default\">\n\t\t\t\t<div class=\"elementor-widget-container\">\n\t\t\t<div class=\"elementor-image-box-wrapper\"><figure class=\"elementor-image-box-img\"><img decoding=\"async\" width=\"31\" height=\"31\" src=\"https:\/\/www.reklamstore.com\/wp-content\/uploads\/2023\/10\/check-icon.png\" class=\"attachment-full size-full wp-image-76656\" alt=\"check-icon\" \/><\/figure><div class=\"elementor-image-box-content\"><h5 class=\"elementor-image-box-title\">Marka G\u00fcvenli\u011fi ve Sahtecili\u011fe Kar\u015f\u0131 Koruma<\/h5><p class=\"elementor-image-box-description\">Doland\u0131r\u0131c\u0131l\u0131k, yanl\u0131\u015f yerle\u015ftirme, k\u00f6t\u00fc niyetli trafik riskini ortadan kald\u0131r\u0131n.<\/p><\/div><\/div>\t\t<\/div>\n\t\t\t\t<\/div>\n\t\t\t\t<div class=\"elementor-element elementor-element-59069d9 elementor-position-left elementor-vertical-align-top elementor-invisible elementor-widget elementor-widget-image-box\" data-id=\"59069d9\" data-element_type=\"widget\" data-settings=\"{&quot;_animation&quot;:&quot;fadeInUp&quot;,&quot;_animation_delay&quot;:400}\" data-widget_type=\"image-box.default\">\n\t\t\t\t<div class=\"elementor-widget-container\">\n\t\t\t<div class=\"elementor-image-box-wrapper\"><figure class=\"elementor-image-box-img\"><img decoding=\"async\" width=\"31\" height=\"31\" src=\"https:\/\/www.reklamstore.com\/wp-content\/uploads\/2023\/10\/check-icon.png\" class=\"attachment-full size-full wp-image-76656\" alt=\"check-icon\" \/><\/figure><div class=\"elementor-image-box-content\"><h5 class=\"elementor-image-box-title\">\u015eeffaf Ger\u00e7ek Zamanl\u0131 Raporlama<\/h5><p class=\"elementor-image-box-description\">Reklam harcamalar\u0131n\u0131z\u0131n her bir dolar\u0131n\u0131n tam olarak nereye gitti\u011fini kontrol edin.<\/p><\/div><\/div>\t\t<\/div>\n\t\t\t\t<\/div>\n\t\t\t\t<div class=\"elementor-element elementor-element-5463764 elementor-position-left elementor-vertical-align-top elementor-invisible elementor-widget elementor-widget-image-box\" data-id=\"5463764\" data-element_type=\"widget\" data-settings=\"{&quot;_animation&quot;:&quot;fadeInUp&quot;,&quot;_animation_delay&quot;:400}\" data-widget_type=\"image-box.default\">\n\t\t\t\t<div class=\"elementor-widget-container\">\n\t\t\t<div class=\"elementor-image-box-wrapper\"><figure class=\"elementor-image-box-img\"><img decoding=\"async\" width=\"31\" height=\"31\" src=\"https:\/\/www.reklamstore.com\/wp-content\/uploads\/2023\/10\/check-icon.png\" class=\"attachment-full size-full wp-image-76656\" alt=\"check-icon\" \/><\/figure><div class=\"elementor-image-box-content\"><h5 class=\"elementor-image-box-title\">Bir\u00e7ok Reklam Modeli<\/h5><p class=\"elementor-image-box-description\">Display, mobil, video, native, pop ve push trafi\u011fi mevcut.<\/p><\/div><\/div>\t\t<\/div>\n\t\t\t\t<\/div>\n\t\t\t\t\t<\/div>\n\t\t<\/div>\n\t\t\t\t\t<\/div>\n\t\t<\/section>\n\t\t\t\t<\/div>\n\t\t","protected":false},"excerpt":{"rendered":"<p>Subscribe to Media Buyers\u2019 Digest Sekt\u00f6rden son dakika haberlerini \u00f6zetliyor ve gelen kutunuza g\u00f6nderiyoruz! \u00c7evrimi\u00e7i reklamc\u0131l\u0131k sekt\u00f6r\u00fcn\u00fc takip etmek i\u00e7in haftal\u0131k ve \u00f6zel g\u00fcncellemeler almak i\u00e7in abone olun. Signup NowSignup Now Demand side platform for advertisers, media buyers, and affiliates! Self servis ve kullan\u0131m\u0131 kolay programatik reklam sat\u0131n alma platformu ReklamStore DSP! Premium Trafik Ba\u015fl\u0131ca [&hellip;]<\/p>\n","protected":false},"author":2,"featured_media":0,"parent":0,"menu_order":0,"comment_status":"closed","ping_status":"closed","template":"elementor_header_footer","meta":{"footnotes":""},"class_list":["post-82833","page","type-page","status-publish","hentry"],"_links":{"self":[{"href":"https:\/\/www.reklamstore.com\/tr\/wp-json\/wp\/v2\/pages\/82833","targetHints":{"allow":["GET"]}}],"collection":[{"href":"https:\/\/www.reklamstore.com\/tr\/wp-json\/wp\/v2\/pages"}],"about":[{"href":"https:\/\/www.reklamstore.com\/tr\/wp-json\/wp\/v2\/types\/page"}],"author":[{"embeddable":true,"href":"https:\/\/www.reklamstore.com\/tr\/wp-json\/wp\/v2\/users\/2"}],"replies":[{"embeddable":true,"href":"https:\/\/www.reklamstore.com\/tr\/wp-json\/wp\/v2\/comments?post=82833"}],"version-history":[{"count":0,"href":"https:\/\/www.reklamstore.com\/tr\/wp-json\/wp\/v2\/pages\/82833\/revisions"}],"wp:attachment":[{"href":"https:\/\/www.reklamstore.com\/tr\/wp-json\/wp\/v2\/media?parent=82833"}],"curies":[{"name":"wp","href":"https:\/\/api.w.org\/{rel}","templated":true}]}}