{"id":82828,"date":"2023-10-20T20:04:13","date_gmt":"2023-10-20T17:04:13","guid":{"rendered":"https:\/\/demo3.reklamstore.com\/mobil-performans-agi"},"modified":"2023-11-16T12:43:47","modified_gmt":"2023-11-16T09:43:47","slug":"affilate-mobil","status":"publish","type":"page","link":"https:\/\/www.reklamstore.com\/tr\/affilate-mobil","title":{"rendered":"Affilate Mobil"},"content":{"rendered":"\t\t<div data-elementor-type=\"wp-page\" data-elementor-id=\"82828\" class=\"elementor elementor-82828 elementor-78488\" data-elementor-post-type=\"page\">\n\t\t\t\t\t\t<section class=\"elementor-section elementor-top-section elementor-element elementor-element-4cf934a elementor-section-boxed elementor-section-height-default elementor-section-height-default\" data-id=\"4cf934a\" data-element_type=\"section\" data-settings=\"{&quot;background_background&quot;:&quot;gradient&quot;}\">\n\t\t\t\t\t\t\t<div class=\"elementor-background-overlay\"><\/div>\n\t\t\t\t\t\t\t<div class=\"elementor-container elementor-column-gap-default\">\n\t\t\t\t\t<div class=\"elementor-column elementor-col-100 elementor-top-column elementor-element elementor-element-1d9f455\" data-id=\"1d9f455\" data-element_type=\"column\">\n\t\t\t<div class=\"elementor-widget-wrap elementor-element-populated\">\n\t\t\t\t\t\t<div class=\"elementor-element elementor-element-9ae88b9 elementor-invisible elementor-widget elementor-widget-heading\" data-id=\"9ae88b9\" data-element_type=\"widget\" data-settings=\"{&quot;_animation&quot;:&quot;fadeInUp&quot;}\" data-widget_type=\"heading.default\">\n\t\t\t\t<div class=\"elementor-widget-container\">\n\t\t\t<h6 class=\"elementor-heading-title elementor-size-default\">Ana Sayfa &gt; Affilate Mobile<\/h6>\t\t<\/div>\n\t\t\t\t<\/div>\n\t\t\t\t<div class=\"elementor-element elementor-element-592c61b elementor-invisible elementor-widget elementor-widget-heading\" data-id=\"592c61b\" data-element_type=\"widget\" data-settings=\"{&quot;_animation&quot;:&quot;fadeInUp&quot;,&quot;_animation_delay&quot;:100}\" data-widget_type=\"heading.default\">\n\t\t\t\t<div class=\"elementor-widget-container\">\n\t\t\t<h1 class=\"elementor-heading-title elementor-size-default\">Mobil Performans A\u011f\u0131m\u0131za Kat\u0131l\u0131n<\/h1>\t\t<\/div>\n\t\t\t\t<\/div>\n\t\t\t\t<div class=\"elementor-element elementor-element-de794e3 elementor-invisible elementor-widget elementor-widget-text-editor\" data-id=\"de794e3\" data-element_type=\"widget\" data-settings=\"{&quot;_animation&quot;:&quot;fadeInUp&quot;,&quot;_animation_delay&quot;:200}\" data-widget_type=\"text-editor.default\">\n\t\t\t\t<div class=\"elementor-widget-container\">\n\t\t\t\t\t\t\t<p class=\"hero_subtext\" style=\"text-align: center;\">Hedef kitleniz mobilde. Ak\u0131ll\u0131 cihazlar\u0131n yayg\u0131nla\u015fmas\u0131yla birlikte ula\u015fmak istedi\u011finiz hedef kitleniz art\u0131k mobil uygulama ve sitelerde hi\u00e7 olmad\u0131\u011f\u0131 kadar \u00e7ok zaman ge\u00e7iriyor.<\/p><p class=\"hero_subtext\" style=\"text-align: center;\">ReklamStore mobil performans a\u011f\u0131 ile son derece detayl\u0131 hedeflemeler yaparak \u00fcr\u00fcn ve servislerinizin tan\u0131t\u0131m\u0131nda daha y\u00fcksek ba\u015far\u0131 sizi bekliyor.<\/p>\t\t\t\t\t\t<\/div>\n\t\t\t\t<\/div>\n\t\t\t\t\t<\/div>\n\t\t<\/div>\n\t\t\t\t\t<\/div>\n\t\t<\/section>\n\t\t\t\t<section class=\"elementor-section elementor-top-section elementor-element elementor-element-29fc28f elementor-section-boxed elementor-section-height-default elementor-section-height-default\" data-id=\"29fc28f\" data-element_type=\"section\" data-settings=\"{&quot;background_background&quot;:&quot;classic&quot;}\">\n\t\t\t\t\t\t<div class=\"elementor-container elementor-column-gap-default\">\n\t\t\t\t\t<div class=\"elementor-column elementor-col-25 elementor-top-column elementor-element elementor-element-b6a917a\" data-id=\"b6a917a\" data-element_type=\"column\">\n\t\t\t<div class=\"elementor-widget-wrap elementor-element-populated\">\n\t\t\t\t\t\t<div class=\"elementor-element elementor-element-24d3a55 elementor-widget elementor-widget-text-editor\" data-id=\"24d3a55\" data-element_type=\"widget\" data-widget_type=\"text-editor.default\">\n\t\t\t\t<div class=\"elementor-widget-container\">\n\t\t\t\t\t\t\t<p class=\"et_pb_module_header\" style=\"text-align: center;\"><span style=\"color: #ffffff;\"><strong>Y\u00fcksek Yat\u0131r\u0131m Getirisi ve Performans<\/strong><\/span><\/p>\n<div class=\"et_pb_blurb_description\">\n<p style=\"text-align: center;\"><span style=\"color: #ffffff;\">En y\u00fcksek getiriyi vaat etmek i\u00e7in tasarlanm\u0131\u015f altyap\u0131ya sahip y\u00fcksek performansl\u0131 sat\u0131\u015f ortakl\u0131\u011f\u0131 a\u011f\u0131.<\/span><\/p>\n<\/div>\n\t\t\t\t\t\t<\/div>\n\t\t\t\t<\/div>\n\t\t\t\t\t<\/div>\n\t\t<\/div>\n\t\t\t\t<div class=\"elementor-column elementor-col-25 elementor-top-column elementor-element elementor-element-898a8cc\" data-id=\"898a8cc\" data-element_type=\"column\">\n\t\t\t<div class=\"elementor-widget-wrap elementor-element-populated\">\n\t\t\t\t\t\t<div class=\"elementor-element elementor-element-98ddb8c elementor-widget elementor-widget-text-editor\" data-id=\"98ddb8c\" data-element_type=\"widget\" data-widget_type=\"text-editor.default\">\n\t\t\t\t<div class=\"elementor-widget-container\">\n\t\t\t\t\t\t\t<p class=\"et_pb_module_header\" style=\"text-align: center;\"><span style=\"color: #ffffff;\"><strong>Risksiz kampanya y\u00f6netimi<\/strong><\/span><\/p>\n<div class=\"et_pb_blurb_description\" style=\"text-align: center;\"><span style=\"color: #ffffff;\">CPA y\u00f6ntemi ile risksiz reklam elde etme imkan\u0131.<\/span><\/div>\n\t\t\t\t\t\t<\/div>\n\t\t\t\t<\/div>\n\t\t\t\t\t<\/div>\n\t\t<\/div>\n\t\t\t\t<div class=\"elementor-column elementor-col-25 elementor-top-column elementor-element elementor-element-779b649\" data-id=\"779b649\" data-element_type=\"column\">\n\t\t\t<div class=\"elementor-widget-wrap elementor-element-populated\">\n\t\t\t\t\t\t<div class=\"elementor-element elementor-element-bfb1aad elementor-widget elementor-widget-text-editor\" data-id=\"bfb1aad\" data-element_type=\"widget\" data-widget_type=\"text-editor.default\">\n\t\t\t\t<div class=\"elementor-widget-container\">\n\t\t\t\t\t\t\t<p class=\"et_pb_module_header\" style=\"text-align: center;\"><span style=\"color: #ffffff;\"><strong>Hedefleme se\u00e7enekleri<\/strong><\/span><\/p>\n<p class=\"et_pb_blurb_description\" style=\"text-align: center;\"><span style=\"color: #ffffff;\">M\u00fc\u015fterileri operat\u00f6re, cihaza ve kategoriye g\u00f6re hedefleme imkan\u0131.<\/span><\/p>\n\t\t\t\t\t\t<\/div>\n\t\t\t\t<\/div>\n\t\t\t\t\t<\/div>\n\t\t<\/div>\n\t\t\t\t<div class=\"elementor-column elementor-col-25 elementor-top-column elementor-element elementor-element-8c3826c\" data-id=\"8c3826c\" data-element_type=\"column\">\n\t\t\t<div class=\"elementor-widget-wrap elementor-element-populated\">\n\t\t\t\t\t\t<div class=\"elementor-element elementor-element-275082c elementor-widget elementor-widget-text-editor\" data-id=\"275082c\" data-element_type=\"widget\" data-widget_type=\"text-editor.default\">\n\t\t\t\t<div class=\"elementor-widget-container\">\n\t\t\t\t\t\t\t<p class=\"et_pb_module_header\" style=\"text-align: center;\"><span style=\"color: #ffffff;\"><strong>Detayl\u0131 Raporlama<\/strong><\/span><\/p>\n<p class=\"et_pb_blurb_description\" style=\"text-align: center;\"><span style=\"color: #ffffff;\">Ger\u00e7ek zamanl\u0131 ve detayl\u0131 raporlar ile kampanyalar\u0131n\u0131z\u0131 en iyi \u015fekilde optimize edin.<\/span><\/p>\n\t\t\t\t\t\t<\/div>\n\t\t\t\t<\/div>\n\t\t\t\t\t<\/div>\n\t\t<\/div>\n\t\t\t\t\t<\/div>\n\t\t<\/section>\n\t\t\t\t<section class=\"elementor-section elementor-top-section elementor-element elementor-element-54513e7 elementor-section-boxed elementor-section-height-default elementor-section-height-default\" data-id=\"54513e7\" data-element_type=\"section\">\n\t\t\t\t\t\t<div class=\"elementor-container elementor-column-gap-default\">\n\t\t\t\t\t<div class=\"elementor-column elementor-col-50 elementor-top-column elementor-element elementor-element-eeb04b6\" data-id=\"eeb04b6\" data-element_type=\"column\">\n\t\t\t<div class=\"elementor-widget-wrap elementor-element-populated\">\n\t\t\t\t\t\t<div class=\"elementor-element elementor-element-f0e57f0 elementor-widget elementor-widget-text-editor\" data-id=\"f0e57f0\" data-element_type=\"widget\" data-widget_type=\"text-editor.default\">\n\t\t\t\t<div class=\"elementor-widget-container\">\n\t\t\t\t\t\t\t<h2 class=\"et_pb_module_header\">Mobil kullan\u0131c\u0131lara eri\u015fin<\/h2><div><p>Mobil kampanyan\u0131z\u0131 diledi\u011finiz \u00f6l\u00e7ekte, hatta k\u00fcresel olarak yay\u0131nlayabilir, yenilik\u00e7i ve geni\u015f hedefleme se\u00e7enekleri ile mobilde hedef kitlenize nokta at\u0131\u015f eri\u015febilirsiniz. ReklamStore\u2019un uzman ekibi t\u00fcm s\u00fcre\u00e7lerde size rehberlik ederek, kampanyan\u0131z\u0131n kurgusundan, en do\u011fru hedefleme se\u00e7enekleri konusunda sizi bilgilendirir. \u0130htiya\u00e7 oldu\u011fu her an en y\u00fcksek performans\u0131 elde etmek i\u00e7in optimizasyon konusunda da ReklamStore daima yan\u0131n\u0131zda\u2026 \u00a0<\/p><\/div>\t\t\t\t\t\t<\/div>\n\t\t\t\t<\/div>\n\t\t\t\t<div class=\"elementor-element elementor-element-b392c68 elementor-button-success elementor-align-center elementor-widget elementor-widget-button\" data-id=\"b392c68\" data-element_type=\"widget\" data-widget_type=\"button.default\">\n\t\t\t\t<div class=\"elementor-widget-container\">\n\t\t\t\t\t\t\t<div class=\"elementor-button-wrapper\">\n\t\t\t\t\t<a class=\"elementor-button elementor-button-link elementor-size-sm\" href=\"https:\/\/demo3.reklamstore.com\/contact-us\" target=\"_blank\" rel=\"noopener\">\n\t\t\t\t\t\t<span class=\"elementor-button-content-wrapper\">\n\t\t\t\t\t\t\t\t\t<span class=\"elementor-button-text\">Daha Fazla Bilgi<\/span>\n\t\t\t\t\t<\/span>\n\t\t\t\t\t<\/a>\n\t\t\t\t<\/div>\n\t\t\t\t\t\t<\/div>\n\t\t\t\t<\/div>\n\t\t\t\t\t<\/div>\n\t\t<\/div>\n\t\t\t\t<div class=\"elementor-column elementor-col-50 elementor-top-column elementor-element elementor-element-dda4739\" data-id=\"dda4739\" data-element_type=\"column\">\n\t\t\t<div class=\"elementor-widget-wrap elementor-element-populated\">\n\t\t\t\t\t\t<div class=\"elementor-element elementor-element-1fb9df9 elementor-widget elementor-widget-image\" data-id=\"1fb9df9\" data-element_type=\"widget\" data-widget_type=\"image.default\">\n\t\t\t\t<div class=\"elementor-widget-container\">\n\t\t\t\t\t\t\t\t\t\t\t\t\t<img fetchpriority=\"high\" decoding=\"async\" width=\"1024\" height=\"682\" src=\"https:\/\/www.reklamstore.com\/wp-content\/uploads\/2023\/10\/mobile-affiliate-1024x682.jpg\" class=\"attachment-large size-large wp-image-82081\" alt=\"\" srcset=\"https:\/\/www.reklamstore.com\/wp-content\/uploads\/2023\/10\/mobile-affiliate-1024x682.jpg 1024w, https:\/\/www.reklamstore.com\/wp-content\/uploads\/2023\/10\/mobile-affiliate-300x200.jpg 300w, https:\/\/www.reklamstore.com\/wp-content\/uploads\/2023\/10\/mobile-affiliate-768x512.jpg 768w, https:\/\/www.reklamstore.com\/wp-content\/uploads\/2023\/10\/mobile-affiliate-1536x1024.jpg 1536w, https:\/\/www.reklamstore.com\/wp-content\/uploads\/2023\/10\/mobile-affiliate.jpg 2000w\" sizes=\"(max-width: 1024px) 100vw, 1024px\" \/>\t\t\t\t\t\t\t\t\t\t\t\t\t<\/div>\n\t\t\t\t<\/div>\n\t\t\t\t\t<\/div>\n\t\t<\/div>\n\t\t\t\t\t<\/div>\n\t\t<\/section>\n\t\t\t\t<section class=\"elementor-section elementor-top-section elementor-element elementor-element-f2a97a9 elementor-section-boxed elementor-section-height-default elementor-section-height-default\" data-id=\"f2a97a9\" data-element_type=\"section\" data-settings=\"{&quot;background_background&quot;:&quot;classic&quot;}\">\n\t\t\t\t\t\t<div class=\"elementor-container elementor-column-gap-default\">\n\t\t\t\t\t<div class=\"elementor-column elementor-col-50 elementor-top-column elementor-element elementor-element-573a766\" data-id=\"573a766\" data-element_type=\"column\">\n\t\t\t<div class=\"elementor-widget-wrap elementor-element-populated\">\n\t\t\t\t\t\t<div class=\"elementor-element elementor-element-2a5e2f2 elementor-widget elementor-widget-image\" data-id=\"2a5e2f2\" data-element_type=\"widget\" data-widget_type=\"image.default\">\n\t\t\t\t<div class=\"elementor-widget-container\">\n\t\t\t\t\t\t\t\t\t\t\t\t\t<img decoding=\"async\" width=\"1024\" height=\"684\" src=\"https:\/\/www.reklamstore.com\/wp-content\/uploads\/2023\/10\/mobile-affiliate2-1024x684.jpg\" class=\"attachment-large size-large wp-image-82082\" alt=\"\" srcset=\"https:\/\/www.reklamstore.com\/wp-content\/uploads\/2023\/10\/mobile-affiliate2-1024x684.jpg 1024w, https:\/\/www.reklamstore.com\/wp-content\/uploads\/2023\/10\/mobile-affiliate2-300x200.jpg 300w, https:\/\/www.reklamstore.com\/wp-content\/uploads\/2023\/10\/mobile-affiliate2-768x513.jpg 768w, https:\/\/www.reklamstore.com\/wp-content\/uploads\/2023\/10\/mobile-affiliate2-1536x1025.jpg 1536w, https:\/\/www.reklamstore.com\/wp-content\/uploads\/2023\/10\/mobile-affiliate2.jpg 2000w\" sizes=\"(max-width: 1024px) 100vw, 1024px\" \/>\t\t\t\t\t\t\t\t\t\t\t\t\t<\/div>\n\t\t\t\t<\/div>\n\t\t\t\t\t<\/div>\n\t\t<\/div>\n\t\t\t\t<div class=\"elementor-column elementor-col-50 elementor-top-column elementor-element elementor-element-57c32c3\" data-id=\"57c32c3\" data-element_type=\"column\">\n\t\t\t<div class=\"elementor-widget-wrap elementor-element-populated\">\n\t\t\t\t\t\t<div class=\"elementor-element elementor-element-a6a1380 elementor-widget elementor-widget-text-editor\" data-id=\"a6a1380\" data-element_type=\"widget\" data-widget_type=\"text-editor.default\">\n\t\t\t\t<div class=\"elementor-widget-container\">\n\t\t\t\t\t\t\t<h2 class=\"et_pb_module_header\">Ki\u015fiselle\u015ftirilmi\u015f mobil affiliate \u00e7\u00f6z\u00fcmleri<\/h2><div>ReklamStore Affiliate ile mobil kampanya istatistiklerinizi kontrol panelinizden ger\u00e7ek zamanl\u0131 olarak takip edebilirsiniz. Verim almad\u0131\u011f\u0131n\u0131z mobil yay\u0131nc\u0131lar\u0131 engelleyebilir, daha y\u00fcksek faydal\u0131 sa\u011flayan yay\u0131nc\u0131lara \u00f6zel teklifler sunabilirsiniz. Kampanyalar\u0131ndan daha y\u00fcksek verim alan ReklamStore reklamverenleri aras\u0131nda kat\u0131lmak i\u00e7in hedef kitlenizi, a\u00e7\u0131l\u0131\u015f sayfan\u0131z\u0131 ve daha \u00f6nce y\u00fcr\u00fctt\u00fc\u011f\u00fcn\u00fcz kampanyalarla ilgili detaylar\u0131 bize iletmeniz yeterli. Reklam y\u00f6neticiniz en k\u0131sa zamanda sizinle ileti\u015fime ge\u00e7ecek. \u00a0<\/div>\t\t\t\t\t\t<\/div>\n\t\t\t\t<\/div>\n\t\t\t\t<div class=\"elementor-element elementor-element-eaff5e3 elementor-button-success elementor-align-left elementor-widget elementor-widget-button\" data-id=\"eaff5e3\" data-element_type=\"widget\" data-widget_type=\"button.default\">\n\t\t\t\t<div class=\"elementor-widget-container\">\n\t\t\t\t\t\t\t<div class=\"elementor-button-wrapper\">\n\t\t\t\t\t<a class=\"elementor-button elementor-button-link elementor-size-sm\" href=\"https:\/\/demo3.reklamstore.com\/contact-us\" target=\"_blank\" rel=\"noopener\">\n\t\t\t\t\t\t<span class=\"elementor-button-content-wrapper\">\n\t\t\t\t\t\t\t\t\t<span class=\"elementor-button-text\">Daha Fazla Bilgi<\/span>\n\t\t\t\t\t<\/span>\n\t\t\t\t\t<\/a>\n\t\t\t\t<\/div>\n\t\t\t\t\t\t<\/div>\n\t\t\t\t<\/div>\n\t\t\t\t\t<\/div>\n\t\t<\/div>\n\t\t\t\t\t<\/div>\n\t\t<\/section>\n\t\t\t\t<section class=\"elementor-section elementor-top-section elementor-element elementor-element-97791fa elementor-section-boxed elementor-section-height-default elementor-section-height-default\" data-id=\"97791fa\" data-element_type=\"section\" data-settings=\"{&quot;background_background&quot;:&quot;classic&quot;}\">\n\t\t\t\t\t\t<div class=\"elementor-container elementor-column-gap-default\">\n\t\t\t\t\t<div class=\"elementor-column elementor-col-100 elementor-top-column elementor-element elementor-element-d322a8c\" data-id=\"d322a8c\" data-element_type=\"column\">\n\t\t\t<div class=\"elementor-widget-wrap elementor-element-populated\">\n\t\t\t\t\t\t<div class=\"elementor-element elementor-element-fccdb1d elementor-widget elementor-widget-text-editor\" data-id=\"fccdb1d\" data-element_type=\"widget\" data-widget_type=\"text-editor.default\">\n\t\t\t\t<div class=\"elementor-widget-container\">\n\t\t\t\t\t\t\t<h4 style=\"text-align: center;\"><span style=\"color: #ffffff;\">Mobile Affiliate ile Bug\u00fcn Tan\u0131\u015f\u0131n!<\/span><\/h4>\n<p style=\"text-align: center;\"><span style=\"color: #ffffff;\">ReklamStore Affiliate a\u011f\u0131na kat\u0131lmak ve mobil tabanl\u0131 performans kampanyalar\u0131n\u0131z\u0131n ve reklamlar\u0131n\u0131z\u0131n verimlili\u011fini art\u0131rmak i\u00e7in hemen ba\u015fvurun!<\/span><\/p>\n\t\t\t\t\t\t<\/div>\n\t\t\t\t<\/div>\n\t\t\t\t<div class=\"elementor-element elementor-element-c9d7689 elementor-button-success elementor-align-center elementor-widget elementor-widget-button\" data-id=\"c9d7689\" data-element_type=\"widget\" data-widget_type=\"button.default\">\n\t\t\t\t<div class=\"elementor-widget-container\">\n\t\t\t\t\t\t\t<div class=\"elementor-button-wrapper\">\n\t\t\t\t\t<a class=\"elementor-button elementor-button-link elementor-size-sm\" href=\"#\">\n\t\t\t\t\t\t<span class=\"elementor-button-content-wrapper\">\n\t\t\t\t\t\t\t\t\t<span class=\"elementor-button-text\">Kaydolun<\/span>\n\t\t\t\t\t<\/span>\n\t\t\t\t\t<\/a>\n\t\t\t\t<\/div>\n\t\t\t\t\t\t<\/div>\n\t\t\t\t<\/div>\n\t\t\t\t\t<\/div>\n\t\t<\/div>\n\t\t\t\t\t<\/div>\n\t\t<\/section>\n\t\t\t\t<\/div>\n\t\t","protected":false},"excerpt":{"rendered":"<p>Ana Sayfa &gt; Affilate Mobile Mobil Performans A\u011f\u0131m\u0131za Kat\u0131l\u0131n Hedef kitleniz mobilde. Ak\u0131ll\u0131 cihazlar\u0131n yayg\u0131nla\u015fmas\u0131yla birlikte ula\u015fmak istedi\u011finiz hedef kitleniz art\u0131k mobil uygulama ve sitelerde hi\u00e7 olmad\u0131\u011f\u0131 kadar \u00e7ok zaman ge\u00e7iriyor. ReklamStore mobil performans a\u011f\u0131 ile son derece detayl\u0131 hedeflemeler yaparak \u00fcr\u00fcn ve servislerinizin tan\u0131t\u0131m\u0131nda daha y\u00fcksek ba\u015far\u0131 sizi bekliyor. Y\u00fcksek Yat\u0131r\u0131m Getirisi ve Performans [&hellip;]<\/p>\n","protected":false},"author":1,"featured_media":0,"parent":0,"menu_order":0,"comment_status":"closed","ping_status":"closed","template":"elementor_header_footer","meta":{"footnotes":""},"class_list":["post-82828","page","type-page","status-publish","hentry"],"_links":{"self":[{"href":"https:\/\/www.reklamstore.com\/tr\/wp-json\/wp\/v2\/pages\/82828","targetHints":{"allow":["GET"]}}],"collection":[{"href":"https:\/\/www.reklamstore.com\/tr\/wp-json\/wp\/v2\/pages"}],"about":[{"href":"https:\/\/www.reklamstore.com\/tr\/wp-json\/wp\/v2\/types\/page"}],"author":[{"embeddable":true,"href":"https:\/\/www.reklamstore.com\/tr\/wp-json\/wp\/v2\/users\/1"}],"replies":[{"embeddable":true,"href":"https:\/\/www.reklamstore.com\/tr\/wp-json\/wp\/v2\/comments?post=82828"}],"version-history":[{"count":0,"href":"https:\/\/www.reklamstore.com\/tr\/wp-json\/wp\/v2\/pages\/82828\/revisions"}],"wp:attachment":[{"href":"https:\/\/www.reklamstore.com\/tr\/wp-json\/wp\/v2\/media?parent=82828"}],"curies":[{"name":"wp","href":"https:\/\/api.w.org\/{rel}","templated":true}]}}