{"id":82825,"date":"2023-10-24T12:34:01","date_gmt":"2023-10-24T09:34:01","guid":{"rendered":"https:\/\/demo3.reklamstore.com\/dsp-besleme-kaynaklari"},"modified":"2023-11-15T15:19:53","modified_gmt":"2023-11-15T12:19:53","slug":"dsp-trafik-tedarik-kaynaklari","status":"publish","type":"page","link":"https:\/\/www.reklamstore.com\/tr\/dsp-trafik-tedarik-kaynaklari","title":{"rendered":"DSP Trafik Tedarik Kaynaklar\u0131"},"content":{"rendered":"\t\t<div data-elementor-type=\"wp-page\" data-elementor-id=\"82825\" class=\"elementor elementor-82825 elementor-78829\" data-elementor-post-type=\"page\">\n\t\t\t\t\t\t<section class=\"elementor-section elementor-top-section elementor-element elementor-element-4cf934a elementor-section-boxed elementor-section-height-default elementor-section-height-default\" data-id=\"4cf934a\" data-element_type=\"section\" data-settings=\"{&quot;background_background&quot;:&quot;gradient&quot;}\">\n\t\t\t\t\t\t\t<div class=\"elementor-background-overlay\"><\/div>\n\t\t\t\t\t\t\t<div class=\"elementor-container elementor-column-gap-default\">\n\t\t\t\t\t<div class=\"elementor-column elementor-col-100 elementor-top-column elementor-element elementor-element-1d9f455\" data-id=\"1d9f455\" data-element_type=\"column\">\n\t\t\t<div class=\"elementor-widget-wrap elementor-element-populated\">\n\t\t\t\t\t\t<div class=\"elementor-element elementor-element-9ae88b9 elementor-invisible elementor-widget elementor-widget-heading\" data-id=\"9ae88b9\" data-element_type=\"widget\" data-settings=\"{&quot;_animation&quot;:&quot;fadeInUp&quot;}\" data-widget_type=\"heading.default\">\n\t\t\t\t<div class=\"elementor-widget-container\">\n\t\t\t<h6 class=\"elementor-heading-title elementor-size-default\">Ana Sayfa &gt; DSP Trafik Tedarik kaynaklar\u0131<\/h6>\t\t<\/div>\n\t\t\t\t<\/div>\n\t\t\t\t<div class=\"elementor-element elementor-element-592c61b elementor-invisible elementor-widget elementor-widget-heading\" data-id=\"592c61b\" data-element_type=\"widget\" data-settings=\"{&quot;_animation&quot;:&quot;fadeInUp&quot;,&quot;_animation_delay&quot;:100}\" data-widget_type=\"heading.default\">\n\t\t\t\t<div class=\"elementor-widget-container\">\n\t\t\t<h1 class=\"elementor-heading-title elementor-size-default\">K\u00fcresel &amp; Y\u00fcksek Kaliteli Trafik<\/h1>\t\t<\/div>\n\t\t\t\t<\/div>\n\t\t\t\t<div class=\"elementor-element elementor-element-de794e3 elementor-invisible elementor-widget elementor-widget-text-editor\" data-id=\"de794e3\" data-element_type=\"widget\" data-settings=\"{&quot;_animation&quot;:&quot;fadeInUp&quot;,&quot;_animation_delay&quot;:200}\" data-widget_type=\"text-editor.default\">\n\t\t\t\t<div class=\"elementor-widget-container\">\n\t\t\t\t\t\t\t<p><span class=\"et_pb_fullwidth_header_subhead\">\u0130\u015f ortaklar\u0131m\u0131za y\u00fcksek kaliteli trafik sa\u011flamak i\u00e7in sekt\u00f6r\u00fcn lider trafik kaynaklar\u0131na entegreyiz.<\/span><\/p>\t\t\t\t\t\t<\/div>\n\t\t\t\t<\/div>\n\t\t\t\t\t<\/div>\n\t\t<\/div>\n\t\t\t\t\t<\/div>\n\t\t<\/section>\n\t\t\t\t<section class=\"elementor-section elementor-top-section elementor-element elementor-element-29fc28f elementor-section-boxed elementor-section-height-default elementor-section-height-default\" data-id=\"29fc28f\" data-element_type=\"section\">\n\t\t\t\t\t\t<div class=\"elementor-container elementor-column-gap-default\">\n\t\t\t\t\t<div class=\"elementor-column elementor-col-50 elementor-top-column elementor-element elementor-element-b6a917a\" data-id=\"b6a917a\" data-element_type=\"column\">\n\t\t\t<div class=\"elementor-widget-wrap elementor-element-populated\">\n\t\t\t\t\t\t<div class=\"elementor-element elementor-element-e91a582 elementor-widget elementor-widget-text-editor\" data-id=\"e91a582\" data-element_type=\"widget\" data-widget_type=\"text-editor.default\">\n\t\t\t\t<div class=\"elementor-widget-container\">\n\t\t\t\t\t\t\t<h2>Tedarik Ortaklar\u0131<\/h2>\n<\/p>\n<p class=\"section-title\">Trafik tedarik ortaklar\u0131m\u0131z sayesinde binlerce web sitesine eri\u015febilirsiniz. ReklamStore DSP, \u00f6zellikle m\u00fc\u015fteri odakl\u0131 bir reklam platformu olu\u015fturma zihniyetiyle tasarland\u0131 ve tan\u0131nm\u0131\u015f SSP&#8217;lerle ortak olarak medya kalitemizi s\u00fcrekli geli\u015ftiriyoruz. \u015eu anda 100&#8217;den fazla SSP&#8217;ye ba\u011fland\u0131k ve t\u00fcm \u00fclkeler i\u00e7in yerel, g\u00f6r\u00fcnt\u00fcl\u00fc ve video trafi\u011fi mevcut.<\/p>\n\t\t\t\t\t\t<\/div>\n\t\t\t\t<\/div>\n\t\t\t\t<div class=\"elementor-element elementor-element-fb4e177 elementor-button-success elementor-align-justify elementor-widget__width-initial elementor-widget elementor-widget-button\" data-id=\"fb4e177\" data-element_type=\"widget\" data-widget_type=\"button.default\">\n\t\t\t\t<div class=\"elementor-widget-container\">\n\t\t\t\t\t\t\t<div class=\"elementor-button-wrapper\">\n\t\t\t\t\t<a class=\"elementor-button elementor-button-link elementor-size-md\" href=\"https:\/\/dsp.reklamstore.com\/signup\" target=\"_blank\" rel=\"noopener\">\n\t\t\t\t\t\t<span class=\"elementor-button-content-wrapper\">\n\t\t\t\t\t\t\t\t\t<span class=\"elementor-button-text\">Kaydolun<\/span>\n\t\t\t\t\t<\/span>\n\t\t\t\t\t<\/a>\n\t\t\t\t<\/div>\n\t\t\t\t\t\t<\/div>\n\t\t\t\t<\/div>\n\t\t\t\t<div class=\"elementor-element elementor-element-49af3e5 elementor-align-justify elementor-widget__width-initial elementor-widget elementor-widget-button\" data-id=\"49af3e5\" data-element_type=\"widget\" data-widget_type=\"button.default\">\n\t\t\t\t<div class=\"elementor-widget-container\">\n\t\t\t\t\t\t\t<div class=\"elementor-button-wrapper\">\n\t\t\t\t\t<a class=\"elementor-button elementor-button-link elementor-size-sm\" href=\"https:\/\/dsp.reklamstore.com\/\" target=\"_blank\" rel=\"noopener\">\n\t\t\t\t\t\t<span class=\"elementor-button-content-wrapper\">\n\t\t\t\t\t\t\t\t\t<span class=\"elementor-button-text\">Giri\u015f<\/span>\n\t\t\t\t\t<\/span>\n\t\t\t\t\t<\/a>\n\t\t\t\t<\/div>\n\t\t\t\t\t\t<\/div>\n\t\t\t\t<\/div>\n\t\t\t\t\t<\/div>\n\t\t<\/div>\n\t\t\t\t<div class=\"elementor-column elementor-col-50 elementor-top-column elementor-element elementor-element-1742355\" data-id=\"1742355\" data-element_type=\"column\">\n\t\t\t<div class=\"elementor-widget-wrap elementor-element-populated\">\n\t\t\t\t\t\t<div class=\"elementor-element elementor-element-00c6363 elementor-widget elementor-widget-image\" data-id=\"00c6363\" data-element_type=\"widget\" data-widget_type=\"image.default\">\n\t\t\t\t<div class=\"elementor-widget-container\">\n\t\t\t\t\t\t\t\t\t\t\t\t\t<img decoding=\"async\" src=\"https:\/\/www.reklamstore.com\/wp-content\/uploads\/elementor\/thumbs\/Ad-distribution-qhruz2yhbs1m4nay078uc5l187ti3ypadeq4qx67c0.gif\" title=\"Ad-distribution\" alt=\"Ad-distribution\" loading=\"lazy\" \/>\t\t\t\t\t\t\t\t\t\t\t\t\t<\/div>\n\t\t\t\t<\/div>\n\t\t\t\t\t<\/div>\n\t\t<\/div>\n\t\t\t\t\t<\/div>\n\t\t<\/section>\n\t\t\t\t<section class=\"elementor-section elementor-top-section elementor-element elementor-element-fc638dc elementor-section-boxed elementor-section-height-default elementor-section-height-default\" data-id=\"fc638dc\" data-element_type=\"section\">\n\t\t\t\t\t\t<div class=\"elementor-container elementor-column-gap-default\">\n\t\t\t\t\t<div class=\"elementor-column elementor-col-100 elementor-top-column elementor-element elementor-element-49c6161\" data-id=\"49c6161\" data-element_type=\"column\">\n\t\t\t<div class=\"elementor-widget-wrap elementor-element-populated\">\n\t\t\t\t\t\t<div class=\"elementor-element elementor-element-2dc8836 elementor-widget elementor-widget-heading\" data-id=\"2dc8836\" data-element_type=\"widget\" data-widget_type=\"heading.default\">\n\t\t\t\t<div class=\"elementor-widget-container\">\n\t\t\t<span class=\"elementor-heading-title elementor-size-large\">ReklamStore DSP sayesinde trafik sat\u0131n alabilece\u011finiz kaynaklar<\/span>\t\t<\/div>\n\t\t\t\t<\/div>\n\t\t\t\t\t<\/div>\n\t\t<\/div>\n\t\t\t\t\t<\/div>\n\t\t<\/section>\n\t\t\t\t<section class=\"elementor-section elementor-top-section elementor-element elementor-element-f497e7b elementor-section-boxed elementor-section-height-default elementor-section-height-default\" data-id=\"f497e7b\" data-element_type=\"section\">\n\t\t\t\t\t\t<div class=\"elementor-container elementor-column-gap-default\">\n\t\t\t\t\t<div class=\"elementor-column elementor-col-25 elementor-top-column elementor-element elementor-element-1ce53cd\" data-id=\"1ce53cd\" data-element_type=\"column\">\n\t\t\t<div class=\"elementor-widget-wrap elementor-element-populated\">\n\t\t\t\t\t\t<div class=\"elementor-element elementor-element-7fb4b52 elementor-widget elementor-widget-image\" data-id=\"7fb4b52\" data-element_type=\"widget\" data-widget_type=\"image.default\">\n\t\t\t\t<div class=\"elementor-widget-container\">\n\t\t\t\t\t\t\t\t\t\t\t\t\t<img decoding=\"async\" width=\"150\" height=\"150\" src=\"https:\/\/www.reklamstore.com\/wp-content\/uploads\/2023\/10\/doubleclick-logo-transparent-background-150x150.png\" class=\"attachment-thumbnail size-thumbnail wp-image-82132\" alt=\"\" srcset=\"https:\/\/www.reklamstore.com\/wp-content\/uploads\/2023\/10\/doubleclick-logo-transparent-background-150x150.png 150w, https:\/\/www.reklamstore.com\/wp-content\/uploads\/2023\/10\/doubleclick-logo-transparent-background-300x300.png 300w, https:\/\/www.reklamstore.com\/wp-content\/uploads\/2023\/10\/doubleclick-logo-transparent-background.png 500w\" sizes=\"(max-width: 150px) 100vw, 150px\" \/>\t\t\t\t\t\t\t\t\t\t\t\t\t<\/div>\n\t\t\t\t<\/div>\n\t\t\t\t\t<\/div>\n\t\t<\/div>\n\t\t\t\t<div class=\"elementor-column elementor-col-25 elementor-top-column elementor-element elementor-element-cdab2fd\" data-id=\"cdab2fd\" data-element_type=\"column\">\n\t\t\t<div class=\"elementor-widget-wrap elementor-element-populated\">\n\t\t\t\t\t\t<div class=\"elementor-element elementor-element-e3a09db elementor-widget elementor-widget-image\" data-id=\"e3a09db\" data-element_type=\"widget\" data-widget_type=\"image.default\">\n\t\t\t\t<div class=\"elementor-widget-container\">\n\t\t\t\t\t\t\t\t\t\t\t\t\t<img decoding=\"async\" width=\"150\" height=\"150\" src=\"https:\/\/www.reklamstore.com\/wp-content\/uploads\/2023\/10\/aol-logo-transparent-background-150x150.png\" class=\"attachment-thumbnail size-thumbnail wp-image-82133\" alt=\"\" srcset=\"https:\/\/www.reklamstore.com\/wp-content\/uploads\/2023\/10\/aol-logo-transparent-background-150x150.png 150w, https:\/\/www.reklamstore.com\/wp-content\/uploads\/2023\/10\/aol-logo-transparent-background-300x300.png 300w, https:\/\/www.reklamstore.com\/wp-content\/uploads\/2023\/10\/aol-logo-transparent-background.png 500w\" sizes=\"(max-width: 150px) 100vw, 150px\" \/>\t\t\t\t\t\t\t\t\t\t\t\t\t<\/div>\n\t\t\t\t<\/div>\n\t\t\t\t\t<\/div>\n\t\t<\/div>\n\t\t\t\t<div class=\"elementor-column elementor-col-25 elementor-top-column elementor-element elementor-element-e4d198a\" data-id=\"e4d198a\" data-element_type=\"column\">\n\t\t\t<div class=\"elementor-widget-wrap elementor-element-populated\">\n\t\t\t\t\t\t<div class=\"elementor-element elementor-element-1c921e9 elementor-widget elementor-widget-image\" data-id=\"1c921e9\" data-element_type=\"widget\" data-widget_type=\"image.default\">\n\t\t\t\t<div class=\"elementor-widget-container\">\n\t\t\t\t\t\t\t\t\t\t\t\t\t<img decoding=\"async\" width=\"150\" height=\"150\" src=\"https:\/\/www.reklamstore.com\/wp-content\/uploads\/2023\/10\/appnexus-logo-transparent-background-150x150.png\" class=\"attachment-thumbnail size-thumbnail wp-image-82134\" alt=\"\" srcset=\"https:\/\/www.reklamstore.com\/wp-content\/uploads\/2023\/10\/appnexus-logo-transparent-background-150x150.png 150w, https:\/\/www.reklamstore.com\/wp-content\/uploads\/2023\/10\/appnexus-logo-transparent-background-300x300.png 300w, https:\/\/www.reklamstore.com\/wp-content\/uploads\/2023\/10\/appnexus-logo-transparent-background.png 500w\" sizes=\"(max-width: 150px) 100vw, 150px\" \/>\t\t\t\t\t\t\t\t\t\t\t\t\t<\/div>\n\t\t\t\t<\/div>\n\t\t\t\t\t<\/div>\n\t\t<\/div>\n\t\t\t\t<div class=\"elementor-column elementor-col-25 elementor-top-column elementor-element elementor-element-4d6a41c\" data-id=\"4d6a41c\" data-element_type=\"column\">\n\t\t\t<div class=\"elementor-widget-wrap elementor-element-populated\">\n\t\t\t\t\t\t<div class=\"elementor-element elementor-element-532c2c9 elementor-widget elementor-widget-image\" data-id=\"532c2c9\" data-element_type=\"widget\" data-widget_type=\"image.default\">\n\t\t\t\t<div class=\"elementor-widget-container\">\n\t\t\t\t\t\t\t\t\t\t\t\t\t<img loading=\"lazy\" decoding=\"async\" width=\"150\" height=\"150\" src=\"https:\/\/www.reklamstore.com\/wp-content\/uploads\/2023\/10\/mopub-logo-transparent-background-150x150.png\" class=\"attachment-thumbnail size-thumbnail wp-image-82135\" alt=\"\" srcset=\"https:\/\/www.reklamstore.com\/wp-content\/uploads\/2023\/10\/mopub-logo-transparent-background-150x150.png 150w, https:\/\/www.reklamstore.com\/wp-content\/uploads\/2023\/10\/mopub-logo-transparent-background-300x300.png 300w, https:\/\/www.reklamstore.com\/wp-content\/uploads\/2023\/10\/mopub-logo-transparent-background.png 500w\" sizes=\"(max-width: 150px) 100vw, 150px\" \/>\t\t\t\t\t\t\t\t\t\t\t\t\t<\/div>\n\t\t\t\t<\/div>\n\t\t\t\t\t<\/div>\n\t\t<\/div>\n\t\t\t\t\t<\/div>\n\t\t<\/section>\n\t\t\t\t<section class=\"elementor-section elementor-top-section elementor-element elementor-element-3d95874 elementor-section-boxed elementor-section-height-default elementor-section-height-default\" data-id=\"3d95874\" data-element_type=\"section\">\n\t\t\t\t\t\t<div class=\"elementor-container elementor-column-gap-default\">\n\t\t\t\t\t<div class=\"elementor-column elementor-col-25 elementor-top-column elementor-element elementor-element-2c3e1fd\" data-id=\"2c3e1fd\" data-element_type=\"column\">\n\t\t\t<div class=\"elementor-widget-wrap elementor-element-populated\">\n\t\t\t\t\t\t<div class=\"elementor-element elementor-element-a7548ed elementor-widget elementor-widget-image\" data-id=\"a7548ed\" data-element_type=\"widget\" data-widget_type=\"image.default\">\n\t\t\t\t<div class=\"elementor-widget-container\">\n\t\t\t\t\t\t\t\t\t\t\t\t\t<img loading=\"lazy\" decoding=\"async\" width=\"150\" height=\"150\" src=\"https:\/\/www.reklamstore.com\/wp-content\/uploads\/2023\/10\/pulsepoint-logo-transparent-backgorund-150x150.png\" class=\"attachment-thumbnail size-thumbnail wp-image-82136\" alt=\"\" srcset=\"https:\/\/www.reklamstore.com\/wp-content\/uploads\/2023\/10\/pulsepoint-logo-transparent-backgorund-150x150.png 150w, https:\/\/www.reklamstore.com\/wp-content\/uploads\/2023\/10\/pulsepoint-logo-transparent-backgorund-300x300.png 300w, https:\/\/www.reklamstore.com\/wp-content\/uploads\/2023\/10\/pulsepoint-logo-transparent-backgorund.png 500w\" sizes=\"(max-width: 150px) 100vw, 150px\" \/>\t\t\t\t\t\t\t\t\t\t\t\t\t<\/div>\n\t\t\t\t<\/div>\n\t\t\t\t\t<\/div>\n\t\t<\/div>\n\t\t\t\t<div class=\"elementor-column elementor-col-25 elementor-top-column elementor-element elementor-element-ed6dabf\" data-id=\"ed6dabf\" data-element_type=\"column\">\n\t\t\t<div class=\"elementor-widget-wrap elementor-element-populated\">\n\t\t\t\t\t\t<div class=\"elementor-element elementor-element-ec2f227 elementor-widget elementor-widget-image\" data-id=\"ec2f227\" data-element_type=\"widget\" data-widget_type=\"image.default\">\n\t\t\t\t<div class=\"elementor-widget-container\">\n\t\t\t\t\t\t\t\t\t\t\t\t\t<img loading=\"lazy\" decoding=\"async\" width=\"150\" height=\"150\" src=\"https:\/\/www.reklamstore.com\/wp-content\/uploads\/2023\/10\/mobfox-logo-transparent-background-150x150.png\" class=\"attachment-thumbnail size-thumbnail wp-image-82137\" alt=\"\" srcset=\"https:\/\/www.reklamstore.com\/wp-content\/uploads\/2023\/10\/mobfox-logo-transparent-background-150x150.png 150w, https:\/\/www.reklamstore.com\/wp-content\/uploads\/2023\/10\/mobfox-logo-transparent-background-300x300.png 300w, https:\/\/www.reklamstore.com\/wp-content\/uploads\/2023\/10\/mobfox-logo-transparent-background.png 500w\" sizes=\"(max-width: 150px) 100vw, 150px\" \/>\t\t\t\t\t\t\t\t\t\t\t\t\t<\/div>\n\t\t\t\t<\/div>\n\t\t\t\t\t<\/div>\n\t\t<\/div>\n\t\t\t\t<div class=\"elementor-column elementor-col-25 elementor-top-column elementor-element elementor-element-0b46acc\" data-id=\"0b46acc\" data-element_type=\"column\">\n\t\t\t<div class=\"elementor-widget-wrap elementor-element-populated\">\n\t\t\t\t\t\t<div class=\"elementor-element elementor-element-50bea88 elementor-widget elementor-widget-image\" data-id=\"50bea88\" data-element_type=\"widget\" data-widget_type=\"image.default\">\n\t\t\t\t<div class=\"elementor-widget-container\">\n\t\t\t\t\t\t\t\t\t\t\t\t\t<img loading=\"lazy\" decoding=\"async\" width=\"150\" height=\"150\" src=\"https:\/\/www.reklamstore.com\/wp-content\/uploads\/2023\/10\/smaato-logo-transparent-background-150x150.png\" class=\"attachment-thumbnail size-thumbnail wp-image-82138\" alt=\"\" srcset=\"https:\/\/www.reklamstore.com\/wp-content\/uploads\/2023\/10\/smaato-logo-transparent-background-150x150.png 150w, https:\/\/www.reklamstore.com\/wp-content\/uploads\/2023\/10\/smaato-logo-transparent-background-300x300.png 300w, https:\/\/www.reklamstore.com\/wp-content\/uploads\/2023\/10\/smaato-logo-transparent-background.png 500w\" sizes=\"(max-width: 150px) 100vw, 150px\" \/>\t\t\t\t\t\t\t\t\t\t\t\t\t<\/div>\n\t\t\t\t<\/div>\n\t\t\t\t\t<\/div>\n\t\t<\/div>\n\t\t\t\t<div class=\"elementor-column elementor-col-25 elementor-top-column elementor-element elementor-element-30764b2\" data-id=\"30764b2\" data-element_type=\"column\">\n\t\t\t<div class=\"elementor-widget-wrap elementor-element-populated\">\n\t\t\t\t\t\t<div class=\"elementor-element elementor-element-2fa5934 elementor-widget elementor-widget-image\" data-id=\"2fa5934\" data-element_type=\"widget\" data-widget_type=\"image.default\">\n\t\t\t\t<div class=\"elementor-widget-container\">\n\t\t\t\t\t\t\t\t\t\t\t\t\t<img loading=\"lazy\" decoding=\"async\" width=\"150\" height=\"150\" src=\"https:\/\/www.reklamstore.com\/wp-content\/uploads\/2023\/10\/pubmatic-logo-transparent-background-150x150.png\" class=\"attachment-thumbnail size-thumbnail wp-image-82139\" alt=\"\" srcset=\"https:\/\/www.reklamstore.com\/wp-content\/uploads\/2023\/10\/pubmatic-logo-transparent-background-150x150.png 150w, https:\/\/www.reklamstore.com\/wp-content\/uploads\/2023\/10\/pubmatic-logo-transparent-background-300x300.png 300w, https:\/\/www.reklamstore.com\/wp-content\/uploads\/2023\/10\/pubmatic-logo-transparent-background.png 500w\" sizes=\"(max-width: 150px) 100vw, 150px\" \/>\t\t\t\t\t\t\t\t\t\t\t\t\t<\/div>\n\t\t\t\t<\/div>\n\t\t\t\t\t<\/div>\n\t\t<\/div>\n\t\t\t\t\t<\/div>\n\t\t<\/section>\n\t\t\t\t<section class=\"elementor-section elementor-top-section elementor-element elementor-element-ea7f6b3 elementor-section-boxed elementor-section-height-default elementor-section-height-default\" data-id=\"ea7f6b3\" data-element_type=\"section\">\n\t\t\t\t\t\t<div class=\"elementor-container elementor-column-gap-default\">\n\t\t\t\t\t<div class=\"elementor-column elementor-col-100 elementor-top-column elementor-element elementor-element-e41833c\" data-id=\"e41833c\" data-element_type=\"column\">\n\t\t\t<div class=\"elementor-widget-wrap elementor-element-populated\">\n\t\t\t\t\t\t<div class=\"elementor-element elementor-element-84fa1a1 elementor-widget elementor-widget-heading\" data-id=\"84fa1a1\" data-element_type=\"widget\" data-widget_type=\"heading.default\">\n\t\t\t\t<div class=\"elementor-widget-container\">\n\t\t\t<span class=\"elementor-heading-title elementor-size-large\">ve daha fazlas\u0131...<\/span>\t\t<\/div>\n\t\t\t\t<\/div>\n\t\t\t\t\t<\/div>\n\t\t<\/div>\n\t\t\t\t\t<\/div>\n\t\t<\/section>\n\t\t\t\t<section class=\"elementor-section elementor-top-section elementor-element elementor-element-4451395 elementor-section-boxed elementor-section-height-default elementor-section-height-default\" data-id=\"4451395\" data-element_type=\"section\">\n\t\t\t\t\t\t<div class=\"elementor-container elementor-column-gap-default\">\n\t\t\t\t\t<div class=\"elementor-column elementor-col-50 elementor-top-column elementor-element elementor-element-d801803\" data-id=\"d801803\" data-element_type=\"column\">\n\t\t\t<div class=\"elementor-widget-wrap elementor-element-populated\">\n\t\t\t\t\t\t<div class=\"elementor-element elementor-element-fd69270 elementor-widget elementor-widget-text-editor\" data-id=\"fd69270\" data-element_type=\"widget\" data-widget_type=\"text-editor.default\">\n\t\t\t\t<div class=\"elementor-widget-container\">\n\t\t\t\t\t\t\t<h2>\u015eeffafl\u0131k<\/h2>\n<\/p>\n<p>ReklamStore DSP piyasadaki en \u015feffaf DSP&#8217;dir. G\u00f6r\u00fcnt\u00fcl\u00fc reklam hedeflemenizi ne kadar hassas ayarlarsan\u0131z ayarlay\u0131n, reklamlar\u0131n\u0131z\u0131n tam olarak nerede g\u00f6sterildi\u011fini ve reklamlar\u0131n\u0131z\u0131n farkl\u0131 sitelerde ve sitelerdeki farkl\u0131 alanlarda nas\u0131l performans g\u00f6sterdi\u011fini bilmek \u00f6nemlidir.<\/p>\n\t\t\t\t\t\t<\/div>\n\t\t\t\t<\/div>\n\t\t\t\t\t<\/div>\n\t\t<\/div>\n\t\t\t\t<div class=\"elementor-column elementor-col-50 elementor-top-column elementor-element elementor-element-9bf8cee\" data-id=\"9bf8cee\" data-element_type=\"column\">\n\t\t\t<div class=\"elementor-widget-wrap elementor-element-populated\">\n\t\t\t\t\t\t<div class=\"elementor-element elementor-element-9ea560f elementor-widget elementor-widget-image\" data-id=\"9ea560f\" data-element_type=\"widget\" data-widget_type=\"image.default\">\n\t\t\t\t<div class=\"elementor-widget-container\">\n\t\t\t\t\t\t\t\t\t\t\t\t\t<img loading=\"lazy\" decoding=\"async\" width=\"958\" height=\"360\" src=\"https:\/\/www.reklamstore.com\/wp-content\/uploads\/2023\/10\/reklamstore-dsp-transparency-2.png\" class=\"attachment-large size-large wp-image-82140\" alt=\"\" srcset=\"https:\/\/www.reklamstore.com\/wp-content\/uploads\/2023\/10\/reklamstore-dsp-transparency-2.png 958w, https:\/\/www.reklamstore.com\/wp-content\/uploads\/2023\/10\/reklamstore-dsp-transparency-2-300x113.png 300w, https:\/\/www.reklamstore.com\/wp-content\/uploads\/2023\/10\/reklamstore-dsp-transparency-2-768x289.png 768w\" sizes=\"(max-width: 958px) 100vw, 958px\" \/>\t\t\t\t\t\t\t\t\t\t\t\t\t<\/div>\n\t\t\t\t<\/div>\n\t\t\t\t\t<\/div>\n\t\t<\/div>\n\t\t\t\t\t<\/div>\n\t\t<\/section>\n\t\t\t\t<section class=\"elementor-section elementor-top-section elementor-element elementor-element-6eeaac6 elementor-section-boxed elementor-section-height-default elementor-section-height-default\" data-id=\"6eeaac6\" data-element_type=\"section\" data-settings=\"{&quot;background_background&quot;:&quot;classic&quot;}\">\n\t\t\t\t\t\t<div class=\"elementor-container elementor-column-gap-default\">\n\t\t\t\t\t<div class=\"elementor-column elementor-col-100 elementor-top-column elementor-element elementor-element-76d1c1c\" data-id=\"76d1c1c\" data-element_type=\"column\">\n\t\t\t<div class=\"elementor-widget-wrap elementor-element-populated\">\n\t\t\t\t\t\t<div class=\"elementor-element elementor-element-25c338b elementor-widget elementor-widget-text-editor\" data-id=\"25c338b\" data-element_type=\"widget\" data-widget_type=\"text-editor.default\">\n\t\t\t\t<div class=\"elementor-widget-container\">\n\t\t\t\t\t\t\t<h4 style=\"text-align: center;\"><span style=\"color: #ffffff;\">Reklam kampanyalar\u0131n\u0131 d\u00fczenlemenin en etkili yolunu deneyin<\/span><\/h4>\n<p style=\"text-align: center;\"><span style=\"color: #ffffff;\">Pazarlama profesyonelleri ve ajanslar i\u00e7in lider ger\u00e7ek zamanl\u0131 reklam platformu&#8230;<\/span><\/p>\n\t\t\t\t\t\t<\/div>\n\t\t\t\t<\/div>\n\t\t\t\t<div class=\"elementor-element elementor-element-dda2cef elementor-button-success elementor-align-center elementor-widget elementor-widget-button\" data-id=\"dda2cef\" data-element_type=\"widget\" data-widget_type=\"button.default\">\n\t\t\t\t<div class=\"elementor-widget-container\">\n\t\t\t\t\t\t\t<div class=\"elementor-button-wrapper\">\n\t\t\t\t\t<a class=\"elementor-button elementor-button-link elementor-size-sm\" href=\"https:\/\/dsp.reklamstore.com\/signup\" target=\"_blank\" rel=\"noopener\">\n\t\t\t\t\t\t<span class=\"elementor-button-content-wrapper\">\n\t\t\t\t\t\t\t\t\t<span class=\"elementor-button-text\">Kaydolun<\/span>\n\t\t\t\t\t<\/span>\n\t\t\t\t\t<\/a>\n\t\t\t\t<\/div>\n\t\t\t\t\t\t<\/div>\n\t\t\t\t<\/div>\n\t\t\t\t\t<\/div>\n\t\t<\/div>\n\t\t\t\t\t<\/div>\n\t\t<\/section>\n\t\t\t\t<\/div>\n\t\t","protected":false},"excerpt":{"rendered":"<p>Ana Sayfa &gt; DSP Trafik Tedarik kaynaklar\u0131 K\u00fcresel &#038; Y\u00fcksek Kaliteli Trafik \u0130\u015f ortaklar\u0131m\u0131za y\u00fcksek kaliteli trafik sa\u011flamak i\u00e7in sekt\u00f6r\u00fcn lider trafik kaynaklar\u0131na entegreyiz. Tedarik Ortaklar\u0131 Trafik tedarik ortaklar\u0131m\u0131z sayesinde binlerce web sitesine eri\u015febilirsiniz. ReklamStore DSP, \u00f6zellikle m\u00fc\u015fteri odakl\u0131 bir reklam platformu olu\u015fturma zihniyetiyle tasarland\u0131 ve tan\u0131nm\u0131\u015f SSP&#8217;lerle ortak olarak medya kalitemizi s\u00fcrekli geli\u015ftiriyoruz. \u015eu [&hellip;]<\/p>\n","protected":false},"author":1,"featured_media":0,"parent":0,"menu_order":0,"comment_status":"closed","ping_status":"closed","template":"elementor_header_footer","meta":{"footnotes":""},"class_list":["post-82825","page","type-page","status-publish","hentry"],"_links":{"self":[{"href":"https:\/\/www.reklamstore.com\/tr\/wp-json\/wp\/v2\/pages\/82825","targetHints":{"allow":["GET"]}}],"collection":[{"href":"https:\/\/www.reklamstore.com\/tr\/wp-json\/wp\/v2\/pages"}],"about":[{"href":"https:\/\/www.reklamstore.com\/tr\/wp-json\/wp\/v2\/types\/page"}],"author":[{"embeddable":true,"href":"https:\/\/www.reklamstore.com\/tr\/wp-json\/wp\/v2\/users\/1"}],"replies":[{"embeddable":true,"href":"https:\/\/www.reklamstore.com\/tr\/wp-json\/wp\/v2\/comments?post=82825"}],"version-history":[{"count":0,"href":"https:\/\/www.reklamstore.com\/tr\/wp-json\/wp\/v2\/pages\/82825\/revisions"}],"wp:attachment":[{"href":"https:\/\/www.reklamstore.com\/tr\/wp-json\/wp\/v2\/media?parent=82825"}],"curies":[{"name":"wp","href":"https:\/\/api.w.org\/{rel}","templated":true}]}}