{"id":82821,"date":"2023-10-20T14:34:22","date_gmt":"2023-10-20T11:34:22","guid":{"rendered":"https:\/\/demo3.reklamstore.com\/reklamstore-urunleri"},"modified":"2024-01-02T13:08:42","modified_gmt":"2024-01-02T10:08:42","slug":"reklamstore-urunleri","status":"publish","type":"page","link":"https:\/\/www.reklamstore.com\/tr\/reklamstore-urunleri","title":{"rendered":"ReklamStore \u00dcr\u00fcnleri"},"content":{"rendered":"\t\t<div data-elementor-type=\"wp-page\" data-elementor-id=\"82821\" class=\"elementor elementor-82821 elementor-78284\" data-elementor-post-type=\"page\">\n\t\t\t\t\t\t<section class=\"elementor-section elementor-top-section elementor-element elementor-element-4cf934a elementor-section-boxed elementor-section-height-default elementor-section-height-default\" data-id=\"4cf934a\" data-element_type=\"section\" data-settings=\"{&quot;background_background&quot;:&quot;gradient&quot;}\">\n\t\t\t\t\t\t\t<div class=\"elementor-background-overlay\"><\/div>\n\t\t\t\t\t\t\t<div class=\"elementor-container elementor-column-gap-default\">\n\t\t\t\t\t<div class=\"elementor-column elementor-col-100 elementor-top-column elementor-element elementor-element-1d9f455\" data-id=\"1d9f455\" data-element_type=\"column\">\n\t\t\t<div class=\"elementor-widget-wrap elementor-element-populated\">\n\t\t\t\t\t\t<div class=\"elementor-element elementor-element-9ae88b9 elementor-invisible elementor-widget elementor-widget-heading\" data-id=\"9ae88b9\" data-element_type=\"widget\" data-settings=\"{&quot;_animation&quot;:&quot;fadeInUp&quot;}\" data-widget_type=\"heading.default\">\n\t\t\t\t<div class=\"elementor-widget-container\">\n\t\t\t<h6 class=\"elementor-heading-title elementor-size-default\">Ana Sayfa &gt; ReklamStore \u00dcr\u00fcnleri<\/h6>\t\t<\/div>\n\t\t\t\t<\/div>\n\t\t\t\t<div class=\"elementor-element elementor-element-592c61b elementor-invisible elementor-widget elementor-widget-heading\" data-id=\"592c61b\" data-element_type=\"widget\" data-settings=\"{&quot;_animation&quot;:&quot;fadeInUp&quot;,&quot;_animation_delay&quot;:100}\" data-widget_type=\"heading.default\">\n\t\t\t\t<div class=\"elementor-widget-container\">\n\t\t\t<h1 class=\"elementor-heading-title elementor-size-default\">ReklamStore \u00dcr\u00fcnleri<\/h1>\t\t<\/div>\n\t\t\t\t<\/div>\n\t\t\t\t<div class=\"elementor-element elementor-element-de794e3 elementor-invisible elementor-widget elementor-widget-text-editor\" data-id=\"de794e3\" data-element_type=\"widget\" data-settings=\"{&quot;_animation&quot;:&quot;fadeInUp&quot;,&quot;_animation_delay&quot;:200}\" data-widget_type=\"text-editor.default\">\n\t\t\t\t<div class=\"elementor-widget-container\">\n\t\t\t\t\t\t\t<p>Quis ipsum gravida. Accumsan lacus vel facilisis dolore magna aliqua lacus veling lacus vel facilisis dolore magna aliqua lacus veling.<\/p>\n\t\t\t\t\t\t<\/div>\n\t\t\t\t<\/div>\n\t\t\t\t\t<\/div>\n\t\t<\/div>\n\t\t\t\t\t<\/div>\n\t\t<\/section>\n\t\t\t\t<section class=\"elementor-section elementor-top-section elementor-element elementor-element-29fc28f elementor-section-boxed elementor-section-height-default elementor-section-height-default\" data-id=\"29fc28f\" data-element_type=\"section\">\n\t\t\t\t\t\t<div class=\"elementor-container elementor-column-gap-default\">\n\t\t\t\t\t<div class=\"elementor-column elementor-col-100 elementor-top-column elementor-element elementor-element-b6a917a\" data-id=\"b6a917a\" data-element_type=\"column\">\n\t\t\t<div class=\"elementor-widget-wrap elementor-element-populated\">\n\t\t\t\t\t\t<div class=\"elementor-element elementor-element-0e049a8 elementor-widget elementor-widget-html\" data-id=\"0e049a8\" data-element_type=\"widget\" data-widget_type=\"html.default\">\n\t\t\t\t<div class=\"elementor-widget-container\">\n\t\t\t<!-- wp:paragraph -->Bu dok\u00fcman ReklamStore'un i\u015f ve \u00fcr\u00fcnleri hakk\u0131nda bilgi i\u00e7ermektedir.\n<!-- \/wp:paragraph -->\n\n<!-- wp:html -->\n\n<figure><iframe src=\"\/\/www.slideshare.net\/slideshow\/embed_code\/key\/slQ2OhX4TUSIko\" width=\"100%\" height=\"600\" allowfullscreen=\"\"><\/iframe><\/figure><!-- \/wp:html -->\n\n<!-- wp:paragraph --> <strong> <a href=\"\/\/www.slideshare.net\/reklamstore\/reklamstore-products-2019-edition\" target=\"_blank\" rel=\"noreferrer noopener\">ReklamStore \u00dcr\u00fcnleri | 2019 bask\u0131s\u0131<\/a> <\/strong> gelen <strong>\n  <a href=\"\/\/www.slideshare.net\/reklamstore\" target=\"_blank\" rel=\"noreferrer noopener\">ReklamStore<\/a>\n<\/strong>\n\n<!-- \/wp:paragraph -->\t\t<\/div>\n\t\t\t\t<\/div>\n\t\t\t\t\t<\/div>\n\t\t<\/div>\n\t\t\t\t\t<\/div>\n\t\t<\/section>\n\t\t\t\t<\/div>\n\t\t","protected":false},"excerpt":{"rendered":"<p>Ana Sayfa &gt; ReklamStore \u00dcr\u00fcnleri ReklamStore \u00dcr\u00fcnleri Quis ipsum gravida. Accumsan lacus vel facilisis dolore magna aliqua lacus veling lacus vel facilisis dolore magna aliqua lacus veling. Bu dok\u00fcman ReklamStore&#8217;un i\u015f ve \u00fcr\u00fcnleri hakk\u0131nda bilgi i\u00e7ermektedir. ReklamStore \u00dcr\u00fcnleri | 2019 bask\u0131s\u0131 gelen ReklamStore<\/p>\n","protected":false},"author":1,"featured_media":0,"parent":0,"menu_order":0,"comment_status":"closed","ping_status":"closed","template":"elementor_header_footer","meta":{"footnotes":""},"class_list":["post-82821","page","type-page","status-publish","hentry"],"_links":{"self":[{"href":"https:\/\/www.reklamstore.com\/tr\/wp-json\/wp\/v2\/pages\/82821","targetHints":{"allow":["GET"]}}],"collection":[{"href":"https:\/\/www.reklamstore.com\/tr\/wp-json\/wp\/v2\/pages"}],"about":[{"href":"https:\/\/www.reklamstore.com\/tr\/wp-json\/wp\/v2\/types\/page"}],"author":[{"embeddable":true,"href":"https:\/\/www.reklamstore.com\/tr\/wp-json\/wp\/v2\/users\/1"}],"replies":[{"embeddable":true,"href":"https:\/\/www.reklamstore.com\/tr\/wp-json\/wp\/v2\/comments?post=82821"}],"version-history":[{"count":0,"href":"https:\/\/www.reklamstore.com\/tr\/wp-json\/wp\/v2\/pages\/82821\/revisions"}],"wp:attachment":[{"href":"https:\/\/www.reklamstore.com\/tr\/wp-json\/wp\/v2\/media?parent=82821"}],"curies":[{"name":"wp","href":"https:\/\/api.w.org\/{rel}","templated":true}]}}