{"id":82812,"date":"2023-10-23T10:52:25","date_gmt":"2023-10-23T07:52:25","guid":{"rendered":"https:\/\/demo3.reklamstore.com\/affiliate-marketing-nedir"},"modified":"2023-11-15T14:04:49","modified_gmt":"2023-11-15T11:04:49","slug":"affiliate-marketing-nedir","status":"publish","type":"page","link":"https:\/\/www.reklamstore.com\/tr\/affiliate-marketing-nedir","title":{"rendered":"Affiliate Marketing Nedir?"},"content":{"rendered":"\t\t<div data-elementor-type=\"wp-page\" data-elementor-id=\"82812\" class=\"elementor elementor-82812 elementor-78511\" data-elementor-post-type=\"page\">\n\t\t\t\t\t\t<section class=\"elementor-section elementor-top-section elementor-element elementor-element-4cf934a elementor-section-boxed elementor-section-height-default elementor-section-height-default\" data-id=\"4cf934a\" data-element_type=\"section\" data-settings=\"{&quot;background_background&quot;:&quot;gradient&quot;}\">\n\t\t\t\t\t\t\t<div class=\"elementor-background-overlay\"><\/div>\n\t\t\t\t\t\t\t<div class=\"elementor-container elementor-column-gap-default\">\n\t\t\t\t\t<div class=\"elementor-column elementor-col-100 elementor-top-column elementor-element elementor-element-1d9f455\" data-id=\"1d9f455\" data-element_type=\"column\">\n\t\t\t<div class=\"elementor-widget-wrap elementor-element-populated\">\n\t\t\t\t\t\t<div class=\"elementor-element elementor-element-9ae88b9 elementor-invisible elementor-widget elementor-widget-heading\" data-id=\"9ae88b9\" data-element_type=\"widget\" data-settings=\"{&quot;_animation&quot;:&quot;fadeInUp&quot;}\" data-widget_type=\"heading.default\">\n\t\t\t\t<div class=\"elementor-widget-container\">\n\t\t\t<h6 class=\"elementor-heading-title elementor-size-default\">Ana Sayfa &gt; Affiliate marketing\n<\/h6>\t\t<\/div>\n\t\t\t\t<\/div>\n\t\t\t\t<div class=\"elementor-element elementor-element-592c61b elementor-invisible elementor-widget elementor-widget-heading\" data-id=\"592c61b\" data-element_type=\"widget\" data-settings=\"{&quot;_animation&quot;:&quot;fadeInUp&quot;,&quot;_animation_delay&quot;:100}\" data-widget_type=\"heading.default\">\n\t\t\t\t<div class=\"elementor-widget-container\">\n\t\t\t<h1 class=\"elementor-heading-title elementor-size-default\">Sat\u0131\u015f ortakl\u0131\u011f\u0131 nedir?<\/h1>\t\t<\/div>\n\t\t\t\t<\/div>\n\t\t\t\t<div class=\"elementor-element elementor-element-de794e3 elementor-invisible elementor-widget elementor-widget-text-editor\" data-id=\"de794e3\" data-element_type=\"widget\" data-settings=\"{&quot;_animation&quot;:&quot;fadeInUp&quot;,&quot;_animation_delay&quot;:200}\" data-widget_type=\"text-editor.default\">\n\t\t\t\t<div class=\"elementor-widget-container\">\n\t\t\t\t\t\t\t<p>&#8220;Performans pazarlamas\u0131&#8221; olarak da bilinen sat\u0131\u015f ortakl\u0131\u011f\u0131, \u00e7evrimi\u00e7i bir i\u015fletmenin bir sat\u0131\u015f ortakl\u0131\u011f\u0131 a\u011f\u0131 arac\u0131l\u0131\u011f\u0131yla yay\u0131nc\u0131lar\u0131 kendilerine yeni m\u00fc\u015fteriler kazand\u0131rd\u0131klar\u0131 i\u00e7in \u00f6d\u00fcllendirdi\u011fi bir sistemdir.<\/p>\n\t\t\t\t\t\t<\/div>\n\t\t\t\t<\/div>\n\t\t\t\t\t<\/div>\n\t\t<\/div>\n\t\t\t\t\t<\/div>\n\t\t<\/section>\n\t\t\t\t<section class=\"elementor-section elementor-top-section elementor-element elementor-element-29fc28f elementor-section-boxed elementor-section-height-default elementor-section-height-default\" data-id=\"29fc28f\" data-element_type=\"section\" data-settings=\"{&quot;background_background&quot;:&quot;classic&quot;}\">\n\t\t\t\t\t\t<div class=\"elementor-container elementor-column-gap-default\">\n\t\t\t\t\t<div class=\"elementor-column elementor-col-25 elementor-top-column elementor-element elementor-element-b6a917a\" data-id=\"b6a917a\" data-element_type=\"column\">\n\t\t\t<div class=\"elementor-widget-wrap elementor-element-populated\">\n\t\t\t\t\t\t<div class=\"elementor-element elementor-element-0368553 elementor-widget elementor-widget-text-editor\" data-id=\"0368553\" data-element_type=\"widget\" data-widget_type=\"text-editor.default\">\n\t\t\t\t<div class=\"elementor-widget-container\">\n\t\t\t\t\t\t\t<div class=\"et_pb_column et_pb_column_1_4 et_pb_column_1 et_pb_css_mix_blend_mode_passthrough\">\n<div class=\"et_pb_module et_pb_blurb et_pb_blurb_0 et_pb_text_align_center et_pb_blurb_position_top et_pb_bg_layout_light\">\n<div class=\"et_pb_blurb_content\">\n<p class=\"et_pb_blurb_container\" style=\"text-align: center;\"><strong>REKLAM VERENLER<\/strong><\/p>\n<div class=\"et_pb_blurb_description\">\n<p style=\"text-align: center;\">Sat\u0131\u015f, potansiyel m\u00fc\u015fteri, indirme veya g\u00f6r\u00fcnt\u00fcleme hedeflerinin yan\u0131 s\u0131ra d\u00f6n\u00fc\u015f\u00fcm ba\u015f\u0131na \u00f6demeyi de tan\u0131mlay\u0131n. Yaln\u0131zca ger\u00e7ek d\u00f6n\u00fc\u015f\u00fcmler i\u00e7in \u00f6deme yap\u0131n.<\/p>\n<\/div>\n<\/div>\n<\/div>\n<\/div>\n\t\t\t\t\t\t<\/div>\n\t\t\t\t<\/div>\n\t\t\t\t\t<\/div>\n\t\t<\/div>\n\t\t\t\t<div class=\"elementor-column elementor-col-25 elementor-top-column elementor-element elementor-element-91f8785\" data-id=\"91f8785\" data-element_type=\"column\">\n\t\t\t<div class=\"elementor-widget-wrap elementor-element-populated\">\n\t\t\t\t\t\t<div class=\"elementor-element elementor-element-6125f3f elementor-widget elementor-widget-text-editor\" data-id=\"6125f3f\" data-element_type=\"widget\" data-widget_type=\"text-editor.default\">\n\t\t\t\t<div class=\"elementor-widget-container\">\n\t\t\t\t\t\t\t<p class=\"et_pb_module_header\" style=\"text-align: center;\"><strong>BA\u011eLI KURULU\u015e A\u011eLARI<\/strong><\/p>\n<div class=\"et_pb_blurb_description\" style=\"text-align: center;\">En uygun yay\u0131nc\u0131lar\u0131 bulun ve teklifi yay\u0131nlamalar\u0131n\u0131 sa\u011flay\u0131n. Reklamverene d\u00fczenli olarak rapor verin ve performans\u0131 optimize etmek i\u00e7in \u00e7al\u0131\u015f\u0131n. Yay\u0131nc\u0131lara net 30 g\u00fcn i\u00e7inde \u00f6deme yap\u0131n.<\/div>\n\t\t\t\t\t\t<\/div>\n\t\t\t\t<\/div>\n\t\t\t\t\t<\/div>\n\t\t<\/div>\n\t\t\t\t<div class=\"elementor-column elementor-col-25 elementor-top-column elementor-element elementor-element-ca48cb7\" data-id=\"ca48cb7\" data-element_type=\"column\">\n\t\t\t<div class=\"elementor-widget-wrap elementor-element-populated\">\n\t\t\t\t\t\t<div class=\"elementor-element elementor-element-930c71d elementor-widget elementor-widget-text-editor\" data-id=\"930c71d\" data-element_type=\"widget\" data-widget_type=\"text-editor.default\">\n\t\t\t\t<div class=\"elementor-widget-container\">\n\t\t\t\t\t\t\t<p class=\"et_pb_module_header\" style=\"text-align: center;\"><strong>YAYINCILAR<\/strong><\/p>\n<div class=\"et_pb_blurb_description\">\n<p style=\"text-align: center;\">M\u00fc\u015fterilerin dikkatini \u00e7ekmek ve onlar\u0131 ikna etmek i\u00e7in benzersiz i\u00e7erikler olu\u015fturun. D\u00f6n\u00fc\u015f\u00fcm ba\u015f\u0131na \u00f6d\u00fcllendirin.<\/p>\n<\/div>\n\t\t\t\t\t\t<\/div>\n\t\t\t\t<\/div>\n\t\t\t\t\t<\/div>\n\t\t<\/div>\n\t\t\t\t<div class=\"elementor-column elementor-col-25 elementor-top-column elementor-element elementor-element-662d75e\" data-id=\"662d75e\" data-element_type=\"column\">\n\t\t\t<div class=\"elementor-widget-wrap elementor-element-populated\">\n\t\t\t\t\t\t<div class=\"elementor-element elementor-element-95fece9 elementor-widget elementor-widget-text-editor\" data-id=\"95fece9\" data-element_type=\"widget\" data-widget_type=\"text-editor.default\">\n\t\t\t\t<div class=\"elementor-widget-container\">\n\t\t\t\t\t\t\t<p class=\"et_pb_module_header\" style=\"text-align: center;\"><strong>M\u00dc\u015eTER\u0130LER<\/strong><\/p>\n<div class=\"et_pb_blurb_description\">\n<p style=\"text-align: center;\">\u00dcr\u00fcn\u00fc sat\u0131n al\u0131n, m\u00fc\u015fteri aday\u0131 formunu doldurun, uygulamay\u0131 indirin veya i\u00e7eri\u011fi g\u00f6r\u00fcnt\u00fcleyin. Reklamveren gereksinimlerini kar\u015f\u0131lay\u0131n.<\/p>\n<\/div>\n\t\t\t\t\t\t<\/div>\n\t\t\t\t<\/div>\n\t\t\t\t\t<\/div>\n\t\t<\/div>\n\t\t\t\t\t<\/div>\n\t\t<\/section>\n\t\t\t\t<section class=\"elementor-section elementor-top-section elementor-element elementor-element-2fe5af4 elementor-section-boxed elementor-section-height-default elementor-section-height-default\" data-id=\"2fe5af4\" data-element_type=\"section\">\n\t\t\t\t\t\t<div class=\"elementor-container elementor-column-gap-default\">\n\t\t\t\t\t<div class=\"elementor-column elementor-col-50 elementor-top-column elementor-element elementor-element-9e9ffbd\" data-id=\"9e9ffbd\" data-element_type=\"column\">\n\t\t\t<div class=\"elementor-widget-wrap elementor-element-populated\">\n\t\t\t\t\t\t<div class=\"elementor-element elementor-element-8ced656 elementor-widget elementor-widget-image\" data-id=\"8ced656\" data-element_type=\"widget\" data-widget_type=\"image.default\">\n\t\t\t\t<div class=\"elementor-widget-container\">\n\t\t\t\t\t\t\t\t\t\t\t\t\t<img fetchpriority=\"high\" decoding=\"async\" width=\"1024\" height=\"964\" src=\"https:\/\/www.reklamstore.com\/wp-content\/uploads\/2023\/10\/reklamstore-affiliate-marketing-1-1024x964.png\" class=\"attachment-large size-large wp-image-82083\" alt=\"\" srcset=\"https:\/\/www.reklamstore.com\/wp-content\/uploads\/2023\/10\/reklamstore-affiliate-marketing-1-1024x964.png 1024w, https:\/\/www.reklamstore.com\/wp-content\/uploads\/2023\/10\/reklamstore-affiliate-marketing-1-300x282.png 300w, https:\/\/www.reklamstore.com\/wp-content\/uploads\/2023\/10\/reklamstore-affiliate-marketing-1-768x723.png 768w, https:\/\/www.reklamstore.com\/wp-content\/uploads\/2023\/10\/reklamstore-affiliate-marketing-1-1536x1446.png 1536w, https:\/\/www.reklamstore.com\/wp-content\/uploads\/2023\/10\/reklamstore-affiliate-marketing-1.png 1600w\" sizes=\"(max-width: 1024px) 100vw, 1024px\" \/>\t\t\t\t\t\t\t\t\t\t\t\t\t<\/div>\n\t\t\t\t<\/div>\n\t\t\t\t\t<\/div>\n\t\t<\/div>\n\t\t\t\t<div class=\"elementor-column elementor-col-50 elementor-top-column elementor-element elementor-element-2ddd202\" data-id=\"2ddd202\" data-element_type=\"column\">\n\t\t\t<div class=\"elementor-widget-wrap elementor-element-populated\">\n\t\t\t\t\t\t<div class=\"elementor-element elementor-element-354e6b1 elementor-widget elementor-widget-text-editor\" data-id=\"354e6b1\" data-element_type=\"widget\" data-widget_type=\"text-editor.default\">\n\t\t\t\t<div class=\"elementor-widget-container\">\n\t\t\t\t\t\t\t<h4 class=\"et_pb_module_header\">Sistem Nas\u0131l \u00c7al\u0131\u015f\u0131yor?<\/h4>\n<\/p>\n<div>\n<p>Sat\u0131\u015f ortakl\u0131\u011f\u0131, reklamverenin belirledi\u011fi potansiyel m\u00fc\u015fteri, sat\u0131\u015f, y\u00fckleme veya g\u00f6r\u00fcnt\u00fcleme gibi hedeflere ula\u015f\u0131ld\u0131\u011f\u0131nda t\u00fcm taraflar\u0131n kazand\u0131\u011f\u0131 bir kazan-kazan modelidir. Yay\u0131nc\u0131lar kampanyalardan sonu\u00e7 almak i\u00e7in a\u015fa\u011f\u0131daki y\u00f6ntemleri kullanabilir:<\/p>\n<p>&#8211; \u00dcr\u00fcne \u00f6zel yeni tan\u0131t\u0131m i\u00e7erik siteleri<\/p>\n<p>&#8211; \u00dcr\u00fcn\u00fcn\u00fcz\u00fc sosyal medya arac\u0131l\u0131\u011f\u0131yla tan\u0131tmak<\/p>\n<p>&#8211; Adwords, Facebook ve banner reklamlar\u0131<\/p>\n<p>&#8211; \u0130zin verilen e-posta pazarlamas\u0131<\/p>\n<p>&#8211; Te\u015fvik uygulamalar\u0131<span lang=\"en\"> <\/span><\/p>\n<\/div>\n\t\t\t\t\t\t<\/div>\n\t\t\t\t<\/div>\n\t\t\t\t\t<\/div>\n\t\t<\/div>\n\t\t\t\t\t<\/div>\n\t\t<\/section>\n\t\t\t\t<section class=\"elementor-section elementor-top-section elementor-element elementor-element-b18d2d4 elementor-section-boxed elementor-section-height-default elementor-section-height-default\" data-id=\"b18d2d4\" data-element_type=\"section\">\n\t\t\t\t\t\t<div class=\"elementor-container elementor-column-gap-default\">\n\t\t\t\t\t<div class=\"elementor-column elementor-col-100 elementor-top-column elementor-element elementor-element-98c49b3\" data-id=\"98c49b3\" data-element_type=\"column\">\n\t\t\t<div class=\"elementor-widget-wrap elementor-element-populated\">\n\t\t\t\t\t\t<div class=\"elementor-element elementor-element-8d43df3 elementor-widget-divider--view-line elementor-widget elementor-widget-divider\" data-id=\"8d43df3\" data-element_type=\"widget\" data-widget_type=\"divider.default\">\n\t\t\t\t<div class=\"elementor-widget-container\">\n\t\t\t\t\t<div class=\"elementor-divider\">\n\t\t\t<span class=\"elementor-divider-separator\">\n\t\t\t\t\t\t<\/span>\n\t\t<\/div>\n\t\t\t\t<\/div>\n\t\t\t\t<\/div>\n\t\t\t\t\t<\/div>\n\t\t<\/div>\n\t\t\t\t\t<\/div>\n\t\t<\/section>\n\t\t\t\t<section class=\"elementor-section elementor-top-section elementor-element elementor-element-f018a34 elementor-section-boxed elementor-section-height-default elementor-section-height-default\" data-id=\"f018a34\" data-element_type=\"section\">\n\t\t\t\t\t\t<div class=\"elementor-container elementor-column-gap-default\">\n\t\t\t\t\t<div class=\"elementor-column elementor-col-50 elementor-top-column elementor-element elementor-element-1445f0d\" data-id=\"1445f0d\" data-element_type=\"column\">\n\t\t\t<div class=\"elementor-widget-wrap elementor-element-populated\">\n\t\t\t\t\t\t<div class=\"elementor-element elementor-element-7149aec elementor-widget elementor-widget-text-editor\" data-id=\"7149aec\" data-element_type=\"widget\" data-widget_type=\"text-editor.default\">\n\t\t\t\t<div class=\"elementor-widget-container\">\n\t\t\t\t\t\t\t<h4 class=\"et_pb_module_header\">Avantajlar\u0131 Nelerdir?<\/h4>\n<\/p>\n<div>\n<p><strong>Sonu\u00e7 Odakl\u0131<\/strong><\/p>\n<p>Yaln\u0131zca belirtilen eylem ger\u00e7ekle\u015fti\u011finde \u00fccretlendirildi\u011finden, yay\u0131nc\u0131lar sonu\u00e7 almak i\u00e7in t\u00fcm deneyimlerini ve yarat\u0131c\u0131l\u0131klar\u0131n\u0131 kullan\u0131rlar.<\/p>\n<p><strong>Y\u00fcksek Performans<\/strong><\/p>\n<p>\u00dcr\u00fcn ve hizmetler en uygun hedef kitle ile \u00f6zde\u015fle\u015ftirilir, ReklamStore&#8217;un tecr\u00fcbesi ile sonu\u00e7lar optimize edilir.<\/p>\n<p><strong>Minimum Risk  <\/strong><\/p>\n<p>Performansa dayal\u0131 reklamc\u0131l\u0131kta kaybeden taraf yoktur \u00e7\u00fcnk\u00fc hedef ger\u00e7ekle\u015fmedi\u011fi s\u00fcrece herhangi bir maliyet s\u00f6z konusu de\u011fildir.<\/p>\n<p><strong>Y\u00fcksek Kazan\u00e7<\/strong><\/p>\n<p>Do\u011fru i\u00e7eri\u011fi do\u011fru kitleye anlatabilen yay\u0131nc\u0131lar, TBM veya BGBM gibi geleneksel reklam modellerinden \u00e7ok daha y\u00fcksek k\u00e2rlar elde ediyor.<\/p>\n<\/div>\n\t\t\t\t\t\t<\/div>\n\t\t\t\t<\/div>\n\t\t\t\t\t<\/div>\n\t\t<\/div>\n\t\t\t\t<div class=\"elementor-column elementor-col-50 elementor-top-column elementor-element elementor-element-1538237\" data-id=\"1538237\" data-element_type=\"column\">\n\t\t\t<div class=\"elementor-widget-wrap elementor-element-populated\">\n\t\t\t\t\t\t<div class=\"elementor-element elementor-element-f1c9390 elementor-widget elementor-widget-image\" data-id=\"f1c9390\" data-element_type=\"widget\" data-widget_type=\"image.default\">\n\t\t\t\t<div class=\"elementor-widget-container\">\n\t\t\t\t\t\t\t\t\t\t\t\t\t<img decoding=\"async\" width=\"640\" height=\"334\" src=\"https:\/\/www.reklamstore.com\/wp-content\/uploads\/2023\/10\/affiliate-marketing.png\" class=\"attachment-large size-large wp-image-82084\" alt=\"\" srcset=\"https:\/\/www.reklamstore.com\/wp-content\/uploads\/2023\/10\/affiliate-marketing.png 640w, https:\/\/www.reklamstore.com\/wp-content\/uploads\/2023\/10\/affiliate-marketing-300x157.png 300w\" sizes=\"(max-width: 640px) 100vw, 640px\" \/>\t\t\t\t\t\t\t\t\t\t\t\t\t<\/div>\n\t\t\t\t<\/div>\n\t\t\t\t\t<\/div>\n\t\t<\/div>\n\t\t\t\t\t<\/div>\n\t\t<\/section>\n\t\t\t\t<section class=\"elementor-section elementor-top-section elementor-element elementor-element-645dcb8 elementor-section-boxed elementor-section-height-default elementor-section-height-default\" data-id=\"645dcb8\" data-element_type=\"section\" data-settings=\"{&quot;background_background&quot;:&quot;classic&quot;}\">\n\t\t\t\t\t\t<div class=\"elementor-container elementor-column-gap-default\">\n\t\t\t\t\t<div class=\"elementor-column elementor-col-100 elementor-top-column elementor-element elementor-element-fdaa900\" data-id=\"fdaa900\" data-element_type=\"column\">\n\t\t\t<div class=\"elementor-widget-wrap elementor-element-populated\">\n\t\t\t\t\t\t<div class=\"elementor-element elementor-element-ec54ff3 elementor-widget elementor-widget-text-editor\" data-id=\"ec54ff3\" data-element_type=\"widget\" data-widget_type=\"text-editor.default\">\n\t\t\t\t<div class=\"elementor-widget-container\">\n\t\t\t\t\t\t\t<h4 style=\"text-align: center;\"><span style=\"color: #ffffff;\"><strong>\u015eimdi ba\u015flay\u0131n!<\/strong><\/span><\/h4>\n<p style=\"text-align: center;\"><span style=\"color: #ffffff;\">\u00d6nde gelen uzmanlardan olu\u015fan ekibimiz, sat\u0131\u015f ortakl\u0131\u011f\u0131 kampanya y\u00f6netiminin en do\u011fru yolu konusunda size rehberlik edecek ve sizi bilgilendirecektir.<\/span><\/p>\n<p class=\"\" style=\"text-align: center;\"><span style=\"color: #ffffff;\">Kampanyalar\u0131n\u0131zla ilgili detayl\u0131 bilgilere diledi\u011finiz zaman kendi panelinizden ula\u015fabilirsiniz.<\/span><\/p>\n\t\t\t\t\t\t<\/div>\n\t\t\t\t<\/div>\n\t\t\t\t<div class=\"elementor-element elementor-element-048fbcf elementor-button-success elementor-align-center elementor-widget elementor-widget-button\" data-id=\"048fbcf\" data-element_type=\"widget\" data-widget_type=\"button.default\">\n\t\t\t\t<div class=\"elementor-widget-container\">\n\t\t\t\t\t\t\t<div class=\"elementor-button-wrapper\">\n\t\t\t\t\t<a class=\"elementor-button elementor-button-link elementor-size-md\" href=\"https:\/\/my.reklamaction.com\/\" target=\"_blank\" rel=\"noopener\">\n\t\t\t\t\t\t<span class=\"elementor-button-content-wrapper\">\n\t\t\t\t\t\t\t\t\t<span class=\"elementor-button-text\">Kaydolun<\/span>\n\t\t\t\t\t<\/span>\n\t\t\t\t\t<\/a>\n\t\t\t\t<\/div>\n\t\t\t\t\t\t<\/div>\n\t\t\t\t<\/div>\n\t\t\t\t\t<\/div>\n\t\t<\/div>\n\t\t\t\t\t<\/div>\n\t\t<\/section>\n\t\t\t\t<\/div>\n\t\t","protected":false},"excerpt":{"rendered":"<p>Ana Sayfa &gt; Affiliate marketing Sat\u0131\u015f ortakl\u0131\u011f\u0131 nedir? &#8220;Performans pazarlamas\u0131&#8221; olarak da bilinen sat\u0131\u015f ortakl\u0131\u011f\u0131, \u00e7evrimi\u00e7i bir i\u015fletmenin bir sat\u0131\u015f ortakl\u0131\u011f\u0131 a\u011f\u0131 arac\u0131l\u0131\u011f\u0131yla yay\u0131nc\u0131lar\u0131 kendilerine yeni m\u00fc\u015fteriler kazand\u0131rd\u0131klar\u0131 i\u00e7in \u00f6d\u00fcllendirdi\u011fi bir sistemdir. REKLAM VERENLER Sat\u0131\u015f, potansiyel m\u00fc\u015fteri, indirme veya g\u00f6r\u00fcnt\u00fcleme hedeflerinin yan\u0131 s\u0131ra d\u00f6n\u00fc\u015f\u00fcm ba\u015f\u0131na \u00f6demeyi de tan\u0131mlay\u0131n. Yaln\u0131zca ger\u00e7ek d\u00f6n\u00fc\u015f\u00fcmler i\u00e7in \u00f6deme yap\u0131n. BA\u011eLI [&hellip;]<\/p>\n","protected":false},"author":1,"featured_media":0,"parent":0,"menu_order":0,"comment_status":"closed","ping_status":"closed","template":"elementor_header_footer","meta":{"footnotes":""},"class_list":["post-82812","page","type-page","status-publish","hentry"],"_links":{"self":[{"href":"https:\/\/www.reklamstore.com\/tr\/wp-json\/wp\/v2\/pages\/82812","targetHints":{"allow":["GET"]}}],"collection":[{"href":"https:\/\/www.reklamstore.com\/tr\/wp-json\/wp\/v2\/pages"}],"about":[{"href":"https:\/\/www.reklamstore.com\/tr\/wp-json\/wp\/v2\/types\/page"}],"author":[{"embeddable":true,"href":"https:\/\/www.reklamstore.com\/tr\/wp-json\/wp\/v2\/users\/1"}],"replies":[{"embeddable":true,"href":"https:\/\/www.reklamstore.com\/tr\/wp-json\/wp\/v2\/comments?post=82812"}],"version-history":[{"count":0,"href":"https:\/\/www.reklamstore.com\/tr\/wp-json\/wp\/v2\/pages\/82812\/revisions"}],"wp:attachment":[{"href":"https:\/\/www.reklamstore.com\/tr\/wp-json\/wp\/v2\/media?parent=82812"}],"curies":[{"name":"wp","href":"https:\/\/api.w.org\/{rel}","templated":true}]}}