{"id":82807,"date":"2023-10-20T14:40:29","date_gmt":"2023-10-20T11:40:29","guid":{"rendered":"https:\/\/demo3.reklamstore.com\/reklamverenler"},"modified":"2023-11-15T18:47:33","modified_gmt":"2023-11-15T15:47:33","slug":"reklamverenler","status":"publish","type":"page","link":"https:\/\/www.reklamstore.com\/tr\/reklamverenler","title":{"rendered":"Reklamverenler"},"content":{"rendered":"\t\t<div data-elementor-type=\"wp-page\" data-elementor-id=\"82807\" class=\"elementor elementor-82807 elementor-78291\" data-elementor-post-type=\"page\">\n\t\t\t\t\t\t<section class=\"elementor-section elementor-top-section elementor-element elementor-element-4cf934a elementor-section-boxed elementor-section-height-default elementor-section-height-default\" data-id=\"4cf934a\" data-element_type=\"section\" data-settings=\"{&quot;background_background&quot;:&quot;gradient&quot;}\">\n\t\t\t\t\t\t\t<div class=\"elementor-background-overlay\"><\/div>\n\t\t\t\t\t\t\t<div class=\"elementor-container elementor-column-gap-default\">\n\t\t\t\t\t<div class=\"elementor-column elementor-col-100 elementor-top-column elementor-element elementor-element-1d9f455\" data-id=\"1d9f455\" data-element_type=\"column\">\n\t\t\t<div class=\"elementor-widget-wrap elementor-element-populated\">\n\t\t\t\t\t\t<div class=\"elementor-element elementor-element-9ae88b9 elementor-invisible elementor-widget elementor-widget-heading\" data-id=\"9ae88b9\" data-element_type=\"widget\" data-settings=\"{&quot;_animation&quot;:&quot;fadeInUp&quot;}\" data-widget_type=\"heading.default\">\n\t\t\t\t<div class=\"elementor-widget-container\">\n\t\t\t<h6 class=\"elementor-heading-title elementor-size-default\">Ana Sayfa &gt; Reklamveren<\/h6>\t\t<\/div>\n\t\t\t\t<\/div>\n\t\t\t\t<div class=\"elementor-element elementor-element-592c61b elementor-invisible elementor-widget elementor-widget-heading\" data-id=\"592c61b\" data-element_type=\"widget\" data-settings=\"{&quot;_animation&quot;:&quot;fadeInUp&quot;,&quot;_animation_delay&quot;:100}\" data-widget_type=\"heading.default\">\n\t\t\t\t<div class=\"elementor-widget-container\">\n\t\t\t<h1 class=\"elementor-heading-title elementor-size-default\">Bug\u00fcn Reklamveren Olun!<\/h1>\t\t<\/div>\n\t\t\t\t<\/div>\n\t\t\t\t<div class=\"elementor-element elementor-element-de794e3 elementor-invisible elementor-widget elementor-widget-text-editor\" data-id=\"de794e3\" data-element_type=\"widget\" data-settings=\"{&quot;_animation&quot;:&quot;fadeInUp&quot;,&quot;_animation_delay&quot;:200}\" data-widget_type=\"text-editor.default\">\n\t\t\t\t<div class=\"elementor-widget-container\">\n\t\t\t\t\t\t\t<p>ReklamStore&#8217;un b\u00fct\u00fcnsel dijital reklam \u00e7\u00f6z\u00fcmlerini a\u015fa\u011f\u0131da bulabilir ve bu \u00e7\u00f6z\u00fcmlere kolayca ba\u015fvurabilirsiniz.<\/p>\n\t\t\t\t\t\t<\/div>\n\t\t\t\t<\/div>\n\t\t\t\t\t<\/div>\n\t\t<\/div>\n\t\t\t\t\t<\/div>\n\t\t<\/section>\n\t\t\t\t<section class=\"elementor-section elementor-top-section elementor-element elementor-element-29fc28f elementor-section-boxed elementor-section-height-default elementor-section-height-default\" data-id=\"29fc28f\" data-element_type=\"section\">\n\t\t\t\t\t\t<div class=\"elementor-container elementor-column-gap-default\">\n\t\t\t\t\t<div class=\"elementor-column elementor-col-100 elementor-top-column elementor-element elementor-element-b6a917a\" data-id=\"b6a917a\" data-element_type=\"column\">\n\t\t\t<div class=\"elementor-widget-wrap elementor-element-populated\">\n\t\t\t\t\t\t<div class=\"elementor-element elementor-element-e5a31e9 elementor-widget elementor-widget-text-editor\" data-id=\"e5a31e9\" data-element_type=\"widget\" data-widget_type=\"text-editor.default\">\n\t\t\t\t<div class=\"elementor-widget-container\">\n\t\t\t\t\t\t\t<h2 class=\"et-fb-editable-element et-fb-editable-element__editing\"><span style=\"color: #333300;\"><a style=\"color: #50b74a;\" href=\"\/?page_id=8087\" target=\"_blank\" rel=\"noopener noreferrer\">Self Servis DSP<\/a><\/span><\/h2>\n<ul>\n<li style=\"text-align: left;\"><span style=\"color: #000000; letter-spacing: 0px; font-size: 18px; font-weight: normal; font-style: normal; text-decoration: none;\">200&#8217;den fazla \u00fclkede premium trafi\u011fe ula\u015f\u0131n<\/span><\/li>\n<li style=\"text-align: left;\"><span style=\"color: #000000; letter-spacing: 0px; font-size: 18px; font-weight: normal; font-style: normal; text-decoration: none;\">Masa\u00fcst\u00fc \/ mobil web \/ uygulama i\u00e7i \/ POP&#8217;ta yay\u0131nlay\u0131n<\/span><\/li>\n<li style=\"text-align: left;\"><span style=\"color: #000000; letter-spacing: 0px; font-size: 18px; font-weight: normal; font-style: normal; text-decoration: none;\">3. Parti etiket deste\u011fi: JS etiketi, d\u00f6nen etiketler vb.<\/span><\/li>\n<li style=\"text-align: left;\"><span style=\"color: #000000; letter-spacing: 0px; font-size: 18px; font-weight: normal; font-style: normal; text-decoration: none;\">Entegre 140+ SSP ve trafik kayna\u011f\u0131<\/span><\/li>\n<li style=\"text-align: left;\"><span style=\"color: #000000; letter-spacing: 0px; font-size: 18px; font-weight: normal; font-style: normal; text-decoration: none;\">Geli\u015fmi\u015f hedefleme se\u00e7enekleri: Co\u011frafi, cihaz, SSP, taray\u0131c\u0131, i\u015fletim sistemi, operat\u00f6r, beyaz liste ve kara liste.<\/span><\/li>\n<\/ul>\n\t\t\t\t\t\t<\/div>\n\t\t\t\t<\/div>\n\t\t\t\t<div class=\"elementor-element elementor-element-783c51e elementor-widget elementor-widget-text-editor\" data-id=\"783c51e\" data-element_type=\"widget\" data-widget_type=\"text-editor.default\">\n\t\t\t\t<div class=\"elementor-widget-container\">\n\t\t\t\t\t\t\t<h2 class=\"et-fb-editable-element et-fb-editable-element__editing\"><span style=\"color: #000000;\"><a style=\"color: #50b74a;\" href=\"\/?page_id=81\" target=\"_blank\" rel=\"noopener noreferrer\">G\u00f6r\u00fcnt\u00fcl\u00fc Reklamc\u0131l\u0131k<\/a><\/span><\/h2>\n<ul>\n<li style=\"text-align: left;\"><span style=\"color: #000000; letter-spacing: 0px; font-size: 18px; font-weight: normal; font-style: normal; text-decoration: none;\">Marka bilinirli\u011finiz i\u00e7in CPM kampanyalar\u0131<\/span><\/li>\n<li style=\"text-align: left;\"><span style=\"color: #000000; letter-spacing: 0px; font-size: 18px; font-weight: normal; font-style: normal; text-decoration: none;\">Tan\u0131nm\u0131\u015f web siteleri arac\u0131l\u0131\u011f\u0131yla premium trafi\u011fe ula\u015f\u0131n<\/span><\/li>\n<li style=\"text-align: left;\"><span style=\"color: #000000;\"><span style=\"font-size: 18px;\">Do\u011fru kitleyi hedeflemek i\u00e7in geli\u015fmi\u015f hedefleme se\u00e7enekleri<\/span><\/span><\/li>\n<li style=\"text-align: left;\"><span style=\"color: #000000; letter-spacing: 0px; font-size: 18px; font-weight: normal; font-style: normal; text-decoration: none;\">Reklam kampanyalar\u0131n\u0131z i\u00e7in k\u00fcresel IAB reklam standartlar\u0131<\/span><\/li>\n<\/ul>\n<p style=\"text-align: left;\"><a class=\"et_pb_button_cta_pub\" href=\"#\" data-gsc-widget=\"221272\">Kaydol<\/a> <a href=\"https:\/\/my.reklamstore.com\/Account\/Login\" target=\"_blank\" rel=\"noopener noreferrer\">Giri\u015f<\/a> yap | <a href=\"\/?page_id=8114\" target=\"_blank\" rel=\"noopener noreferrer\">Devam\u0131n\u0131 oku<\/a><\/p>\n\t\t\t\t\t\t<\/div>\n\t\t\t\t<\/div>\n\t\t\t\t<div class=\"elementor-element elementor-element-ce454a9 elementor-widget elementor-widget-text-editor\" data-id=\"ce454a9\" data-element_type=\"widget\" data-widget_type=\"text-editor.default\">\n\t\t\t\t<div class=\"elementor-widget-container\">\n\t\t\t\t\t\t\t<h2 class=\"et-fb-editable-element et-fb-editable-element__editing\"><span style=\"color: #333300;\"><a style=\"color: #50b74a;\" href=\"\/?page_id=8246\" target=\"_blank\" rel=\"noopener noreferrer\">Affiliate Pazarlama<\/a> <\/span><\/h2>\n<ul>\n<li style=\"text-align: left;\"><span style=\"color: #000000; letter-spacing: 0px; font-size: 18px; font-weight: normal; font-style: normal; text-decoration: none;\">Zengin mobil web sitesi havuzumuz (CPI) arac\u0131l\u0131\u011f\u0131yla mobil y\u00fckleme kampanyalar\u0131<\/span><\/li>\n<li style=\"text-align: left;\"><span style=\"color: #000000; letter-spacing: 0px; font-size: 18px; font-weight: normal; font-style: normal; text-decoration: none;\">Pazarlama hedeflerinize g\u00f6re potansiyel m\u00fc\u015fteri olu\u015fturma kampanyalar\u0131 (CPL)<\/span><\/li>\n<li style=\"text-align: left;\"><span style=\"color: #000000; letter-spacing: 0px; font-size: 18px; font-weight: normal; font-style: normal; text-decoration: none;\">E-ticaret siteleri i\u00e7in sat\u0131\u015f ba\u015f\u0131na maliyet kampanyalar\u0131 (CPS)<\/span><\/li>\n<li style=\"text-align: left;\"><span style=\"color: #000000; letter-spacing: 0px; font-size: 18px; font-weight: normal; font-style: normal; text-decoration: none;\">Daha fazla fark\u0131ndal\u0131k elde etmek i\u00e7in video i\u00e7eri\u011fi se\u00e7in ve kampanyalar\u0131 g\u00f6r\u00fcnt\u00fcleyin (CPV)<\/span><\/li>\n<\/ul>\n<p style=\"text-align: left;\"><a class=\"et_pb_button_cta_pub\" href=\"http:\/\/my.reklamaction.com\/signup\" target=\"_blank\" rel=\"noopener noreferrer\">Kaydol<\/a> <a href=\"http:\/\/my.reklamaction.com\/\" target=\"_blank\" rel=\"noopener noreferrer\">Giri\u015f<\/a> yap | <a href=\"\/?page_id=8246\" target=\"_blank\" rel=\"noopener noreferrer\">Devam\u0131n\u0131 oku<\/a><\/p>\n\t\t\t\t\t\t<\/div>\n\t\t\t\t<\/div>\n\t\t\t\t<div class=\"elementor-element elementor-element-192b302 elementor-widget elementor-widget-text-editor\" data-id=\"192b302\" data-element_type=\"widget\" data-widget_type=\"text-editor.default\">\n\t\t\t\t<div class=\"elementor-widget-container\">\n\t\t\t\t\t\t\t<h2 class=\"et-fb-editable-element et-fb-editable-element__editing\"><span style=\"color: #000000;\"><a style=\"color: #50b74a;\" href=\"\/?page_id=8063\" target=\"_blank\" rel=\"noopener noreferrer\">Mobil Reklamc\u0131l\u0131k<\/a><\/span><\/h2>\n<ul>\n<li style=\"text-align: left;\"><span style=\"color: #000000; letter-spacing: 0px; font-size: 18px; font-weight: normal; font-style: normal; text-decoration: none;\">Yenilik\u00e7i ve geli\u015fmi\u015f hedefleme se\u00e7enekleri<\/span><\/li>\n<li style=\"text-align: left;\"><span style=\"color: #000000; letter-spacing: 0px; font-size: 18px; font-weight: normal; font-style: normal; text-decoration: none;\">100&#8217;den fazla premium mobil uygulamam\u0131za reklam verin<\/span><\/li>\n<li style=\"text-align: left;\"><span style=\"color: #000000;\"><span style=\"font-size: 18px;\">Mobil uygulama indirmeleriniz i\u00e7in y\u00fckleme ba\u015f\u0131na maliyet kampanyalar\u0131<\/span><\/span><\/li>\n<li style=\"text-align: left;\"><span style=\"color: #000000; letter-spacing: 0px; font-size: 18px; font-weight: normal; font-style: normal; text-decoration: none;\">Kampanya ba\u015far\u0131n\u0131z\u0131 \u00f6l\u00e7mek i\u00e7in detayl\u0131 ve ger\u00e7ek zamanl\u0131 raporlama<\/span><\/li>\n<\/ul>\n<p style=\"text-align: left;\"><a class=\"et_pb_button_cta_pub\" href=\"#\" data-gsc-widget=\"221278\">Kaydol<\/a> <a href=\"https:\/\/pub.reklamstore.com\/\" target=\"_blank\" rel=\"noopener noreferrer\">Giri\u015f<\/a> yap | <a href=\"\/?page_id=8063\" target=\"_blank\" rel=\"noopener noreferrer\">Devam\u0131n\u0131 oku<\/a><\/p>\n\t\t\t\t\t\t<\/div>\n\t\t\t\t<\/div>\n\t\t\t\t<div class=\"elementor-element elementor-element-61d95b4 elementor-widget elementor-widget-text-editor\" data-id=\"61d95b4\" data-element_type=\"widget\" data-widget_type=\"text-editor.default\">\n\t\t\t\t<div class=\"elementor-widget-container\">\n\t\t\t\t\t\t\t<h2 class=\"et-fb-editable-element et-fb-editable-element__editing\"><span style=\"color: #333300;\"><a style=\"color: #50b74a;\" href=\"\/?page_id=8176\" target=\"_blank\" rel=\"noopener noreferrer\">Video Reklamc\u0131l\u0131\u011f\u0131<\/a><\/span><\/h2>\n<ul>\n<li style=\"text-align: left;\"><span style=\"color: #000000; letter-spacing: 0px; font-size: 18px; font-weight: normal; font-style: normal; text-decoration: none;\">Geli\u015fmi\u015f yeniden hedefleme ve veri hedefleme se\u00e7enekleri<\/span><\/li>\n<li style=\"text-align: left;\"><span style=\"color: #000000; letter-spacing: 0px; font-size: 18px; font-weight: normal; font-style: normal; text-decoration: none;\">Y\u00fcksek t\u0131klama ve video g\u00f6r\u00fcnt\u00fcleme oranlar\u0131<\/span><\/li>\n<li style=\"text-align: left;\"><span style=\"color: #000000; letter-spacing: 0px; font-size: 18px; font-weight: normal; font-style: normal; text-decoration: none;\">Hem masa\u00fcst\u00fc hem de mobilde etkili kampanya y\u00f6netimi<\/span><\/li>\n<li style=\"text-align: left;\"><span style=\"color: #000000; letter-spacing: 0px; font-size: 18px; font-weight: normal; font-style: normal; text-decoration: none;\">Reklam kampanyalar\u0131n\u0131zda ger\u00e7ek zamanl\u0131 raporlama ve optimizasyon<\/span><\/li>\n<\/ul>\n<p style=\"text-align: left;\"><a class=\"et_pb_button_cta_pub\" href=\"#\" data-gsc-widget=\"221281\">Kaydol<\/a> <a href=\"https:\/\/pub.reklamstore.com\/\" target=\"_blank\" rel=\"noopener noreferrer\">Giri\u015f<\/a> yap | <a href=\"\/?page_id=8176\" target=\"_blank\" rel=\"noopener noreferrer\">Devam\u0131n\u0131 oku<\/a><\/p>\n\t\t\t\t\t\t<\/div>\n\t\t\t\t<\/div>\n\t\t\t\t<div class=\"elementor-element elementor-element-b86260f elementor-widget elementor-widget-text-editor\" data-id=\"b86260f\" data-element_type=\"widget\" data-widget_type=\"text-editor.default\">\n\t\t\t\t<div class=\"elementor-widget-container\">\n\t\t\t\t\t\t\t<h2 class=\"et-fb-editable-element et-fb-editable-element__editing\"><span style=\"color: #333300;\"><a style=\"color: #50b74a;\" href=\"\/?page_id=83\" target=\"_blank\" rel=\"noopener noreferrer\">Yerel Reklamc\u0131l\u0131k<\/a><\/span><\/h2>\n<ul>\n<li style=\"text-align: left;\"><span style=\"color: #000000; letter-spacing: 0px; font-size: 18px; font-weight: normal; font-style: normal; text-decoration: none;\">Her web sitesine uygun duyarl\u0131 reklam formatlar\u0131<\/span><\/li>\n<li style=\"text-align: left;\"><span style=\"color: #000000; letter-spacing: 0px; font-size: 18px; font-weight: normal; font-style: normal; text-decoration: none;\">Y\u00fcksek d\u00f6n\u00fc\u015f\u00fcm oranlar\u0131 (CTR)  <\/span><\/li>\n<li style=\"text-align: left;\"><span style=\"color: #000000; letter-spacing: 0px; font-size: 18px; font-weight: normal; font-style: normal; text-decoration: none;\">Platformun i\u00e7eri\u011fine g\u00f6m\u00fcl\u00fc reklamlar<\/span><\/li>\n<li style=\"text-align: left;\"><span style=\"color: #000000; letter-spacing: 0px; font-size: 18px; font-weight: normal; font-style: normal; text-decoration: none;\">\u0130\u00e7erik \u00f6neri sistemi ile ilgili m\u00fc\u015fterileri bulun<\/span><\/li>\n<\/ul>\n<p style=\"text-align: left;\"><a class=\"et_pb_button_cta_pub\" href=\"#\" data-gsc-widget=\"221282\">Kaydol<\/a> <a href=\"https:\/\/my.reklamstore.com\/Account\/Login\" target=\"_blank\" rel=\"noopener noreferrer\">Giri\u015f<\/a> yap | <a href=\"\/?page_id=8041\" target=\"_blank\" rel=\"noopener noreferrer\">Devam\u0131n\u0131 oku<\/a><\/p>\n\t\t\t\t\t\t<\/div>\n\t\t\t\t<\/div>\n\t\t\t\t<div class=\"elementor-element elementor-element-954e9d8 elementor-widget elementor-widget-text-editor\" data-id=\"954e9d8\" data-element_type=\"widget\" data-widget_type=\"text-editor.default\">\n\t\t\t\t<div class=\"elementor-widget-container\">\n\t\t\t\t\t\t\t<h2 class=\"et_pb_module_header et-fb-editable-element et-fb-editable-element__editing\" contenteditable=\"true\" data-shortcode-id=\"7.0-1697802097879\" data-quickaccess-id=\"title\"><span style=\"color: #ffffff;\">DSP \/ Teklif Veren Entegrasyonu<\/span><\/h2>\n<p><span style=\"color: #ffffff;\">A\u011flar ve SSP&#8217;ler i\u00e7in A\u00e7\u0131k RTB \u00e7\u00f6z\u00fcmleri veya farkl\u0131 entegrasyon \u00e7\u00f6z\u00fcmleri i\u00e7in bizimle ileti\u015fime ge\u00e7in.<\/span><\/p>\n<p style=\"text-align: left;\"><a class=\"et_pb_promo_button et_pb_button\" href=\"\/?page_id=8187\">Bize Ula\u015f\u0131n<\/a><\/p>\n\t\t\t\t\t\t<\/div>\n\t\t\t\t<\/div>\n\t\t\t\t\t<\/div>\n\t\t<\/div>\n\t\t\t\t\t<\/div>\n\t\t<\/section>\n\t\t\t\t<\/div>\n\t\t","protected":false},"excerpt":{"rendered":"<p>Ana Sayfa &gt; Reklamveren Bug\u00fcn Reklamveren Olun! ReklamStore&#8217;un b\u00fct\u00fcnsel dijital reklam \u00e7\u00f6z\u00fcmlerini a\u015fa\u011f\u0131da bulabilir ve bu \u00e7\u00f6z\u00fcmlere kolayca ba\u015fvurabilirsiniz. Self Servis DSP 200&#8217;den fazla \u00fclkede premium trafi\u011fe ula\u015f\u0131n Masa\u00fcst\u00fc \/ mobil web \/ uygulama i\u00e7i \/ POP&#8217;ta yay\u0131nlay\u0131n 3. Parti etiket deste\u011fi: JS etiketi, d\u00f6nen etiketler vb. Entegre 140+ SSP ve trafik kayna\u011f\u0131 Geli\u015fmi\u015f hedefleme [&hellip;]<\/p>\n","protected":false},"author":1,"featured_media":0,"parent":0,"menu_order":0,"comment_status":"closed","ping_status":"closed","template":"elementor_header_footer","meta":{"footnotes":""},"class_list":["post-82807","page","type-page","status-publish","hentry"],"_links":{"self":[{"href":"https:\/\/www.reklamstore.com\/tr\/wp-json\/wp\/v2\/pages\/82807","targetHints":{"allow":["GET"]}}],"collection":[{"href":"https:\/\/www.reklamstore.com\/tr\/wp-json\/wp\/v2\/pages"}],"about":[{"href":"https:\/\/www.reklamstore.com\/tr\/wp-json\/wp\/v2\/types\/page"}],"author":[{"embeddable":true,"href":"https:\/\/www.reklamstore.com\/tr\/wp-json\/wp\/v2\/users\/1"}],"replies":[{"embeddable":true,"href":"https:\/\/www.reklamstore.com\/tr\/wp-json\/wp\/v2\/comments?post=82807"}],"version-history":[{"count":0,"href":"https:\/\/www.reklamstore.com\/tr\/wp-json\/wp\/v2\/pages\/82807\/revisions"}],"wp:attachment":[{"href":"https:\/\/www.reklamstore.com\/tr\/wp-json\/wp\/v2\/media?parent=82807"}],"curies":[{"name":"wp","href":"https:\/\/api.w.org\/{rel}","templated":true}]}}