{"id":82802,"date":"2023-10-27T13:05:35","date_gmt":"2023-10-27T10:05:35","guid":{"rendered":"https:\/\/demo3.reklamstore.com\/talep-tarafi-platformlari-ile-donusum-optimizasyonu-e-kitabi"},"modified":"2023-11-20T14:55:44","modified_gmt":"2023-11-20T11:55:44","slug":"talep-tarafi-platformlari-ile-donusum-optimizasyonu-e-kitabi","status":"publish","type":"page","link":"https:\/\/www.reklamstore.com\/tr\/talep-tarafi-platformlari-ile-donusum-optimizasyonu-e-kitabi","title":{"rendered":"Talep Taraf\u0131 Platformlar\u0131 ile D\u00f6n\u00fc\u015f\u00fcm Optimizasyonu E-kitab\u0131"},"content":{"rendered":"\t\t<div data-elementor-type=\"wp-page\" data-elementor-id=\"82802\" class=\"elementor elementor-82802 elementor-79556\" data-elementor-post-type=\"page\">\n\t\t\t\t\t\t<section class=\"elementor-section elementor-top-section elementor-element elementor-element-4cf934a elementor-section-boxed elementor-section-height-default elementor-section-height-default\" data-id=\"4cf934a\" data-element_type=\"section\" data-settings=\"{&quot;background_background&quot;:&quot;gradient&quot;}\">\n\t\t\t\t\t\t\t<div class=\"elementor-background-overlay\"><\/div>\n\t\t\t\t\t\t\t<div class=\"elementor-container elementor-column-gap-default\">\n\t\t\t\t\t<div class=\"elementor-column elementor-col-100 elementor-top-column elementor-element elementor-element-1d9f455\" data-id=\"1d9f455\" data-element_type=\"column\">\n\t\t\t<div class=\"elementor-widget-wrap elementor-element-populated\">\n\t\t\t\t\t\t<div class=\"elementor-element elementor-element-9ae88b9 elementor-invisible elementor-widget elementor-widget-heading\" data-id=\"9ae88b9\" data-element_type=\"widget\" data-settings=\"{&quot;_animation&quot;:&quot;fadeInUp&quot;}\" data-widget_type=\"heading.default\">\n\t\t\t\t<div class=\"elementor-widget-container\">\n\t\t\t<h6 class=\"elementor-heading-title elementor-size-default\">Ana Sayfa &gt; Talep Taraf\u0131 Platformlar\u0131 ile D\u00f6n\u00fc\u015f\u00fcm Optimizasyonu<\/h6>\t\t<\/div>\n\t\t\t\t<\/div>\n\t\t\t\t<div class=\"elementor-element elementor-element-592c61b elementor-invisible elementor-widget elementor-widget-heading\" data-id=\"592c61b\" data-element_type=\"widget\" data-settings=\"{&quot;_animation&quot;:&quot;fadeInUp&quot;,&quot;_animation_delay&quot;:100}\" data-widget_type=\"heading.default\">\n\t\t\t\t<div class=\"elementor-widget-container\">\n\t\t\t<h1 class=\"elementor-heading-title elementor-size-default\">AdWords'te para harcamaktan b\u0131kt\u0131n\u0131z m\u0131?<\/h1>\t\t<\/div>\n\t\t\t\t<\/div>\n\t\t\t\t<div class=\"elementor-element elementor-element-de794e3 elementor-invisible elementor-widget elementor-widget-text-editor\" data-id=\"de794e3\" data-element_type=\"widget\" data-settings=\"{&quot;_animation&quot;:&quot;fadeInUp&quot;,&quot;_animation_delay&quot;:200}\" data-widget_type=\"text-editor.default\">\n\t\t\t\t<div class=\"elementor-widget-container\">\n\t\t\t\t\t\t\t<p class=\"et_pb_text_inner\">ile Nas\u0131l 10 Kat Daha Fazla Potansiyel M\u00fc\u015fteri Yarataca\u011f\u0131n\u0131z\u0131 \u00d6\u011frenin <span style=\"color: #339966;\"><br \/>\n  <strong>Talep Taraf\u0131 Platformlar\u0131!<\/strong><br \/>\n<\/span><\/p>\n\t\t\t\t\t\t<\/div>\n\t\t\t\t<\/div>\n\t\t\t\t\t<\/div>\n\t\t<\/div>\n\t\t\t\t\t<\/div>\n\t\t<\/section>\n\t\t\t\t<section class=\"elementor-section elementor-top-section elementor-element elementor-element-29fc28f elementor-section-boxed elementor-section-height-default elementor-section-height-default\" data-id=\"29fc28f\" data-element_type=\"section\" data-settings=\"{&quot;background_background&quot;:&quot;classic&quot;}\">\n\t\t\t\t\t\t<div class=\"elementor-container elementor-column-gap-default\">\n\t\t\t\t\t<div class=\"elementor-column elementor-col-50 elementor-top-column elementor-element elementor-element-b6a917a\" data-id=\"b6a917a\" data-element_type=\"column\">\n\t\t\t<div class=\"elementor-widget-wrap elementor-element-populated\">\n\t\t\t\t\t\t<div class=\"elementor-element elementor-element-c15471d elementor-widget elementor-widget-heading\" data-id=\"c15471d\" data-element_type=\"widget\" data-widget_type=\"heading.default\">\n\t\t\t\t<div class=\"elementor-widget-container\">\n\t\t\t<span class=\"elementor-heading-title elementor-size-default\">\u00dccretsiz e-kitab\u0131 indirin ve d\u00f6n\u00fc\u015f\u00fcmlerinizi bug\u00fcn f\u0131rlat\u0131n!<\/span>\t\t<\/div>\n\t\t\t\t<\/div>\n\t\t\t\t<div class=\"elementor-element elementor-element-54206d2 elementor-button-success elementor-align-justify elementor-widget__width-auto elementor-widget elementor-widget-button\" data-id=\"54206d2\" data-element_type=\"widget\" data-widget_type=\"button.default\">\n\t\t\t\t<div class=\"elementor-widget-container\">\n\t\t\t\t\t\t\t<div class=\"elementor-button-wrapper\">\n\t\t\t\t\t<a class=\"elementor-button elementor-button-link elementor-size-sm\" href=\"#\">\n\t\t\t\t\t\t<span class=\"elementor-button-content-wrapper\">\n\t\t\t\t\t\t<span class=\"elementor-button-icon\">\n\t\t\t\t<i aria-hidden=\"true\" class=\"fas fa-download\"><\/i>\t\t\t<\/span>\n\t\t\t\t\t\t\t\t\t<span class=\"elementor-button-text\">E-Kitap \u0130ndir<\/span>\n\t\t\t\t\t<\/span>\n\t\t\t\t\t<\/a>\n\t\t\t\t<\/div>\n\t\t\t\t\t\t<\/div>\n\t\t\t\t<\/div>\n\t\t\t\t\t<\/div>\n\t\t<\/div>\n\t\t\t\t<div class=\"elementor-column elementor-col-50 elementor-top-column elementor-element elementor-element-9878947\" data-id=\"9878947\" data-element_type=\"column\" data-settings=\"{&quot;background_background&quot;:&quot;classic&quot;}\">\n\t\t\t<div class=\"elementor-widget-wrap elementor-element-populated\">\n\t\t\t\t\t\t<div class=\"elementor-element elementor-element-5f2c125 elementor-widget elementor-widget-image\" data-id=\"5f2c125\" data-element_type=\"widget\" data-widget_type=\"image.default\">\n\t\t\t\t<div class=\"elementor-widget-container\">\n\t\t\t\t\t\t\t\t\t\t\t\t\t<img fetchpriority=\"high\" decoding=\"async\" width=\"768\" height=\"761\" src=\"https:\/\/www.reklamstore.com\/wp-content\/uploads\/2023\/10\/conversion-optimization-with-demand-side-platforms-background-768x761.jpg\" class=\"attachment-medium_large size-medium_large wp-image-82238\" alt=\"\" srcset=\"https:\/\/www.reklamstore.com\/wp-content\/uploads\/2023\/10\/conversion-optimization-with-demand-side-platforms-background-768x761.jpg 768w, https:\/\/www.reklamstore.com\/wp-content\/uploads\/2023\/10\/conversion-optimization-with-demand-side-platforms-background-300x297.jpg 300w, https:\/\/www.reklamstore.com\/wp-content\/uploads\/2023\/10\/conversion-optimization-with-demand-side-platforms-background-150x150.jpg 150w, https:\/\/www.reklamstore.com\/wp-content\/uploads\/2023\/10\/conversion-optimization-with-demand-side-platforms-background.jpg 988w\" sizes=\"(max-width: 768px) 100vw, 768px\" \/>\t\t\t\t\t\t\t\t\t\t\t\t\t<\/div>\n\t\t\t\t<\/div>\n\t\t\t\t\t<\/div>\n\t\t<\/div>\n\t\t\t\t\t<\/div>\n\t\t<\/section>\n\t\t\t\t<section class=\"elementor-section elementor-top-section elementor-element elementor-element-7e67e68 elementor-section-boxed elementor-section-height-default elementor-section-height-default\" data-id=\"7e67e68\" data-element_type=\"section\">\n\t\t\t\t\t\t<div class=\"elementor-container elementor-column-gap-default\">\n\t\t\t\t\t<div class=\"elementor-column elementor-col-100 elementor-top-column elementor-element elementor-element-67dae9b\" data-id=\"67dae9b\" data-element_type=\"column\">\n\t\t\t<div class=\"elementor-widget-wrap elementor-element-populated\">\n\t\t\t\t\t\t<div class=\"elementor-element elementor-element-469394c elementor-widget-divider--view-line elementor-widget elementor-widget-divider\" data-id=\"469394c\" data-element_type=\"widget\" data-widget_type=\"divider.default\">\n\t\t\t\t<div class=\"elementor-widget-container\">\n\t\t\t\t\t<div class=\"elementor-divider\">\n\t\t\t<span class=\"elementor-divider-separator\">\n\t\t\t\t\t\t<\/span>\n\t\t<\/div>\n\t\t\t\t<\/div>\n\t\t\t\t<\/div>\n\t\t\t\t<div class=\"elementor-element elementor-element-3d752d6 elementor-widget elementor-widget-heading\" data-id=\"3d752d6\" data-element_type=\"widget\" data-widget_type=\"heading.default\">\n\t\t\t\t<div class=\"elementor-widget-container\">\n\t\t\t<span class=\"elementor-heading-title elementor-size-medium\">E-kitapta ne var?<\/span>\t\t<\/div>\n\t\t\t\t<\/div>\n\t\t\t\t<section class=\"elementor-section elementor-inner-section elementor-element elementor-element-b9cdce5 elementor-section-boxed elementor-section-height-default elementor-section-height-default\" data-id=\"b9cdce5\" data-element_type=\"section\">\n\t\t\t\t\t\t<div class=\"elementor-container elementor-column-gap-default\">\n\t\t\t\t\t<div class=\"elementor-column elementor-col-33 elementor-inner-column elementor-element elementor-element-00c76f4\" data-id=\"00c76f4\" data-element_type=\"column\">\n\t\t\t<div class=\"elementor-widget-wrap elementor-element-populated\">\n\t\t\t\t\t\t<div class=\"elementor-element elementor-element-e400e49 elementor-widget elementor-widget-text-editor\" data-id=\"e400e49\" data-element_type=\"widget\" data-widget_type=\"text-editor.default\">\n\t\t\t\t<div class=\"elementor-widget-container\">\n\t\t\t\t\t\t\t<p class=\"et_pb_module_header\" style=\"text-align: center;\"><strong>D\u00f6n\u00fc\u015f\u00fcm Optimizasyonu Nedir?<\/strong><\/p>\n<div class=\"et_pb_blurb_description\">\n<div class=\"et_pb_module et_pb_blurb et_pb_blurb_0 et_pb_bg_layout_light et_pb_text_align_center et_pb_blurb_position_top\">\n<div class=\"et_pb_blurb_content\">\n<div class=\"et_pb_blurb_container\">\n<div class=\"et_pb_blurb_description\">\n<p style=\"text-align: center;\">D\u00f6n\u00fc\u015f\u00fcm optimizasyonu, bir dijital reklam kampanyas\u0131n\u0131n, d\u00f6n\u00fc\u015f\u00fcme d\u00f6n\u00fc\u015fme olas\u0131l\u0131\u011f\u0131 daha y\u00fcksek olan daha fazla ziyaret elde etmek i\u00e7in optimize edildi\u011fi s\u00fcre\u00e7tir.<\/p>\n<\/div>\n<\/div>\n<\/div>\n<\/div>\n<\/div>\n\t\t\t\t\t\t<\/div>\n\t\t\t\t<\/div>\n\t\t\t\t\t<\/div>\n\t\t<\/div>\n\t\t\t\t<div class=\"elementor-column elementor-col-33 elementor-inner-column elementor-element elementor-element-d2ae331\" data-id=\"d2ae331\" data-element_type=\"column\">\n\t\t\t<div class=\"elementor-widget-wrap elementor-element-populated\">\n\t\t\t\t\t\t<div class=\"elementor-element elementor-element-4f4b5e9 elementor-widget elementor-widget-text-editor\" data-id=\"4f4b5e9\" data-element_type=\"widget\" data-widget_type=\"text-editor.default\">\n\t\t\t\t<div class=\"elementor-widget-container\">\n\t\t\t\t\t\t\t<p class=\"et_pb_module_header\" style=\"text-align: center;\"><strong>D\u00f6n\u00fc\u015f\u00fcmler Nas\u0131l Takip Edilir?<\/strong><\/p>\n<div class=\"et_pb_blurb_description\">\n<div class=\"et_pb_module et_pb_blurb et_pb_blurb_1 et_pb_bg_layout_light et_pb_text_align_center et_pb_blurb_position_top\">\n<div class=\"et_pb_blurb_content\">\n<div class=\"et_pb_blurb_container\">\n<p style=\"text-align: center;\">D\u00f6n\u00fc\u015f\u00fcm izleme pikselleri genellikle kodu d\u00f6n\u00fc\u015f\u00fcm sayfas\u0131na (istenen eylem ger\u00e7ekle\u015fti\u011finde y\u00fcklenen sayfa) yerle\u015ftirerek \u00e7al\u0131\u015f\u0131r.<\/p>\n<\/div>\n<\/div>\n<\/div>\n<\/div>\n\t\t\t\t\t\t<\/div>\n\t\t\t\t<\/div>\n\t\t\t\t\t<\/div>\n\t\t<\/div>\n\t\t\t\t<div class=\"elementor-column elementor-col-33 elementor-inner-column elementor-element elementor-element-5340608\" data-id=\"5340608\" data-element_type=\"column\">\n\t\t\t<div class=\"elementor-widget-wrap elementor-element-populated\">\n\t\t\t\t\t\t<div class=\"elementor-element elementor-element-df583a4 elementor-widget elementor-widget-text-editor\" data-id=\"df583a4\" data-element_type=\"widget\" data-widget_type=\"text-editor.default\">\n\t\t\t\t<div class=\"elementor-widget-container\">\n\t\t\t\t\t\t\t<p class=\"et_pb_module_header\" style=\"text-align: center;\"><strong>Kampanyalar Nas\u0131l Optimize Edilir?<\/strong><\/p>\n<div class=\"et_pb_blurb_description\">\n<div class=\"et_pb_module et_pb_blurb et_pb_blurb_1 et_pb_bg_layout_light et_pb_text_align_center et_pb_blurb_position_top\">\n<div class=\"et_pb_blurb_content\">\n<div class=\"et_pb_blurb_container\">\n<p style=\"text-align: center;\">Bir DSP ile d\u00f6n\u00fc\u015f\u00fcmleri optimize etmenin ilk ad\u0131m\u0131, KPI&#8217;lar\u0131n\u0131z\u0131 belirlemek ve bir ROI form\u00fcl\u00fc olu\u015fturmakt\u0131r. Bu, DSP&#8217;deki k\u00e2r\u0131 en \u00fcst d\u00fczeye \u00e7\u0131karmak i\u00e7in gereklidir.<\/p>\n<\/div>\n<\/div>\n<\/div>\n<\/div>\n\t\t\t\t\t\t<\/div>\n\t\t\t\t<\/div>\n\t\t\t\t\t<\/div>\n\t\t<\/div>\n\t\t\t\t\t<\/div>\n\t\t<\/section>\n\t\t\t\t<div class=\"elementor-element elementor-element-9e0ac27 elementor-widget elementor-widget-heading\" data-id=\"9e0ac27\" data-element_type=\"widget\" data-widget_type=\"heading.default\">\n\t\t\t\t<div class=\"elementor-widget-container\">\n\t\t\t<span class=\"elementor-heading-title elementor-size-default\">Ve \u00e7ok daha fazlas\u0131...<\/span>\t\t<\/div>\n\t\t\t\t<\/div>\n\t\t\t\t\t<\/div>\n\t\t<\/div>\n\t\t\t\t\t<\/div>\n\t\t<\/section>\n\t\t\t\t<section class=\"elementor-section elementor-top-section elementor-element elementor-element-577ff65 elementor-section-boxed elementor-section-height-default elementor-section-height-default\" data-id=\"577ff65\" data-element_type=\"section\">\n\t\t\t\t\t\t<div class=\"elementor-container elementor-column-gap-default\">\n\t\t\t\t\t<div class=\"elementor-column elementor-col-100 elementor-top-column elementor-element elementor-element-24ecdd7\" data-id=\"24ecdd7\" data-element_type=\"column\">\n\t\t\t<div class=\"elementor-widget-wrap elementor-element-populated\">\n\t\t\t\t\t\t<div class=\"elementor-element elementor-element-109d59d elementor-widget-divider--view-line elementor-widget elementor-widget-divider\" data-id=\"109d59d\" data-element_type=\"widget\" data-widget_type=\"divider.default\">\n\t\t\t\t<div class=\"elementor-widget-container\">\n\t\t\t\t\t<div class=\"elementor-divider\">\n\t\t\t<span class=\"elementor-divider-separator\">\n\t\t\t\t\t\t<\/span>\n\t\t<\/div>\n\t\t\t\t<\/div>\n\t\t\t\t<\/div>\n\t\t\t\t<section class=\"elementor-section elementor-inner-section elementor-element elementor-element-02da0a2 elementor-section-boxed elementor-section-height-default elementor-section-height-default\" data-id=\"02da0a2\" data-element_type=\"section\">\n\t\t\t\t\t\t<div class=\"elementor-container elementor-column-gap-default\">\n\t\t\t\t\t<div class=\"elementor-column elementor-col-50 elementor-inner-column elementor-element elementor-element-d5c83ba\" data-id=\"d5c83ba\" data-element_type=\"column\">\n\t\t\t<div class=\"elementor-widget-wrap elementor-element-populated\">\n\t\t\t\t\t\t<div class=\"elementor-element elementor-element-a09a9c4 elementor-widget elementor-widget-text-editor\" data-id=\"a09a9c4\" data-element_type=\"widget\" data-widget_type=\"text-editor.default\">\n\t\t\t\t<div class=\"elementor-widget-container\">\n\t\t\t\t\t\t\t<div class=\"et_pb_testimonial_description_inner\">\n<div class=\"et_pb_testimonial_content\">\n<p>ReklamStore&#8217;un DSP&#8217;sini kullanmaya ba\u015flad\u0131\u011f\u0131mdan beri performans kampanyalar\u0131m\u0131z i\u00e7in harika sonu\u00e7lar elde ettim! Bu DSP, hassas hedefleme se\u00e7eneklerini en iyi SSP trafik kaynaklar\u0131yla birle\u015ftirir ve hepsi tek bir harika platformda toplan\u0131r!<\/p>\n<\/p>\n<\/div>\n<\/div>\n<p><span class=\"et_pb_testimonial_author\"><br \/>\n  <strong>Tomas Foster<\/strong><br \/>\n  <br \/>\n<\/span><span class=\"et_pb_testimonial_company\">BravAds<\/span><\/p>\n\t\t\t\t\t\t<\/div>\n\t\t\t\t<\/div>\n\t\t\t\t\t<\/div>\n\t\t<\/div>\n\t\t\t\t<div class=\"elementor-column elementor-col-50 elementor-inner-column elementor-element elementor-element-12e7a18\" data-id=\"12e7a18\" data-element_type=\"column\">\n\t\t\t<div class=\"elementor-widget-wrap elementor-element-populated\">\n\t\t\t\t\t\t<div class=\"elementor-element elementor-element-cc67fec elementor-widget elementor-widget-heading\" data-id=\"cc67fec\" data-element_type=\"widget\" data-widget_type=\"heading.default\">\n\t\t\t\t<div class=\"elementor-widget-container\">\n\t\t\t<span class=\"elementor-heading-title elementor-size-default\">\u00dccretsiz e-kitab\u0131 indirin ve d\u00f6n\u00fc\u015f\u00fcmlerinizi bug\u00fcn f\u0131rlat\u0131n!<\/span>\t\t<\/div>\n\t\t\t\t<\/div>\n\t\t\t\t<div class=\"elementor-element elementor-element-20740d6 elementor-button-success elementor-align-center elementor-widget elementor-widget-button\" data-id=\"20740d6\" data-element_type=\"widget\" data-widget_type=\"button.default\">\n\t\t\t\t<div class=\"elementor-widget-container\">\n\t\t\t\t\t\t\t<div class=\"elementor-button-wrapper\">\n\t\t\t\t\t<a class=\"elementor-button elementor-button-link elementor-size-sm\" href=\"#\">\n\t\t\t\t\t\t<span class=\"elementor-button-content-wrapper\">\n\t\t\t\t\t\t<span class=\"elementor-button-icon\">\n\t\t\t\t<i aria-hidden=\"true\" class=\"fas fa-download\"><\/i>\t\t\t<\/span>\n\t\t\t\t\t\t\t\t\t<span class=\"elementor-button-text\">E-Kitap \u0130ndir<\/span>\n\t\t\t\t\t<\/span>\n\t\t\t\t\t<\/a>\n\t\t\t\t<\/div>\n\t\t\t\t\t\t<\/div>\n\t\t\t\t<\/div>\n\t\t\t\t\t<\/div>\n\t\t<\/div>\n\t\t\t\t\t<\/div>\n\t\t<\/section>\n\t\t\t\t<div class=\"elementor-element elementor-element-8d64870 elementor-widget-divider--view-line elementor-widget elementor-widget-divider\" data-id=\"8d64870\" data-element_type=\"widget\" data-widget_type=\"divider.default\">\n\t\t\t\t<div class=\"elementor-widget-container\">\n\t\t\t\t\t<div class=\"elementor-divider\">\n\t\t\t<span class=\"elementor-divider-separator\">\n\t\t\t\t\t\t<\/span>\n\t\t<\/div>\n\t\t\t\t<\/div>\n\t\t\t\t<\/div>\n\t\t\t\t\t<\/div>\n\t\t<\/div>\n\t\t\t\t\t<\/div>\n\t\t<\/section>\n\t\t\t\t<\/div>\n\t\t","protected":false},"excerpt":{"rendered":"<p>Ana Sayfa &gt; Talep Taraf\u0131 Platformlar\u0131 ile D\u00f6n\u00fc\u015f\u00fcm Optimizasyonu AdWords&#8217;te para harcamaktan b\u0131kt\u0131n\u0131z m\u0131? ile Nas\u0131l 10 Kat Daha Fazla Potansiyel M\u00fc\u015fteri Yarataca\u011f\u0131n\u0131z\u0131 \u00d6\u011frenin Talep Taraf\u0131 Platformlar\u0131! \u00dccretsiz e-kitab\u0131 indirin ve d\u00f6n\u00fc\u015f\u00fcmlerinizi bug\u00fcn f\u0131rlat\u0131n! E-Kitap \u0130ndir E-kitapta ne var? D\u00f6n\u00fc\u015f\u00fcm Optimizasyonu Nedir? D\u00f6n\u00fc\u015f\u00fcm optimizasyonu, bir dijital reklam kampanyas\u0131n\u0131n, d\u00f6n\u00fc\u015f\u00fcme d\u00f6n\u00fc\u015fme olas\u0131l\u0131\u011f\u0131 daha y\u00fcksek olan daha [&hellip;]<\/p>\n","protected":false},"author":1,"featured_media":0,"parent":0,"menu_order":0,"comment_status":"closed","ping_status":"closed","template":"elementor_header_footer","meta":{"footnotes":""},"class_list":["post-82802","page","type-page","status-publish","hentry"],"_links":{"self":[{"href":"https:\/\/www.reklamstore.com\/tr\/wp-json\/wp\/v2\/pages\/82802","targetHints":{"allow":["GET"]}}],"collection":[{"href":"https:\/\/www.reklamstore.com\/tr\/wp-json\/wp\/v2\/pages"}],"about":[{"href":"https:\/\/www.reklamstore.com\/tr\/wp-json\/wp\/v2\/types\/page"}],"author":[{"embeddable":true,"href":"https:\/\/www.reklamstore.com\/tr\/wp-json\/wp\/v2\/users\/1"}],"replies":[{"embeddable":true,"href":"https:\/\/www.reklamstore.com\/tr\/wp-json\/wp\/v2\/comments?post=82802"}],"version-history":[{"count":0,"href":"https:\/\/www.reklamstore.com\/tr\/wp-json\/wp\/v2\/pages\/82802\/revisions"}],"wp:attachment":[{"href":"https:\/\/www.reklamstore.com\/tr\/wp-json\/wp\/v2\/media?parent=82802"}],"curies":[{"name":"wp","href":"https:\/\/api.w.org\/{rel}","templated":true}]}}