{"id":82800,"date":"2023-10-20T18:23:21","date_gmt":"2023-10-20T15:23:21","guid":{"rendered":"https:\/\/demo3.reklamstore.com\/satis-ortakligi-reklamverenleri"},"modified":"2023-11-15T14:42:09","modified_gmt":"2023-11-15T11:42:09","slug":"affilate-reklamveren","status":"publish","type":"page","link":"https:\/\/www.reklamstore.com\/tr\/affilate-reklamveren","title":{"rendered":"Affilate Reklamveren"},"content":{"rendered":"\t\t<div data-elementor-type=\"wp-page\" data-elementor-id=\"82800\" class=\"elementor elementor-82800 elementor-78419\" data-elementor-post-type=\"page\">\n\t\t\t\t\t\t<section class=\"elementor-section elementor-top-section elementor-element elementor-element-4cf934a elementor-section-boxed elementor-section-height-default elementor-section-height-default\" data-id=\"4cf934a\" data-element_type=\"section\" data-settings=\"{&quot;background_background&quot;:&quot;gradient&quot;}\">\n\t\t\t\t\t\t\t<div class=\"elementor-background-overlay\"><\/div>\n\t\t\t\t\t\t\t<div class=\"elementor-container elementor-column-gap-default\">\n\t\t\t\t\t<div class=\"elementor-column elementor-col-100 elementor-top-column elementor-element elementor-element-1d9f455\" data-id=\"1d9f455\" data-element_type=\"column\">\n\t\t\t<div class=\"elementor-widget-wrap elementor-element-populated\">\n\t\t\t\t\t\t<div class=\"elementor-element elementor-element-9ae88b9 elementor-invisible elementor-widget elementor-widget-heading\" data-id=\"9ae88b9\" data-element_type=\"widget\" data-settings=\"{&quot;_animation&quot;:&quot;fadeInUp&quot;}\" data-widget_type=\"heading.default\">\n\t\t\t\t<div class=\"elementor-widget-container\">\n\t\t\t<h6 class=\"elementor-heading-title elementor-size-default\">Ana Sayfa &gt; Affilate reklamveren<\/h6>\t\t<\/div>\n\t\t\t\t<\/div>\n\t\t\t\t<div class=\"elementor-element elementor-element-592c61b elementor-invisible elementor-widget elementor-widget-heading\" data-id=\"592c61b\" data-element_type=\"widget\" data-settings=\"{&quot;_animation&quot;:&quot;fadeInUp&quot;,&quot;_animation_delay&quot;:100}\" data-widget_type=\"heading.default\">\n\t\t\t\t<div class=\"elementor-widget-container\">\n\t\t\t<h1 class=\"elementor-heading-title elementor-size-default\">Reklamverenimiz olun!<\/h1>\t\t<\/div>\n\t\t\t\t<\/div>\n\t\t\t\t<div class=\"elementor-element elementor-element-de794e3 elementor-invisible elementor-widget elementor-widget-text-editor\" data-id=\"de794e3\" data-element_type=\"widget\" data-settings=\"{&quot;_animation&quot;:&quot;fadeInUp&quot;,&quot;_animation_delay&quot;:200}\" data-widget_type=\"text-editor.default\">\n\t\t\t\t<div class=\"elementor-widget-container\">\n\t\t\t\t\t\t\t<div class=\"et_pb_row et_pb_row_0\"><div class=\"et_pb_column et_pb_column_4_4 et_pb_column_0 et_pb_css_mix_blend_mode_passthrough et-last-child\"><div class=\"et_pb_module et_pb_text et_pb_text_1 et_pb_text_align_center et_pb_bg_layout_light\"><div class=\"et_pb_text_inner\"><div class=\"et_pb_row et_pb_row_0\"><div class=\"et_pb_column et_pb_column_4_4 et_pb_column_0  et_pb_css_mix_blend_mode_passthrough et-last-child\"><div class=\"et_pb_module et_pb_text et_pb_text_1  et_pb_text_align_center et_pb_bg_layout_light\"><div class=\"et_pb_text_inner\">Performans bazl\u0131 reklamc\u0131l\u0131k size garanti sonu\u00e7lar sa\u011flar. \u00c7\u00fcnk\u00fc kampanya b\u00fct\u00e7esi ile ne kadar geri d\u00f6n\u00fc\u015f sa\u011flayaca\u011f\u0131n\u0131 en ba\u015ftan ve kesin olarak bilirsiniz.<\/div><\/div><\/div><\/div><\/div><\/div><\/div><\/div>\t\t\t\t\t\t<\/div>\n\t\t\t\t<\/div>\n\t\t\t\t\t<\/div>\n\t\t<\/div>\n\t\t\t\t\t<\/div>\n\t\t<\/section>\n\t\t\t\t<section class=\"elementor-section elementor-top-section elementor-element elementor-element-29fc28f elementor-section-boxed elementor-section-height-default elementor-section-height-default\" data-id=\"29fc28f\" data-element_type=\"section\">\n\t\t\t\t\t\t\t<div class=\"elementor-background-overlay\"><\/div>\n\t\t\t\t\t\t\t<div class=\"elementor-container elementor-column-gap-default\">\n\t\t\t\t\t<div class=\"elementor-column elementor-col-25 elementor-top-column elementor-element elementor-element-b6a917a\" data-id=\"b6a917a\" data-element_type=\"column\">\n\t\t\t<div class=\"elementor-widget-wrap elementor-element-populated\">\n\t\t\t\t\t\t<div class=\"elementor-element elementor-element-18dba8b elementor-widget elementor-widget-text-editor\" data-id=\"18dba8b\" data-element_type=\"widget\" data-widget_type=\"text-editor.default\">\n\t\t\t\t<div class=\"elementor-widget-container\">\n\t\t\t\t\t\t\t<p class=\"et_pb_module_header\" style=\"text-align: center;\"><strong>\u00dcyelik Kampanyalar\u0131<\/strong><\/p><div class=\"et_pb_blurb_description\" style=\"text-align: center;\">Her yeni \u00fcye i\u00e7in \u00f6deme yap\u0131lan kampanyalard\u0131r. Kampanyan\u0131n \u015fartlar\u0131na g\u00f6re Single Optin (tek onayl\u0131) veya Double Optin (\u00e7ift onayl\u0131) onay mekanizmas\u0131 ile kurulabilir.<\/div>\t\t\t\t\t\t<\/div>\n\t\t\t\t<\/div>\n\t\t\t\t\t<\/div>\n\t\t<\/div>\n\t\t\t\t<div class=\"elementor-column elementor-col-25 elementor-top-column elementor-element elementor-element-8a99147\" data-id=\"8a99147\" data-element_type=\"column\">\n\t\t\t<div class=\"elementor-widget-wrap elementor-element-populated\">\n\t\t\t\t\t\t<div class=\"elementor-element elementor-element-563b1cc elementor-widget elementor-widget-text-editor\" data-id=\"563b1cc\" data-element_type=\"widget\" data-widget_type=\"text-editor.default\">\n\t\t\t\t<div class=\"elementor-widget-container\">\n\t\t\t\t\t\t\t<p class=\"et_pb_module_header\" style=\"text-align: center;\"><strong>Sat\u0131\u015f Kampanyalar\u0131<\/strong><\/p><div class=\"et_pb_blurb_description\" style=\"text-align: center;\">Ger\u00e7ekle\u015fen sat\u0131\u015f \u00fczerinden komisyon \u00f6demesi yap\u0131lan kampanyalard\u0131r. CPS (Cost Per Sales) olarak adland\u0131r\u0131l\u0131r.<\/div>\t\t\t\t\t\t<\/div>\n\t\t\t\t<\/div>\n\t\t\t\t\t<\/div>\n\t\t<\/div>\n\t\t\t\t<div class=\"elementor-column elementor-col-25 elementor-top-column elementor-element elementor-element-a261e57\" data-id=\"a261e57\" data-element_type=\"column\">\n\t\t\t<div class=\"elementor-widget-wrap elementor-element-populated\">\n\t\t\t\t\t\t<div class=\"elementor-element elementor-element-a873599 elementor-widget elementor-widget-text-editor\" data-id=\"a873599\" data-element_type=\"widget\" data-widget_type=\"text-editor.default\">\n\t\t\t\t<div class=\"elementor-widget-container\">\n\t\t\t\t\t\t\t<p class=\"et_pb_module_header\" style=\"text-align: center;\"><strong>Install Kampanyalar\u0131<\/strong><\/p><div class=\"et_pb_blurb_description\" style=\"text-align: center;\">Yaz\u0131l\u0131m ve uygulamalar\u0131n indirilip kurulmas\u0131 ba\u015f\u0131na \u00f6deme yap\u0131lan kampanyalard\u0131r. CPI (Cost Per Install) olarak adland\u0131r\u0131l\u0131r.<\/div>\t\t\t\t\t\t<\/div>\n\t\t\t\t<\/div>\n\t\t\t\t\t<\/div>\n\t\t<\/div>\n\t\t\t\t<div class=\"elementor-column elementor-col-25 elementor-top-column elementor-element elementor-element-451e5c8\" data-id=\"451e5c8\" data-element_type=\"column\">\n\t\t\t<div class=\"elementor-widget-wrap elementor-element-populated\">\n\t\t\t\t\t\t<div class=\"elementor-element elementor-element-674abf6 elementor-widget elementor-widget-text-editor\" data-id=\"674abf6\" data-element_type=\"widget\" data-widget_type=\"text-editor.default\">\n\t\t\t\t<div class=\"elementor-widget-container\">\n\t\t\t\t\t\t\t<p class=\"et_pb_module_header\" style=\"text-align: center;\"><strong>\u0130zleme Kampanyalar\u0131<\/strong><\/p><div class=\"et_pb_blurb_description\" style=\"text-align: center;\">Belirli bir video i\u00e7eri\u011fin izlenmesi ba\u015f\u0131na \u00f6deme yap\u0131lan kampanyalard\u0131r. CPV (Cost Per View) olarak adland\u0131r\u0131l\u0131r.<\/div>\t\t\t\t\t\t<\/div>\n\t\t\t\t<\/div>\n\t\t\t\t\t<\/div>\n\t\t<\/div>\n\t\t\t\t\t<\/div>\n\t\t<\/section>\n\t\t\t\t<section class=\"elementor-section elementor-top-section elementor-element elementor-element-d4692a7 elementor-section-boxed elementor-section-height-default elementor-section-height-default\" data-id=\"d4692a7\" data-element_type=\"section\">\n\t\t\t\t\t\t<div class=\"elementor-container elementor-column-gap-default\">\n\t\t\t\t\t<div class=\"elementor-column elementor-col-50 elementor-top-column elementor-element elementor-element-70cb416\" data-id=\"70cb416\" data-element_type=\"column\">\n\t\t\t<div class=\"elementor-widget-wrap elementor-element-populated\">\n\t\t\t\t\t\t<div class=\"elementor-element elementor-element-8f7296d elementor-widget elementor-widget-image\" data-id=\"8f7296d\" data-element_type=\"widget\" data-widget_type=\"image.default\">\n\t\t\t\t<div class=\"elementor-widget-container\">\n\t\t\t\t\t\t\t\t\t\t\t\t\t<img fetchpriority=\"high\" decoding=\"async\" width=\"1024\" height=\"678\" src=\"https:\/\/www.reklamstore.com\/wp-content\/uploads\/2023\/10\/people-office-group-team-1024x678.jpg\" class=\"attachment-large size-large wp-image-82075\" alt=\"\" srcset=\"https:\/\/www.reklamstore.com\/wp-content\/uploads\/2023\/10\/people-office-group-team-1024x678.jpg 1024w, https:\/\/www.reklamstore.com\/wp-content\/uploads\/2023\/10\/people-office-group-team-300x199.jpg 300w, https:\/\/www.reklamstore.com\/wp-content\/uploads\/2023\/10\/people-office-group-team-768x509.jpg 768w, https:\/\/www.reklamstore.com\/wp-content\/uploads\/2023\/10\/people-office-group-team-1536x1017.jpg 1536w, https:\/\/www.reklamstore.com\/wp-content\/uploads\/2023\/10\/people-office-group-team-2048x1356.jpg 2048w\" sizes=\"(max-width: 1024px) 100vw, 1024px\" \/>\t\t\t\t\t\t\t\t\t\t\t\t\t<\/div>\n\t\t\t\t<\/div>\n\t\t\t\t\t<\/div>\n\t\t<\/div>\n\t\t\t\t<div class=\"elementor-column elementor-col-50 elementor-top-column elementor-element elementor-element-2ce838f\" data-id=\"2ce838f\" data-element_type=\"column\">\n\t\t\t<div class=\"elementor-widget-wrap elementor-element-populated\">\n\t\t\t\t\t\t<div class=\"elementor-element elementor-element-880a119 elementor-widget elementor-widget-text-editor\" data-id=\"880a119\" data-element_type=\"widget\" data-widget_type=\"text-editor.default\">\n\t\t\t\t<div class=\"elementor-widget-container\">\n\t\t\t\t\t\t\t<h2 class=\"et_pb_module_header\">Performans bazl\u0131 reklamc\u0131l\u0131k<\/h2><div><p>Teklif istatistikleri kontrol panelimiz arac\u0131l\u0131\u011f\u0131yla ger\u00e7ek zamanl\u0131 olarak izlenebilir. Verimsiz yay\u0131nc\u0131lar\u0131 engelleyebilir veya ba\u015far\u0131l\u0131 yay\u0131nc\u0131lar\u0131 te\u015fvik edebilirsiniz. Sunulan detayl\u0131 bilgiler, kampanyalar\u0131n\u0131z\u0131 en etkili \u015fekilde y\u00f6netmenizi sa\u011flar.<\/p><p>En son teknoloji \u00e7\u00f6z\u00fcmlerini kullanarak yat\u0131r\u0131m getirinizin art\u0131\u015f\u0131n\u0131 izleyin ve art\u0131k t\u0131klamalar i\u00e7in asla \u00f6deme yapmay\u0131n. Kreatifler ve d\u00f6n\u00fc\u015f\u00fcmler, yay\u0131nc\u0131lar ve \u00f6demeler, her \u015fey tam ihtiyac\u0131n\u0131z olan yerde, y\u00f6netmesi ve analiz etmesi kolay. CPA a\u011flar\u0131na \u00f6deme yapmak zorunda de\u011filsiniz. \u015eimdiye kadarki en basit ve en etkili \u015fekilde kendinizinkini olu\u015fturun ve y\u00f6netin.<\/p><\/div>\t\t\t\t\t\t<\/div>\n\t\t\t\t<\/div>\n\t\t\t\t\t<\/div>\n\t\t<\/div>\n\t\t\t\t\t<\/div>\n\t\t<\/section>\n\t\t\t\t<section class=\"elementor-section elementor-top-section elementor-element elementor-element-bf349f8 elementor-section-boxed elementor-section-height-default elementor-section-height-default\" data-id=\"bf349f8\" data-element_type=\"section\">\n\t\t\t\t\t\t<div class=\"elementor-container elementor-column-gap-default\">\n\t\t\t\t\t<div class=\"elementor-column elementor-col-100 elementor-top-column elementor-element elementor-element-db129eb\" data-id=\"db129eb\" data-element_type=\"column\">\n\t\t\t<div class=\"elementor-widget-wrap elementor-element-populated\">\n\t\t\t\t\t\t<div class=\"elementor-element elementor-element-818935b elementor-widget-divider--view-line elementor-widget elementor-widget-divider\" data-id=\"818935b\" data-element_type=\"widget\" data-widget_type=\"divider.default\">\n\t\t\t\t<div class=\"elementor-widget-container\">\n\t\t\t\t\t<div class=\"elementor-divider\">\n\t\t\t<span class=\"elementor-divider-separator\">\n\t\t\t\t\t\t<\/span>\n\t\t<\/div>\n\t\t\t\t<\/div>\n\t\t\t\t<\/div>\n\t\t\t\t\t<\/div>\n\t\t<\/div>\n\t\t\t\t\t<\/div>\n\t\t<\/section>\n\t\t\t\t<section class=\"elementor-section elementor-top-section elementor-element elementor-element-9dac89c elementor-section-boxed elementor-section-height-default elementor-section-height-default\" data-id=\"9dac89c\" data-element_type=\"section\">\n\t\t\t\t\t\t<div class=\"elementor-container elementor-column-gap-default\">\n\t\t\t\t\t<div class=\"elementor-column elementor-col-50 elementor-top-column elementor-element elementor-element-5eff051\" data-id=\"5eff051\" data-element_type=\"column\">\n\t\t\t<div class=\"elementor-widget-wrap elementor-element-populated\">\n\t\t\t\t\t\t<div class=\"elementor-element elementor-element-e523347 elementor-widget elementor-widget-text-editor\" data-id=\"e523347\" data-element_type=\"widget\" data-widget_type=\"text-editor.default\">\n\t\t\t\t<div class=\"elementor-widget-container\">\n\t\t\t\t\t\t\t<h2 class=\"et_pb_module_header\">Ki\u015fiselle\u015ftirilmi\u015f performans \u00e7\u00f6z\u00fcmleri<\/h2><div><p>Performansa dayal\u0131 reklamc\u0131l\u0131k sayesinde, kampanya b\u00fct\u00e7enizden ne kadar geri d\u00f6n\u00fc\u015f ald\u0131\u011f\u0131n\u0131z\u0131 tam olarak bilirsiniz. Hedeflerini ve tekliflerini belirleyen reklamveren, sonu\u00e7 garantili bu modelde \u00f6demeyi sadece hedefe ula\u015f\u0131ld\u0131\u011f\u0131nda yapar. Dolay\u0131s\u0131yla reklamveren de yay\u0131nc\u0131s\u0131yla birlikte kazan\u0131yor. Bu nedenle sat\u0131\u015f ortakl\u0131\u011f\u0131, reklamverenler i\u00e7in en etkili ve sonu\u00e7 odakl\u0131 \u00e7\u00f6z\u00fcmd\u00fcr.<\/p><p>Reklamveren olarak siz teklifinizi sat\u0131\u015f ba\u015f\u0131na m\u0131 yoksa lead ba\u015f\u0131na m\u0131 yapaca\u011f\u0131n\u0131z\u0131 belirleyin, biz markan\u0131z\u0131 en do\u011fru \u015fekilde tan\u0131tabilecek yay\u0131nc\u0131y\u0131 tespit edelim. B\u00f6ylece, ula\u015ft\u0131\u011f\u0131n\u0131z hedefler i\u00e7in \u00f6deme yapt\u0131\u011f\u0131n\u0131zda, bir reklamveren olarak siz ve yay\u0131nc\u0131lar\u0131n\u0131z birlikte kazanm\u0131\u015f olursunuz.<\/p><\/div>\t\t\t\t\t\t<\/div>\n\t\t\t\t<\/div>\n\t\t\t\t\t<\/div>\n\t\t<\/div>\n\t\t\t\t<div class=\"elementor-column elementor-col-50 elementor-top-column elementor-element elementor-element-4044827\" data-id=\"4044827\" data-element_type=\"column\">\n\t\t\t<div class=\"elementor-widget-wrap elementor-element-populated\">\n\t\t\t\t\t\t<div class=\"elementor-element elementor-element-406db63 elementor-widget elementor-widget-image\" data-id=\"406db63\" data-element_type=\"widget\" data-widget_type=\"image.default\">\n\t\t\t\t<div class=\"elementor-widget-container\">\n\t\t\t\t\t\t\t\t\t\t\t\t\t<img decoding=\"async\" width=\"1024\" height=\"733\" src=\"https:\/\/www.reklamstore.com\/wp-content\/uploads\/2023\/10\/affiliate-advertiser-1024x733.jpg\" class=\"attachment-large size-large wp-image-82076\" alt=\"\" srcset=\"https:\/\/www.reklamstore.com\/wp-content\/uploads\/2023\/10\/affiliate-advertiser-1024x733.jpg 1024w, https:\/\/www.reklamstore.com\/wp-content\/uploads\/2023\/10\/affiliate-advertiser-300x215.jpg 300w, https:\/\/www.reklamstore.com\/wp-content\/uploads\/2023\/10\/affiliate-advertiser-768x550.jpg 768w, https:\/\/www.reklamstore.com\/wp-content\/uploads\/2023\/10\/affiliate-advertiser-1536x1099.jpg 1536w, https:\/\/www.reklamstore.com\/wp-content\/uploads\/2023\/10\/affiliate-advertiser.jpg 2000w\" sizes=\"(max-width: 1024px) 100vw, 1024px\" \/>\t\t\t\t\t\t\t\t\t\t\t\t\t<\/div>\n\t\t\t\t<\/div>\n\t\t\t\t\t<\/div>\n\t\t<\/div>\n\t\t\t\t\t<\/div>\n\t\t<\/section>\n\t\t\t\t<section class=\"elementor-section elementor-top-section elementor-element elementor-element-5801841 elementor-section-boxed elementor-section-height-default elementor-section-height-default\" data-id=\"5801841\" data-element_type=\"section\">\n\t\t\t\t\t\t<div class=\"elementor-container elementor-column-gap-default\">\n\t\t\t\t\t<div class=\"elementor-column elementor-col-100 elementor-top-column elementor-element elementor-element-89bb93c\" data-id=\"89bb93c\" data-element_type=\"column\">\n\t\t\t<div class=\"elementor-widget-wrap elementor-element-populated\">\n\t\t\t\t\t\t<div class=\"elementor-element elementor-element-c1988ba elementor-widget elementor-widget-heading\" data-id=\"c1988ba\" data-element_type=\"widget\" data-widget_type=\"heading.default\">\n\t\t\t\t<div class=\"elementor-widget-container\">\n\t\t\t<h2 class=\"elementor-heading-title elementor-size-large\">Mutlu m\u00fc\u015fterilerimiz<\/h2>\t\t<\/div>\n\t\t\t\t<\/div>\n\t\t\t\t\t<\/div>\n\t\t<\/div>\n\t\t\t\t\t<\/div>\n\t\t<\/section>\n\t\t\t\t<section class=\"elementor-section elementor-top-section elementor-element elementor-element-000a7b4 elementor-section-boxed elementor-section-height-default elementor-section-height-default\" data-id=\"000a7b4\" data-element_type=\"section\">\n\t\t\t\t\t\t<div class=\"elementor-container elementor-column-gap-default\">\n\t\t\t\t\t<div class=\"elementor-column elementor-col-100 elementor-top-column elementor-element elementor-element-34cbb49\" data-id=\"34cbb49\" data-element_type=\"column\">\n\t\t\t<div class=\"elementor-widget-wrap elementor-element-populated\">\n\t\t\t\t\t\t<div class=\"elementor-element elementor-element-32e1859 elementor-widget-divider--view-line elementor-widget elementor-widget-divider\" data-id=\"32e1859\" data-element_type=\"widget\" data-widget_type=\"divider.default\">\n\t\t\t\t<div class=\"elementor-widget-container\">\n\t\t\t\t\t<div class=\"elementor-divider\">\n\t\t\t<span class=\"elementor-divider-separator\">\n\t\t\t\t\t\t<\/span>\n\t\t<\/div>\n\t\t\t\t<\/div>\n\t\t\t\t<\/div>\n\t\t\t\t\t<\/div>\n\t\t<\/div>\n\t\t\t\t\t<\/div>\n\t\t<\/section>\n\t\t\t\t<section class=\"elementor-section elementor-top-section elementor-element elementor-element-666d09e elementor-section-boxed elementor-section-height-default elementor-section-height-default\" data-id=\"666d09e\" data-element_type=\"section\">\n\t\t\t\t\t\t<div class=\"elementor-container elementor-column-gap-default\">\n\t\t\t\t\t<div class=\"elementor-column elementor-col-100 elementor-top-column elementor-element elementor-element-5fb12a8\" data-id=\"5fb12a8\" data-element_type=\"column\">\n\t\t\t<div class=\"elementor-widget-wrap elementor-element-populated\">\n\t\t\t\t\t\t<div class=\"elementor-element elementor-element-e1527d3 elementor-widget elementor-widget-text-editor\" data-id=\"e1527d3\" data-element_type=\"widget\" data-widget_type=\"text-editor.default\">\n\t\t\t\t<div class=\"elementor-widget-container\">\n\t\t\t\t\t\t\t<p style=\"text-align: center;\">Alper Tosun<\/p>\n<p style=\"text-align: center;\"><strong><em>E-ticaret M\u00fcd\u00fcr\u00fc, Alt\u0131nba\u015f<\/em><\/strong><\/p>\n<p style=\"text-align: center;\">&#8220;\u0130\u015fimize yeni ba\u015flam\u0131\u015f olsak da bir sat\u0131\u015f ortakl\u0131\u011f\u0131 a\u011f\u0131ndan beklentilerimize k\u0131sa s\u00fcrede ula\u015ft\u0131k ve performans\u0131m\u0131z artmaya devam ediyor.&#8221;<\/p>\n\t\t\t\t\t\t<\/div>\n\t\t\t\t<\/div>\n\t\t\t\t\t<\/div>\n\t\t<\/div>\n\t\t\t\t\t<\/div>\n\t\t<\/section>\n\t\t\t\t<section class=\"elementor-section elementor-top-section elementor-element elementor-element-7d33d7c elementor-section-boxed elementor-section-height-default elementor-section-height-default\" data-id=\"7d33d7c\" data-element_type=\"section\">\n\t\t\t\t\t\t<div class=\"elementor-container elementor-column-gap-default\">\n\t\t\t\t\t<div class=\"elementor-column elementor-col-100 elementor-top-column elementor-element elementor-element-d9ecae3\" data-id=\"d9ecae3\" data-element_type=\"column\">\n\t\t\t<div class=\"elementor-widget-wrap elementor-element-populated\">\n\t\t\t\t\t\t<div class=\"elementor-element elementor-element-3f151f3 elementor-widget elementor-widget-text-editor\" data-id=\"3f151f3\" data-element_type=\"widget\" data-widget_type=\"text-editor.default\">\n\t\t\t\t<div class=\"elementor-widget-container\">\n\t\t\t\t\t\t\t<p style=\"text-align: center;\">Koray G\u00fcler<\/p>\n<p style=\"text-align: center;\"><strong><em>Online Pazarlama M\u00fcd\u00fcr\u00fc, Koton<\/em><\/strong><\/p>\n<p style=\"text-align: center;\">&#8220;Reklamstore bizim i\u00e7in stratejik bir i\u015f orta\u011f\u0131. CPA fiyatland\u0131rma modeliyle aktif olarak sat\u0131\u015f ortakl\u0131\u011f\u0131 kampanyalar\u0131 y\u00fcr\u00fct\u00fcyoruz ve bu da y\u00fcksek yat\u0131r\u0131m getirisi sa\u011fl\u0131yor.&#8221;<\/p>\n\t\t\t\t\t\t<\/div>\n\t\t\t\t<\/div>\n\t\t\t\t\t<\/div>\n\t\t<\/div>\n\t\t\t\t\t<\/div>\n\t\t<\/section>\n\t\t\t\t<section class=\"elementor-section elementor-top-section elementor-element elementor-element-0ac461d elementor-section-boxed elementor-section-height-default elementor-section-height-default\" data-id=\"0ac461d\" data-element_type=\"section\" data-settings=\"{&quot;background_background&quot;:&quot;classic&quot;}\">\n\t\t\t\t\t\t<div class=\"elementor-container elementor-column-gap-default\">\n\t\t\t\t\t<div class=\"elementor-column elementor-col-100 elementor-top-column elementor-element elementor-element-0afbfe7\" data-id=\"0afbfe7\" data-element_type=\"column\">\n\t\t\t<div class=\"elementor-widget-wrap elementor-element-populated\">\n\t\t\t\t\t\t<div class=\"elementor-element elementor-element-38fb525 elementor-widget elementor-widget-text-editor\" data-id=\"38fb525\" data-element_type=\"widget\" data-widget_type=\"text-editor.default\">\n\t\t\t\t<div class=\"elementor-widget-container\">\n\t\t\t\t\t\t\t<h3 style=\"text-align: center;\"><span style=\"color: #ffffff;\"><strong>Reklamveren Olmak \u0130\u00e7in<\/strong><\/span><\/h3>\n<p style=\"text-align: center;\"><span style=\"color: #ffffff;\">ReklamStore Affiliate a\u011f\u0131n\u0131n bir par\u00e7as\u0131 olmak ve performans odakl\u0131 reklam kampanyalar\u0131 olu\u015fturmaya ba\u015flamak i\u00e7in:<\/span><\/p>\n<p style=\"text-align: center;\"><a href=\"https:\/\/demo3.reklamstore.com\/contact-us\" target=\"_blank\" rel=\"noopener\"><strong><span style=\"color: #ffffff;\">\u0130leti\u015fim<\/span><\/strong><\/a><\/p>\t\t\t\t\t\t<\/div>\n\t\t\t\t<\/div>\n\t\t\t\t\t<\/div>\n\t\t<\/div>\n\t\t\t\t\t<\/div>\n\t\t<\/section>\n\t\t\t\t<\/div>\n\t\t","protected":false},"excerpt":{"rendered":"<p>Ana Sayfa &gt; Affilate reklamveren Reklamverenimiz olun! Performans bazl\u0131 reklamc\u0131l\u0131k size garanti sonu\u00e7lar sa\u011flar. \u00c7\u00fcnk\u00fc kampanya b\u00fct\u00e7esi ile ne kadar geri d\u00f6n\u00fc\u015f sa\u011flayaca\u011f\u0131n\u0131 en ba\u015ftan ve kesin olarak bilirsiniz. \u00dcyelik Kampanyalar\u0131 Her yeni \u00fcye i\u00e7in \u00f6deme yap\u0131lan kampanyalard\u0131r. Kampanyan\u0131n \u015fartlar\u0131na g\u00f6re Single Optin (tek onayl\u0131) veya Double Optin (\u00e7ift onayl\u0131) onay mekanizmas\u0131 ile kurulabilir. Sat\u0131\u015f [&hellip;]<\/p>\n","protected":false},"author":1,"featured_media":0,"parent":0,"menu_order":0,"comment_status":"closed","ping_status":"closed","template":"elementor_header_footer","meta":{"footnotes":""},"class_list":["post-82800","page","type-page","status-publish","hentry"],"_links":{"self":[{"href":"https:\/\/www.reklamstore.com\/tr\/wp-json\/wp\/v2\/pages\/82800","targetHints":{"allow":["GET"]}}],"collection":[{"href":"https:\/\/www.reklamstore.com\/tr\/wp-json\/wp\/v2\/pages"}],"about":[{"href":"https:\/\/www.reklamstore.com\/tr\/wp-json\/wp\/v2\/types\/page"}],"author":[{"embeddable":true,"href":"https:\/\/www.reklamstore.com\/tr\/wp-json\/wp\/v2\/users\/1"}],"replies":[{"embeddable":true,"href":"https:\/\/www.reklamstore.com\/tr\/wp-json\/wp\/v2\/comments?post=82800"}],"version-history":[{"count":0,"href":"https:\/\/www.reklamstore.com\/tr\/wp-json\/wp\/v2\/pages\/82800\/revisions"}],"wp:attachment":[{"href":"https:\/\/www.reklamstore.com\/tr\/wp-json\/wp\/v2\/media?parent=82800"}],"curies":[{"name":"wp","href":"https:\/\/api.w.org\/{rel}","templated":true}]}}