{"id":82792,"date":"2023-10-19T15:35:24","date_gmt":"2023-10-19T12:35:24","guid":{"rendered":"https:\/\/demo3.reklamstore.com\/hakkimizda"},"modified":"2024-01-11T19:30:06","modified_gmt":"2024-01-11T16:30:06","slug":"hakkimizda","status":"publish","type":"page","link":"https:\/\/www.reklamstore.com\/tr\/hakkimizda","title":{"rendered":"Hakk\u0131m\u0131zda"},"content":{"rendered":"\t\t<div data-elementor-type=\"wp-page\" data-elementor-id=\"82792\" class=\"elementor elementor-82792 elementor-78205\" data-elementor-post-type=\"page\">\n\t\t\t\t\t\t<section class=\"elementor-section elementor-top-section elementor-element elementor-element-4cf934a elementor-section-boxed elementor-section-height-default elementor-section-height-default\" data-id=\"4cf934a\" data-element_type=\"section\" data-settings=\"{&quot;background_background&quot;:&quot;gradient&quot;}\">\n\t\t\t\t\t\t\t<div class=\"elementor-background-overlay\"><\/div>\n\t\t\t\t\t\t\t<div class=\"elementor-container elementor-column-gap-default\">\n\t\t\t\t\t<div class=\"elementor-column elementor-col-100 elementor-top-column elementor-element elementor-element-1d9f455\" data-id=\"1d9f455\" data-element_type=\"column\">\n\t\t\t<div class=\"elementor-widget-wrap elementor-element-populated\">\n\t\t\t\t\t\t<div class=\"elementor-element elementor-element-9ae88b9 elementor-invisible elementor-widget elementor-widget-heading\" data-id=\"9ae88b9\" data-element_type=\"widget\" data-settings=\"{&quot;_animation&quot;:&quot;fadeInUp&quot;}\" data-widget_type=\"heading.default\">\n\t\t\t\t<div class=\"elementor-widget-container\">\n\t\t\t<h6 class=\"elementor-heading-title elementor-size-default\">Anasayfa &gt; Hakk\u0131m\u0131zda<\/h6>\t\t<\/div>\n\t\t\t\t<\/div>\n\t\t\t\t<div class=\"elementor-element elementor-element-592c61b elementor-invisible elementor-widget elementor-widget-heading\" data-id=\"592c61b\" data-element_type=\"widget\" data-settings=\"{&quot;_animation&quot;:&quot;fadeInUp&quot;,&quot;_animation_delay&quot;:100}\" data-widget_type=\"heading.default\">\n\t\t\t\t<div class=\"elementor-widget-container\">\n\t\t\t<h1 class=\"elementor-heading-title elementor-size-default\">ReklamStore Hakk\u0131nda\n<\/h1>\t\t<\/div>\n\t\t\t\t<\/div>\n\t\t\t\t<div class=\"elementor-element elementor-element-de794e3 elementor-invisible elementor-widget elementor-widget-text-editor\" data-id=\"de794e3\" data-element_type=\"widget\" data-settings=\"{&quot;_animation&quot;:&quot;fadeInUp&quot;,&quot;_animation_delay&quot;:200}\" data-widget_type=\"text-editor.default\">\n\t\t\t\t<div class=\"elementor-widget-container\">\n\t\t\t\t\t\t\t<div class=\"et_pb_section et_pb_section_0 et_pb_fullwidth_section et_section_regular\">\n<div class=\"et_pb_module et_pb_fullwidth_slider_0 et_pb_slider et_pb_slider_parallax et_pb_bg_layout_dark has-box-shadow-overlay\" data-active-slide=\"et_pb_slide_0\">\n<div class=\"et_pb_slides\">\n<div class=\"et_pb_slide et_pb_slide_0 et_pb_section_parallax et_pb_bg_layout_dark et_pb_media_alignment_center et_pb_slider_with_overlay et_pb_slider_with_text_overlay et-pb-active-slide\" data-slide-id=\"et_pb_slide_0\">\n<div class=\"et_pb_container clearfix\">\n<div class=\"et_pb_slider_container_inner\">\n<div class=\"et_pb_slide_description\">\n<div class=\"et_pb_text_overlay_wrapper\">\n<div class=\"et_pb_slide_content\">K\u00fcresel Veri Odakl\u0131 Dijital Reklam Platformu<\/div>\n<\/div>\n<\/div>\n<\/div>\n<\/div>\n<\/div>\n<\/div>\n<\/div>\n<\/div>\n\t\t\t\t\t\t<\/div>\n\t\t\t\t<\/div>\n\t\t\t\t\t<\/div>\n\t\t<\/div>\n\t\t\t\t\t<\/div>\n\t\t<\/section>\n\t\t\t\t<section class=\"elementor-section elementor-top-section elementor-element elementor-element-6ef3e4a elementor-section-boxed elementor-section-height-default elementor-section-height-default\" data-id=\"6ef3e4a\" data-element_type=\"section\">\n\t\t\t\t\t\t<div class=\"elementor-container elementor-column-gap-default\">\n\t\t\t\t\t<div class=\"elementor-column elementor-col-50 elementor-top-column elementor-element elementor-element-edf1394\" data-id=\"edf1394\" data-element_type=\"column\">\n\t\t\t<div class=\"elementor-widget-wrap elementor-element-populated\">\n\t\t\t\t\t\t<div class=\"elementor-element elementor-element-1528dfc elementor-widget elementor-widget-heading\" data-id=\"1528dfc\" data-element_type=\"widget\" data-widget_type=\"heading.default\">\n\t\t\t\t<div class=\"elementor-widget-container\">\n\t\t\t<h2 class=\"elementor-heading-title elementor-size-default\">Ne Yap\u0131yoruz?<\/h2>\t\t<\/div>\n\t\t\t\t<\/div>\n\t\t\t\t<div class=\"elementor-element elementor-element-381d43e elementor-widget elementor-widget-text-editor\" data-id=\"381d43e\" data-element_type=\"widget\" data-widget_type=\"text-editor.default\">\n\t\t\t\t<div class=\"elementor-widget-container\">\n\t\t\t\t\t\t\t<p>ReklamStore, reklamverenler ve yay\u0131nc\u0131lar i\u00e7in veri merkezli performans \u00e7\u00f6z\u00fcmleri sunan lider dijital reklam platformudur. T\u00fcrkiye&#8217;nin ilk g\u00f6r\u00fcnt\u00fcl\u00fc reklam a\u011f\u0131 olarak 2007 y\u0131l\u0131nda yolculu\u011fumuza ba\u015flad\u0131k. O zamandan beri tekliflerimize sat\u0131\u015f ortakl\u0131\u011f\u0131, video, mobil ve yerel reklamc\u0131l\u0131k \u00e7\u00f6z\u00fcmlerini ekledik.<\/p>\n<p>Ayr\u0131ca, kitle hedefleme konusunda uzmanla\u015ft\u0131k ve talep taraf\u0131 platformu (DSP), arz taraf\u0131 platformu (SSP) ve veri y\u00f6netimi platformu (ContextuAD) dahil olmak \u00fczere programatik reklam platformlar\u0131 geli\u015ftirdik.<\/p>\n<p>Kullan\u0131c\u0131lar\u0131n web tarama davran\u0131\u015flar\u0131na g\u00f6re demografik \u00f6zelliklerini, ilgi alanlar\u0131n\u0131 ve davran\u0131\u015flar\u0131n\u0131 analiz ederek reklamverenlerin do\u011fru reklam modeli ile do\u011fru kitleyi hedeflemeleri i\u00e7in online reklamc\u0131l\u0131k \u00e7\u00f6z\u00fcmleri sunuyoruz. Bu sayede reklamverenler, hedeflerine ula\u015fmak i\u00e7in etkili ve verimli \u00e7evrimi\u00e7i pazarlama stratejilerini kolayca uygulayabilirler.<\/p>\n<p>ReklamStore&#8217;un uzman ekibi ve teknolojisi, performansa dayal\u0131 dijital reklamc\u0131l\u0131k \u00e7\u00f6z\u00fcmleriyle reklamverenlerin, ajanslar\u0131n ve yay\u0131nc\u0131lar\u0131n hedeflerine ula\u015fmalar\u0131na ve marka bilinirliklerini art\u0131rmalar\u0131na yard\u0131mc\u0131 oluyor.<\/p>\n<p>ReklamStore, 2007 y\u0131l\u0131ndan bu yana reklam teknolojisi sekt\u00f6r\u00fcnde yeni teknolojiler geli\u015ftirmektedir. T.C. Bilim, Sanayi ve Teknoloji Bakanl\u0131\u011f\u0131 taraf\u0131ndan verilen Ar-Ge Merkezi Belgesi&#8217;ne sahibiz.<\/p>\n<p>T\u00fcrkiye, \u0130srail ve BAE&#8217;deki ofislerimizle k\u00fcresel reklam teknolojisi pazar\u0131nda \u00f6nemli bir varl\u0131\u011fa sahibiz ve geli\u015ftirdi\u011fimiz teknolojileri Amerika, Asya ve Avrupa gibi k\u0131talar\u0131n neredeyse tamam\u0131na ihra\u00e7 ediyoruz.<\/p>\n<p>ReklamStore, T\u00fcrkiye&#8217;nin en h\u0131zl\u0131 b\u00fcy\u00fcyen 50 teknoloji \u015firketinin s\u0131raland\u0131\u011f\u0131 Deloitte Teknoloji Fast 50 2017&#8217;de yer ald\u0131.<\/p>\n\t\t\t\t\t\t<\/div>\n\t\t\t\t<\/div>\n\t\t\t\t\t<\/div>\n\t\t<\/div>\n\t\t\t\t<div class=\"elementor-column elementor-col-50 elementor-top-column elementor-element elementor-element-36206c6\" data-id=\"36206c6\" data-element_type=\"column\">\n\t\t\t<div class=\"elementor-widget-wrap elementor-element-populated\">\n\t\t\t\t\t\t<div class=\"elementor-element elementor-element-2d2edea elementor-widget elementor-widget-image\" data-id=\"2d2edea\" data-element_type=\"widget\" data-widget_type=\"image.default\">\n\t\t\t\t<div class=\"elementor-widget-container\">\n\t\t\t\t\t\t\t\t\t\t\t\t\t<img fetchpriority=\"high\" decoding=\"async\" width=\"1024\" height=\"1019\" src=\"https:\/\/www.reklamstore.com\/wp-content\/uploads\/2023\/09\/seo-banner-img2-1-1024x1019.png\" class=\"attachment-large size-large wp-image-81778\" alt=\"\" srcset=\"https:\/\/www.reklamstore.com\/wp-content\/uploads\/2023\/09\/seo-banner-img2-1-1024x1019.png 1024w, https:\/\/www.reklamstore.com\/wp-content\/uploads\/2023\/09\/seo-banner-img2-1-300x300.png 300w, https:\/\/www.reklamstore.com\/wp-content\/uploads\/2023\/09\/seo-banner-img2-1-150x150.png 150w, https:\/\/www.reklamstore.com\/wp-content\/uploads\/2023\/09\/seo-banner-img2-1-768x764.png 768w, https:\/\/www.reklamstore.com\/wp-content\/uploads\/2023\/09\/seo-banner-img2-1.png 1278w\" sizes=\"(max-width: 1024px) 100vw, 1024px\" \/>\t\t\t\t\t\t\t\t\t\t\t\t\t<\/div>\n\t\t\t\t<\/div>\n\t\t\t\t\t<\/div>\n\t\t<\/div>\n\t\t\t\t\t<\/div>\n\t\t<\/section>\n\t\t\t\t<section class=\"elementor-section elementor-top-section elementor-element elementor-element-fb68c96 elementor-section-boxed elementor-section-height-default elementor-section-height-default\" data-id=\"fb68c96\" data-element_type=\"section\" data-settings=\"{&quot;background_background&quot;:&quot;classic&quot;}\">\n\t\t\t\t\t\t<div class=\"elementor-container elementor-column-gap-default\">\n\t\t\t\t\t<div class=\"elementor-column elementor-col-100 elementor-top-column elementor-element elementor-element-0e713d9\" data-id=\"0e713d9\" data-element_type=\"column\">\n\t\t\t<div class=\"elementor-widget-wrap elementor-element-populated\">\n\t\t\t\t\t\t<div class=\"elementor-element elementor-element-9ef959a elementor-widget elementor-widget-heading\" data-id=\"9ef959a\" data-element_type=\"widget\" data-widget_type=\"heading.default\">\n\t\t\t\t<div class=\"elementor-widget-container\">\n\t\t\t<h2 class=\"elementor-heading-title elementor-size-default\">Tarih\u00e7emiz<\/h2>\t\t<\/div>\n\t\t\t\t<\/div>\n\t\t\t\t<div class=\"elementor-element elementor-element-f06bb4c elementor-widget elementor-widget-image\" data-id=\"f06bb4c\" data-element_type=\"widget\" data-widget_type=\"image.default\">\n\t\t\t\t<div class=\"elementor-widget-container\">\n\t\t\t\t\t\t\t\t\t\t\t\t\t<img decoding=\"async\" width=\"1024\" height=\"768\" src=\"https:\/\/www.reklamstore.com\/wp-content\/uploads\/2023\/12\/history-rs-tr.png\" class=\"attachment-large size-large wp-image-87946\" alt=\"history-rs-tr\" srcset=\"https:\/\/www.reklamstore.com\/wp-content\/uploads\/2023\/12\/history-rs-tr.png 1024w, https:\/\/www.reklamstore.com\/wp-content\/uploads\/2023\/12\/history-rs-tr-300x225.png 300w, https:\/\/www.reklamstore.com\/wp-content\/uploads\/2023\/12\/history-rs-tr-768x576.png 768w\" sizes=\"(max-width: 1024px) 100vw, 1024px\" \/>\t\t\t\t\t\t\t\t\t\t\t\t\t<\/div>\n\t\t\t\t<\/div>\n\t\t\t\t\t<\/div>\n\t\t<\/div>\n\t\t\t\t\t<\/div>\n\t\t<\/section>\n\t\t\t\t<section class=\"elementor-section elementor-top-section elementor-element elementor-element-f947646 elementor-section-boxed elementor-section-height-default elementor-section-height-default\" data-id=\"f947646\" data-element_type=\"section\">\n\t\t\t\t\t\t<div class=\"elementor-container elementor-column-gap-default\">\n\t\t\t\t\t<div class=\"elementor-column elementor-col-50 elementor-top-column elementor-element elementor-element-a93821e\" data-id=\"a93821e\" data-element_type=\"column\">\n\t\t\t<div class=\"elementor-widget-wrap elementor-element-populated\">\n\t\t\t\t\t\t<div class=\"elementor-element elementor-element-408bf4e elementor-widget elementor-widget-image\" data-id=\"408bf4e\" data-element_type=\"widget\" data-widget_type=\"image.default\">\n\t\t\t\t<div class=\"elementor-widget-container\">\n\t\t\t\t\t\t\t\t\t\t\t\t\t<img decoding=\"async\" width=\"673\" height=\"788\" src=\"https:\/\/www.reklamstore.com\/wp-content\/uploads\/2023\/10\/about-us-mid-img-1.png\" class=\"attachment-medium_large size-medium_large wp-image-82224\" alt=\"about-us-mid-img-1\" srcset=\"https:\/\/www.reklamstore.com\/wp-content\/uploads\/2023\/10\/about-us-mid-img-1.png 673w, https:\/\/www.reklamstore.com\/wp-content\/uploads\/2023\/10\/about-us-mid-img-1-256x300.png 256w\" sizes=\"(max-width: 673px) 100vw, 673px\" \/>\t\t\t\t\t\t\t\t\t\t\t\t\t<\/div>\n\t\t\t\t<\/div>\n\t\t\t\t\t<\/div>\n\t\t<\/div>\n\t\t\t\t<div class=\"elementor-column elementor-col-50 elementor-top-column elementor-element elementor-element-cf00043\" data-id=\"cf00043\" data-element_type=\"column\">\n\t\t\t<div class=\"elementor-widget-wrap elementor-element-populated\">\n\t\t\t\t\t\t<div class=\"elementor-element elementor-element-3bd00a4 elementor-widget elementor-widget-text-editor\" data-id=\"3bd00a4\" data-element_type=\"widget\" data-widget_type=\"text-editor.default\">\n\t\t\t\t<div class=\"elementor-widget-container\">\n\t\t\t\t\t\t\t<h2>Misyonumuz<\/h2>\n<p>Misyonumuz, online reklam sekt\u00f6r\u00fcn\u00fcn etkinli\u011fini art\u0131rmak ve sundu\u011fumuz pazar mekanizmas\u0131 ile reklamveren ve yay\u0131nc\u0131lar\u0131n girdi\u011fi ticari ili\u015fkilerde maksimum memnuniyet ve geri d\u00f6n\u00fc\u015f sa\u011flamakt\u0131r.<\/p>\n<p>Amac\u0131m\u0131z hem yay\u0131nc\u0131 hem de reklamveren i\u00e7in online reklamc\u0131l\u0131k yapmakt\u0131r. Bu sayede yay\u0131nc\u0131lar\u0131n reklam gelirlerini en \u00fcst d\u00fczeye \u00e7\u0131karaca\u011f\u0131z. Ayr\u0131ca reklamverenlere istedikleri reklam t\u00fcr\u00fcn\u00fc (CPM, CPC) istedikleri b\u00fct\u00e7e dahilinde yay\u0131nlatabilecekleri kampanyalar olu\u015fturma imkan\u0131 sunaca\u011f\u0131z.<\/p>\n\t\t\t\t\t\t<\/div>\n\t\t\t\t<\/div>\n\t\t\t\t\t<\/div>\n\t\t<\/div>\n\t\t\t\t\t<\/div>\n\t\t<\/section>\n\t\t\t\t<section class=\"elementor-section elementor-top-section elementor-element elementor-element-ae27bfe elementor-section-boxed elementor-section-height-default elementor-section-height-default\" data-id=\"ae27bfe\" data-element_type=\"section\">\n\t\t\t\t\t\t<div class=\"elementor-container elementor-column-gap-default\">\n\t\t\t\t\t<div class=\"elementor-column elementor-col-50 elementor-top-column elementor-element elementor-element-4ec0874\" data-id=\"4ec0874\" data-element_type=\"column\">\n\t\t\t<div class=\"elementor-widget-wrap elementor-element-populated\">\n\t\t\t\t\t\t<div class=\"elementor-element elementor-element-55454da elementor-widget elementor-widget-text-editor\" data-id=\"55454da\" data-element_type=\"widget\" data-widget_type=\"text-editor.default\">\n\t\t\t\t<div class=\"elementor-widget-container\">\n\t\t\t\t\t\t\t<h2>Vizyonumuz<\/h2>\n<p>ReklamStore, internet \u00fczerindeki reklamveren ve yay\u0131nc\u0131lar\u0131n e-pazarlama faaliyetlerini daha h\u0131zl\u0131, daha verimli ve daha etkin bir \u015fekilde ger\u00e7ekle\u015ftirmelerini sa\u011flamak amac\u0131yla kurulmu\u015ftur.<\/p>\n<p>ReklamStore, reklamverenlerin b\u00fct\u00e7elerini en etkin \u015fekilde de\u011ferlendirerek maksimum ve do\u011fru kitleye ula\u015fmalar\u0131n\u0131 sa\u011flarken yay\u0131nc\u0131lara da y\u00fcksek getiri ve kazan\u00e7 sa\u011flayan bir online reklam platformudur. ReklamStore, reklamverenlerin giderlerinde birim ba\u015f\u0131na maksimum getiri sa\u011flamay\u0131 hedefleyerek yay\u0131nc\u0131 sitelerin reklam pazar\u0131ndan hak ettikleri pay\u0131 almalar\u0131n\u0131 ama\u00e7lamaktad\u0131r.<\/p>\n\t\t\t\t\t\t<\/div>\n\t\t\t\t<\/div>\n\t\t\t\t\t<\/div>\n\t\t<\/div>\n\t\t\t\t<div class=\"elementor-column elementor-col-50 elementor-top-column elementor-element elementor-element-8f15493\" data-id=\"8f15493\" data-element_type=\"column\">\n\t\t\t<div class=\"elementor-widget-wrap elementor-element-populated\">\n\t\t\t\t\t\t<div class=\"elementor-element elementor-element-5d403b7 elementor-widget elementor-widget-image\" data-id=\"5d403b7\" data-element_type=\"widget\" data-widget_type=\"image.default\">\n\t\t\t\t<div class=\"elementor-widget-container\">\n\t\t\t\t\t\t\t\t\t\t\t\t\t<img loading=\"lazy\" decoding=\"async\" width=\"673\" height=\"788\" src=\"https:\/\/www.reklamstore.com\/wp-content\/uploads\/2023\/10\/about-us-mid-img-2.png\" class=\"attachment-large size-large wp-image-82225\" alt=\"\" srcset=\"https:\/\/www.reklamstore.com\/wp-content\/uploads\/2023\/10\/about-us-mid-img-2.png 673w, https:\/\/www.reklamstore.com\/wp-content\/uploads\/2023\/10\/about-us-mid-img-2-256x300.png 256w\" sizes=\"(max-width: 673px) 100vw, 673px\" \/>\t\t\t\t\t\t\t\t\t\t\t\t\t<\/div>\n\t\t\t\t<\/div>\n\t\t\t\t\t<\/div>\n\t\t<\/div>\n\t\t\t\t\t<\/div>\n\t\t<\/section>\n\t\t\t\t<section class=\"elementor-section elementor-top-section elementor-element elementor-element-bd1d3b6 elementor-section-boxed elementor-section-height-default elementor-section-height-default\" data-id=\"bd1d3b6\" data-element_type=\"section\" data-settings=\"{&quot;background_background&quot;:&quot;classic&quot;}\">\n\t\t\t\t\t\t<div class=\"elementor-container elementor-column-gap-default\">\n\t\t\t\t\t<div class=\"elementor-column elementor-col-100 elementor-top-column elementor-element elementor-element-edc4bfa\" data-id=\"edc4bfa\" data-element_type=\"column\">\n\t\t\t<div class=\"elementor-widget-wrap elementor-element-populated\">\n\t\t\t\t\t\t<div class=\"elementor-element elementor-element-d47038d elementor-widget elementor-widget-heading\" data-id=\"d47038d\" data-element_type=\"widget\" data-widget_type=\"heading.default\">\n\t\t\t\t<div class=\"elementor-widget-container\">\n\t\t\t<h2 class=\"elementor-heading-title elementor-size-default\">Ekibe Kat\u0131l\u0131n!<\/h2>\t\t<\/div>\n\t\t\t\t<\/div>\n\t\t\t\t<div class=\"elementor-element elementor-element-37b1413 elementor-widget elementor-widget-text-editor\" data-id=\"37b1413\" data-element_type=\"widget\" data-widget_type=\"text-editor.default\">\n\t\t\t\t<div class=\"elementor-widget-container\">\n\t\t\t\t\t\t\t<p>Bug\u00fcn bize kat\u0131l\u0131n ve bir reklamveren, yay\u0131nc\u0131, i\u015f orta\u011f\u0131 veya ekip \u00fcyesi olarak ReklamStore&#8217;un etkileyici d\u00fcnyas\u0131yla tan\u0131\u015f\u0131n.<\/p>\n\t\t\t\t\t\t<\/div>\n\t\t\t\t<\/div>\n\t\t\t\t<div class=\"elementor-element elementor-element-2f0245b m-0 elementor-widget__width-initial elementor-widget elementor-widget-radiant-custom-button\" data-id=\"2f0245b\" data-element_type=\"widget\" data-widget_type=\"radiant-custom-button.default\">\n\t\t\t\t<div class=\"elementor-widget-container\">\n\t\t\t<div class=\"Wplgnite-custom-button element-three\"> <div class=\"rt-btn-effect\"> <div class=\"rt-btn-effect-info\"><a href=\"\/tr\/bize-ulasin\" class=\"link\"  target=\"_blank\" rel=\"nofollow\"> <div class=\"mask\"> <div class=\"link-container\"> <span class=\"link-title1 title\">\u0130leti\u015fime Ge\u00e7<\/span><span class=\"link-title2 title\">\u0130leti\u015fime Ge\u00e7<\/span><\/div><\/div><\/a> <\/div><\/div><\/div>\t\t<\/div>\n\t\t\t\t<\/div>\n\t\t\t\t\t<\/div>\n\t\t<\/div>\n\t\t\t\t\t<\/div>\n\t\t<\/section>\n\t\t\t\t<\/div>\n\t\t","protected":false},"excerpt":{"rendered":"<p>Anasayfa &gt; Hakk\u0131m\u0131zda ReklamStore Hakk\u0131nda K\u00fcresel Veri Odakl\u0131 Dijital Reklam Platformu Ne Yap\u0131yoruz? ReklamStore, reklamverenler ve yay\u0131nc\u0131lar i\u00e7in veri merkezli performans \u00e7\u00f6z\u00fcmleri sunan lider dijital reklam platformudur. T\u00fcrkiye&#8217;nin ilk g\u00f6r\u00fcnt\u00fcl\u00fc reklam a\u011f\u0131 olarak 2007 y\u0131l\u0131nda yolculu\u011fumuza ba\u015flad\u0131k. O zamandan beri tekliflerimize sat\u0131\u015f ortakl\u0131\u011f\u0131, video, mobil ve yerel reklamc\u0131l\u0131k \u00e7\u00f6z\u00fcmlerini ekledik. Ayr\u0131ca, kitle hedefleme konusunda uzmanla\u015ft\u0131k [&hellip;]<\/p>\n","protected":false},"author":2,"featured_media":0,"parent":0,"menu_order":0,"comment_status":"closed","ping_status":"closed","template":"elementor_header_footer","meta":{"footnotes":""},"class_list":["post-82792","page","type-page","status-publish","hentry"],"_links":{"self":[{"href":"https:\/\/www.reklamstore.com\/tr\/wp-json\/wp\/v2\/pages\/82792","targetHints":{"allow":["GET"]}}],"collection":[{"href":"https:\/\/www.reklamstore.com\/tr\/wp-json\/wp\/v2\/pages"}],"about":[{"href":"https:\/\/www.reklamstore.com\/tr\/wp-json\/wp\/v2\/types\/page"}],"author":[{"embeddable":true,"href":"https:\/\/www.reklamstore.com\/tr\/wp-json\/wp\/v2\/users\/2"}],"replies":[{"embeddable":true,"href":"https:\/\/www.reklamstore.com\/tr\/wp-json\/wp\/v2\/comments?post=82792"}],"version-history":[{"count":0,"href":"https:\/\/www.reklamstore.com\/tr\/wp-json\/wp\/v2\/pages\/82792\/revisions"}],"wp:attachment":[{"href":"https:\/\/www.reklamstore.com\/tr\/wp-json\/wp\/v2\/media?parent=82792"}],"curies":[{"name":"wp","href":"https:\/\/api.w.org\/{rel}","templated":true}]}}