{"id":82767,"date":"2023-08-14T14:36:02","date_gmt":"2023-08-14T11:36:02","guid":{"rendered":"https:\/\/demo3.reklamstore.com\/reklamstore-ssp"},"modified":"2025-03-27T16:35:30","modified_gmt":"2025-03-27T13:35:30","slug":"supply-side-platform","status":"publish","type":"page","link":"https:\/\/www.reklamstore.com\/tr\/supply-side-platform","title":{"rendered":"ReklamStore SSP"},"content":{"rendered":"\t\t<div data-elementor-type=\"wp-page\" data-elementor-id=\"82767\" class=\"elementor elementor-82767 elementor-75627\" data-elementor-post-type=\"page\">\n\t\t\t\t\t\t<section class=\"elementor-section elementor-top-section elementor-element elementor-element-7de7a0e elementor-section-full_width elementor-section-stretched elementor-section-height-default elementor-section-height-default\" data-id=\"7de7a0e\" data-element_type=\"section\" data-settings=\"{&quot;stretch_section&quot;:&quot;section-stretched&quot;}\">\n\t\t\t\t\t\t<div class=\"elementor-container elementor-column-gap-default\">\n\t\t\t\t\t<div class=\"elementor-column elementor-col-50 elementor-top-column elementor-element elementor-element-33edc4c\" data-id=\"33edc4c\" data-element_type=\"column\">\n\t\t\t<div class=\"elementor-widget-wrap elementor-element-populated\">\n\t\t\t\t\t\t<div class=\"elementor-element elementor-element-0ff3528 elementor-invisible elementor-widget elementor-widget-image\" data-id=\"0ff3528\" data-element_type=\"widget\" data-settings=\"{&quot;_animation&quot;:&quot;fadeIn&quot;,&quot;_animation_delay&quot;:0}\" data-widget_type=\"image.default\">\n\t\t\t\t<div class=\"elementor-widget-container\">\n\t\t\t\t\t\t\t\t\t\t\t\t\t<img fetchpriority=\"high\" decoding=\"async\" width=\"1897\" height=\"1782\" src=\"https:\/\/www.reklamstore.com\/wp-content\/uploads\/2023\/10\/life-couch-banner-women10.png\" class=\"attachment-full size-full wp-image-81971\" alt=\"\" srcset=\"https:\/\/www.reklamstore.com\/wp-content\/uploads\/2023\/10\/life-couch-banner-women10.png 1897w, https:\/\/www.reklamstore.com\/wp-content\/uploads\/2023\/10\/life-couch-banner-women10-300x282.png 300w, https:\/\/www.reklamstore.com\/wp-content\/uploads\/2023\/10\/life-couch-banner-women10-1024x962.png 1024w, https:\/\/www.reklamstore.com\/wp-content\/uploads\/2023\/10\/life-couch-banner-women10-768x721.png 768w, https:\/\/www.reklamstore.com\/wp-content\/uploads\/2023\/10\/life-couch-banner-women10-1536x1443.png 1536w\" sizes=\"(max-width: 1897px) 100vw, 1897px\" \/>\t\t\t\t\t\t\t\t\t\t\t\t\t<\/div>\n\t\t\t\t<\/div>\n\t\t\t\t\t<\/div>\n\t\t<\/div>\n\t\t\t\t<div class=\"elementor-column elementor-col-50 elementor-top-column elementor-element elementor-element-1260a65\" data-id=\"1260a65\" data-element_type=\"column\" data-settings=\"{&quot;background_background&quot;:&quot;classic&quot;}\">\n\t\t\t<div class=\"elementor-widget-wrap elementor-element-populated\">\n\t\t\t\t\t\t<div class=\"elementor-element elementor-element-e0f815f elementor-widget elementor-widget-image\" data-id=\"e0f815f\" data-element_type=\"widget\" data-widget_type=\"image.default\">\n\t\t\t\t<div class=\"elementor-widget-container\">\n\t\t\t\t\t\t\t\t\t\t\t\t\t<img decoding=\"async\" src=\"https:\/\/www.reklamstore.com\/wp-content\/uploads\/elementor\/thumbs\/rs-ssp-yatay-logo-qhrv0c2lkelyf1dtwxk3wfj7syxwxneofupkapzmyo.png\" title=\"rs-ssp-yatay-logo\" alt=\"reklamstore ssp\" loading=\"lazy\" \/>\t\t\t\t\t\t\t\t\t\t\t\t\t<\/div>\n\t\t\t\t<\/div>\n\t\t\t\t<div class=\"elementor-element elementor-element-7154bd0 elementor-widget elementor-widget-radiant-custom-heading\" data-id=\"7154bd0\" data-element_type=\"widget\" data-widget_type=\"radiant-custom-heading.default\">\n\t\t\t\t<div class=\"elementor-widget-container\">\n\t\t\t<h1 class=\"rt-textappear-line2 rt-textappear-line ml1 rt_gradient\">\n\t\tWeb\/Uygulama Yay\u0131nc\u0131lar\u0131 \u0130\u00e7in Trafik Monetizasyonu\n        <span class=\"rt-heading-div\">\n            <span class=\"text-wrapper\">\n                <span class=\"letters\"><\/span>\n                <span class=\"line line2\"><\/span>\n            <\/span>\n        <\/span>\n        <span class=\"after-text\"><\/span>\n    \n    <\/h1>\t\t<\/div>\n\t\t\t\t<\/div>\n\t\t\t\t<div class=\"elementor-element elementor-element-a98aa27 elementor-invisible elementor-widget elementor-widget-text-editor\" data-id=\"a98aa27\" data-element_type=\"widget\" data-settings=\"{&quot;_animation&quot;:&quot;fadeInUp&quot;,&quot;_animation_delay&quot;:200}\" data-widget_type=\"text-editor.default\">\n\t\t\t\t<div class=\"elementor-widget-container\">\n\t\t\t\t\t\t\t<p>Yay\u0131nc\u0131lar i\u00e7in kendi kendine hizmet veren ve kullan\u0131m\u0131 kolay trafikten para kazanma platformu<\/p>\n\t\t\t\t\t\t<\/div>\n\t\t\t\t<\/div>\n\t\t\t\t<section class=\"elementor-section elementor-inner-section elementor-element elementor-element-fe111e4 elementor-section-boxed elementor-section-height-default elementor-section-height-default elementor-invisible\" data-id=\"fe111e4\" data-element_type=\"section\" data-settings=\"{&quot;animation&quot;:&quot;fadeInUp&quot;,&quot;animation_delay&quot;:300}\">\n\t\t\t\t\t\t<div class=\"elementor-container elementor-column-gap-default\">\n\t\t\t\t\t<div class=\"elementor-column elementor-col-100 elementor-inner-column elementor-element elementor-element-3b28e8d m-0\" data-id=\"3b28e8d\" data-element_type=\"column\">\n\t\t\t<div class=\"elementor-widget-wrap elementor-element-populated\">\n\t\t\t\t\t\t<div class=\"elementor-element elementor-element-a0251ac m-0 elementor-widget__width-initial elementor-widget-tablet__width-inherit elementor-widget elementor-widget-radiant-custom-button\" data-id=\"a0251ac\" data-element_type=\"widget\" data-widget_type=\"radiant-custom-button.default\">\n\t\t\t\t<div class=\"elementor-widget-container\">\n\t\t\t<div class=\"Wplgnite-custom-button element-three\"> <div class=\"rt-btn-effect\"> <div class=\"rt-btn-effect-info\"><a href=\"https:\/\/pub.reklamstore.com\/auth\/login\" class=\"link\" target=\"_blank\" rel=\"nofollow noopener\"> <div class=\"mask\"> <div class=\"link-container\"> <span class=\"link-title1 title\">Giri\u015f Yap<\/span><span class=\"link-title2 title\">Giri\u015f Yap<\/span><\/div><\/div><\/a> <\/div><\/div><\/div>\t\t<\/div>\n\t\t\t\t<\/div>\n\t\t\t\t<div class=\"elementor-element elementor-element-ee71b5e m-0 elementor-widget__width-initial elementor-widget-tablet__width-inherit elementor-widget elementor-widget-radiant-custom-button\" data-id=\"ee71b5e\" data-element_type=\"widget\" data-widget_type=\"radiant-custom-button.default\">\n\t\t\t\t<div class=\"elementor-widget-container\">\n\t\t\t<div class=\"Wplgnite-custom-button element-three\"> <div class=\"rt-btn-effect\"> <div class=\"rt-btn-effect-info\"><a href=\"https:\/\/reklamstore.com\/tr\/ssp-basvuru-formu\" class=\"link\" target=\"_blank\" rel=\"nofollow noopener\"> <div class=\"mask\"> <div class=\"link-container\"> <span class=\"link-title1 title\">Ba\u015fvuru Formu<\/span><span class=\"link-title2 title\">Ba\u015fvuru Formu<\/span><\/div><\/div><\/a> <\/div><\/div><\/div>\t\t<\/div>\n\t\t\t\t<\/div>\n\t\t\t\t\t<\/div>\n\t\t<\/div>\n\t\t\t\t\t<\/div>\n\t\t<\/section>\n\t\t\t\t\t<\/div>\n\t\t<\/div>\n\t\t\t\t\t<\/div>\n\t\t<\/section>\n\t\t\t\t<section class=\"elementor-section elementor-top-section elementor-element elementor-element-700323b1 elementor-section-boxed elementor-section-height-default elementor-section-height-default\" data-id=\"700323b1\" data-element_type=\"section\">\n\t\t\t\t\t\t<div class=\"elementor-container elementor-column-gap-default\">\n\t\t\t\t\t<div class=\"elementor-column elementor-col-100 elementor-top-column elementor-element elementor-element-2c48acc7\" data-id=\"2c48acc7\" data-element_type=\"column\">\n\t\t\t<div class=\"elementor-widget-wrap elementor-element-populated\">\n\t\t\t\t\t\t<div class=\"elementor-element elementor-element-90e036a elementor-invisible elementor-widget elementor-widget-heading\" data-id=\"90e036a\" data-element_type=\"widget\" data-settings=\"{&quot;_animation&quot;:&quot;fadeInUp&quot;}\" data-widget_type=\"heading.default\">\n\t\t\t\t<div class=\"elementor-widget-container\">\n\t\t\t<span class=\"elementor-heading-title elementor-size-default\"><span class=\"short-heading\">reklamstore ssp hakk\u0131nda<\/span><\/span>\t\t<\/div>\n\t\t\t\t<\/div>\n\t\t\t\t<div class=\"elementor-element elementor-element-1723b4b6 elementor-invisible elementor-widget elementor-widget-radiant-custom-heading\" data-id=\"1723b4b6\" data-element_type=\"widget\" data-settings=\"{&quot;_animation&quot;:&quot;fadeInUp&quot;,&quot;_animation_delay&quot;:100}\" data-widget_type=\"radiant-custom-heading.default\">\n\t\t\t\t<div class=\"elementor-widget-container\">\n\t\t\t<div class=\"rt-hover-heading \"><h2 class=\"rt-title-heading\">3 Ad\u0131mda Web Sitenizi veya Uygulaman\u0131z\u0131 Monetize Edin<\/h2>\n                <\/div>\t\t<\/div>\n\t\t\t\t<\/div>\n\t\t\t\t<div class=\"elementor-element elementor-element-d53c503 elementor-widget elementor-widget-text-editor\" data-id=\"d53c503\" data-element_type=\"widget\" data-widget_type=\"text-editor.default\">\n\t\t\t\t<div class=\"elementor-widget-container\">\n\t\t\t\t\t\t\t<p>ReklamStore SSP, k\u00fcresel al\u0131c\u0131lar\u0131 ve sat\u0131c\u0131lar\u0131 bir araya getirir. Etkili reklam optimizasyonlar\u0131 ve yerle\u015fimleri ile eBGBM ve doluluk oranlar\u0131n\u0131z\u0131 art\u0131r\u0131r, b\u00f6ylece gelir elde edebilirsiniz. D\u00fczinelerce farkl\u0131 talep taraf\u0131 platformu, reklam borsas\u0131 ve do\u011frudan al\u0131c\u0131, header bidding teknolojisi ile sistemimize entegre edilmi\u015ftir.<\/p>\t\t\t\t\t\t<\/div>\n\t\t\t\t<\/div>\n\t\t\t\t<section class=\"elementor-section elementor-inner-section elementor-element elementor-element-24a8b52f elementor-section-boxed elementor-section-height-default elementor-section-height-default\" data-id=\"24a8b52f\" data-element_type=\"section\">\n\t\t\t\t\t\t<div class=\"elementor-container elementor-column-gap-default\">\n\t\t\t\t\t<div class=\"elementor-column elementor-col-33 elementor-inner-column elementor-element elementor-element-3ccd4ae elementor-invisible\" data-id=\"3ccd4ae\" data-element_type=\"column\" data-settings=\"{&quot;animation&quot;:&quot;fadeInUp&quot;,&quot;animation_delay&quot;:300}\">\n\t\t\t<div class=\"elementor-widget-wrap elementor-element-populated\">\n\t\t\t\t\t\t<div class=\"elementor-element elementor-element-ce4df5f elementor-position-left elementor-vertical-align-top elementor-widget elementor-widget-image-box\" data-id=\"ce4df5f\" data-element_type=\"widget\" data-widget_type=\"image-box.default\">\n\t\t\t\t<div class=\"elementor-widget-container\">\n\t\t\t<div class=\"elementor-image-box-wrapper\"><figure class=\"elementor-image-box-img\"><img decoding=\"async\" width=\"60\" height=\"60\" src=\"https:\/\/www.reklamstore.com\/wp-content\/uploads\/2023\/10\/profile.png\" class=\"attachment-full size-full wp-image-77623\" alt=\"\" \/><\/figure><div class=\"elementor-image-box-content\"><h5 class=\"elementor-image-box-title\">\u00dccretsiz Yay\u0131nc\u0131 Hesab\u0131 Olu\u015fturun<\/h5><\/div><\/div>\t\t<\/div>\n\t\t\t\t<\/div>\n\t\t\t\t\t<\/div>\n\t\t<\/div>\n\t\t\t\t<div class=\"elementor-column elementor-col-33 elementor-inner-column elementor-element elementor-element-17ea6a2d elementor-invisible\" data-id=\"17ea6a2d\" data-element_type=\"column\" data-settings=\"{&quot;animation&quot;:&quot;fadeInUp&quot;,&quot;animation_delay&quot;:400}\">\n\t\t\t<div class=\"elementor-widget-wrap elementor-element-populated\">\n\t\t\t\t\t\t<div class=\"elementor-element elementor-element-37f95476 elementor-position-left elementor-vertical-align-top elementor-widget elementor-widget-image-box\" data-id=\"37f95476\" data-element_type=\"widget\" data-widget_type=\"image-box.default\">\n\t\t\t\t<div class=\"elementor-widget-container\">\n\t\t\t<div class=\"elementor-image-box-wrapper\"><figure class=\"elementor-image-box-img\"><img decoding=\"async\" width=\"60\" height=\"60\" src=\"https:\/\/www.reklamstore.com\/wp-content\/uploads\/2023\/10\/code-icon.png\" class=\"attachment-full size-full wp-image-77622\" alt=\"\" \/><\/figure><div class=\"elementor-image-box-content\"><h5 class=\"elementor-image-box-title\">Kodumuzu Yerle\u015ftirin  <br>Sayfan\u0131z \/ Uygulaman\u0131z<\/h5><\/div><\/div>\t\t<\/div>\n\t\t\t\t<\/div>\n\t\t\t\t\t<\/div>\n\t\t<\/div>\n\t\t\t\t<div class=\"elementor-column elementor-col-33 elementor-inner-column elementor-element elementor-element-6a2d1914 elementor-invisible\" data-id=\"6a2d1914\" data-element_type=\"column\" data-settings=\"{&quot;animation&quot;:&quot;fadeInUp&quot;,&quot;animation_delay&quot;:500}\">\n\t\t\t<div class=\"elementor-widget-wrap elementor-element-populated\">\n\t\t\t\t\t\t<div class=\"elementor-element elementor-element-37a074a2 elementor-position-left elementor-vertical-align-top elementor-widget elementor-widget-image-box\" data-id=\"37a074a2\" data-element_type=\"widget\" data-widget_type=\"image-box.default\">\n\t\t\t\t<div class=\"elementor-widget-container\">\n\t\t\t<div class=\"elementor-image-box-wrapper\"><figure class=\"elementor-image-box-img\"><img loading=\"lazy\" decoding=\"async\" width=\"60\" height=\"60\" src=\"https:\/\/www.reklamstore.com\/wp-content\/uploads\/2023\/10\/give-money.png\" class=\"attachment-full size-full wp-image-77624\" alt=\"\" \/><\/figure><div class=\"elementor-image-box-content\"><h5 class=\"elementor-image-box-title\">Para Kazanmaya Ba\u015flay\u0131n<\/h5><\/div><\/div>\t\t<\/div>\n\t\t\t\t<\/div>\n\t\t\t\t\t<\/div>\n\t\t<\/div>\n\t\t\t\t\t<\/div>\n\t\t<\/section>\n\t\t\t\t\t<\/div>\n\t\t<\/div>\n\t\t\t\t\t<\/div>\n\t\t<\/section>\n\t\t\t\t<section class=\"elementor-section elementor-top-section elementor-element elementor-element-ee61185 elementor-section-boxed elementor-section-height-default elementor-section-height-default\" data-id=\"ee61185\" data-element_type=\"section\" data-settings=\"{&quot;background_background&quot;:&quot;classic&quot;}\">\n\t\t\t\t\t\t\t<div class=\"elementor-background-overlay\"><\/div>\n\t\t\t\t\t\t\t<div class=\"elementor-container elementor-column-gap-default\">\n\t\t\t\t\t<div class=\"elementor-column elementor-col-100 elementor-top-column elementor-element elementor-element-f51ad00\" data-id=\"f51ad00\" data-element_type=\"column\">\n\t\t\t<div class=\"elementor-widget-wrap elementor-element-populated\">\n\t\t\t\t\t\t<div class=\"elementor-element elementor-element-16b1301 elementor-invisible elementor-widget elementor-widget-radiant-custom-heading\" data-id=\"16b1301\" data-element_type=\"widget\" data-settings=\"{&quot;_animation&quot;:&quot;fadeInUp&quot;,&quot;_animation_delay&quot;:100}\" data-widget_type=\"radiant-custom-heading.default\">\n\t\t\t\t<div class=\"elementor-widget-container\">\n\t\t\t<div class=\"rt-hover-heading \"><h3 class=\"rt-title-heading\">Yay\u0131nc\u0131lar \u0130\u00e7in self servis ve kullan\u0131m\u0131 kolay trafikten para kazanma platformu<\/h3>\n                <\/div>\t\t<\/div>\n\t\t\t\t<\/div>\n\t\t\t\t<section class=\"elementor-section elementor-inner-section elementor-element elementor-element-a0159f1 elementor-section-boxed elementor-section-height-default elementor-section-height-default elementor-invisible\" data-id=\"a0159f1\" data-element_type=\"section\" data-settings=\"{&quot;animation&quot;:&quot;fadeInUp&quot;,&quot;animation_delay&quot;:300}\">\n\t\t\t\t\t\t<div class=\"elementor-container elementor-column-gap-default\">\n\t\t\t\t\t<div class=\"elementor-column elementor-col-100 elementor-inner-column elementor-element elementor-element-7e9021c m-0\" data-id=\"7e9021c\" data-element_type=\"column\">\n\t\t\t<div class=\"elementor-widget-wrap\">\n\t\t\t\t\t\t\t<\/div>\n\t\t<\/div>\n\t\t\t\t\t<\/div>\n\t\t<\/section>\n\t\t\t\t<div class=\"elementor-element elementor-element-f351bc5 m-0 elementor-widget__width-initial elementor-widget elementor-widget-radiant-custom-button\" data-id=\"f351bc5\" data-element_type=\"widget\" data-widget_type=\"radiant-custom-button.default\">\n\t\t\t\t<div class=\"elementor-widget-container\">\n\t\t\t<div class=\"Wplgnite-custom-button element-three\"> <div class=\"rt-btn-effect\"> <div class=\"rt-btn-effect-info\"><a href=\"https:\/\/reklamstore.com\/tr\/ssp-basvuru-formu\" class=\"link\" target=\"_blank\" rel=\"nofollow noopener\"> <div class=\"mask\"> <div class=\"link-container\"> <span class=\"link-title1 title\">Ba\u015fvuru Formu<\/span><span class=\"link-title2 title\">Ba\u015fvuru Formu<\/span><\/div><\/div><\/a> <\/div><\/div><\/div>\t\t<\/div>\n\t\t\t\t<\/div>\n\t\t\t\t\t<\/div>\n\t\t<\/div>\n\t\t\t\t\t<\/div>\n\t\t<\/section>\n\t\t\t\t<section class=\"elementor-section elementor-top-section elementor-element elementor-element-6b438d5 elementor-section-boxed elementor-section-height-default elementor-section-height-default\" data-id=\"6b438d5\" data-element_type=\"section\">\n\t\t\t\t\t\t<div class=\"elementor-container elementor-column-gap-default\">\n\t\t\t\t\t<div class=\"elementor-column elementor-col-100 elementor-top-column elementor-element elementor-element-115b576\" data-id=\"115b576\" data-element_type=\"column\">\n\t\t\t<div class=\"elementor-widget-wrap elementor-element-populated\">\n\t\t\t\t\t\t<div class=\"elementor-element elementor-element-a795cac elementor-invisible elementor-widget elementor-widget-radiant-custom-heading\" data-id=\"a795cac\" data-element_type=\"widget\" data-settings=\"{&quot;_animation&quot;:&quot;fadeInUp&quot;,&quot;_animation_delay&quot;:100}\" data-widget_type=\"radiant-custom-heading.default\">\n\t\t\t\t<div class=\"elementor-widget-container\">\n\t\t\t<div class=\"rt-hover-heading \"><h2 class=\"rt-title-heading\">Temel \u00d6zellikler<\/h2>\n                <\/div>\t\t<\/div>\n\t\t\t\t<\/div>\n\t\t\t\t<section class=\"elementor-section elementor-inner-section elementor-element elementor-element-db47335 elementor-section-boxed elementor-section-height-default elementor-section-height-default\" data-id=\"db47335\" data-element_type=\"section\">\n\t\t\t\t\t\t<div class=\"elementor-container elementor-column-gap-default\">\n\t\t\t\t\t<div class=\"elementor-column elementor-col-33 elementor-inner-column elementor-element elementor-element-7fe8ec0 elementor-invisible\" data-id=\"7fe8ec0\" data-element_type=\"column\" data-settings=\"{&quot;animation&quot;:&quot;fadeInUp&quot;,&quot;animation_delay&quot;:300}\">\n\t\t\t<div class=\"elementor-widget-wrap elementor-element-populated\">\n\t\t\t\t\t\t<div class=\"elementor-element elementor-element-65e7018 elementor-position-left elementor-vertical-align-top elementor-widget elementor-widget-image-box\" data-id=\"65e7018\" data-element_type=\"widget\" data-widget_type=\"image-box.default\">\n\t\t\t\t<div class=\"elementor-widget-container\">\n\t\t\t<div class=\"elementor-image-box-wrapper\"><figure class=\"elementor-image-box-img\"><img loading=\"lazy\" decoding=\"async\" width=\"61\" height=\"61\" src=\"https:\/\/www.reklamstore.com\/wp-content\/uploads\/2023\/10\/global.png\" class=\"attachment-full size-full wp-image-76610\" alt=\"\" \/><\/figure><div class=\"elementor-image-box-content\"><h5 class=\"elementor-image-box-title\">Talebe Eri\u015fim Kaynaklar<\/h5><p class=\"elementor-image-box-description\">Yay\u0131nc\u0131lar\u0131m\u0131za d\u00fcnyan\u0131n her yerinden bir\u00e7ok ba\u011flant\u0131l\u0131 talep kayna\u011f\u0131yla trafik sa\u011fl\u0131yoruz.<\/p><\/div><\/div>\t\t<\/div>\n\t\t\t\t<\/div>\n\t\t\t\t\t<\/div>\n\t\t<\/div>\n\t\t\t\t<div class=\"elementor-column elementor-col-33 elementor-inner-column elementor-element elementor-element-aedf016 elementor-invisible\" data-id=\"aedf016\" data-element_type=\"column\" data-settings=\"{&quot;animation&quot;:&quot;fadeInUp&quot;,&quot;animation_delay&quot;:400}\">\n\t\t\t<div class=\"elementor-widget-wrap elementor-element-populated\">\n\t\t\t\t\t\t<div class=\"elementor-element elementor-element-56007f3 elementor-position-left elementor-vertical-align-top elementor-widget elementor-widget-image-box\" data-id=\"56007f3\" data-element_type=\"widget\" data-widget_type=\"image-box.default\">\n\t\t\t\t<div class=\"elementor-widget-container\">\n\t\t\t<div class=\"elementor-image-box-wrapper\"><figure class=\"elementor-image-box-img\"><img loading=\"lazy\" decoding=\"async\" width=\"61\" height=\"61\" src=\"https:\/\/www.reklamstore.com\/wp-content\/uploads\/2023\/10\/easy-to-use.png\" class=\"attachment-full size-full wp-image-76612\" alt=\"\" \/><\/figure><div class=\"elementor-image-box-content\"><h5 class=\"elementor-image-box-title\">%100 Doluluk Oran\u0131<\/h5><p class=\"elementor-image-box-description\">ReklamStore SSP, k\u00fcresel talep kaynaklar\u0131n\u0131 entegre ederek %100 doluluk oran\u0131 sa\u011fl\u0131yor.<\/p><\/div><\/div>\t\t<\/div>\n\t\t\t\t<\/div>\n\t\t\t\t\t<\/div>\n\t\t<\/div>\n\t\t\t\t<div class=\"elementor-column elementor-col-33 elementor-inner-column elementor-element elementor-element-ef0bbc2 elementor-invisible\" data-id=\"ef0bbc2\" data-element_type=\"column\" data-settings=\"{&quot;animation&quot;:&quot;fadeInUp&quot;,&quot;animation_delay&quot;:500}\">\n\t\t\t<div class=\"elementor-widget-wrap elementor-element-populated\">\n\t\t\t\t\t\t<div class=\"elementor-element elementor-element-e4cb66b elementor-position-left elementor-vertical-align-top elementor-widget elementor-widget-image-box\" data-id=\"e4cb66b\" data-element_type=\"widget\" data-widget_type=\"image-box.default\">\n\t\t\t\t<div class=\"elementor-widget-container\">\n\t\t\t<div class=\"elementor-image-box-wrapper\"><figure class=\"elementor-image-box-img\"><img loading=\"lazy\" decoding=\"async\" width=\"61\" height=\"61\" src=\"https:\/\/www.reklamstore.com\/wp-content\/uploads\/2023\/10\/verified.png\" class=\"attachment-full size-full wp-image-76616\" alt=\"\" \/><\/figure><div class=\"elementor-image-box-content\"><h5 class=\"elementor-image-box-title\">Self servis<\/h5><p class=\"elementor-image-box-description\">Kendi kodlar\u0131n\u0131z\u0131 olu\u015fturup kolayca uygulay\u0131n ve rapor sayfas\u0131ndan rakamlar\u0131 takip edin.<\/p><\/div><\/div>\t\t<\/div>\n\t\t\t\t<\/div>\n\t\t\t\t\t<\/div>\n\t\t<\/div>\n\t\t\t\t\t<\/div>\n\t\t<\/section>\n\t\t\t\t<section class=\"elementor-section elementor-inner-section elementor-element elementor-element-e36a27d elementor-section-boxed elementor-section-height-default elementor-section-height-default\" data-id=\"e36a27d\" data-element_type=\"section\">\n\t\t\t\t\t\t<div class=\"elementor-container elementor-column-gap-default\">\n\t\t\t\t\t<div class=\"elementor-column elementor-col-33 elementor-inner-column elementor-element elementor-element-a820675 elementor-invisible\" data-id=\"a820675\" data-element_type=\"column\" data-settings=\"{&quot;animation&quot;:&quot;fadeInUp&quot;,&quot;animation_delay&quot;:300}\">\n\t\t\t<div class=\"elementor-widget-wrap elementor-element-populated\">\n\t\t\t\t\t\t<div class=\"elementor-element elementor-element-336e74f elementor-position-left elementor-vertical-align-top elementor-widget elementor-widget-image-box\" data-id=\"336e74f\" data-element_type=\"widget\" data-widget_type=\"image-box.default\">\n\t\t\t\t<div class=\"elementor-widget-container\">\n\t\t\t<div class=\"elementor-image-box-wrapper\"><figure class=\"elementor-image-box-img\"><img loading=\"lazy\" decoding=\"async\" width=\"61\" height=\"61\" src=\"https:\/\/www.reklamstore.com\/wp-content\/uploads\/2023\/10\/target2.png\" class=\"attachment-full size-full wp-image-82183\" alt=\"\" \/><\/figure><div class=\"elementor-image-box-content\"><h5 class=\"elementor-image-box-title\">Y\u00fcksek verim<\/h5><p class=\"elementor-image-box-description\">Ba\u015fl\u0131ktan teklif alma teknolojimiz sayesinde her zaman y\u00fcksek BGBM oranlar\u0131na ve y\u00fcksek doluluk oran\u0131na sahip olacaks\u0131n\u0131z.<\/p><\/div><\/div>\t\t<\/div>\n\t\t\t\t<\/div>\n\t\t\t\t\t<\/div>\n\t\t<\/div>\n\t\t\t\t<div class=\"elementor-column elementor-col-33 elementor-inner-column elementor-element elementor-element-578f259 elementor-invisible\" data-id=\"578f259\" data-element_type=\"column\" data-settings=\"{&quot;animation&quot;:&quot;fadeInUp&quot;,&quot;animation_delay&quot;:400}\">\n\t\t\t<div class=\"elementor-widget-wrap elementor-element-populated\">\n\t\t\t\t\t\t<div class=\"elementor-element elementor-element-1e2aeef elementor-position-left elementor-vertical-align-top elementor-widget elementor-widget-image-box\" data-id=\"1e2aeef\" data-element_type=\"widget\" data-widget_type=\"image-box.default\">\n\t\t\t\t<div class=\"elementor-widget-container\">\n\t\t\t<div class=\"elementor-image-box-wrapper\"><figure class=\"elementor-image-box-img\"><img loading=\"lazy\" decoding=\"async\" width=\"61\" height=\"61\" src=\"https:\/\/www.reklamstore.com\/wp-content\/uploads\/2023\/10\/support.png\" class=\"attachment-full size-full wp-image-76619\" alt=\"\" \/><\/figure><div class=\"elementor-image-box-content\"><h5 class=\"elementor-image-box-title\">K\u00fcresel Envanter<\/h5><p class=\"elementor-image-box-description\">ReklamStore SSP'nin d\u00fcnya \u00e7ap\u0131nda binlerce yay\u0131nc\u0131 a\u011f\u0131 bulunmaktad\u0131r.<\/p><\/div><\/div>\t\t<\/div>\n\t\t\t\t<\/div>\n\t\t\t\t\t<\/div>\n\t\t<\/div>\n\t\t\t\t<div class=\"elementor-column elementor-col-33 elementor-inner-column elementor-element elementor-element-620382c elementor-invisible\" data-id=\"620382c\" data-element_type=\"column\" data-settings=\"{&quot;animation&quot;:&quot;fadeInUp&quot;,&quot;animation_delay&quot;:500}\">\n\t\t\t<div class=\"elementor-widget-wrap\">\n\t\t\t\t\t\t\t<\/div>\n\t\t<\/div>\n\t\t\t\t\t<\/div>\n\t\t<\/section>\n\t\t\t\t\t<\/div>\n\t\t<\/div>\n\t\t\t\t\t<\/div>\n\t\t<\/section>\n\t\t\t\t<\/div>\n\t\t","protected":false},"excerpt":{"rendered":"<p>Web\/Uygulama Yay\u0131nc\u0131lar\u0131 \u0130\u00e7in Trafik Monetizasyonu Yay\u0131nc\u0131lar i\u00e7in kendi kendine hizmet veren ve kullan\u0131m\u0131 kolay trafikten para kazanma platformu Giri\u015f YapGiri\u015f Yap Ba\u015fvuru FormuBa\u015fvuru Formu reklamstore ssp hakk\u0131nda 3 Ad\u0131mda Web Sitenizi veya Uygulaman\u0131z\u0131 Monetize Edin ReklamStore SSP, k\u00fcresel al\u0131c\u0131lar\u0131 ve sat\u0131c\u0131lar\u0131 bir araya getirir. Etkili reklam optimizasyonlar\u0131 ve yerle\u015fimleri ile eBGBM ve doluluk oranlar\u0131n\u0131z\u0131 art\u0131r\u0131r, [&hellip;]<\/p>\n","protected":false},"author":1,"featured_media":0,"parent":0,"menu_order":0,"comment_status":"closed","ping_status":"closed","template":"elementor_header_footer","meta":{"footnotes":""},"class_list":["post-82767","page","type-page","status-publish","hentry"],"_links":{"self":[{"href":"https:\/\/www.reklamstore.com\/tr\/wp-json\/wp\/v2\/pages\/82767","targetHints":{"allow":["GET"]}}],"collection":[{"href":"https:\/\/www.reklamstore.com\/tr\/wp-json\/wp\/v2\/pages"}],"about":[{"href":"https:\/\/www.reklamstore.com\/tr\/wp-json\/wp\/v2\/types\/page"}],"author":[{"embeddable":true,"href":"https:\/\/www.reklamstore.com\/tr\/wp-json\/wp\/v2\/users\/1"}],"replies":[{"embeddable":true,"href":"https:\/\/www.reklamstore.com\/tr\/wp-json\/wp\/v2\/comments?post=82767"}],"version-history":[{"count":0,"href":"https:\/\/www.reklamstore.com\/tr\/wp-json\/wp\/v2\/pages\/82767\/revisions"}],"wp:attachment":[{"href":"https:\/\/www.reklamstore.com\/tr\/wp-json\/wp\/v2\/media?parent=82767"}],"curies":[{"name":"wp","href":"https:\/\/api.w.org\/{rel}","templated":true}]}}