{"id":82730,"date":"2023-10-11T15:01:17","date_gmt":"2023-10-11T12:01:17","guid":{"rendered":"https:\/\/demo3.reklamstore.com\/contextuad"},"modified":"2023-12-20T11:32:33","modified_gmt":"2023-12-20T08:32:33","slug":"contextuad","status":"publish","type":"page","link":"https:\/\/www.reklamstore.com\/tr\/contextuad","title":{"rendered":"ContextuAD"},"content":{"rendered":"\t\t<div data-elementor-type=\"wp-page\" data-elementor-id=\"82730\" class=\"elementor elementor-82730 elementor-77497\" data-elementor-post-type=\"page\">\n\t\t\t\t\t\t<section class=\"elementor-section elementor-top-section elementor-element elementor-element-4892d69c elementor-section-full_width elementor-section-stretched elementor-section-height-default elementor-section-height-default\" data-id=\"4892d69c\" data-element_type=\"section\" data-settings=\"{&quot;stretch_section&quot;:&quot;section-stretched&quot;}\">\n\t\t\t\t\t\t<div class=\"elementor-container elementor-column-gap-default\">\n\t\t\t\t\t<div class=\"elementor-column elementor-col-50 elementor-top-column elementor-element elementor-element-a5322d1\" data-id=\"a5322d1\" data-element_type=\"column\">\n\t\t\t<div class=\"elementor-widget-wrap elementor-element-populated\">\n\t\t\t\t\t\t<div class=\"elementor-element elementor-element-31e208eb elementor-invisible elementor-widget elementor-widget-image\" data-id=\"31e208eb\" data-element_type=\"widget\" data-settings=\"{&quot;_animation&quot;:&quot;fadeIn&quot;,&quot;_animation_delay&quot;:0}\" data-widget_type=\"image.default\">\n\t\t\t\t<div class=\"elementor-widget-container\">\n\t\t\t\t\t\t\t\t\t\t\t\t\t<img fetchpriority=\"high\" decoding=\"async\" width=\"1897\" height=\"1782\" src=\"https:\/\/www.reklamstore.com\/wp-content\/uploads\/2023\/10\/life-couch-banner-women9.png\" class=\"attachment-full size-full wp-image-81963\" alt=\"\" srcset=\"https:\/\/www.reklamstore.com\/wp-content\/uploads\/2023\/10\/life-couch-banner-women9.png 1897w, https:\/\/www.reklamstore.com\/wp-content\/uploads\/2023\/10\/life-couch-banner-women9-300x282.png 300w, https:\/\/www.reklamstore.com\/wp-content\/uploads\/2023\/10\/life-couch-banner-women9-1024x962.png 1024w, https:\/\/www.reklamstore.com\/wp-content\/uploads\/2023\/10\/life-couch-banner-women9-768x721.png 768w, https:\/\/www.reklamstore.com\/wp-content\/uploads\/2023\/10\/life-couch-banner-women9-1536x1443.png 1536w\" sizes=\"(max-width: 1897px) 100vw, 1897px\" \/>\t\t\t\t\t\t\t\t\t\t\t\t\t<\/div>\n\t\t\t\t<\/div>\n\t\t\t\t\t<\/div>\n\t\t<\/div>\n\t\t\t\t<div class=\"elementor-column elementor-col-50 elementor-top-column elementor-element elementor-element-937f860\" data-id=\"937f860\" data-element_type=\"column\" data-settings=\"{&quot;background_background&quot;:&quot;classic&quot;}\">\n\t\t\t<div class=\"elementor-widget-wrap elementor-element-populated\">\n\t\t\t\t\t\t<div class=\"elementor-element elementor-element-12f9c19 elementor-widget elementor-widget-image\" data-id=\"12f9c19\" data-element_type=\"widget\" data-widget_type=\"image.default\">\n\t\t\t\t<div class=\"elementor-widget-container\">\n\t\t\t\t\t\t\t\t\t\t\t\t\t<img decoding=\"async\" src=\"https:\/\/www.reklamstore.com\/wp-content\/uploads\/elementor\/thumbs\/cad-logo1-qhrv0dy9y2oj29b3lydd1f24zqond1m5440j99wum8.png\" title=\"cad-logo1\" alt=\"cad-logo1\" loading=\"lazy\" \/>\t\t\t\t\t\t\t\t\t\t\t\t\t<\/div>\n\t\t\t\t<\/div>\n\t\t\t\t<div class=\"elementor-element elementor-element-5b30648 elementor-invisible elementor-widget elementor-widget-heading\" data-id=\"5b30648\" data-element_type=\"widget\" data-settings=\"{&quot;_animation&quot;:&quot;fadeInUp&quot;,&quot;_animation_delay&quot;:100}\" data-widget_type=\"heading.default\">\n\t\t\t\t<div class=\"elementor-widget-container\">\n\t\t\t<h1 class=\"elementor-heading-title elementor-size-default\">Ba\u011flamsal Veri Platformu<\/h1>\t\t<\/div>\n\t\t\t\t<\/div>\n\t\t\t\t<section class=\"elementor-section elementor-inner-section elementor-element elementor-element-12a51e89 elementor-section-boxed elementor-section-height-default elementor-section-height-default elementor-invisible\" data-id=\"12a51e89\" data-element_type=\"section\" data-settings=\"{&quot;animation&quot;:&quot;fadeInUp&quot;,&quot;animation_delay&quot;:300}\">\n\t\t\t\t\t\t<div class=\"elementor-container elementor-column-gap-default\">\n\t\t\t\t\t<div class=\"elementor-column elementor-col-100 elementor-inner-column elementor-element elementor-element-4abb548 m-0\" data-id=\"4abb548\" data-element_type=\"column\">\n\t\t\t<div class=\"elementor-widget-wrap elementor-element-populated\">\n\t\t\t\t\t\t<div class=\"elementor-element elementor-element-51f72f96 m-0 elementor-widget__width-initial elementor-widget-tablet__width-inherit elementor-widget elementor-widget-radiant-custom-button\" data-id=\"51f72f96\" data-element_type=\"widget\" data-widget_type=\"radiant-custom-button.default\">\n\t\t\t\t<div class=\"elementor-widget-container\">\n\t\t\t<div class=\"Wplgnite-custom-button element-three\"> <div class=\"rt-btn-effect\"> <div class=\"rt-btn-effect-info\"><a href=\"https:\/\/contextuad.reklamstore.com\" class=\"link\" target=\"_blank\" rel=\"nofollow noopener\"> <div class=\"mask\"> <div class=\"link-container\"> <span class=\"link-title1 title\">Platforma Git<\/span><span class=\"link-title2 title\">Platforma Git<\/span><\/div><\/div><\/a> <\/div><\/div><\/div>\t\t<\/div>\n\t\t\t\t<\/div>\n\t\t\t\t<div class=\"elementor-element elementor-element-3e80fe3 m-0 elementor-widget__width-initial elementor-widget-tablet__width-inherit elementor-widget elementor-widget-radiant-custom-button\" data-id=\"3e80fe3\" data-element_type=\"widget\" data-widget_type=\"radiant-custom-button.default\">\n\t\t\t\t<div class=\"elementor-widget-container\">\n\t\t\t<div class=\"Wplgnite-custom-button element-three\"> <div class=\"rt-btn-effect\"> <div class=\"rt-btn-effect-info\"><a href=\"https:\/\/calendly.com\/reklamstore-call\/call\" class=\"link\" target=\"_blank\" rel=\"nofollow noopener\"> <div class=\"mask\"> <div class=\"link-container\"> <span class=\"link-title1 title\">Toplant\u0131 Olu\u015ftur<\/span><span class=\"link-title2 title\">Toplant\u0131 Olu\u015ftur<\/span><\/div><\/div><\/a> <\/div><\/div><\/div>\t\t<\/div>\n\t\t\t\t<\/div>\n\t\t\t\t\t<\/div>\n\t\t<\/div>\n\t\t\t\t\t<\/div>\n\t\t<\/section>\n\t\t\t\t\t<\/div>\n\t\t<\/div>\n\t\t\t\t\t<\/div>\n\t\t<\/section>\n\t\t\t\t<section class=\"elementor-section elementor-top-section elementor-element elementor-element-ee108e0 elementor-section-boxed elementor-section-height-default elementor-section-height-default\" data-id=\"ee108e0\" data-element_type=\"section\">\n\t\t\t\t\t\t<div class=\"elementor-container elementor-column-gap-default\">\n\t\t\t\t\t<div class=\"elementor-column elementor-col-50 elementor-top-column elementor-element elementor-element-e8d5808\" data-id=\"e8d5808\" data-element_type=\"column\" data-settings=\"{&quot;background_background&quot;:&quot;classic&quot;}\">\n\t\t\t<div class=\"elementor-widget-wrap elementor-element-populated\">\n\t\t\t\t\t\t<div class=\"elementor-element elementor-element-8f2bdf1 elementor-invisible elementor-widget elementor-widget-image\" data-id=\"8f2bdf1\" data-element_type=\"widget\" data-settings=\"{&quot;_animation&quot;:&quot;fadeIn&quot;}\" data-widget_type=\"image.default\">\n\t\t\t\t<div class=\"elementor-widget-container\">\n\t\t\t\t\t\t\t\t\t\t\t\t\t<img decoding=\"async\" width=\"673\" height=\"788\" src=\"https:\/\/www.reklamstore.com\/wp-content\/uploads\/2023\/10\/hero-img3.png\" class=\"attachment-full size-full wp-image-81967\" alt=\"\" srcset=\"https:\/\/www.reklamstore.com\/wp-content\/uploads\/2023\/10\/hero-img3.png 673w, https:\/\/www.reklamstore.com\/wp-content\/uploads\/2023\/10\/hero-img3-256x300.png 256w\" sizes=\"(max-width: 673px) 100vw, 673px\" \/>\t\t\t\t\t\t\t\t\t\t\t\t\t<\/div>\n\t\t\t\t<\/div>\n\t\t\t\t\t<\/div>\n\t\t<\/div>\n\t\t\t\t<div class=\"elementor-column elementor-col-50 elementor-top-column elementor-element elementor-element-ab51739\" data-id=\"ab51739\" data-element_type=\"column\">\n\t\t\t<div class=\"elementor-widget-wrap elementor-element-populated\">\n\t\t\t\t\t\t<div class=\"elementor-element elementor-element-7ab6bab elementor-invisible elementor-widget elementor-widget-heading\" data-id=\"7ab6bab\" data-element_type=\"widget\" data-settings=\"{&quot;_animation&quot;:&quot;fadeInUp&quot;}\" data-widget_type=\"heading.default\">\n\t\t\t\t<div class=\"elementor-widget-container\">\n\t\t\t<span class=\"elementor-heading-title elementor-size-default\">NEDEN \"ContextuAD\"?<\/span>\t\t<\/div>\n\t\t\t\t<\/div>\n\t\t\t\t<div class=\"elementor-element elementor-element-54ccdf0 elementor-invisible elementor-widget elementor-widget-radiant-custom-heading\" data-id=\"54ccdf0\" data-element_type=\"widget\" data-settings=\"{&quot;_animation&quot;:&quot;fadeInUp&quot;,&quot;_animation_delay&quot;:100}\" data-widget_type=\"radiant-custom-heading.default\">\n\t\t\t\t<div class=\"elementor-widget-container\">\n\t\t\t<div class=\"rt-hover-heading \"><h2 class=\"rt-title-heading\"><span class=\"head-txt\"><span class=\"rt-highlight-txt\">\u00c7erezsiz bir d\u00fcnya \u0130\u00e7in<span  class=\"rt-underline-txt\"><svg width=\"175\" height=\"9\" viewBox=\"0 0 175 9\" fill=\"none\" xmlns=\"http:\/\/www.w3.org\/2000\/svg\">\n<path d=\"M0.5 7C36.75 3.22688 122.3 -2.05548 174.5 7\" stroke=\"#27A6DF\" stroke-width=\"3\"\/>\n<\/svg><\/span><\/span><\/span><\/h2>\n                <\/div>\t\t<\/div>\n\t\t\t\t<\/div>\n\t\t\t\t<div class=\"elementor-element elementor-element-1812746 elementor-invisible elementor-widget elementor-widget-text-editor\" data-id=\"1812746\" data-element_type=\"widget\" data-settings=\"{&quot;_animation&quot;:&quot;fadeInUp&quot;,&quot;_animation_delay&quot;:200}\" data-widget_type=\"text-editor.default\">\n\t\t\t\t<div class=\"elementor-widget-container\">\n\t\t\t\t\t\t\t<p>Puanlama, esasen puanlama modelinin bir veritaban\u0131ndaki belirli davran\u0131\u015flara veya durumlara \u00f6nceden belirlenmi\u015f bir say\u0131sal puan atad\u0131\u011f\u0131 Contextual genelinde ge\u00e7erlidir. Bu davran\u0131\u015flar &#8220;ba\u011flam&#8221;\u0131n temelini olu\u015fturur.<\/p>\t\t\t\t\t\t<\/div>\n\t\t\t\t<\/div>\n\t\t\t\t<div class=\"elementor-element elementor-element-6d10384 elementor-position-left elementor-vertical-align-top elementor-invisible elementor-widget elementor-widget-image-box\" data-id=\"6d10384\" data-element_type=\"widget\" data-settings=\"{&quot;_animation&quot;:&quot;fadeInUp&quot;,&quot;_animation_delay&quot;:300}\" data-widget_type=\"image-box.default\">\n\t\t\t\t<div class=\"elementor-widget-container\">\n\t\t\t<div class=\"elementor-image-box-wrapper\"><figure class=\"elementor-image-box-img\"><img decoding=\"async\" width=\"31\" height=\"31\" src=\"https:\/\/www.reklamstore.com\/wp-content\/uploads\/2023\/10\/check2-icon.png\" class=\"attachment-full size-full wp-image-77561\" alt=\"\" \/><\/figure><div class=\"elementor-image-box-content\"><p class=\"elementor-image-box-description\">Temel tek boyutlu IAB kategorizasyonunun ve temel anahtar kelime e\u015fle\u015ftirme tekniklerinin \u00f6tesine ge\u00e7in.<\/p><\/div><\/div>\t\t<\/div>\n\t\t\t\t<\/div>\n\t\t\t\t<div class=\"elementor-element elementor-element-d2426f4 elementor-position-left elementor-vertical-align-top elementor-invisible elementor-widget elementor-widget-image-box\" data-id=\"d2426f4\" data-element_type=\"widget\" data-settings=\"{&quot;_animation&quot;:&quot;fadeInUp&quot;,&quot;_animation_delay&quot;:300}\" data-widget_type=\"image-box.default\">\n\t\t\t\t<div class=\"elementor-widget-container\">\n\t\t\t<div class=\"elementor-image-box-wrapper\"><figure class=\"elementor-image-box-img\"><img decoding=\"async\" width=\"31\" height=\"31\" src=\"https:\/\/www.reklamstore.com\/wp-content\/uploads\/2023\/10\/check2-icon.png\" class=\"attachment-full size-full wp-image-77561\" alt=\"\" \/><\/figure><div class=\"elementor-image-box-content\"><p class=\"elementor-image-box-description\">\u00c7e\u015fitli dijital ortamlarda en iyi sonu\u00e7lar\u0131 veren i\u00e7erik t\u00fcrlerinin derinlemesine bir analizini yap\u0131n ve tek tek URL'ler d\u00fczeyine inin.<\/p><\/div><\/div>\t\t<\/div>\n\t\t\t\t<\/div>\n\t\t\t\t<div class=\"elementor-element elementor-element-493a4de elementor-position-left elementor-vertical-align-top elementor-invisible elementor-widget elementor-widget-image-box\" data-id=\"493a4de\" data-element_type=\"widget\" data-settings=\"{&quot;_animation&quot;:&quot;fadeInUp&quot;,&quot;_animation_delay&quot;:300}\" data-widget_type=\"image-box.default\">\n\t\t\t\t<div class=\"elementor-widget-container\">\n\t\t\t<div class=\"elementor-image-box-wrapper\"><figure class=\"elementor-image-box-img\"><img decoding=\"async\" width=\"31\" height=\"31\" src=\"https:\/\/www.reklamstore.com\/wp-content\/uploads\/2023\/10\/check2-icon.png\" class=\"attachment-full size-full wp-image-77561\" alt=\"\" \/><\/figure><div class=\"elementor-image-box-content\"><p class=\"elementor-image-box-description\">Ger\u00e7ek zamanl\u0131 ayarlamalara ve reklam mesajlar\u0131n\u0131zda belirli konular\u0131n hedefli tan\u0131t\u0131m\u0131na olanak tan\u0131yan dinamik segmentler geli\u015ftirin.<\/p><\/div><\/div>\t\t<\/div>\n\t\t\t\t<\/div>\n\t\t\t\t<div class=\"elementor-element elementor-element-b726520 elementor-position-left elementor-vertical-align-top elementor-invisible elementor-widget elementor-widget-image-box\" data-id=\"b726520\" data-element_type=\"widget\" data-settings=\"{&quot;_animation&quot;:&quot;fadeInUp&quot;,&quot;_animation_delay&quot;:300}\" data-widget_type=\"image-box.default\">\n\t\t\t\t<div class=\"elementor-widget-container\">\n\t\t\t<div class=\"elementor-image-box-wrapper\"><figure class=\"elementor-image-box-img\"><img decoding=\"async\" width=\"31\" height=\"31\" src=\"https:\/\/www.reklamstore.com\/wp-content\/uploads\/2023\/10\/check2-icon.png\" class=\"attachment-full size-full wp-image-77561\" alt=\"\" \/><\/figure><div class=\"elementor-image-box-content\"><p class=\"elementor-image-box-description\">Yat\u0131r\u0131m getirisini (ROI) y\u00fckseltmek ve m\u00fc\u015fteri etkile\u015fimini daha \u00f6nce g\u00f6r\u00fclmemi\u015f seviyelere \u00e7\u0131karmak i\u00e7in \u00f6nemli \u00f6l\u00e7\u00fcde \u00fcst\u00fcn performans g\u00f6steren segmentlerden yararlan\u0131n.<\/p><\/div><\/div>\t\t<\/div>\n\t\t\t\t<\/div>\n\t\t\t\t<div class=\"elementor-element elementor-element-517d355 elementor-widget elementor-widget-heading\" data-id=\"517d355\" data-element_type=\"widget\" data-widget_type=\"heading.default\">\n\t\t\t\t<div class=\"elementor-widget-container\">\n\t\t\t<h6 class=\"elementor-heading-title elementor-size-default\">  \u00c7erezlerin ve kullan\u0131c\u0131 onay\u0131n\u0131n \u00f6tesini d\u00fc\u015f\u00fcn\u00fcn.  <\/h6>\t\t<\/div>\n\t\t\t\t<\/div>\n\t\t\t\t\t<\/div>\n\t\t<\/div>\n\t\t\t\t\t<\/div>\n\t\t<\/section>\n\t\t\t\t<section class=\"elementor-section elementor-top-section elementor-element elementor-element-17c1967 elementor-section-boxed elementor-section-height-default elementor-section-height-default\" data-id=\"17c1967\" data-element_type=\"section\">\n\t\t\t\t\t\t<div class=\"elementor-container elementor-column-gap-default\">\n\t\t\t\t\t<div class=\"elementor-column elementor-col-100 elementor-top-column elementor-element elementor-element-38863ce\" data-id=\"38863ce\" data-element_type=\"column\">\n\t\t\t<div class=\"elementor-widget-wrap elementor-element-populated\">\n\t\t\t\t\t\t<div class=\"elementor-element elementor-element-edaf978 elementor-invisible elementor-widget elementor-widget-heading\" data-id=\"edaf978\" data-element_type=\"widget\" data-settings=\"{&quot;_animation&quot;:&quot;fadeInUp&quot;}\" data-widget_type=\"heading.default\">\n\t\t\t\t<div class=\"elementor-widget-container\">\n\t\t\t<span class=\"elementor-heading-title elementor-size-default\">\u00d6zellikler\n<\/span>\t\t<\/div>\n\t\t\t\t<\/div>\n\t\t\t\t<div class=\"elementor-element elementor-element-4035752 elementor-invisible elementor-widget elementor-widget-radiant-custom-heading\" data-id=\"4035752\" data-element_type=\"widget\" data-settings=\"{&quot;_animation&quot;:&quot;fadeInUp&quot;,&quot;_animation_delay&quot;:100}\" data-widget_type=\"radiant-custom-heading.default\">\n\t\t\t\t<div class=\"elementor-widget-container\">\n\t\t\t<div class=\"rt-hover-heading \"><h2 class=\"rt-title-heading\">Veri ve Tracking'in k\u0131s\u0131tl\u0131 yeni d\u00fcnyas\u0131:<\/h2>\n                <\/div>\t\t<\/div>\n\t\t\t\t<\/div>\n\t\t\t\t<section class=\"elementor-section elementor-inner-section elementor-element elementor-element-ba36982 elementor-section-boxed elementor-section-height-default elementor-section-height-default\" data-id=\"ba36982\" data-element_type=\"section\">\n\t\t\t\t\t\t<div class=\"elementor-container elementor-column-gap-default\">\n\t\t\t\t\t<div class=\"elementor-column elementor-col-25 elementor-inner-column elementor-element elementor-element-75d7511 elementor-invisible\" data-id=\"75d7511\" data-element_type=\"column\" data-settings=\"{&quot;animation&quot;:&quot;fadeIn&quot;,&quot;animation_delay&quot;:300}\">\n\t\t\t<div class=\"elementor-widget-wrap elementor-element-populated\">\n\t\t\t\t\t\t<div class=\"elementor-element elementor-element-aeeb1ec elementor-view-default elementor-widget elementor-widget-icon\" data-id=\"aeeb1ec\" data-element_type=\"widget\" data-widget_type=\"icon.default\">\n\t\t\t\t<div class=\"elementor-widget-container\">\n\t\t\t\t\t<div class=\"elementor-icon-wrapper\">\n\t\t\t<div class=\"elementor-icon\">\n\t\t\t<i aria-hidden=\"true\" class=\"far fa-eye\"><\/i>\t\t\t<\/div>\n\t\t<\/div>\n\t\t\t\t<\/div>\n\t\t\t\t<\/div>\n\t\t\t\t<div class=\"elementor-element elementor-element-94916a9 elementor-widget elementor-widget-image-box\" data-id=\"94916a9\" data-element_type=\"widget\" data-widget_type=\"image-box.default\">\n\t\t\t\t<div class=\"elementor-widget-container\">\n\t\t\t<div class=\"elementor-image-box-wrapper\"><div class=\"elementor-image-box-content\"><p class=\"elementor-image-box-description\">GI\u0307ZLI\u0307LI\u0307K D\u00dcZENLEMELERI\u0307: GDPR, CCPA, DSGVO<\/p><\/div><\/div>\t\t<\/div>\n\t\t\t\t<\/div>\n\t\t\t\t\t<\/div>\n\t\t<\/div>\n\t\t\t\t<div class=\"elementor-column elementor-col-25 elementor-inner-column elementor-element elementor-element-eec4ada elementor-invisible\" data-id=\"eec4ada\" data-element_type=\"column\" data-settings=\"{&quot;animation&quot;:&quot;fadeIn&quot;,&quot;animation_delay&quot;:400}\">\n\t\t\t<div class=\"elementor-widget-wrap elementor-element-populated\">\n\t\t\t\t\t\t<div class=\"elementor-element elementor-element-53a42a5 elementor-view-default elementor-widget elementor-widget-icon\" data-id=\"53a42a5\" data-element_type=\"widget\" data-widget_type=\"icon.default\">\n\t\t\t\t<div class=\"elementor-widget-container\">\n\t\t\t\t\t<div class=\"elementor-icon-wrapper\">\n\t\t\t<div class=\"elementor-icon\">\n\t\t\t<i aria-hidden=\"true\" class=\"fas fa-globe\"><\/i>\t\t\t<\/div>\n\t\t<\/div>\n\t\t\t\t<\/div>\n\t\t\t\t<\/div>\n\t\t\t\t<div class=\"elementor-element elementor-element-38779f0 elementor-widget elementor-widget-image-box\" data-id=\"38779f0\" data-element_type=\"widget\" data-widget_type=\"image-box.default\">\n\t\t\t\t<div class=\"elementor-widget-container\">\n\t\t\t<div class=\"elementor-image-box-wrapper\"><div class=\"elementor-image-box-content\"><p class=\"elementor-image-box-description\">END\u00dcSTR\u0130: IOS ITP, IOS14<\/p><\/div><\/div>\t\t<\/div>\n\t\t\t\t<\/div>\n\t\t\t\t\t<\/div>\n\t\t<\/div>\n\t\t\t\t<div class=\"elementor-column elementor-col-25 elementor-inner-column elementor-element elementor-element-16354af elementor-invisible\" data-id=\"16354af\" data-element_type=\"column\" data-settings=\"{&quot;animation&quot;:&quot;fadeIn&quot;,&quot;animation_delay&quot;:500}\">\n\t\t\t<div class=\"elementor-widget-wrap elementor-element-populated\">\n\t\t\t\t\t\t<div class=\"elementor-element elementor-element-426992d elementor-view-default elementor-widget elementor-widget-icon\" data-id=\"426992d\" data-element_type=\"widget\" data-widget_type=\"icon.default\">\n\t\t\t\t<div class=\"elementor-widget-container\">\n\t\t\t\t\t<div class=\"elementor-icon-wrapper\">\n\t\t\t<div class=\"elementor-icon\">\n\t\t\t<i aria-hidden=\"true\" class=\"fas fa-cookie-bite\"><\/i>\t\t\t<\/div>\n\t\t<\/div>\n\t\t\t\t<\/div>\n\t\t\t\t<\/div>\n\t\t\t\t<div class=\"elementor-element elementor-element-fc2c1d5 elementor-widget elementor-widget-image-box\" data-id=\"fc2c1d5\" data-element_type=\"widget\" data-widget_type=\"image-box.default\">\n\t\t\t\t<div class=\"elementor-widget-container\">\n\t\t\t<div class=\"elementor-image-box-wrapper\"><div class=\"elementor-image-box-content\"><p class=\"elementor-image-box-description\">COOKIE-DEPRICATION<\/p><\/div><\/div>\t\t<\/div>\n\t\t\t\t<\/div>\n\t\t\t\t\t<\/div>\n\t\t<\/div>\n\t\t\t\t<div class=\"elementor-column elementor-col-25 elementor-inner-column elementor-element elementor-element-2b07892 elementor-invisible\" data-id=\"2b07892\" data-element_type=\"column\" data-settings=\"{&quot;animation&quot;:&quot;fadeIn&quot;,&quot;animation_delay&quot;:600}\">\n\t\t\t<div class=\"elementor-widget-wrap elementor-element-populated\">\n\t\t\t\t\t\t<div class=\"elementor-element elementor-element-6565016 elementor-view-default elementor-widget elementor-widget-icon\" data-id=\"6565016\" data-element_type=\"widget\" data-widget_type=\"icon.default\">\n\t\t\t\t<div class=\"elementor-widget-container\">\n\t\t\t\t\t<div class=\"elementor-icon-wrapper\">\n\t\t\t<div class=\"elementor-icon\">\n\t\t\t<i aria-hidden=\"true\" class=\"far fa-gem\"><\/i>\t\t\t<\/div>\n\t\t<\/div>\n\t\t\t\t<\/div>\n\t\t\t\t<\/div>\n\t\t\t\t<div class=\"elementor-element elementor-element-b6dc31f elementor-widget elementor-widget-image-box\" data-id=\"b6dc31f\" data-element_type=\"widget\" data-widget_type=\"image-box.default\">\n\t\t\t\t<div class=\"elementor-widget-container\">\n\t\t\t<div class=\"elementor-image-box-wrapper\"><div class=\"elementor-image-box-content\"><p class=\"elementor-image-box-description\">MARKA G\u00dcVENL\u0130\u011e\u0130<\/p><\/div><\/div>\t\t<\/div>\n\t\t\t\t<\/div>\n\t\t\t\t\t<\/div>\n\t\t<\/div>\n\t\t\t\t\t<\/div>\n\t\t<\/section>\n\t\t\t\t\t<\/div>\n\t\t<\/div>\n\t\t\t\t\t<\/div>\n\t\t<\/section>\n\t\t\t\t<\/div>\n\t\t","protected":false},"excerpt":{"rendered":"<p>Ba\u011flamsal Veri Platformu Platforma GitPlatforma Git Toplant\u0131 Olu\u015fturToplant\u0131 Olu\u015ftur NEDEN &#8220;ContextuAD&#8221;? \u00c7erezsiz bir d\u00fcnya \u0130\u00e7in Puanlama, esasen puanlama modelinin bir veritaban\u0131ndaki belirli davran\u0131\u015flara veya durumlara \u00f6nceden belirlenmi\u015f bir say\u0131sal puan atad\u0131\u011f\u0131 Contextual genelinde ge\u00e7erlidir. Bu davran\u0131\u015flar &#8220;ba\u011flam&#8221;\u0131n temelini olu\u015fturur. Temel tek boyutlu IAB kategorizasyonunun ve temel anahtar kelime e\u015fle\u015ftirme tekniklerinin \u00f6tesine ge\u00e7in. \u00c7e\u015fitli dijital ortamlarda [&hellip;]<\/p>\n","protected":false},"author":2,"featured_media":0,"parent":0,"menu_order":0,"comment_status":"closed","ping_status":"closed","template":"elementor_header_footer","meta":{"footnotes":""},"class_list":["post-82730","page","type-page","status-publish","hentry"],"_links":{"self":[{"href":"https:\/\/www.reklamstore.com\/tr\/wp-json\/wp\/v2\/pages\/82730","targetHints":{"allow":["GET"]}}],"collection":[{"href":"https:\/\/www.reklamstore.com\/tr\/wp-json\/wp\/v2\/pages"}],"about":[{"href":"https:\/\/www.reklamstore.com\/tr\/wp-json\/wp\/v2\/types\/page"}],"author":[{"embeddable":true,"href":"https:\/\/www.reklamstore.com\/tr\/wp-json\/wp\/v2\/users\/2"}],"replies":[{"embeddable":true,"href":"https:\/\/www.reklamstore.com\/tr\/wp-json\/wp\/v2\/comments?post=82730"}],"version-history":[{"count":0,"href":"https:\/\/www.reklamstore.com\/tr\/wp-json\/wp\/v2\/pages\/82730\/revisions"}],"wp:attachment":[{"href":"https:\/\/www.reklamstore.com\/tr\/wp-json\/wp\/v2\/media?parent=82730"}],"curies":[{"name":"wp","href":"https:\/\/api.w.org\/{rel}","templated":true}]}}